{"id":10005,"date":"2022-06-28T13:48:46","date_gmt":"2022-06-28T12:48:46","guid":{"rendered":"https:\/\/meeplendice.net\/?page_id=10005"},"modified":"2023-06-05T13:37:32","modified_gmt":"2023-06-05T12:37:32","slug":"terraforming-mars-ares","status":"publish","type":"page","link":"https:\/\/meeplendice.net\/?page_id=10005","title":{"rendered":"Terraforming Mars : Exp\u00e9dition Ar\u00e8s"},"content":{"rendered":"<div id=\"pl-10005\"  class=\"panel-layout\" ><div id=\"pg-10005-0\"  class=\"panel-grid panel-no-style\" ><div id=\"pgc-10005-0-0\"  class=\"panel-grid-cell\" ><div id=\"panel-10005-0-0-0\" class=\"so-panel widget widget_sow-editor panel-first-child panel-last-child\" data-index=\"0\" ><div\n\t\t\t\n\t\t\tclass=\"so-widget-sow-editor so-widget-sow-editor-base\"\n\t\t\t\n\t\t>\n<div class=\"siteorigin-widget-tinymce textwidget\">\n\t<p style=\"text-align: center;\"><strong>Nombre de joueurs :<\/strong><br \/>\n1 - 4 (6 avec extension)<\/p>\n<\/div>\n<\/div><\/div><\/div><div id=\"pgc-10005-0-1\"  class=\"panel-grid-cell\" ><div id=\"panel-10005-0-1-0\" class=\"so-panel widget widget_sow-editor panel-first-child panel-last-child\" data-index=\"1\" ><div\n\t\t\t\n\t\t\tclass=\"so-widget-sow-editor so-widget-sow-editor-base\"\n\t\t\t\n\t\t>\n<div class=\"siteorigin-widget-tinymce textwidget\">\n\t<p style=\"text-align: center;\"><strong>Dur\u00e9e moyenne :<\/strong><br \/>\n60 min<\/p>\n<\/div>\n<\/div><\/div><\/div><div id=\"pgc-10005-0-2\"  class=\"panel-grid-cell\" ><div id=\"panel-10005-0-2-0\" class=\"so-panel widget widget_sow-editor panel-first-child panel-last-child\" data-index=\"2\" ><div\n\t\t\t\n\t\t\tclass=\"so-widget-sow-editor so-widget-sow-editor-base\"\n\t\t\t\n\t\t>\n<div class=\"siteorigin-widget-tinymce textwidget\">\n\t<p style=\"text-align: center;\"><strong>Age :<\/strong><br \/>\n14 ans et plus<\/p>\n<\/div>\n<\/div><\/div><\/div><\/div><div id=\"pg-10005-1\"  class=\"panel-grid panel-no-style\" ><div id=\"pgc-10005-1-0\"  class=\"panel-grid-cell\" ><div id=\"panel-10005-1-0-0\" class=\"so-panel widget widget_sow-editor panel-first-child panel-last-child\" data-index=\"3\" ><div\n\t\t\t\n\t\t\tclass=\"so-widget-sow-editor so-widget-sow-editor-base\"\n\t\t\t\n\t\t>\n<div class=\"siteorigin-widget-tinymce textwidget\">\n\t<p style=\"text-align: center;\"><strong>Auteur(s) :<br \/>\n<\/strong>Jacob Fryxelius<br \/>\n<span class=\"data-siloing\" title=\"D\u00e9couvrez tous ces jeux\" data-siloing=\"https:\/\/www.philibertnet.com\/fr\/recherche?feature=31&amp;feature_value=Sydney Engelstein\">Sydney Engelstein<\/span><br \/>\n<span class=\"data-siloing\" title=\"Voir tous les jeux\" data-siloing=\"https:\/\/www.philibertnet.com\/fr\/recherche?feature=31&amp;feature_value=Nick Little\">Nick Little<\/span><\/p>\n<\/div>\n<\/div><\/div><\/div><div id=\"pgc-10005-1-1\"  class=\"panel-grid-cell\" ><div id=\"panel-10005-1-1-0\" class=\"so-panel widget widget_sow-editor panel-first-child panel-last-child\" data-index=\"4\" ><div\n\t\t\t\n\t\t\tclass=\"so-widget-sow-editor so-widget-sow-editor-base\"\n\t\t\t\n\t\t>\n<div class=\"siteorigin-widget-tinymce textwidget\">\n\t<p style=\"text-align: center;\"><strong>Illustrations :<\/strong><br \/>\n<span class=\"data-siloing\" title=\"D\u00e9couvrez tous ces jeux\" data-siloing=\"https:\/\/www.philibertnet.com\/fr\/recherche?feature=41&amp;feature_value=Justine Nortj\u00e9\">Justine Nortj\u00e9<br \/>\n<\/span><span class=\"data-siloing\" title=\"Voir tous les jeux\" data-siloing=\"https:\/\/www.philibertnet.com\/fr\/recherche?feature=41&amp;feature_value=Nio Mendoza\">Nio Mendoza<br \/>\n<\/span><span class=\"data-siloing\" title=\"Voir tous les jeux\" data-siloing=\"https:\/\/www.philibertnet.com\/fr\/recherche?feature=41&amp;feature_value=William Bricker\">William Bricker<br \/>\n<\/span><span class=\"data-siloing\" title=\"Voir tous les jeux\" data-siloing=\"https:\/\/www.philibertnet.com\/fr\/recherche?feature=41&amp;feature_value=Garrett Kaida\">Garrett Kaida<br \/>\n<\/span><span class=\"data-siloing\" title=\"Voir tous les jeux\" data-siloing=\"https:\/\/www.philibertnet.com\/fr\/recherche?feature=41&amp;feature_value=Andrei Stef\">Andrei Stef<\/span><br \/>\n<span class=\"data-siloing\" title=\"Voir tous les jeux\" data-siloing=\"https:\/\/www.philibertnet.com\/fr\/recherche?feature=41&amp;feature_value=Naomi Robinson\">Naomi Robinson<\/span><\/p>\n<\/div>\n<\/div><\/div><\/div><div id=\"pgc-10005-1-2\"  class=\"panel-grid-cell\" ><div id=\"panel-10005-1-2-0\" class=\"so-panel widget widget_sow-editor panel-first-child panel-last-child\" data-index=\"5\" ><div\n\t\t\t\n\t\t\tclass=\"so-widget-sow-editor so-widget-sow-editor-base\"\n\t\t\t\n\t\t>\n<div class=\"siteorigin-widget-tinymce textwidget\">\n\t<p style=\"text-align: center;\"><strong>\u00c9dition :<\/strong><br \/>\nIntrafin Games<br \/>\n2021<\/p>\n<\/div>\n<\/div><\/div><\/div><div id=\"pgc-10005-1-3\"  class=\"panel-grid-cell\" ><div id=\"panel-10005-1-3-0\" class=\"so-panel widget widget_sow-editor panel-first-child panel-last-child\" data-index=\"6\" ><div\n\t\t\t\n\t\t\tclass=\"so-widget-sow-editor so-widget-sow-editor-base\"\n\t\t\t\n\t\t>\n<div class=\"siteorigin-widget-tinymce textwidget\">\n\t<p style=\"text-align: center;\"><strong>Version :<\/strong><br \/>\nFran\u00e7aise<\/p>\n<\/div>\n<\/div><\/div><\/div><\/div><div id=\"pg-10005-2\"  class=\"panel-grid panel-no-style\" ><div id=\"pgc-10005-2-0\"  class=\"panel-grid-cell\" ><div id=\"panel-10005-2-0-0\" class=\"so-panel widget widget_sow-editor panel-first-child panel-last-child\" data-index=\"7\" ><div\n\t\t\t\n\t\t\tclass=\"so-widget-sow-editor so-widget-sow-editor-base\"\n\t\t\t\n\t\t>\n<div class=\"siteorigin-widget-tinymce textwidget\">\n\t<hr \/>\n<p><em>En cette p\u00e9riode de prosp\u00e9rit\u00e9 et de progr\u00e8s sans pr\u00e9c\u00e9dent pour l'humanit\u00e9, nous sommes enfin pr\u00eats \u00e0 nous \u00e9tendre au-del\u00e0 de ce que l'on consid\u00e9rait autrefois comme nos limites et \u00e0 cr\u00e9er un nouveau foyer parmi les \u00e9toiles.<\/em><\/p>\n<p><em>Exp\u00e9dition Ar\u00e8s<\/em> est un jeu de cartes dans lequel vous \u00eates \u00e0 la t\u00eate d'une corporation interplan\u00e9taire ayant pour but de rendre Mars habitable (et rentable). Proposant un choix d'action simultan\u00e9 et une r\u00e9solution simultan\u00e9e, <em>Exp\u00e9dition Ar\u00e8s<\/em> est un jeu de strat\u00e9gie rapide au th\u00e8me fort bas\u00e9 sur de v\u00e9ritable principes scientifiques.<\/p>\n<p>Saurez-vous conduire l'Humanit\u00e9 vers sa nouvelle \u00e8re ?<\/p>\n<\/div>\n<\/div><\/div><\/div><\/div><div id=\"pg-10005-3\"  class=\"panel-grid panel-no-style\" ><div id=\"pgc-10005-3-0\"  class=\"panel-grid-cell\" ><div id=\"panel-10005-3-0-0\" class=\"so-panel widget widget_sow-editor panel-first-child panel-last-child\" data-index=\"8\" ><div\n\t\t\t\n\t\t\tclass=\"so-widget-sow-editor so-widget-sow-editor-base\"\n\t\t\t\n\t\t>\n<div class=\"siteorigin-widget-tinymce textwidget\">\n\t<hr \/>\n<h3 style=\"text-align: center;\">En vid\u00e9o<\/h3>\n<p><a href=\"https:\/\/www.youtube.com\/watch?v=5apGQDn7ZWU&amp;ab_channel=MixedDeal\" target=\"_blank\" rel=\"noopener\"><img loading=\"lazy\" decoding=\"async\" class=\"alignnone size-full wp-image-9090\" src=\"https:\/\/meeplendice.net\/wp-content\/uploads\/2022\/01\/Link_CJ_v2.png\" alt=\"\" width=\"200\" height=\"170\" \/><\/a><\/p>\n<\/div>\n<\/div><\/div><\/div><\/div><div id=\"pg-10005-4\"  class=\"panel-grid panel-no-style\" ><div id=\"pgc-10005-4-0\"  class=\"panel-grid-cell\" ><div id=\"panel-10005-4-0-0\" class=\"so-panel widget widget_sow-editor panel-first-child panel-last-child\" data-index=\"9\" ><div\n\t\t\t\n\t\t\tclass=\"so-widget-sow-editor so-widget-sow-editor-base\"\n\t\t\t\n\t\t>\n<div class=\"siteorigin-widget-tinymce textwidget\">\n\t<hr \/>\n<h3 style=\"text-align: center;\">Extension(s)<\/h3>\n<style type='text\/css' media='all'>#rt-tpg-container-1594615788 .read-more a{border-radius:px;}#rt-tpg-container-1594615788 .rt-img-holder img.rt-img-responsive,#rt-tpg-container-1594615788 .rt-img-holder,\n\t\t\t\t\t#rt-tpg-container-1594615788 .rt-post-overlay .post-img,\n\t\t\t\t\t#rt-tpg-container-1594615788 .post-sm .post-img,\n\t\t\t\t\t#rt-tpg-container-1594615788 .rt-post-grid .post-img,\n\t\t\t\t\t#rt-tpg-container-1594615788 .post-img img {border-radius:px;}#rt-tpg-container-1594615788 .layout9 .rt-holder h2.entry-title,\n\t\t\t\t\t#rt-tpg-container-1594615788 .layout9 .rt-holder h3.entry-title,\n\t\t\t\t\t#rt-tpg-container-1594615788 .layout9 .rt-holder h4.entry-title,\n\t\t\t\t\t#rt-tpg-container-1594615788 .layout9 .rt-holder h2.entry-title a,\n\t\t\t\t\t#rt-tpg-container-1594615788 .layout9 .rt-holder h3.entry-title a,\n\t\t\t\t\t#rt-tpg-container-1594615788 .layout9 .rt-holder h4.entry-title a,\n\t\t\t\t\t#rt-tpg-container-1594615788 .rt-holder .rt-woo-info h2 a,\n\t\t\t\t\t#rt-tpg-container-1594615788 .rt-holder .rt-woo-info h3 a,\n\t\t\t\t\t#rt-tpg-container-1594615788 .rt-holder .rt-woo-info h4 a,\n\t\t\t\t\t#rt-tpg-container-1594615788 .post-content .post-title,\n\t\t\t\t\t#rt-tpg-container-1594615788 .rt-post-grid .post-title,\n\t\t\t\t\t#rt-tpg-container-1594615788 .rt-post-grid .post-title a,\n\t\t\t\t\t#rt-tpg-container-1594615788 .post-content .post-title a,\n\t\t\t\t\t#rt-tpg-container-1594615788 .rt-holder .rt-woo-info h2,\n\t\t\t\t\t#rt-tpg-container-1594615788 .rt-holder .rt-woo-info h3,\n\t\t\t\t\t#rt-tpg-container-1594615788 .rt-holder .rt-woo-info h4{font-size:16px;line-height:26px;font-weight:normal;text-align:center;}#rt-tpg-container-1594615788 .post-grid-lg-style-1 .post-title,\n\t\t\t\t\t\t#rt-tpg-container-1594615788 .post-grid-lg-style-1 .post-title a,\n\t\t\t\t\t\t#rt-tpg-container-1594615788 .big-layout .post-title,\n\t\t\t\t\t\t#rt-tpg-container-1594615788 .big-layout .post-title a,\n\t\t\t\t\t\t#rt-tpg-container-1594615788 .post-grid-lg-style-1 .post-title,\n\t\t\t\t\t\t#rt-tpg-container-1594615788 .post-grid-lg-style-1 .post-title a {font-size:24px;line-height:34px;}<\/style><div class='rt-container-fluid rt-tpg-container tpg-shortcode-main-wrapper ' id='rt-tpg-container-1594615788'   data-layout='layout9' data-grid-style='masonry' data-desktop-col='3'  data-tab-col='2'  data-mobile-col='1' data-sc-id='10012'><div data-title='Loading ...' class='rt-row rt-content-loader   layout9 tpg-masonry '><div class=\"rt-col-md-4 rt-col-sm-6 rt-col-xs-12 masonry-grid-item rt-grid-item img_zoom_in\" data-id=\"10008\"><div class=\"rt-holder\"><div class='overlay'><a data-id='10008' class=' tpg-single-popup' href='https:\/\/meeplendice.net\/?page_id=10008'><img loading=\"lazy\" decoding=\"async\" width=\"350\" height=\"350\" src=\"https:\/\/meeplendice.net\/wp-content\/uploads\/2022\/06\/TMAres_Promopack.png\" class=\"rt-img-responsive \" alt=\"\" \/><\/a><\/div><div class='post-info'><h3 class=\"entry-title\"><a data-id=\"10008\" class=\" tpg-single-popup\" href=\"https:\/\/meeplendice.net\/?page_id=10008\">Promo Pack<\/a><\/h3><div class='post-meta-user '><\/div><\/div><\/div><\/div><div class=\"rt-col-md-4 rt-col-sm-6 rt-col-xs-12 masonry-grid-item rt-grid-item img_zoom_in\" data-id=\"10925\"><div class=\"rt-holder\"><div class='overlay'><a data-id='10925' class=' tpg-single-popup' href='https:\/\/meeplendice.net\/?page_id=10925'><img loading=\"lazy\" decoding=\"async\" width=\"350\" height=\"350\" src=\"https:\/\/meeplendice.net\/wp-content\/uploads\/2023\/06\/TMAres_Crise.png\" class=\"rt-img-responsive \" alt=\"\" \/><\/a><\/div><div class='post-info'><h3 class=\"entry-title\"><a data-id=\"10925\" class=\" tpg-single-popup\" href=\"https:\/\/meeplendice.net\/?page_id=10925\">Crise<\/a><\/h3><div class='post-meta-user '><\/div><\/div><\/div><\/div><div class=\"rt-col-md-4 rt-col-sm-6 rt-col-xs-12 masonry-grid-item rt-grid-item img_zoom_in\" data-id=\"10927\"><div class=\"rt-holder\"><div class='overlay'><a data-id='10927' class=' tpg-single-popup' href='https:\/\/meeplendice.net\/?page_id=10927'><img loading=\"lazy\" decoding=\"async\" width=\"350\" height=\"350\" src=\"https:\/\/meeplendice.net\/wp-content\/uploads\/2023\/06\/TMAres_Fondations.png\" class=\"rt-img-responsive \" alt=\"\" \/><\/a><\/div><div class='post-info'><h3 class=\"entry-title\"><a data-id=\"10927\" class=\" tpg-single-popup\" href=\"https:\/\/meeplendice.net\/?page_id=10927\">Fondations<\/a><\/h3><div class='post-meta-user '><\/div><\/div><\/div><\/div><\/div><div class='rt-pagination-wrap' data-total-pages='2' data-posts-per-page='3' data-type='pagination_ajax'  ><div class='rt-page-numbers'><\/div><\/div><\/div>\n<\/div>\n<\/div><\/div><\/div><\/div><div id=\"pg-10005-5\"  class=\"panel-grid panel-no-style\" ><div id=\"pgc-10005-5-0\"  class=\"panel-grid-cell\" ><div id=\"panel-10005-5-0-0\" class=\"so-panel widget widget_sow-editor panel-first-child panel-last-child\" data-index=\"10\" ><div\n\t\t\t\n\t\t\tclass=\"so-widget-sow-editor so-widget-sow-editor-base\"\n\t\t\t\n\t\t>\n<div class=\"siteorigin-widget-tinymce textwidget\">\n\t<hr \/>\n<h3 style=\"text-align: center;\">Pour aller plus loin<\/h3>\n<\/div>\n<\/div><\/div><\/div><\/div><\/div>","protected":false},"excerpt":{"rendered":"<p>Nombre de joueurs : 1 &#8211; 4 (6 avec extension) Dur\u00e9e moyenne : 60 min Age : 14 ans et plus Auteur(s) : Jacob Fryxelius Sydney Engelstein Nick Little Illustrations : Justine Nortj\u00e9 Nio Mendoza William Bricker Garrett Kaida Andrei Stef Naomi Robinson \u00c9dition : Intrafin Games 2021 Version : Fran\u00e7aise<\/p>\n","protected":false},"author":2,"featured_media":9754,"parent":0,"menu_order":0,"comment_status":"closed","ping_status":"closed","template":"","meta":{"footnotes":""},"class_list":["post-10005","page","type-page","status-publish","has-post-thumbnail","hentry"],"acf":[],"rttpg_featured_image_url":{"full":["https:\/\/meeplendice.net\/wp-content\/uploads\/2022\/05\/Terraformingmars_Ares.png",350,350,false],"landscape":["https:\/\/meeplendice.net\/wp-content\/uploads\/2022\/05\/Terraformingmars_Ares.png",350,350,false],"portraits":["https:\/\/meeplendice.net\/wp-content\/uploads\/2022\/05\/Terraformingmars_Ares.png",350,350,false],"thumbnail":["https:\/\/meeplendice.net\/wp-content\/uploads\/2022\/05\/Terraformingmars_Ares-150x150.png",150,150,true],"medium":["https:\/\/meeplendice.net\/wp-content\/uploads\/2022\/05\/Terraformingmars_Ares-300x300.png",300,300,true],"large":["https:\/\/meeplendice.net\/wp-content\/uploads\/2022\/05\/Terraformingmars_Ares.png",350,350,false],"ug_big":["https:\/\/meeplendice.net\/wp-content\/uploads\/2022\/05\/Terraformingmars_Ares.png",350,350,false],"1536x1536":["https:\/\/meeplendice.net\/wp-content\/uploads\/2022\/05\/Terraformingmars_Ares.png",350,350,false],"2048x2048":["https:\/\/meeplendice.net\/wp-content\/uploads\/2022\/05\/Terraformingmars_Ares.png",350,350,false],"ashe-slider-grid-thumbnail":["https:\/\/meeplendice.net\/wp-content\/uploads\/2022\/05\/Terraformingmars_Ares.png",350,350,false],"ashe-full-thumbnail":["https:\/\/meeplendice.net\/wp-content\/uploads\/2022\/05\/Terraformingmars_Ares.png",350,350,false],"ashe-grid-thumbnail":["https:\/\/meeplendice.net\/wp-content\/uploads\/2022\/05\/Terraformingmars_Ares-350x330.png",350,330,true],"ashe-list-thumbnail":["https:\/\/meeplendice.net\/wp-content\/uploads\/2022\/05\/Terraformingmars_Ares-300x300.png",300,300,true],"ashe-single-navigation":["https:\/\/meeplendice.net\/wp-content\/uploads\/2022\/05\/Terraformingmars_Ares-75x75.png",75,75,true],"mailpoet_newsletter_max":["https:\/\/meeplendice.net\/wp-content\/uploads\/2022\/05\/Terraformingmars_Ares.png",350,350,false],"rpwe-thumbnail":["https:\/\/meeplendice.net\/wp-content\/uploads\/2022\/05\/Terraformingmars_Ares-45x45.png",45,45,true],"sow-carousel-default":["https:\/\/meeplendice.net\/wp-content\/uploads\/2022\/05\/Terraformingmars_Ares-272x182.png",272,182,true],"rt_custom":["https:\/\/meeplendice.net\/wp-content\/uploads\/2022\/05\/Terraformingmars_Ares.png",350,350,false]},"rttpg_author":{"display_name":"Karnby","author_link":"https:\/\/meeplendice.net\/?author=2"},"rttpg_comment":0,"rttpg_category":null,"rttpg_excerpt":"Nombre de joueurs : 1 - 4 (6 avec extension) Dur\u00e9e moyenne : 60 min Age : 14 ans et plus Auteur(s) : Jacob Fryxelius Sydney Engelstein Nick Little Illustrations : Justine Nortj\u00e9 Nio Mendoza William Bricker Garrett Kaida Andrei Stef Naomi Robinson \u00c9dition : Intrafin Games 2021 Version : Fran\u00e7aise","_links":{"self":[{"href":"https:\/\/meeplendice.net\/index.php?rest_route=\/wp\/v2\/pages\/10005","targetHints":{"allow":["GET"]}}],"collection":[{"href":"https:\/\/meeplendice.net\/index.php?rest_route=\/wp\/v2\/pages"}],"about":[{"href":"https:\/\/meeplendice.net\/index.php?rest_route=\/wp\/v2\/types\/page"}],"author":[{"embeddable":true,"href":"https:\/\/meeplendice.net\/index.php?rest_route=\/wp\/v2\/users\/2"}],"replies":[{"embeddable":true,"href":"https:\/\/meeplendice.net\/index.php?rest_route=%2Fwp%2Fv2%2Fcomments&post=10005"}],"version-history":[{"count":8,"href":"https:\/\/meeplendice.net\/index.php?rest_route=\/wp\/v2\/pages\/10005\/revisions"}],"predecessor-version":[{"id":10094,"href":"https:\/\/meeplendice.net\/index.php?rest_route=\/wp\/v2\/pages\/10005\/revisions\/10094"}],"wp:featuredmedia":[{"embeddable":true,"href":"https:\/\/meeplendice.net\/index.php?rest_route=\/wp\/v2\/media\/9754"}],"wp:attachment":[{"href":"https:\/\/meeplendice.net\/index.php?rest_route=%2Fwp%2Fv2%2Fmedia&parent=10005"}],"curies":[{"name":"wp","href":"https:\/\/api.w.org\/{rel}","templated":true}]}}