{"id":10020,"date":"2022-06-28T14:56:35","date_gmt":"2022-06-28T13:56:35","guid":{"rendered":"https:\/\/meeplendice.net\/?page_id=10020"},"modified":"2022-07-03T18:29:16","modified_gmt":"2022-07-03T17:29:16","slug":"on-board","status":"publish","type":"page","link":"https:\/\/meeplendice.net\/?page_id=10020","title":{"rendered":"On Board"},"content":{"rendered":"<div id=\"pl-10020\"  class=\"panel-layout\" ><div id=\"pg-10020-0\"  class=\"panel-grid panel-no-style\" ><div id=\"pgc-10020-0-0\"  class=\"panel-grid-cell\" ><div id=\"panel-10020-0-0-0\" class=\"so-panel widget widget_sow-editor panel-first-child panel-last-child\" data-index=\"0\" ><div\n\t\t\t\n\t\t\tclass=\"so-widget-sow-editor so-widget-sow-editor-base\"\n\t\t\t\n\t\t>\n<div class=\"siteorigin-widget-tinymce textwidget\">\n\t<p style=\"text-align: center;\"><strong>Nombre de joueurs :<\/strong><br \/>\n2 - 2<\/p>\n<\/div>\n<\/div><\/div><\/div><div id=\"pgc-10020-0-1\"  class=\"panel-grid-cell\" ><div id=\"panel-10020-0-1-0\" class=\"so-panel widget widget_sow-editor panel-first-child panel-last-child\" data-index=\"1\" ><div\n\t\t\t\n\t\t\tclass=\"so-widget-sow-editor so-widget-sow-editor-base\"\n\t\t\t\n\t\t>\n<div class=\"siteorigin-widget-tinymce textwidget\">\n\t<p style=\"text-align: center;\"><strong>Dur\u00e9e moyenne :<\/strong><br \/>\n20 min<\/p>\n<\/div>\n<\/div><\/div><\/div><div id=\"pgc-10020-0-2\"  class=\"panel-grid-cell\" ><div id=\"panel-10020-0-2-0\" class=\"so-panel widget widget_sow-editor panel-first-child panel-last-child\" data-index=\"2\" ><div\n\t\t\t\n\t\t\tclass=\"so-widget-sow-editor so-widget-sow-editor-base\"\n\t\t\t\n\t\t>\n<div class=\"siteorigin-widget-tinymce textwidget\">\n\t<p style=\"text-align: center;\"><strong>Age :<\/strong><br \/>\n8 ans et plus<\/p>\n<\/div>\n<\/div><\/div><\/div><\/div><div id=\"pg-10020-1\"  class=\"panel-grid panel-no-style\" ><div id=\"pgc-10020-1-0\"  class=\"panel-grid-cell\" ><div id=\"panel-10020-1-0-0\" class=\"so-panel widget widget_sow-editor panel-first-child panel-last-child\" data-index=\"3\" ><div\n\t\t\t\n\t\t\tclass=\"so-widget-sow-editor so-widget-sow-editor-base\"\n\t\t\t\n\t\t>\n<div class=\"siteorigin-widget-tinymce textwidget\">\n\t<p style=\"text-align: center;\"><strong>Auteur(s) :<br \/>\n<\/strong>Antoine Bauze<br \/>\nCorentin Lebrat<br \/>\nLudovic Maublanc<br \/>\nTh\u00e9o Rivi\u00e8re<\/p>\n<\/div>\n<\/div><\/div><\/div><div id=\"pgc-10020-1-1\"  class=\"panel-grid-cell\" ><div id=\"panel-10020-1-1-0\" class=\"so-panel widget widget_sow-editor panel-first-child panel-last-child\" data-index=\"4\" ><div\n\t\t\t\n\t\t\tclass=\"so-widget-sow-editor so-widget-sow-editor-base\"\n\t\t\t\n\t\t>\n<div class=\"siteorigin-widget-tinymce textwidget\">\n\t<p style=\"text-align: center;\"><strong>Illustrations :<\/strong><br \/>\nVianney Carvalho<\/p>\n<\/div>\n<\/div><\/div><\/div><div id=\"pgc-10020-1-2\"  class=\"panel-grid-cell\" ><div id=\"panel-10020-1-2-0\" class=\"so-panel widget widget_sow-editor panel-first-child panel-last-child\" data-index=\"5\" ><div\n\t\t\t\n\t\t\tclass=\"so-widget-sow-editor so-widget-sow-editor-base\"\n\t\t\t\n\t\t>\n<div class=\"siteorigin-widget-tinymce textwidget\">\n\t<p style=\"text-align: center;\"><strong>\u00c9dition :<\/strong><br \/>\n<span class=\"data-siloing\" data-siloing=\"\n\n                                                            https:\/\/www.philibertnet.com\/fr\/2751_capitaine-meeple\n\n                            \">Capitaine Meeple <\/span><br \/>\n2019<\/p>\n<\/div>\n<\/div><\/div><\/div><div id=\"pgc-10020-1-3\"  class=\"panel-grid-cell\" ><div id=\"panel-10020-1-3-0\" class=\"so-panel widget widget_sow-editor panel-first-child panel-last-child\" data-index=\"6\" ><div\n\t\t\t\n\t\t\tclass=\"so-widget-sow-editor so-widget-sow-editor-base\"\n\t\t\t\n\t\t>\n<div class=\"siteorigin-widget-tinymce textwidget\">\n\t<p style=\"text-align: center;\"><strong>Version :<\/strong><br \/>\nFran\u00e7aise<\/p>\n<\/div>\n<\/div><\/div><\/div><\/div><div id=\"pg-10020-2\"  class=\"panel-grid panel-no-style\" ><div id=\"pgc-10020-2-0\"  class=\"panel-grid-cell\" ><div id=\"panel-10020-2-0-0\" class=\"so-panel widget widget_sow-editor panel-first-child panel-last-child\" data-index=\"7\" ><div\n\t\t\t\n\t\t\tclass=\"so-widget-sow-editor so-widget-sow-editor-base\"\n\t\t\t\n\t\t>\n<div class=\"siteorigin-widget-tinymce textwidget\">\n\t<hr \/>\n<p><em>A la barre de votre paquebot, voua allez proposer une croisi\u00e8re de r\u00eave \u00e0 vos passagers. Mais g\u00e9rer leurs envies et leurs exigences ne sera pas aussi facile que pr\u00e9vu, surtout lorsque l'on sait que vous allez rivaliser avec un autre capitaine.<\/em><\/p>\n<p><em>On Board<\/em> vous emm\u00e8ne en croisi\u00e8re ! Dans ce jeu, deux capitaines s'affrontent pour la plus grande satisfaction de leurs passagers... ou pas !<br \/>\nTout au long de la partie, vous tenterez de mettre en \u0153uvre la strat\u00e9gie gagnante. Mais cela ne sera pas sans difficult\u00e9s. <em>On Board<\/em> vous promet des parties tendues, avec une interaction tr\u00e8s fortes et parfois beaucoup de frustration...<\/p>\n<\/div>\n<\/div><\/div><\/div><\/div><div id=\"pg-10020-3\"  class=\"panel-grid panel-no-style\" ><div id=\"pgc-10020-3-0\"  class=\"panel-grid-cell\" ><div id=\"panel-10020-3-0-0\" class=\"so-panel widget widget_sow-editor panel-first-child panel-last-child\" data-index=\"8\" ><div\n\t\t\t\n\t\t\tclass=\"so-widget-sow-editor so-widget-sow-editor-base\"\n\t\t\t\n\t\t>\n<div class=\"siteorigin-widget-tinymce textwidget\">\n\t<hr \/>\n<h3 style=\"text-align: center;\">En vid\u00e9o<\/h3>\n<p><a href=\"https:\/\/www.youtube.com\/watch?v=Mosf3moVdJM&amp;ab_channel=RenardLudique\" target=\"_blank\" rel=\"noopener\"><img loading=\"lazy\" decoding=\"async\" class=\"alignnone size-full wp-image-9090\" src=\"https:\/\/meeplendice.net\/wp-content\/uploads\/2022\/01\/Link_CJ_v2.png\" alt=\"\" width=\"200\" height=\"170\" \/><\/a><\/p>\n<\/div>\n<\/div><\/div><\/div><\/div><div id=\"pg-10020-4\"  class=\"panel-grid panel-no-style\" ><div id=\"pgc-10020-4-0\"  class=\"panel-grid-cell\" ><div id=\"panel-10020-4-0-0\" class=\"so-panel widget widget_sow-editor panel-first-child panel-last-child\" data-index=\"9\" ><div\n\t\t\t\n\t\t\tclass=\"so-widget-sow-editor so-widget-sow-editor-base\"\n\t\t\t\n\t\t>\n<div class=\"siteorigin-widget-tinymce textwidget\">\n\t<hr \/>\n<h3 style=\"text-align: center;\">Pour aller plus loin<\/h3>\n<\/div>\n<\/div><\/div><\/div><\/div><\/div>","protected":false},"excerpt":{"rendered":"<p>Nombre de joueurs : 2 &#8211; 2 Dur\u00e9e moyenne : 20 min Age : 8 ans et plus Auteur(s) : Antoine Bauze Corentin Lebrat Ludovic Maublanc Th\u00e9o Rivi\u00e8re Illustrations : Vianney Carvalho \u00c9dition : Capitaine Meeple 2019 Version : Fran\u00e7aise<\/p>\n","protected":false},"author":2,"featured_media":9743,"parent":0,"menu_order":0,"comment_status":"closed","ping_status":"closed","template":"","meta":{"footnotes":""},"class_list":["post-10020","page","type-page","status-publish","has-post-thumbnail","hentry"],"acf":[],"rttpg_featured_image_url":{"full":["https:\/\/meeplendice.net\/wp-content\/uploads\/2022\/05\/On_Board.png",350,350,false],"landscape":["https:\/\/meeplendice.net\/wp-content\/uploads\/2022\/05\/On_Board.png",350,350,false],"portraits":["https:\/\/meeplendice.net\/wp-content\/uploads\/2022\/05\/On_Board.png",350,350,false],"thumbnail":["https:\/\/meeplendice.net\/wp-content\/uploads\/2022\/05\/On_Board-150x150.png",150,150,true],"medium":["https:\/\/meeplendice.net\/wp-content\/uploads\/2022\/05\/On_Board-300x300.png",300,300,true],"large":["https:\/\/meeplendice.net\/wp-content\/uploads\/2022\/05\/On_Board.png",350,350,false],"ug_big":["https:\/\/meeplendice.net\/wp-content\/uploads\/2022\/05\/On_Board.png",350,350,false],"1536x1536":["https:\/\/meeplendice.net\/wp-content\/uploads\/2022\/05\/On_Board.png",350,350,false],"2048x2048":["https:\/\/meeplendice.net\/wp-content\/uploads\/2022\/05\/On_Board.png",350,350,false],"ashe-slider-grid-thumbnail":["https:\/\/meeplendice.net\/wp-content\/uploads\/2022\/05\/On_Board.png",350,350,false],"ashe-full-thumbnail":["https:\/\/meeplendice.net\/wp-content\/uploads\/2022\/05\/On_Board.png",350,350,false],"ashe-grid-thumbnail":["https:\/\/meeplendice.net\/wp-content\/uploads\/2022\/05\/On_Board-350x330.png",350,330,true],"ashe-list-thumbnail":["https:\/\/meeplendice.net\/wp-content\/uploads\/2022\/05\/On_Board-300x300.png",300,300,true],"ashe-single-navigation":["https:\/\/meeplendice.net\/wp-content\/uploads\/2022\/05\/On_Board-75x75.png",75,75,true],"mailpoet_newsletter_max":["https:\/\/meeplendice.net\/wp-content\/uploads\/2022\/05\/On_Board.png",350,350,false],"rpwe-thumbnail":["https:\/\/meeplendice.net\/wp-content\/uploads\/2022\/05\/On_Board-45x45.png",45,45,true],"sow-carousel-default":["https:\/\/meeplendice.net\/wp-content\/uploads\/2022\/05\/On_Board-272x182.png",272,182,true],"rt_custom":["https:\/\/meeplendice.net\/wp-content\/uploads\/2022\/05\/On_Board.png",350,350,false]},"rttpg_author":{"display_name":"Karnby","author_link":"https:\/\/meeplendice.net\/?author=2"},"rttpg_comment":0,"rttpg_category":null,"rttpg_excerpt":"Nombre de joueurs : 2 - 2 Dur\u00e9e moyenne : 20 min Age : 8 ans et plus Auteur(s) : Antoine Bauze Corentin Lebrat Ludovic Maublanc Th\u00e9o Rivi\u00e8re Illustrations : Vianney Carvalho \u00c9dition : Capitaine Meeple 2019 Version : Fran\u00e7aise","_links":{"self":[{"href":"https:\/\/meeplendice.net\/index.php?rest_route=\/wp\/v2\/pages\/10020","targetHints":{"allow":["GET"]}}],"collection":[{"href":"https:\/\/meeplendice.net\/index.php?rest_route=\/wp\/v2\/pages"}],"about":[{"href":"https:\/\/meeplendice.net\/index.php?rest_route=\/wp\/v2\/types\/page"}],"author":[{"embeddable":true,"href":"https:\/\/meeplendice.net\/index.php?rest_route=\/wp\/v2\/users\/2"}],"replies":[{"embeddable":true,"href":"https:\/\/meeplendice.net\/index.php?rest_route=%2Fwp%2Fv2%2Fcomments&post=10020"}],"version-history":[{"count":7,"href":"https:\/\/meeplendice.net\/index.php?rest_route=\/wp\/v2\/pages\/10020\/revisions"}],"predecessor-version":[{"id":10034,"href":"https:\/\/meeplendice.net\/index.php?rest_route=\/wp\/v2\/pages\/10020\/revisions\/10034"}],"wp:featuredmedia":[{"embeddable":true,"href":"https:\/\/meeplendice.net\/index.php?rest_route=\/wp\/v2\/media\/9743"}],"wp:attachment":[{"href":"https:\/\/meeplendice.net\/index.php?rest_route=%2Fwp%2Fv2%2Fmedia&parent=10020"}],"curies":[{"name":"wp","href":"https:\/\/api.w.org\/{rel}","templated":true}]}}