{"id":10068,"date":"2022-07-04T11:55:59","date_gmt":"2022-07-04T10:55:59","guid":{"rendered":"https:\/\/meeplendice.net\/?page_id=10068"},"modified":"2022-07-12T14:02:09","modified_gmt":"2022-07-12T13:02:09","slug":"les-ruines-perdues-de-narak","status":"publish","type":"page","link":"https:\/\/meeplendice.net\/?page_id=10068","title":{"rendered":"Les ruines perdues de Narak"},"content":{"rendered":"<div id=\"pl-10068\"  class=\"panel-layout\" ><div id=\"pg-10068-0\"  class=\"panel-grid panel-no-style\" ><div id=\"pgc-10068-0-0\"  class=\"panel-grid-cell\" ><div id=\"panel-10068-0-0-0\" class=\"so-panel widget widget_sow-editor panel-first-child panel-last-child\" data-index=\"0\" ><div\n\t\t\t\n\t\t\tclass=\"so-widget-sow-editor so-widget-sow-editor-base\"\n\t\t\t\n\t\t>\n<div class=\"siteorigin-widget-tinymce textwidget\">\n\t<p style=\"text-align: center;\"><strong>Nombre de joueurs :<\/strong><br \/>\n2 - 4<\/p>\n<\/div>\n<\/div><\/div><\/div><div id=\"pgc-10068-0-1\"  class=\"panel-grid-cell\" ><div id=\"panel-10068-0-1-0\" class=\"so-panel widget widget_sow-editor panel-first-child panel-last-child\" data-index=\"1\" ><div\n\t\t\t\n\t\t\tclass=\"so-widget-sow-editor so-widget-sow-editor-base\"\n\t\t\t\n\t\t>\n<div class=\"siteorigin-widget-tinymce textwidget\">\n\t<p style=\"text-align: center;\"><strong>Dur\u00e9e moyenne :<\/strong><br \/>\n90 min<\/p>\n<\/div>\n<\/div><\/div><\/div><div id=\"pgc-10068-0-2\"  class=\"panel-grid-cell\" ><div id=\"panel-10068-0-2-0\" class=\"so-panel widget widget_sow-editor panel-first-child panel-last-child\" data-index=\"2\" ><div\n\t\t\t\n\t\t\tclass=\"so-widget-sow-editor so-widget-sow-editor-base\"\n\t\t\t\n\t\t>\n<div class=\"siteorigin-widget-tinymce textwidget\">\n\t<p style=\"text-align: center;\"><strong>Age :<\/strong><br \/>\n12 ans et plus<\/p>\n<\/div>\n<\/div><\/div><\/div><\/div><div id=\"pg-10068-1\"  class=\"panel-grid panel-no-style\" ><div id=\"pgc-10068-1-0\"  class=\"panel-grid-cell\" ><div id=\"panel-10068-1-0-0\" class=\"so-panel widget widget_sow-editor panel-first-child panel-last-child\" data-index=\"3\" ><div\n\t\t\t\n\t\t\tclass=\"so-widget-sow-editor so-widget-sow-editor-base\"\n\t\t\t\n\t\t>\n<div class=\"siteorigin-widget-tinymce textwidget\">\n\t<p style=\"text-align: center;\"><strong>Auteur(s) :<br \/>\n<\/strong>Min<br \/>\nElwen<\/p>\n<\/div>\n<\/div><\/div><\/div><div id=\"pgc-10068-1-1\"  class=\"panel-grid-cell\" ><div id=\"panel-10068-1-1-0\" class=\"so-panel widget widget_sow-editor panel-first-child panel-last-child\" data-index=\"4\" ><div\n\t\t\t\n\t\t\tclass=\"so-widget-sow-editor so-widget-sow-editor-base\"\n\t\t\t\n\t\t>\n<div class=\"siteorigin-widget-tinymce textwidget\">\n\t<p style=\"text-align: center;\"><strong>Illustrations :<\/strong><br \/>\n<span class=\"data-siloing\" title=\"Voir tous les jeux\" data-siloing=\"https:\/\/www.philibertnet.com\/fr\/recherche?feature=41&amp;feature_value=Ji\u0159\u00ed K\u016fs\">Ji\u0159\u00ed K\u016fs<br \/>\n<\/span><span class=\"data-siloing\" title=\"Voir tous les jeux\" data-siloing=\"https:\/\/www.philibertnet.com\/fr\/recherche?feature=41&amp;feature_value=Milan Vavron\">Milan Vavron<br \/>\n<\/span><span class=\"data-siloing\" title=\"Voir tous les jeux\" data-siloing=\"https:\/\/www.philibertnet.com\/fr\/recherche?feature=41&amp;feature_value=Franti\u0161ek Sedl\u00e1\u010dek\">Franti\u0161ek Sedl\u00e1\u010dek<br \/>\n<\/span><span class=\"data-siloing\" title=\"Voir tous les jeux\" data-siloing=\"https:\/\/www.philibertnet.com\/fr\/recherche?feature=41&amp;feature_value=Ond\u0159ej Hrdina\">Ond\u0159ej Hrdina<\/span><\/p>\n<\/div>\n<\/div><\/div><\/div><div id=\"pgc-10068-1-2\"  class=\"panel-grid-cell\" ><div id=\"panel-10068-1-2-0\" class=\"so-panel widget widget_sow-editor panel-first-child panel-last-child\" data-index=\"5\" ><div\n\t\t\t\n\t\t\tclass=\"so-widget-sow-editor so-widget-sow-editor-base\"\n\t\t\t\n\t\t>\n<div class=\"siteorigin-widget-tinymce textwidget\">\n\t<p style=\"text-align: center;\"><strong>\u00c9dition :<\/strong><br \/>\nIello<br \/>\n2021<\/p>\n<\/div>\n<\/div><\/div><\/div><div id=\"pgc-10068-1-3\"  class=\"panel-grid-cell\" ><div id=\"panel-10068-1-3-0\" class=\"so-panel widget widget_sow-editor panel-first-child panel-last-child\" data-index=\"6\" ><div\n\t\t\t\n\t\t\tclass=\"so-widget-sow-editor so-widget-sow-editor-base\"\n\t\t\t\n\t\t>\n<div class=\"siteorigin-widget-tinymce textwidget\">\n\t<p style=\"text-align: center;\"><strong>Version :<\/strong><br \/>\nFran\u00e7aise<\/p>\n<\/div>\n<\/div><\/div><\/div><\/div><div id=\"pg-10068-2\"  class=\"panel-grid panel-no-style\" ><div id=\"pgc-10068-2-0\"  class=\"panel-grid-cell\" ><div id=\"panel-10068-2-0-0\" class=\"so-panel widget widget_sow-editor panel-first-child panel-last-child\" data-index=\"7\" ><div\n\t\t\t\n\t\t\tclass=\"so-widget-sow-editor so-widget-sow-editor-base\"\n\t\t\t\n\t\t>\n<div class=\"siteorigin-widget-tinymce textwidget\">\n\t<hr \/>\n<div>\n<div><em>3 e jour \u2014 Apr\u00e8s deux journ\u00e9es de vaines recherches sur un oc\u00e9an d\u00e9sert, une tache \u00e0 l\u2019horizon, \u00e0 peine visible dans le miroitement des vagues, m\u2019a apport\u00e9 une lueur d\u2019espoir. Alors que nous nous en approchions, une nu\u00e9e d \u2019oiseaux d \u2019un rouge \u00e9carlate est pass\u00e9e au-dessus de notre navire, gazouillant et sifflant comme pour nous souhaiter la bienvenue. V\u00e9rifiant ses cartes, notre navigatrice nous a assur\u00e9 que cette \u00eele n\u2019\u00e9tait pas encore r\u00e9pertori\u00e9e. Voil\u00e0 qui conforte l\u2019hypoth\u00e8se que nous formulons tous en silence : ces plateaux rocailleux, cette jungle verdoyante... il pourrait s\u2019agir de Narak !<\/em><\/div>\n<\/div>\n<p>La nouvelle s'est rapidement r\u00e9pandue : des explorateurs ont d\u00e9couvert la trace d'une glorieuse civilisation sur une \u00eele inconnue. Partez \u00e0 la recherche de ses incroyables secrets en prenant la t\u00eate d'une exp\u00e9dition hors norme ! Explorez les lieux, tentez de gagner le respect des terrifiants gardiens et retrouvez les l\u00e9gendaires art\u00e9facts perdus.<\/p>\n<p>Deckbuilding, pose d'ouvriers, gestion de ressources et exploration : <em>Les Ruines perdues de Narak<\/em> vous invite \u00e0 une aventure sans pr\u00e9c\u00e9dent, tout en \u00e9quilibre et en profondeur !<\/p>\n<\/div>\n<\/div><\/div><\/div><\/div><div id=\"pg-10068-3\"  class=\"panel-grid panel-no-style\" ><div id=\"pgc-10068-3-0\"  class=\"panel-grid-cell\" ><div id=\"panel-10068-3-0-0\" class=\"so-panel widget widget_sow-editor panel-first-child panel-last-child\" data-index=\"8\" ><div\n\t\t\t\n\t\t\tclass=\"so-widget-sow-editor so-widget-sow-editor-base\"\n\t\t\t\n\t\t>\n<div class=\"siteorigin-widget-tinymce textwidget\">\n\t<hr \/>\n<h3 style=\"text-align: center;\">En vid\u00e9o<\/h3>\n<p><a href=\"https:\/\/www.youtube.com\/watch?v=dpI8PaCAfoo&amp;ab_channel=TUJOUESOUQUOI%21%21%21\" target=\"_blank\" rel=\"noopener\"><img loading=\"lazy\" decoding=\"async\" class=\"alignnone size-full wp-image-9090\" src=\"https:\/\/meeplendice.net\/wp-content\/uploads\/2022\/01\/Link_CJ_v2.png\" alt=\"\" width=\"200\" height=\"170\" \/><\/a><\/p>\n<\/div>\n<\/div><\/div><\/div><\/div><div id=\"pg-10068-4\"  class=\"panel-grid panel-no-style\" ><div id=\"pgc-10068-4-0\"  class=\"panel-grid-cell\" ><div id=\"panel-10068-4-0-0\" class=\"so-panel widget widget_sow-editor panel-first-child panel-last-child\" data-index=\"9\" ><div\n\t\t\t\n\t\t\tclass=\"so-widget-sow-editor so-widget-sow-editor-base\"\n\t\t\t\n\t\t>\n<div class=\"siteorigin-widget-tinymce textwidget\">\n\t<hr \/>\n<h3 style=\"text-align: center;\">Extension(s)<\/h3>\n<style type='text\/css' media='all'>#rt-tpg-container-3967987255 .read-more a{border-radius:px;}#rt-tpg-container-3967987255 .rt-img-holder img.rt-img-responsive,#rt-tpg-container-3967987255 .rt-img-holder,\n\t\t\t\t\t#rt-tpg-container-3967987255 .rt-post-overlay .post-img,\n\t\t\t\t\t#rt-tpg-container-3967987255 .post-sm .post-img,\n\t\t\t\t\t#rt-tpg-container-3967987255 .rt-post-grid .post-img,\n\t\t\t\t\t#rt-tpg-container-3967987255 .post-img img {border-radius:px;}#rt-tpg-container-3967987255 .layout9 .rt-holder h2.entry-title,\n\t\t\t\t\t#rt-tpg-container-3967987255 .layout9 .rt-holder h3.entry-title,\n\t\t\t\t\t#rt-tpg-container-3967987255 .layout9 .rt-holder h4.entry-title,\n\t\t\t\t\t#rt-tpg-container-3967987255 .layout9 .rt-holder h2.entry-title a,\n\t\t\t\t\t#rt-tpg-container-3967987255 .layout9 .rt-holder h3.entry-title a,\n\t\t\t\t\t#rt-tpg-container-3967987255 .layout9 .rt-holder h4.entry-title a,\n\t\t\t\t\t#rt-tpg-container-3967987255 .rt-holder .rt-woo-info h2 a,\n\t\t\t\t\t#rt-tpg-container-3967987255 .rt-holder .rt-woo-info h3 a,\n\t\t\t\t\t#rt-tpg-container-3967987255 .rt-holder .rt-woo-info h4 a,\n\t\t\t\t\t#rt-tpg-container-3967987255 .post-content .post-title,\n\t\t\t\t\t#rt-tpg-container-3967987255 .rt-post-grid .post-title,\n\t\t\t\t\t#rt-tpg-container-3967987255 .rt-post-grid .post-title a,\n\t\t\t\t\t#rt-tpg-container-3967987255 .post-content .post-title a,\n\t\t\t\t\t#rt-tpg-container-3967987255 .rt-holder .rt-woo-info h2,\n\t\t\t\t\t#rt-tpg-container-3967987255 .rt-holder .rt-woo-info h3,\n\t\t\t\t\t#rt-tpg-container-3967987255 .rt-holder .rt-woo-info h4{font-size:16px;line-height:26px;font-weight:normal;text-align:center;}#rt-tpg-container-3967987255 .post-grid-lg-style-1 .post-title,\n\t\t\t\t\t\t#rt-tpg-container-3967987255 .post-grid-lg-style-1 .post-title a,\n\t\t\t\t\t\t#rt-tpg-container-3967987255 .big-layout .post-title,\n\t\t\t\t\t\t#rt-tpg-container-3967987255 .big-layout .post-title a,\n\t\t\t\t\t\t#rt-tpg-container-3967987255 .post-grid-lg-style-1 .post-title,\n\t\t\t\t\t\t#rt-tpg-container-3967987255 .post-grid-lg-style-1 .post-title a {font-size:24px;line-height:34px;}<\/style><div class='rt-container-fluid rt-tpg-container tpg-shortcode-main-wrapper ' id='rt-tpg-container-3967987255'   data-layout='layout9' data-grid-style='masonry' data-desktop-col='3'  data-tab-col='2'  data-mobile-col='1' data-sc-id='10091'><div data-title='Loading ...' class='rt-row rt-content-loader   layout9 tpg-masonry '><div class=\"rt-col-md-4 rt-col-sm-6 rt-col-xs-12 masonry-grid-item rt-grid-item img_zoom_in\" data-id=\"10089\"><div class=\"rt-holder\"><div class='overlay'><a data-id='10089' class=' tpg-single-popup' href='https:\/\/meeplendice.net\/?page_id=10089'><img loading=\"lazy\" decoding=\"async\" width=\"350\" height=\"350\" src=\"https:\/\/meeplendice.net\/wp-content\/uploads\/2022\/05\/RPN_ChefsExpedition.png\" class=\"rt-img-responsive \" alt=\"\" \/><\/a><\/div><div class='post-info'><h3 class=\"entry-title\"><a data-id=\"10089\" class=\" tpg-single-popup\" href=\"https:\/\/meeplendice.net\/?page_id=10089\">Chefs d&rsquo;Exp\u00e9dition<\/a><\/h3><div class='post-meta-user '><\/div><\/div><\/div><\/div><\/div><div class='rt-pagination-wrap' data-total-pages='1' data-posts-per-page='3' data-type='pagination_ajax'  ><div class='rt-page-numbers'><\/div><\/div><\/div>\n<\/div>\n<\/div><\/div><\/div><\/div><div id=\"pg-10068-5\"  class=\"panel-grid panel-no-style\" ><div id=\"pgc-10068-5-0\"  class=\"panel-grid-cell\" ><div id=\"panel-10068-5-0-0\" class=\"so-panel widget widget_sow-editor panel-first-child panel-last-child\" data-index=\"10\" ><div\n\t\t\t\n\t\t\tclass=\"so-widget-sow-editor so-widget-sow-editor-base\"\n\t\t\t\n\t\t>\n<div class=\"siteorigin-widget-tinymce textwidget\">\n\t<hr \/>\n<h3 style=\"text-align: center;\">Pour aller plus loin<\/h3>\n<\/div>\n<\/div><\/div><\/div><\/div><\/div>","protected":false},"excerpt":{"rendered":"<p>Nombre de joueurs : 2 &#8211; 4 Dur\u00e9e moyenne : 90 min Age : 12 ans et plus Auteur(s) : Min Elwen Illustrations : Ji\u0159\u00ed K\u016fs Milan Vavron Franti\u0161ek Sedl\u00e1\u010dek Ond\u0159ej Hrdina \u00c9dition : Iello 2021 Version : Fran\u00e7aise<\/p>\n","protected":false},"author":2,"featured_media":9741,"parent":0,"menu_order":0,"comment_status":"closed","ping_status":"closed","template":"","meta":{"footnotes":""},"class_list":["post-10068","page","type-page","status-publish","has-post-thumbnail","hentry"],"acf":[],"rttpg_featured_image_url":{"full":["https:\/\/meeplendice.net\/wp-content\/uploads\/2022\/05\/Ruines_Narak.png",350,350,false],"landscape":["https:\/\/meeplendice.net\/wp-content\/uploads\/2022\/05\/Ruines_Narak.png",350,350,false],"portraits":["https:\/\/meeplendice.net\/wp-content\/uploads\/2022\/05\/Ruines_Narak.png",350,350,false],"thumbnail":["https:\/\/meeplendice.net\/wp-content\/uploads\/2022\/05\/Ruines_Narak-150x150.png",150,150,true],"medium":["https:\/\/meeplendice.net\/wp-content\/uploads\/2022\/05\/Ruines_Narak-300x300.png",300,300,true],"large":["https:\/\/meeplendice.net\/wp-content\/uploads\/2022\/05\/Ruines_Narak.png",350,350,false],"ug_big":["https:\/\/meeplendice.net\/wp-content\/uploads\/2022\/05\/Ruines_Narak.png",350,350,false],"1536x1536":["https:\/\/meeplendice.net\/wp-content\/uploads\/2022\/05\/Ruines_Narak.png",350,350,false],"2048x2048":["https:\/\/meeplendice.net\/wp-content\/uploads\/2022\/05\/Ruines_Narak.png",350,350,false],"ashe-slider-grid-thumbnail":["https:\/\/meeplendice.net\/wp-content\/uploads\/2022\/05\/Ruines_Narak.png",350,350,false],"ashe-full-thumbnail":["https:\/\/meeplendice.net\/wp-content\/uploads\/2022\/05\/Ruines_Narak.png",350,350,false],"ashe-grid-thumbnail":["https:\/\/meeplendice.net\/wp-content\/uploads\/2022\/05\/Ruines_Narak-350x330.png",350,330,true],"ashe-list-thumbnail":["https:\/\/meeplendice.net\/wp-content\/uploads\/2022\/05\/Ruines_Narak-300x300.png",300,300,true],"ashe-single-navigation":["https:\/\/meeplendice.net\/wp-content\/uploads\/2022\/05\/Ruines_Narak-75x75.png",75,75,true],"mailpoet_newsletter_max":["https:\/\/meeplendice.net\/wp-content\/uploads\/2022\/05\/Ruines_Narak.png",350,350,false],"rpwe-thumbnail":["https:\/\/meeplendice.net\/wp-content\/uploads\/2022\/05\/Ruines_Narak-45x45.png",45,45,true],"sow-carousel-default":["https:\/\/meeplendice.net\/wp-content\/uploads\/2022\/05\/Ruines_Narak-272x182.png",272,182,true],"rt_custom":["https:\/\/meeplendice.net\/wp-content\/uploads\/2022\/05\/Ruines_Narak.png",350,350,false]},"rttpg_author":{"display_name":"Karnby","author_link":"https:\/\/meeplendice.net\/?author=2"},"rttpg_comment":0,"rttpg_category":null,"rttpg_excerpt":"Nombre de joueurs : 2 - 4 Dur\u00e9e moyenne : 90 min Age : 12 ans et plus Auteur(s) : Min Elwen Illustrations : Ji\u0159\u00ed K\u016fs Milan Vavron Franti\u0161ek Sedl\u00e1\u010dek Ond\u0159ej Hrdina \u00c9dition : Iello 2021 Version : Fran\u00e7aise","_links":{"self":[{"href":"https:\/\/meeplendice.net\/index.php?rest_route=\/wp\/v2\/pages\/10068","targetHints":{"allow":["GET"]}}],"collection":[{"href":"https:\/\/meeplendice.net\/index.php?rest_route=\/wp\/v2\/pages"}],"about":[{"href":"https:\/\/meeplendice.net\/index.php?rest_route=\/wp\/v2\/types\/page"}],"author":[{"embeddable":true,"href":"https:\/\/meeplendice.net\/index.php?rest_route=\/wp\/v2\/users\/2"}],"replies":[{"embeddable":true,"href":"https:\/\/meeplendice.net\/index.php?rest_route=%2Fwp%2Fv2%2Fcomments&post=10068"}],"version-history":[{"count":8,"href":"https:\/\/meeplendice.net\/index.php?rest_route=\/wp\/v2\/pages\/10068\/revisions"}],"predecessor-version":[{"id":10092,"href":"https:\/\/meeplendice.net\/index.php?rest_route=\/wp\/v2\/pages\/10068\/revisions\/10092"}],"wp:featuredmedia":[{"embeddable":true,"href":"https:\/\/meeplendice.net\/index.php?rest_route=\/wp\/v2\/media\/9741"}],"wp:attachment":[{"href":"https:\/\/meeplendice.net\/index.php?rest_route=%2Fwp%2Fv2%2Fmedia&parent=10068"}],"curies":[{"name":"wp","href":"https:\/\/api.w.org\/{rel}","templated":true}]}}