{"id":10089,"date":"2022-07-12T13:45:19","date_gmt":"2022-07-12T12:45:19","guid":{"rendered":"https:\/\/meeplendice.net\/?page_id=10089"},"modified":"2022-07-12T13:45:19","modified_gmt":"2022-07-12T12:45:19","slug":"chefs-dexpedition","status":"publish","type":"page","link":"https:\/\/meeplendice.net\/?page_id=10089","title":{"rendered":"Chefs d&rsquo;Exp\u00e9dition"},"content":{"rendered":"<p><em>De retour \u00e0 Narak !<\/em><\/p>\n<p><em>D&rsquo;intr\u00e9pides chefs d&rsquo;exp\u00e9dition, et leurs talents singuliers, d\u00e9barquent sur l&rsquo;\u00eele.<\/em><br \/>\n<em>que d\u00e9couvriront-ils au c\u0153ur des ruines ?<\/em><\/p>\n<p>Donnez un avantage \u00e0 votre exp\u00e9dition en choisissant l&rsquo;un des six chefs uniques, chacun dot\u00e9 de capacit\u00e9s, de comp\u00e9tences et de jeux de d\u00e9part diff\u00e9rents qui offrent des strat\u00e9gies et des styles de jeu diff\u00e9rents \u00e0 explorer.<\/p>\n<p>En plus des capacit\u00e9s des leaders, qui apportent un nouvel \u00e9l\u00e9ment d&rsquo;asym\u00e9trie au jeu, cette extension contient \u00e9galement des pistes de recherche alternatives qui offrent encore plus de vari\u00e9t\u00e9 et un plus grand d\u00e9fi, ainsi que de nouvelles cartes d&rsquo;objets et d&rsquo;artefacts pour cr\u00e9er de nouvelles combinaisons et associations.<\/p>\n","protected":false},"excerpt":{"rendered":"<p>De retour \u00e0 Narak ! D&rsquo;intr\u00e9pides chefs d&rsquo;exp\u00e9dition, et leurs talents singuliers, d\u00e9barquent sur l&rsquo;\u00eele. que d\u00e9couvriront-ils au c\u0153ur des ruines ? Donnez un avantage \u00e0 votre exp\u00e9dition en choisissant l&rsquo;un des six chefs uniques, chacun dot\u00e9 de capacit\u00e9s, de comp\u00e9tences et de jeux de d\u00e9part diff\u00e9rents qui offrent des strat\u00e9gies et des styles de jeu diff\u00e9rents \u00e0 explorer. En plus des capacit\u00e9s des leaders, qui apportent un nouvel \u00e9l\u00e9ment d&rsquo;asym\u00e9trie au jeu, cette extension contient \u00e9galement des pistes de recherche alternatives qui offrent encore plus de vari\u00e9t\u00e9 et un plus grand d\u00e9fi, ainsi que de nouvelles cartes d&rsquo;objets et d&rsquo;artefacts pour cr\u00e9er de nouvelles combinaisons et associations.<\/p>\n","protected":false},"author":2,"featured_media":9786,"parent":10068,"menu_order":1,"comment_status":"closed","ping_status":"closed","template":"","meta":{"footnotes":""},"class_list":["post-10089","page","type-page","status-publish","has-post-thumbnail","hentry"],"acf":[],"rttpg_featured_image_url":{"full":["https:\/\/meeplendice.net\/wp-content\/uploads\/2022\/05\/RPN_ChefsExpedition.png",350,350,false],"landscape":["https:\/\/meeplendice.net\/wp-content\/uploads\/2022\/05\/RPN_ChefsExpedition.png",350,350,false],"portraits":["https:\/\/meeplendice.net\/wp-content\/uploads\/2022\/05\/RPN_ChefsExpedition.png",350,350,false],"thumbnail":["https:\/\/meeplendice.net\/wp-content\/uploads\/2022\/05\/RPN_ChefsExpedition-150x150.png",150,150,true],"medium":["https:\/\/meeplendice.net\/wp-content\/uploads\/2022\/05\/RPN_ChefsExpedition-300x300.png",300,300,true],"large":["https:\/\/meeplendice.net\/wp-content\/uploads\/2022\/05\/RPN_ChefsExpedition.png",350,350,false],"ug_big":["https:\/\/meeplendice.net\/wp-content\/uploads\/2022\/05\/RPN_ChefsExpedition.png",350,350,false],"1536x1536":["https:\/\/meeplendice.net\/wp-content\/uploads\/2022\/05\/RPN_ChefsExpedition.png",350,350,false],"2048x2048":["https:\/\/meeplendice.net\/wp-content\/uploads\/2022\/05\/RPN_ChefsExpedition.png",350,350,false],"ashe-slider-grid-thumbnail":["https:\/\/meeplendice.net\/wp-content\/uploads\/2022\/05\/RPN_ChefsExpedition.png",350,350,false],"ashe-full-thumbnail":["https:\/\/meeplendice.net\/wp-content\/uploads\/2022\/05\/RPN_ChefsExpedition.png",350,350,false],"ashe-grid-thumbnail":["https:\/\/meeplendice.net\/wp-content\/uploads\/2022\/05\/RPN_ChefsExpedition-350x330.png",350,330,true],"ashe-list-thumbnail":["https:\/\/meeplendice.net\/wp-content\/uploads\/2022\/05\/RPN_ChefsExpedition-300x300.png",300,300,true],"ashe-single-navigation":["https:\/\/meeplendice.net\/wp-content\/uploads\/2022\/05\/RPN_ChefsExpedition-75x75.png",75,75,true],"mailpoet_newsletter_max":["https:\/\/meeplendice.net\/wp-content\/uploads\/2022\/05\/RPN_ChefsExpedition.png",350,350,false],"rpwe-thumbnail":["https:\/\/meeplendice.net\/wp-content\/uploads\/2022\/05\/RPN_ChefsExpedition-45x45.png",45,45,true],"sow-carousel-default":["https:\/\/meeplendice.net\/wp-content\/uploads\/2022\/05\/RPN_ChefsExpedition-272x182.png",272,182,true],"rt_custom":["https:\/\/meeplendice.net\/wp-content\/uploads\/2022\/05\/RPN_ChefsExpedition.png",350,350,false]},"rttpg_author":{"display_name":"Karnby","author_link":"https:\/\/meeplendice.net\/?author=2"},"rttpg_comment":0,"rttpg_category":null,"rttpg_excerpt":"De retour \u00e0 Narak ! D&rsquo;intr\u00e9pides chefs d&rsquo;exp\u00e9dition, et leurs talents singuliers, d\u00e9barquent sur l&rsquo;\u00eele. que d\u00e9couvriront-ils au c\u0153ur des ruines ? Donnez un avantage \u00e0 votre exp\u00e9dition en choisissant l&rsquo;un des six chefs uniques, chacun dot\u00e9 de capacit\u00e9s, de comp\u00e9tences et de jeux de d\u00e9part diff\u00e9rents qui offrent des strat\u00e9gies et des styles de\u2026","_links":{"self":[{"href":"https:\/\/meeplendice.net\/index.php?rest_route=\/wp\/v2\/pages\/10089","targetHints":{"allow":["GET"]}}],"collection":[{"href":"https:\/\/meeplendice.net\/index.php?rest_route=\/wp\/v2\/pages"}],"about":[{"href":"https:\/\/meeplendice.net\/index.php?rest_route=\/wp\/v2\/types\/page"}],"author":[{"embeddable":true,"href":"https:\/\/meeplendice.net\/index.php?rest_route=\/wp\/v2\/users\/2"}],"replies":[{"embeddable":true,"href":"https:\/\/meeplendice.net\/index.php?rest_route=%2Fwp%2Fv2%2Fcomments&post=10089"}],"version-history":[{"count":1,"href":"https:\/\/meeplendice.net\/index.php?rest_route=\/wp\/v2\/pages\/10089\/revisions"}],"predecessor-version":[{"id":10090,"href":"https:\/\/meeplendice.net\/index.php?rest_route=\/wp\/v2\/pages\/10089\/revisions\/10090"}],"up":[{"embeddable":true,"href":"https:\/\/meeplendice.net\/index.php?rest_route=\/wp\/v2\/pages\/10068"}],"wp:featuredmedia":[{"embeddable":true,"href":"https:\/\/meeplendice.net\/index.php?rest_route=\/wp\/v2\/media\/9786"}],"wp:attachment":[{"href":"https:\/\/meeplendice.net\/index.php?rest_route=%2Fwp%2Fv2%2Fmedia&parent=10089"}],"curies":[{"name":"wp","href":"https:\/\/api.w.org\/{rel}","templated":true}]}}