{"id":10131,"date":"2022-07-25T09:34:28","date_gmt":"2022-07-25T08:34:28","guid":{"rendered":"https:\/\/meeplendice.net\/?page_id=10131"},"modified":"2022-07-25T09:34:28","modified_gmt":"2022-07-25T08:34:28","slug":"betes-chatons","status":"publish","type":"page","link":"https:\/\/meeplendice.net\/?page_id=10131","title":{"rendered":"B\u00eates &#038; Chatons"},"content":{"rendered":"<p><em>L&rsquo;\u00eele des Chats : B\u00eates &amp; Chatons<\/em> est une extension pour <em>l&rsquo;Ile des Chats<\/em>, qui ajoute 1 nouveau module de tradition et 3 nouveaux modules d&rsquo;extension : Chatons, B\u00eates et \u00c9v\u00e8nements.<\/p>\n<p><strong>Chatons<\/strong> : sauvez les chatons et les chats aussi rapidement que possible.<br \/>\n<strong>B\u00eates<\/strong> : tissez des liens d&rsquo;amiti\u00e9 entre vos familles de chats et les b\u00eates anciennes.<br \/>\n<strong>\u00c9v\u00e8nements<\/strong> : trouvez de nouvelles fac\u00e7on de marquer des points alors que les r\u00e8gles du jeu \u00e9voluent pendant la partie.<\/p>\n","protected":false},"excerpt":{"rendered":"<p>L&rsquo;\u00eele des Chats : B\u00eates &amp; Chatons est une extension pour l&rsquo;Ile des Chats, qui ajoute 1 nouveau module de tradition et 3 nouveaux modules d&rsquo;extension : Chatons, B\u00eates et \u00c9v\u00e8nements. Chatons : sauvez les chatons et les chats aussi rapidement que possible. B\u00eates : tissez des liens d&rsquo;amiti\u00e9 entre vos familles de chats et les b\u00eates anciennes. \u00c9v\u00e8nements : trouvez de nouvelles fac\u00e7on de marquer des points alors que les r\u00e8gles du jeu \u00e9voluent pendant la partie.<\/p>\n","protected":false},"author":2,"featured_media":10122,"parent":7024,"menu_order":2,"comment_status":"closed","ping_status":"closed","template":"","meta":{"footnotes":""},"class_list":["post-10131","page","type-page","status-publish","has-post-thumbnail","hentry"],"acf":[],"rttpg_featured_image_url":{"full":["https:\/\/meeplendice.net\/wp-content\/uploads\/2022\/07\/IDC_BetesChatons.png",350,350,false],"landscape":["https:\/\/meeplendice.net\/wp-content\/uploads\/2022\/07\/IDC_BetesChatons.png",350,350,false],"portraits":["https:\/\/meeplendice.net\/wp-content\/uploads\/2022\/07\/IDC_BetesChatons.png",350,350,false],"thumbnail":["https:\/\/meeplendice.net\/wp-content\/uploads\/2022\/07\/IDC_BetesChatons-150x150.png",150,150,true],"medium":["https:\/\/meeplendice.net\/wp-content\/uploads\/2022\/07\/IDC_BetesChatons-300x300.png",300,300,true],"large":["https:\/\/meeplendice.net\/wp-content\/uploads\/2022\/07\/IDC_BetesChatons.png",350,350,false],"ug_big":["https:\/\/meeplendice.net\/wp-content\/uploads\/2022\/07\/IDC_BetesChatons.png",350,350,false],"1536x1536":["https:\/\/meeplendice.net\/wp-content\/uploads\/2022\/07\/IDC_BetesChatons.png",350,350,false],"2048x2048":["https:\/\/meeplendice.net\/wp-content\/uploads\/2022\/07\/IDC_BetesChatons.png",350,350,false],"ashe-slider-grid-thumbnail":["https:\/\/meeplendice.net\/wp-content\/uploads\/2022\/07\/IDC_BetesChatons.png",350,350,false],"ashe-full-thumbnail":["https:\/\/meeplendice.net\/wp-content\/uploads\/2022\/07\/IDC_BetesChatons.png",350,350,false],"ashe-grid-thumbnail":["https:\/\/meeplendice.net\/wp-content\/uploads\/2022\/07\/IDC_BetesChatons-350x330.png",350,330,true],"ashe-list-thumbnail":["https:\/\/meeplendice.net\/wp-content\/uploads\/2022\/07\/IDC_BetesChatons-300x300.png",300,300,true],"ashe-single-navigation":["https:\/\/meeplendice.net\/wp-content\/uploads\/2022\/07\/IDC_BetesChatons-75x75.png",75,75,true],"mailpoet_newsletter_max":["https:\/\/meeplendice.net\/wp-content\/uploads\/2022\/07\/IDC_BetesChatons.png",350,350,false],"rpwe-thumbnail":["https:\/\/meeplendice.net\/wp-content\/uploads\/2022\/07\/IDC_BetesChatons-45x45.png",45,45,true],"sow-carousel-default":["https:\/\/meeplendice.net\/wp-content\/uploads\/2022\/07\/IDC_BetesChatons-272x182.png",272,182,true],"rt_custom":["https:\/\/meeplendice.net\/wp-content\/uploads\/2022\/07\/IDC_BetesChatons.png",350,350,false]},"rttpg_author":{"display_name":"Karnby","author_link":"https:\/\/meeplendice.net\/?author=2"},"rttpg_comment":0,"rttpg_category":null,"rttpg_excerpt":"L&rsquo;\u00eele des Chats : B\u00eates &amp; Chatons est une extension pour l&rsquo;Ile des Chats, qui ajoute 1 nouveau module de tradition et 3 nouveaux modules d&rsquo;extension : Chatons, B\u00eates et \u00c9v\u00e8nements. Chatons : sauvez les chatons et les chats aussi rapidement que possible. B\u00eates : tissez des liens d&rsquo;amiti\u00e9 entre vos familles de chats et\u2026","_links":{"self":[{"href":"https:\/\/meeplendice.net\/index.php?rest_route=\/wp\/v2\/pages\/10131","targetHints":{"allow":["GET"]}}],"collection":[{"href":"https:\/\/meeplendice.net\/index.php?rest_route=\/wp\/v2\/pages"}],"about":[{"href":"https:\/\/meeplendice.net\/index.php?rest_route=\/wp\/v2\/types\/page"}],"author":[{"embeddable":true,"href":"https:\/\/meeplendice.net\/index.php?rest_route=\/wp\/v2\/users\/2"}],"replies":[{"embeddable":true,"href":"https:\/\/meeplendice.net\/index.php?rest_route=%2Fwp%2Fv2%2Fcomments&post=10131"}],"version-history":[{"count":1,"href":"https:\/\/meeplendice.net\/index.php?rest_route=\/wp\/v2\/pages\/10131\/revisions"}],"predecessor-version":[{"id":10132,"href":"https:\/\/meeplendice.net\/index.php?rest_route=\/wp\/v2\/pages\/10131\/revisions\/10132"}],"up":[{"embeddable":true,"href":"https:\/\/meeplendice.net\/index.php?rest_route=\/wp\/v2\/pages\/7024"}],"wp:featuredmedia":[{"embeddable":true,"href":"https:\/\/meeplendice.net\/index.php?rest_route=\/wp\/v2\/media\/10122"}],"wp:attachment":[{"href":"https:\/\/meeplendice.net\/index.php?rest_route=%2Fwp%2Fv2%2Fmedia&parent=10131"}],"curies":[{"name":"wp","href":"https:\/\/api.w.org\/{rel}","templated":true}]}}