{"id":10133,"date":"2022-07-25T09:37:25","date_gmt":"2022-07-25T08:37:25","guid":{"rendered":"https:\/\/meeplendice.net\/?page_id=10133"},"modified":"2022-07-25T09:41:41","modified_gmt":"2022-07-25T08:41:41","slug":"pack-kickstarter-1","status":"publish","type":"page","link":"https:\/\/meeplendice.net\/?page_id=10133","title":{"rendered":"Pack Kickstarter #1"},"content":{"rendered":"<p>Le <em>Pack Kickstarter<\/em> de<em> l&rsquo;Ile des Chats<\/em> contient tous les \u00e9l\u00e9ments de jeux suppl\u00e9mentaires qui ont fait partie du Kickstarter de <em>l&rsquo;Ile des Chat<\/em>s en 2019 :<\/p>\n<p>6 grandes figurines de chat<br \/>\n62 poissons en bois<br \/>\n10 tuiles uniques de chat<br \/>\n4 tuiles Oshax uniques<br \/>\n3 utiles uniques Grand Tr\u00e9sor rare<br \/>\n12 cartes D\u00e9couverte<br \/>\n3 Modules de tradition (24 cartes)<\/p>\n","protected":false},"excerpt":{"rendered":"<p>Le Pack Kickstarter de l&rsquo;Ile des Chats contient tous les \u00e9l\u00e9ments de jeux suppl\u00e9mentaires qui ont fait partie du Kickstarter de l&rsquo;Ile des Chats en 2019 : 6 grandes figurines de chat 62 poissons en bois 10 tuiles uniques de chat 4 tuiles Oshax uniques 3 utiles uniques Grand Tr\u00e9sor rare 12 cartes D\u00e9couverte 3 Modules de tradition (24 cartes)<\/p>\n","protected":false},"author":2,"featured_media":10128,"parent":7024,"menu_order":4,"comment_status":"closed","ping_status":"closed","template":"","meta":{"footnotes":""},"class_list":["post-10133","page","type-page","status-publish","has-post-thumbnail","hentry"],"acf":[],"rttpg_featured_image_url":{"full":["https:\/\/meeplendice.net\/wp-content\/uploads\/2022\/07\/IDC_PackKickstarter1.png",350,350,false],"landscape":["https:\/\/meeplendice.net\/wp-content\/uploads\/2022\/07\/IDC_PackKickstarter1.png",350,350,false],"portraits":["https:\/\/meeplendice.net\/wp-content\/uploads\/2022\/07\/IDC_PackKickstarter1.png",350,350,false],"thumbnail":["https:\/\/meeplendice.net\/wp-content\/uploads\/2022\/07\/IDC_PackKickstarter1-150x150.png",150,150,true],"medium":["https:\/\/meeplendice.net\/wp-content\/uploads\/2022\/07\/IDC_PackKickstarter1-300x300.png",300,300,true],"large":["https:\/\/meeplendice.net\/wp-content\/uploads\/2022\/07\/IDC_PackKickstarter1.png",350,350,false],"ug_big":["https:\/\/meeplendice.net\/wp-content\/uploads\/2022\/07\/IDC_PackKickstarter1.png",350,350,false],"1536x1536":["https:\/\/meeplendice.net\/wp-content\/uploads\/2022\/07\/IDC_PackKickstarter1.png",350,350,false],"2048x2048":["https:\/\/meeplendice.net\/wp-content\/uploads\/2022\/07\/IDC_PackKickstarter1.png",350,350,false],"ashe-slider-grid-thumbnail":["https:\/\/meeplendice.net\/wp-content\/uploads\/2022\/07\/IDC_PackKickstarter1.png",350,350,false],"ashe-full-thumbnail":["https:\/\/meeplendice.net\/wp-content\/uploads\/2022\/07\/IDC_PackKickstarter1.png",350,350,false],"ashe-grid-thumbnail":["https:\/\/meeplendice.net\/wp-content\/uploads\/2022\/07\/IDC_PackKickstarter1-350x330.png",350,330,true],"ashe-list-thumbnail":["https:\/\/meeplendice.net\/wp-content\/uploads\/2022\/07\/IDC_PackKickstarter1-300x300.png",300,300,true],"ashe-single-navigation":["https:\/\/meeplendice.net\/wp-content\/uploads\/2022\/07\/IDC_PackKickstarter1-75x75.png",75,75,true],"mailpoet_newsletter_max":["https:\/\/meeplendice.net\/wp-content\/uploads\/2022\/07\/IDC_PackKickstarter1.png",350,350,false],"rpwe-thumbnail":["https:\/\/meeplendice.net\/wp-content\/uploads\/2022\/07\/IDC_PackKickstarter1-45x45.png",45,45,true],"sow-carousel-default":["https:\/\/meeplendice.net\/wp-content\/uploads\/2022\/07\/IDC_PackKickstarter1-272x182.png",272,182,true],"rt_custom":["https:\/\/meeplendice.net\/wp-content\/uploads\/2022\/07\/IDC_PackKickstarter1.png",350,350,false]},"rttpg_author":{"display_name":"Karnby","author_link":"https:\/\/meeplendice.net\/?author=2"},"rttpg_comment":0,"rttpg_category":null,"rttpg_excerpt":"Le Pack Kickstarter de l&rsquo;Ile des Chats contient tous les \u00e9l\u00e9ments de jeux suppl\u00e9mentaires qui ont fait partie du Kickstarter de l&rsquo;Ile des Chats en 2019 : 6 grandes figurines de chat 62 poissons en bois 10 tuiles uniques de chat 4 tuiles Oshax uniques 3 utiles uniques Grand Tr\u00e9sor rare 12 cartes D\u00e9couverte 3\u2026","_links":{"self":[{"href":"https:\/\/meeplendice.net\/index.php?rest_route=\/wp\/v2\/pages\/10133","targetHints":{"allow":["GET"]}}],"collection":[{"href":"https:\/\/meeplendice.net\/index.php?rest_route=\/wp\/v2\/pages"}],"about":[{"href":"https:\/\/meeplendice.net\/index.php?rest_route=\/wp\/v2\/types\/page"}],"author":[{"embeddable":true,"href":"https:\/\/meeplendice.net\/index.php?rest_route=\/wp\/v2\/users\/2"}],"replies":[{"embeddable":true,"href":"https:\/\/meeplendice.net\/index.php?rest_route=%2Fwp%2Fv2%2Fcomments&post=10133"}],"version-history":[{"count":2,"href":"https:\/\/meeplendice.net\/index.php?rest_route=\/wp\/v2\/pages\/10133\/revisions"}],"predecessor-version":[{"id":10138,"href":"https:\/\/meeplendice.net\/index.php?rest_route=\/wp\/v2\/pages\/10133\/revisions\/10138"}],"up":[{"embeddable":true,"href":"https:\/\/meeplendice.net\/index.php?rest_route=\/wp\/v2\/pages\/7024"}],"wp:featuredmedia":[{"embeddable":true,"href":"https:\/\/meeplendice.net\/index.php?rest_route=\/wp\/v2\/media\/10128"}],"wp:attachment":[{"href":"https:\/\/meeplendice.net\/index.php?rest_route=%2Fwp%2Fv2%2Fmedia&parent=10133"}],"curies":[{"name":"wp","href":"https:\/\/api.w.org\/{rel}","templated":true}]}}