{"id":10135,"date":"2022-07-25T09:40:51","date_gmt":"2022-07-25T08:40:51","guid":{"rendered":"https:\/\/meeplendice.net\/?page_id=10135"},"modified":"2022-07-25T09:40:51","modified_gmt":"2022-07-25T08:40:51","slug":"pack-kickstarter-2","status":"publish","type":"page","link":"https:\/\/meeplendice.net\/?page_id=10135","title":{"rendered":"Pack Kickstarter #2"},"content":{"rendered":"<p><em>L&rsquo;Ile des Chats : Pack Kickstarter 2<\/em> inclut tout le contenu additionnel propos\u00e9 par la deuxi\u00e8me campagne Kickstarter de<em> l&rsquo;Ile des Chats<\/em> en 2021 :<\/p>\n<p>25 grands pions B\u00eates (5 de chaque)<br \/>\n4 chatons Oshax<br \/>\n12 cartes D\u00e9couverte<br \/>\n15 tuiles Chat diff\u00e9rentes (3 par couleur)<br \/>\n10 tuiles \u00c9v\u00e8nement diff\u00e9rentes<br \/>\n6 tuiles B\u00eates diff\u00e9rentes<br \/>\n1 fiche de r\u00e8gles<\/p>\n","protected":false},"excerpt":{"rendered":"<p>L&rsquo;Ile des Chats : Pack Kickstarter 2 inclut tout le contenu additionnel propos\u00e9 par la deuxi\u00e8me campagne Kickstarter de l&rsquo;Ile des Chats en 2021 : 25 grands pions B\u00eates (5 de chaque) 4 chatons Oshax 12 cartes D\u00e9couverte 15 tuiles Chat diff\u00e9rentes (3 par couleur) 10 tuiles \u00c9v\u00e8nement diff\u00e9rentes 6 tuiles B\u00eates diff\u00e9rentes 1 fiche de r\u00e8gles<\/p>\n","protected":false},"author":2,"featured_media":10127,"parent":7024,"menu_order":5,"comment_status":"closed","ping_status":"closed","template":"","meta":{"footnotes":""},"class_list":["post-10135","page","type-page","status-publish","has-post-thumbnail","hentry"],"acf":[],"rttpg_featured_image_url":{"full":["https:\/\/meeplendice.net\/wp-content\/uploads\/2022\/07\/IDC_PackKickstarter2.png",350,350,false],"landscape":["https:\/\/meeplendice.net\/wp-content\/uploads\/2022\/07\/IDC_PackKickstarter2.png",350,350,false],"portraits":["https:\/\/meeplendice.net\/wp-content\/uploads\/2022\/07\/IDC_PackKickstarter2.png",350,350,false],"thumbnail":["https:\/\/meeplendice.net\/wp-content\/uploads\/2022\/07\/IDC_PackKickstarter2-150x150.png",150,150,true],"medium":["https:\/\/meeplendice.net\/wp-content\/uploads\/2022\/07\/IDC_PackKickstarter2-300x300.png",300,300,true],"large":["https:\/\/meeplendice.net\/wp-content\/uploads\/2022\/07\/IDC_PackKickstarter2.png",350,350,false],"ug_big":["https:\/\/meeplendice.net\/wp-content\/uploads\/2022\/07\/IDC_PackKickstarter2.png",350,350,false],"1536x1536":["https:\/\/meeplendice.net\/wp-content\/uploads\/2022\/07\/IDC_PackKickstarter2.png",350,350,false],"2048x2048":["https:\/\/meeplendice.net\/wp-content\/uploads\/2022\/07\/IDC_PackKickstarter2.png",350,350,false],"ashe-slider-grid-thumbnail":["https:\/\/meeplendice.net\/wp-content\/uploads\/2022\/07\/IDC_PackKickstarter2.png",350,350,false],"ashe-full-thumbnail":["https:\/\/meeplendice.net\/wp-content\/uploads\/2022\/07\/IDC_PackKickstarter2.png",350,350,false],"ashe-grid-thumbnail":["https:\/\/meeplendice.net\/wp-content\/uploads\/2022\/07\/IDC_PackKickstarter2-350x330.png",350,330,true],"ashe-list-thumbnail":["https:\/\/meeplendice.net\/wp-content\/uploads\/2022\/07\/IDC_PackKickstarter2-300x300.png",300,300,true],"ashe-single-navigation":["https:\/\/meeplendice.net\/wp-content\/uploads\/2022\/07\/IDC_PackKickstarter2-75x75.png",75,75,true],"mailpoet_newsletter_max":["https:\/\/meeplendice.net\/wp-content\/uploads\/2022\/07\/IDC_PackKickstarter2.png",350,350,false],"rpwe-thumbnail":["https:\/\/meeplendice.net\/wp-content\/uploads\/2022\/07\/IDC_PackKickstarter2-45x45.png",45,45,true],"sow-carousel-default":["https:\/\/meeplendice.net\/wp-content\/uploads\/2022\/07\/IDC_PackKickstarter2-272x182.png",272,182,true],"rt_custom":["https:\/\/meeplendice.net\/wp-content\/uploads\/2022\/07\/IDC_PackKickstarter2.png",350,350,false]},"rttpg_author":{"display_name":"Karnby","author_link":"https:\/\/meeplendice.net\/?author=2"},"rttpg_comment":0,"rttpg_category":null,"rttpg_excerpt":"L&rsquo;Ile des Chats : Pack Kickstarter 2 inclut tout le contenu additionnel propos\u00e9 par la deuxi\u00e8me campagne Kickstarter de l&rsquo;Ile des Chats en 2021 : 25 grands pions B\u00eates (5 de chaque) 4 chatons Oshax 12 cartes D\u00e9couverte 15 tuiles Chat diff\u00e9rentes (3 par couleur) 10 tuiles \u00c9v\u00e8nement diff\u00e9rentes 6 tuiles B\u00eates diff\u00e9rentes 1 fiche\u2026","_links":{"self":[{"href":"https:\/\/meeplendice.net\/index.php?rest_route=\/wp\/v2\/pages\/10135","targetHints":{"allow":["GET"]}}],"collection":[{"href":"https:\/\/meeplendice.net\/index.php?rest_route=\/wp\/v2\/pages"}],"about":[{"href":"https:\/\/meeplendice.net\/index.php?rest_route=\/wp\/v2\/types\/page"}],"author":[{"embeddable":true,"href":"https:\/\/meeplendice.net\/index.php?rest_route=\/wp\/v2\/users\/2"}],"replies":[{"embeddable":true,"href":"https:\/\/meeplendice.net\/index.php?rest_route=%2Fwp%2Fv2%2Fcomments&post=10135"}],"version-history":[{"count":2,"href":"https:\/\/meeplendice.net\/index.php?rest_route=\/wp\/v2\/pages\/10135\/revisions"}],"predecessor-version":[{"id":10137,"href":"https:\/\/meeplendice.net\/index.php?rest_route=\/wp\/v2\/pages\/10135\/revisions\/10137"}],"up":[{"embeddable":true,"href":"https:\/\/meeplendice.net\/index.php?rest_route=\/wp\/v2\/pages\/7024"}],"wp:featuredmedia":[{"embeddable":true,"href":"https:\/\/meeplendice.net\/index.php?rest_route=\/wp\/v2\/media\/10127"}],"wp:attachment":[{"href":"https:\/\/meeplendice.net\/index.php?rest_route=%2Fwp%2Fv2%2Fmedia&parent=10135"}],"curies":[{"name":"wp","href":"https:\/\/api.w.org\/{rel}","templated":true}]}}