{"id":10143,"date":"2022-07-25T09:52:33","date_gmt":"2022-07-25T08:52:33","guid":{"rendered":"https:\/\/meeplendice.net\/?page_id=10143"},"modified":"2022-07-25T10:06:05","modified_gmt":"2022-07-25T09:06:05","slug":"lile-des-chats-explore-draw","status":"publish","type":"page","link":"https:\/\/meeplendice.net\/?page_id=10143","title":{"rendered":"L&rsquo;Ile des Chats : Explore &#038; Draw"},"content":{"rendered":"<div id=\"pl-10143\"  class=\"panel-layout\" ><div id=\"pg-10143-0\"  class=\"panel-grid panel-no-style\" ><div id=\"pgc-10143-0-0\"  class=\"panel-grid-cell\" ><div id=\"panel-10143-0-0-0\" class=\"so-panel widget widget_sow-editor panel-first-child panel-last-child\" data-index=\"0\" ><div\n\t\t\t\n\t\t\tclass=\"so-widget-sow-editor so-widget-sow-editor-base\"\n\t\t\t\n\t\t>\n<div class=\"siteorigin-widget-tinymce textwidget\">\n\t<p style=\"text-align: center;\"><strong>Nombre de joueurs :<\/strong><br \/>\n1 - 6<\/p>\n<\/div>\n<\/div><\/div><\/div><div id=\"pgc-10143-0-1\"  class=\"panel-grid-cell\" ><div id=\"panel-10143-0-1-0\" class=\"so-panel widget widget_sow-editor panel-first-child panel-last-child\" data-index=\"1\" ><div\n\t\t\t\n\t\t\tclass=\"so-widget-sow-editor so-widget-sow-editor-base\"\n\t\t\t\n\t\t>\n<div class=\"siteorigin-widget-tinymce textwidget\">\n\t<p style=\"text-align: center;\"><strong>Dur\u00e9e moyenne :<\/strong><br \/>\n45 min<\/p>\n<\/div>\n<\/div><\/div><\/div><div id=\"pgc-10143-0-2\"  class=\"panel-grid-cell\" ><div id=\"panel-10143-0-2-0\" class=\"so-panel widget widget_sow-editor panel-first-child panel-last-child\" data-index=\"2\" ><div\n\t\t\t\n\t\t\tclass=\"so-widget-sow-editor so-widget-sow-editor-base\"\n\t\t\t\n\t\t>\n<div class=\"siteorigin-widget-tinymce textwidget\">\n\t<p style=\"text-align: center;\"><strong>Age :<\/strong><br \/>\n10 ans et plus<\/p>\n<\/div>\n<\/div><\/div><\/div><\/div><div id=\"pg-10143-1\"  class=\"panel-grid panel-no-style\" ><div id=\"pgc-10143-1-0\"  class=\"panel-grid-cell\" ><div id=\"panel-10143-1-0-0\" class=\"so-panel widget widget_sow-editor panel-first-child panel-last-child\" data-index=\"3\" ><div\n\t\t\t\n\t\t\tclass=\"so-widget-sow-editor so-widget-sow-editor-base\"\n\t\t\t\n\t\t>\n<div class=\"siteorigin-widget-tinymce textwidget\">\n\t<p style=\"text-align: center;\"><strong>Auteur(s) :<br \/>\n<\/strong>Frank West<\/p>\n<\/div>\n<\/div><\/div><\/div><div id=\"pgc-10143-1-1\"  class=\"panel-grid-cell\" ><div id=\"panel-10143-1-1-0\" class=\"so-panel widget widget_sow-editor panel-first-child panel-last-child\" data-index=\"4\" ><div\n\t\t\t\n\t\t\tclass=\"so-widget-sow-editor so-widget-sow-editor-base\"\n\t\t\t\n\t\t>\n<div class=\"siteorigin-widget-tinymce textwidget\">\n\t<p style=\"text-align: center;\"><strong>Illustrations :<br \/>\n<\/strong>Dragolisco<\/p>\n<\/div>\n<\/div><\/div><\/div><div id=\"pgc-10143-1-2\"  class=\"panel-grid-cell\" ><div id=\"panel-10143-1-2-0\" class=\"so-panel widget widget_sow-editor panel-first-child panel-last-child\" data-index=\"5\" ><div\n\t\t\t\n\t\t\tclass=\"so-widget-sow-editor so-widget-sow-editor-base\"\n\t\t\t\n\t\t>\n<div class=\"siteorigin-widget-tinymce textwidget\">\n\t<p style=\"text-align: center;\"><strong>\u00c9dition :<\/strong><br \/>\nLucky Duck Games<br \/>\n2021<\/p>\n<\/div>\n<\/div><\/div><\/div><div id=\"pgc-10143-1-3\"  class=\"panel-grid-cell\" ><div id=\"panel-10143-1-3-0\" class=\"so-panel widget widget_sow-editor panel-first-child panel-last-child\" data-index=\"6\" ><div\n\t\t\t\n\t\t\tclass=\"so-widget-sow-editor so-widget-sow-editor-base\"\n\t\t\t\n\t\t>\n<div class=\"siteorigin-widget-tinymce textwidget\">\n\t<p style=\"text-align: center;\"><strong>Version :<\/strong><br \/>\nFran\u00e7aise<\/p>\n<\/div>\n<\/div><\/div><\/div><\/div><div id=\"pg-10143-2\"  class=\"panel-grid panel-no-style\" ><div id=\"pgc-10143-2-0\"  class=\"panel-grid-cell\" ><div id=\"panel-10143-2-0-0\" class=\"so-panel widget widget_sow-editor panel-first-child panel-last-child\" data-index=\"7\" ><div\n\t\t\t\n\t\t\tclass=\"so-widget-sow-editor so-widget-sow-editor-base\"\n\t\t\t\n\t\t>\n<div class=\"siteorigin-widget-tinymce textwidget\">\n\t<hr \/>\n<p><em>Les l\u00e9gendes de la Cit\u00e9 \u00e9voquent depuis toujours l'existence d'une \u00eele fabuleuse sur laquelle se serait \u00e9tablie une race de chats anciens, sages, f\u00e9roces et tr\u00e8s joueurs. De r\u00e9centes missions d'exploration de Port Squale ont r\u00e9v\u00e9l\u00e9 que cette \u00eele existe bel et bien ! Mais elle est menac\u00e9e par les arm\u00e9es du Seigneur Vesh Darkhand, qui ne reculera devant rien pour d\u00e9truire l'\u00eele et le reste du monde. Les arbres br\u00fbleront et les roches anciennes seront bris\u00e9es... mais il reste une chance de sauver ces nobles cr\u00e9atures !<\/em><\/p>\n<p>Citoyens de Port Squale, vous vous rendez sur l'Ile des Chats pour sauver autant de chats que possible avant l'arriv\u00e9e du mal\u00e9fique Seigneur Vesh. Tous les chats sont diff\u00e9rents : trouvez un moyen de tous les faire tenir \u00e0 bord de votre bateau, en s\u00e9parant aussi peu que possible les chats d'une m\u00eame famille !<\/p>\n<p>Respectez les traditions, remplissez chaque recoin de votre bateau de chats et de tr\u00e9sors, et gardez les familles unies pour marquer des points.<\/p>\n<p>Le vainqueur est celui en aura le plus apr\u00e8s 7 tours.<\/p>\n<\/div>\n<\/div><\/div><\/div><\/div><div id=\"pg-10143-3\"  class=\"panel-grid panel-no-style\" ><div id=\"pgc-10143-3-0\"  class=\"panel-grid-cell\" ><div id=\"panel-10143-3-0-0\" class=\"so-panel widget widget_sow-editor panel-first-child panel-last-child\" data-index=\"8\" ><div\n\t\t\t\n\t\t\tclass=\"so-widget-sow-editor so-widget-sow-editor-base\"\n\t\t\t\n\t\t>\n<div class=\"siteorigin-widget-tinymce textwidget\">\n\t<hr \/>\n<h3 style=\"text-align: center;\">En vid\u00e9o<\/h3>\n<\/div>\n<\/div><\/div><\/div><\/div><div id=\"pg-10143-4\"  class=\"panel-grid panel-no-style\" ><div id=\"pgc-10143-4-0\"  class=\"panel-grid-cell\" ><div id=\"panel-10143-4-0-0\" class=\"so-panel widget widget_sow-editor panel-first-child panel-last-child\" data-index=\"9\" ><div\n\t\t\t\n\t\t\tclass=\"so-widget-sow-editor so-widget-sow-editor-base\"\n\t\t\t\n\t\t>\n<div class=\"siteorigin-widget-tinymce textwidget\">\n\t<hr \/>\n<h3 style=\"text-align: center;\">Pour aller plus loin<\/h3>\n<\/div>\n<\/div><\/div><\/div><\/div><\/div>","protected":false},"excerpt":{"rendered":"<p>Nombre de joueurs : 1 &#8211; 6 Dur\u00e9e moyenne : 45 min Age : 10 ans et plus Auteur(s) : Frank West Illustrations : Dragolisco \u00c9dition : Lucky Duck Games 2021 Version : Fran\u00e7aise<\/p>\n","protected":false},"author":2,"featured_media":10116,"parent":0,"menu_order":0,"comment_status":"closed","ping_status":"closed","template":"","meta":{"footnotes":""},"class_list":["post-10143","page","type-page","status-publish","has-post-thumbnail","hentry"],"acf":[],"rttpg_featured_image_url":{"full":["https:\/\/meeplendice.net\/wp-content\/uploads\/2022\/07\/IaC_ExDraw.png",350,350,false],"landscape":["https:\/\/meeplendice.net\/wp-content\/uploads\/2022\/07\/IaC_ExDraw.png",350,350,false],"portraits":["https:\/\/meeplendice.net\/wp-content\/uploads\/2022\/07\/IaC_ExDraw.png",350,350,false],"thumbnail":["https:\/\/meeplendice.net\/wp-content\/uploads\/2022\/07\/IaC_ExDraw-150x150.png",150,150,true],"medium":["https:\/\/meeplendice.net\/wp-content\/uploads\/2022\/07\/IaC_ExDraw-300x300.png",300,300,true],"large":["https:\/\/meeplendice.net\/wp-content\/uploads\/2022\/07\/IaC_ExDraw.png",350,350,false],"ug_big":["https:\/\/meeplendice.net\/wp-content\/uploads\/2022\/07\/IaC_ExDraw.png",350,350,false],"1536x1536":["https:\/\/meeplendice.net\/wp-content\/uploads\/2022\/07\/IaC_ExDraw.png",350,350,false],"2048x2048":["https:\/\/meeplendice.net\/wp-content\/uploads\/2022\/07\/IaC_ExDraw.png",350,350,false],"ashe-slider-grid-thumbnail":["https:\/\/meeplendice.net\/wp-content\/uploads\/2022\/07\/IaC_ExDraw.png",350,350,false],"ashe-full-thumbnail":["https:\/\/meeplendice.net\/wp-content\/uploads\/2022\/07\/IaC_ExDraw.png",350,350,false],"ashe-grid-thumbnail":["https:\/\/meeplendice.net\/wp-content\/uploads\/2022\/07\/IaC_ExDraw-350x330.png",350,330,true],"ashe-list-thumbnail":["https:\/\/meeplendice.net\/wp-content\/uploads\/2022\/07\/IaC_ExDraw-300x300.png",300,300,true],"ashe-single-navigation":["https:\/\/meeplendice.net\/wp-content\/uploads\/2022\/07\/IaC_ExDraw-75x75.png",75,75,true],"mailpoet_newsletter_max":["https:\/\/meeplendice.net\/wp-content\/uploads\/2022\/07\/IaC_ExDraw.png",350,350,false],"rpwe-thumbnail":["https:\/\/meeplendice.net\/wp-content\/uploads\/2022\/07\/IaC_ExDraw-45x45.png",45,45,true],"sow-carousel-default":["https:\/\/meeplendice.net\/wp-content\/uploads\/2022\/07\/IaC_ExDraw-272x182.png",272,182,true],"rt_custom":["https:\/\/meeplendice.net\/wp-content\/uploads\/2022\/07\/IaC_ExDraw.png",350,350,false]},"rttpg_author":{"display_name":"Karnby","author_link":"https:\/\/meeplendice.net\/?author=2"},"rttpg_comment":0,"rttpg_category":null,"rttpg_excerpt":"Nombre de joueurs : 1 - 6 Dur\u00e9e moyenne : 45 min Age : 10 ans et plus Auteur(s) : Frank West Illustrations : Dragolisco \u00c9dition : Lucky Duck Games 2021 Version : Fran\u00e7aise","_links":{"self":[{"href":"https:\/\/meeplendice.net\/index.php?rest_route=\/wp\/v2\/pages\/10143","targetHints":{"allow":["GET"]}}],"collection":[{"href":"https:\/\/meeplendice.net\/index.php?rest_route=\/wp\/v2\/pages"}],"about":[{"href":"https:\/\/meeplendice.net\/index.php?rest_route=\/wp\/v2\/types\/page"}],"author":[{"embeddable":true,"href":"https:\/\/meeplendice.net\/index.php?rest_route=\/wp\/v2\/users\/2"}],"replies":[{"embeddable":true,"href":"https:\/\/meeplendice.net\/index.php?rest_route=%2Fwp%2Fv2%2Fcomments&post=10143"}],"version-history":[{"count":5,"href":"https:\/\/meeplendice.net\/index.php?rest_route=\/wp\/v2\/pages\/10143\/revisions"}],"predecessor-version":[{"id":10149,"href":"https:\/\/meeplendice.net\/index.php?rest_route=\/wp\/v2\/pages\/10143\/revisions\/10149"}],"wp:featuredmedia":[{"embeddable":true,"href":"https:\/\/meeplendice.net\/index.php?rest_route=\/wp\/v2\/media\/10116"}],"wp:attachment":[{"href":"https:\/\/meeplendice.net\/index.php?rest_route=%2Fwp%2Fv2%2Fmedia&parent=10143"}],"curies":[{"name":"wp","href":"https:\/\/api.w.org\/{rel}","templated":true}]}}