{"id":10151,"date":"2022-07-25T11:12:43","date_gmt":"2022-07-25T10:12:43","guid":{"rendered":"https:\/\/meeplendice.net\/?page_id=10151"},"modified":"2022-07-25T11:13:53","modified_gmt":"2022-07-25T10:13:53","slug":"mon-royaume-pour-un-conte","status":"publish","type":"page","link":"https:\/\/meeplendice.net\/?page_id=10151","title":{"rendered":"Mon Royaume pour un Conte"},"content":{"rendered":"<div id=\"pl-10151\"  class=\"panel-layout\" ><div id=\"pg-10151-0\"  class=\"panel-grid panel-no-style\" ><div id=\"pgc-10151-0-0\"  class=\"panel-grid-cell\" ><div id=\"panel-10151-0-0-0\" class=\"so-panel widget widget_sow-editor panel-first-child panel-last-child\" data-index=\"0\" ><div\n\t\t\t\n\t\t\tclass=\"so-widget-sow-editor so-widget-sow-editor-base\"\n\t\t\t\n\t\t>\n<div class=\"siteorigin-widget-tinymce textwidget\">\n\t<p style=\"text-align: center;\"><strong>Nombre de joueurs :<\/strong><br \/>\n2 - 4<\/p>\n<\/div>\n<\/div><\/div><\/div><div id=\"pgc-10151-0-1\"  class=\"panel-grid-cell\" ><div id=\"panel-10151-0-1-0\" class=\"so-panel widget widget_sow-editor panel-first-child panel-last-child\" data-index=\"1\" ><div\n\t\t\t\n\t\t\tclass=\"so-widget-sow-editor so-widget-sow-editor-base\"\n\t\t\t\n\t\t>\n<div class=\"siteorigin-widget-tinymce textwidget\">\n\t<p style=\"text-align: center;\"><strong>Dur\u00e9e moyenne :<\/strong><br \/>\n30 min<\/p>\n<\/div>\n<\/div><\/div><\/div><div id=\"pgc-10151-0-2\"  class=\"panel-grid-cell\" ><div id=\"panel-10151-0-2-0\" class=\"so-panel widget widget_sow-editor panel-first-child panel-last-child\" data-index=\"2\" ><div\n\t\t\t\n\t\t\tclass=\"so-widget-sow-editor so-widget-sow-editor-base\"\n\t\t\t\n\t\t>\n<div class=\"siteorigin-widget-tinymce textwidget\">\n\t<p style=\"text-align: center;\"><strong>Age :<\/strong><br \/>\n7 ans et plus<\/p>\n<\/div>\n<\/div><\/div><\/div><\/div><div id=\"pg-10151-1\"  class=\"panel-grid panel-no-style\" ><div id=\"pgc-10151-1-0\"  class=\"panel-grid-cell\" ><div id=\"panel-10151-1-0-0\" class=\"so-panel widget widget_sow-editor panel-first-child panel-last-child\" data-index=\"3\" ><div\n\t\t\t\n\t\t\tclass=\"so-widget-sow-editor so-widget-sow-editor-base\"\n\t\t\t\n\t\t>\n<div class=\"siteorigin-widget-tinymce textwidget\">\n\t<p style=\"text-align: center;\"><strong>Auteur(s) :<br \/>\n<\/strong><span class=\"data-siloing\" title=\"D\u00e9couvrez tous ces jeux\" data-siloing=\"https:\/\/www.philibertnet.com\/fr\/recherche?feature=31&amp;feature_value=J\u00e9r\u00e9mie Caplanne\">J\u00e9r\u00e9mie Caplanne<br \/>\n<\/span><span class=\"data-siloing\" title=\"Voir tous les jeux\" data-siloing=\"https:\/\/www.philibertnet.com\/fr\/recherche?feature=31&amp;feature_value=Lionel Borg\">Lionel Borg<\/span><\/p>\n<\/div>\n<\/div><\/div><\/div><div id=\"pgc-10151-1-1\"  class=\"panel-grid-cell\" ><div id=\"panel-10151-1-1-0\" class=\"so-panel widget widget_sow-editor panel-first-child panel-last-child\" data-index=\"4\" ><div\n\t\t\t\n\t\t\tclass=\"so-widget-sow-editor so-widget-sow-editor-base\"\n\t\t\t\n\t\t>\n<div class=\"siteorigin-widget-tinymce textwidget\">\n\t<p style=\"text-align: center;\"><strong>Illustrations :<\/strong><br \/>\n<span class=\"data-siloing\" title=\"D\u00e9couvrez tous ces jeux\" data-siloing=\"https:\/\/www.philibertnet.com\/fr\/recherche?feature=41&amp;feature_value=Guillaume Tavernier\">Guillaume Tavernier<br \/>\n<\/span><span class=\"data-siloing\" title=\"Voir tous les jeux\" data-siloing=\"https:\/\/www.philibertnet.com\/fr\/recherche?feature=41&amp;feature_value=David Cochard\">David Cochard<\/span><\/p>\n<\/div>\n<\/div><\/div><\/div><div id=\"pgc-10151-1-2\"  class=\"panel-grid-cell\" ><div id=\"panel-10151-1-2-0\" class=\"so-panel widget widget_sow-editor panel-first-child panel-last-child\" data-index=\"5\" ><div\n\t\t\t\n\t\t\tclass=\"so-widget-sow-editor so-widget-sow-editor-base\"\n\t\t\t\n\t\t>\n<div class=\"siteorigin-widget-tinymce textwidget\">\n\t<p style=\"text-align: center;\"><strong>\u00c9dition :<\/strong><br \/>\n<span class=\"data-siloing\" data-siloing=\"\n\n                                                            https:\/\/www.philibertnet.com\/fr\/1873_sweet-games\n\n                            \">Sweet Games<br \/>\n2020<\/span><\/p>\n<\/div>\n<\/div><\/div><\/div><div id=\"pgc-10151-1-3\"  class=\"panel-grid-cell\" ><div id=\"panel-10151-1-3-0\" class=\"so-panel widget widget_sow-editor panel-first-child panel-last-child\" data-index=\"6\" ><div\n\t\t\t\n\t\t\tclass=\"so-widget-sow-editor so-widget-sow-editor-base\"\n\t\t\t\n\t\t>\n<div class=\"siteorigin-widget-tinymce textwidget\">\n\t<p style=\"text-align: center;\"><strong>Version :<\/strong><br \/>\nFran\u00e7aise<\/p>\n<\/div>\n<\/div><\/div><\/div><\/div><div id=\"pg-10151-2\"  class=\"panel-grid panel-no-style\" ><div id=\"pgc-10151-2-0\"  class=\"panel-grid-cell\" ><div id=\"panel-10151-2-0-0\" class=\"so-panel widget widget_sow-editor panel-first-child panel-last-child\" data-index=\"7\" ><div\n\t\t\t\n\t\t\tclass=\"so-widget-sow-editor so-widget-sow-editor-base\"\n\t\t\t\n\t\t>\n<div class=\"siteorigin-widget-tinymce textwidget\">\n\t<hr \/>\n<p><em>Il \u00e9tait une fois un bucheron, un tailleur de pierre, une jeune paysanne et une courageuse guerri\u00e8re.<br \/>\nChacun vivait paisiblement au pied du grand ch\u00e2teau, pr\u00e8s de la jolie princesse et du prince le plus beau. Mais un jour leur destin bascula quand l'aventure les emporta. <\/em><\/p>\n<p><em>Une belle histoire d'amour, un conte l\u00e9gendaire ? Une histoire de dragons ou de m\u00e9chantes sorci\u00e8res ?<br \/>\nC'est \u00e0 vous de d\u00e9cider car c'est vous qui choisissez.<\/em><\/p>\n<p>Jouez \u00e0 <em>Mon Royaume<\/em> avec vos enfants dans un l'univers merveilleux des contes.<br \/>\nVous devrez d'abord construire votre royaume en s\u00e9lectionnant les lieux qui le composent, les monstres qui le hantent et les h\u00e9ros qui l'habitent. Puis vous tenterez de reconstruire l\u2019intrigue qui s'y trame, parmi les 15 contes propos\u00e9s.<\/p>\n<p>C'est maintenant au barde du royaume de conter vos exploits, de ch\u00e2teau en ch\u00e2teau. C'est ainsi que les aventures de vos h\u00e9ros traverseront les \u00e2ges et deviendront peut-\u00eatre l\u00e9gendaires.<\/p>\n<p>Un moment rare de partage et de jeu pour toute la famille.<\/p>\n<\/div>\n<\/div><\/div><\/div><\/div><div id=\"pg-10151-3\"  class=\"panel-grid panel-no-style\" ><div id=\"pgc-10151-3-0\"  class=\"panel-grid-cell\" ><div id=\"panel-10151-3-0-0\" class=\"so-panel widget widget_sow-editor panel-first-child panel-last-child\" data-index=\"8\" ><div\n\t\t\t\n\t\t\tclass=\"so-widget-sow-editor so-widget-sow-editor-base\"\n\t\t\t\n\t\t>\n<div class=\"siteorigin-widget-tinymce textwidget\">\n\t<hr \/>\n<h3 style=\"text-align: center;\">En vid\u00e9o<\/h3>\n<\/div>\n<\/div><\/div><\/div><\/div><div id=\"pg-10151-4\"  class=\"panel-grid panel-no-style\" ><div id=\"pgc-10151-4-0\"  class=\"panel-grid-cell\" ><div id=\"panel-10151-4-0-0\" class=\"so-panel widget widget_sow-editor panel-first-child panel-last-child\" data-index=\"9\" ><div\n\t\t\t\n\t\t\tclass=\"so-widget-sow-editor so-widget-sow-editor-base\"\n\t\t\t\n\t\t>\n<div class=\"siteorigin-widget-tinymce textwidget\">\n\t<hr \/>\n<h3 style=\"text-align: center;\">Pour aller plus loin<\/h3>\n<\/div>\n<\/div><\/div><\/div><\/div><\/div>","protected":false},"excerpt":{"rendered":"<p>Nombre de joueurs : 2 &#8211; 4 Dur\u00e9e moyenne : 30 min Age : 7 ans et plus Auteur(s) : J\u00e9r\u00e9mie Caplanne Lionel Borg Illustrations : Guillaume Tavernier David Cochard \u00c9dition : Sweet Games 2020 Version : Fran\u00e7aise<\/p>\n","protected":false},"author":2,"featured_media":10152,"parent":0,"menu_order":0,"comment_status":"closed","ping_status":"closed","template":"","meta":{"footnotes":""},"class_list":["post-10151","page","type-page","status-publish","has-post-thumbnail","hentry"],"acf":[],"rttpg_featured_image_url":{"full":["https:\/\/meeplendice.net\/wp-content\/uploads\/2022\/07\/Monroyaume.png",350,350,false],"landscape":["https:\/\/meeplendice.net\/wp-content\/uploads\/2022\/07\/Monroyaume.png",350,350,false],"portraits":["https:\/\/meeplendice.net\/wp-content\/uploads\/2022\/07\/Monroyaume.png",350,350,false],"thumbnail":["https:\/\/meeplendice.net\/wp-content\/uploads\/2022\/07\/Monroyaume-150x150.png",150,150,true],"medium":["https:\/\/meeplendice.net\/wp-content\/uploads\/2022\/07\/Monroyaume-300x300.png",300,300,true],"large":["https:\/\/meeplendice.net\/wp-content\/uploads\/2022\/07\/Monroyaume.png",350,350,false],"ug_big":["https:\/\/meeplendice.net\/wp-content\/uploads\/2022\/07\/Monroyaume.png",350,350,false],"1536x1536":["https:\/\/meeplendice.net\/wp-content\/uploads\/2022\/07\/Monroyaume.png",350,350,false],"2048x2048":["https:\/\/meeplendice.net\/wp-content\/uploads\/2022\/07\/Monroyaume.png",350,350,false],"ashe-slider-grid-thumbnail":["https:\/\/meeplendice.net\/wp-content\/uploads\/2022\/07\/Monroyaume.png",350,350,false],"ashe-full-thumbnail":["https:\/\/meeplendice.net\/wp-content\/uploads\/2022\/07\/Monroyaume.png",350,350,false],"ashe-grid-thumbnail":["https:\/\/meeplendice.net\/wp-content\/uploads\/2022\/07\/Monroyaume-350x330.png",350,330,true],"ashe-list-thumbnail":["https:\/\/meeplendice.net\/wp-content\/uploads\/2022\/07\/Monroyaume-300x300.png",300,300,true],"ashe-single-navigation":["https:\/\/meeplendice.net\/wp-content\/uploads\/2022\/07\/Monroyaume-75x75.png",75,75,true],"mailpoet_newsletter_max":["https:\/\/meeplendice.net\/wp-content\/uploads\/2022\/07\/Monroyaume.png",350,350,false],"rpwe-thumbnail":["https:\/\/meeplendice.net\/wp-content\/uploads\/2022\/07\/Monroyaume-45x45.png",45,45,true],"sow-carousel-default":["https:\/\/meeplendice.net\/wp-content\/uploads\/2022\/07\/Monroyaume-272x182.png",272,182,true],"rt_custom":["https:\/\/meeplendice.net\/wp-content\/uploads\/2022\/07\/Monroyaume.png",350,350,false]},"rttpg_author":{"display_name":"Karnby","author_link":"https:\/\/meeplendice.net\/?author=2"},"rttpg_comment":0,"rttpg_category":null,"rttpg_excerpt":"Nombre de joueurs : 2 - 4 Dur\u00e9e moyenne : 30 min Age : 7 ans et plus Auteur(s) : J\u00e9r\u00e9mie Caplanne Lionel Borg Illustrations : Guillaume Tavernier David Cochard \u00c9dition : Sweet Games 2020 Version : Fran\u00e7aise","_links":{"self":[{"href":"https:\/\/meeplendice.net\/index.php?rest_route=\/wp\/v2\/pages\/10151","targetHints":{"allow":["GET"]}}],"collection":[{"href":"https:\/\/meeplendice.net\/index.php?rest_route=\/wp\/v2\/pages"}],"about":[{"href":"https:\/\/meeplendice.net\/index.php?rest_route=\/wp\/v2\/types\/page"}],"author":[{"embeddable":true,"href":"https:\/\/meeplendice.net\/index.php?rest_route=\/wp\/v2\/users\/2"}],"replies":[{"embeddable":true,"href":"https:\/\/meeplendice.net\/index.php?rest_route=%2Fwp%2Fv2%2Fcomments&post=10151"}],"version-history":[{"count":4,"href":"https:\/\/meeplendice.net\/index.php?rest_route=\/wp\/v2\/pages\/10151\/revisions"}],"predecessor-version":[{"id":10157,"href":"https:\/\/meeplendice.net\/index.php?rest_route=\/wp\/v2\/pages\/10151\/revisions\/10157"}],"wp:featuredmedia":[{"embeddable":true,"href":"https:\/\/meeplendice.net\/index.php?rest_route=\/wp\/v2\/media\/10152"}],"wp:attachment":[{"href":"https:\/\/meeplendice.net\/index.php?rest_route=%2Fwp%2Fv2%2Fmedia&parent=10151"}],"curies":[{"name":"wp","href":"https:\/\/api.w.org\/{rel}","templated":true}]}}