{"id":10163,"date":"2022-07-25T11:46:02","date_gmt":"2022-07-25T10:46:02","guid":{"rendered":"https:\/\/meeplendice.net\/?page_id=10163"},"modified":"2022-07-25T12:22:19","modified_gmt":"2022-07-25T11:22:19","slug":"jardins-dorient","status":"publish","type":"page","link":"https:\/\/meeplendice.net\/?page_id=10163","title":{"rendered":"Jardins d&rsquo;Orient"},"content":{"rendered":"<div id=\"pl-10163\"  class=\"panel-layout\" ><div id=\"pg-10163-0\"  class=\"panel-grid panel-no-style\" ><div id=\"pgc-10163-0-0\"  class=\"panel-grid-cell\" ><div id=\"panel-10163-0-0-0\" class=\"so-panel widget widget_sow-editor panel-first-child panel-last-child\" data-index=\"0\" ><div\n\t\t\t\n\t\t\tclass=\"so-widget-sow-editor so-widget-sow-editor-base\"\n\t\t\t\n\t\t>\n<div class=\"siteorigin-widget-tinymce textwidget\">\n\t<p style=\"text-align: center;\"><strong>Nombre de joueurs :<\/strong><br \/>\n2 - 4<\/p>\n<\/div>\n<\/div><\/div><\/div><div id=\"pgc-10163-0-1\"  class=\"panel-grid-cell\" ><div id=\"panel-10163-0-1-0\" class=\"so-panel widget widget_sow-editor panel-first-child panel-last-child\" data-index=\"1\" ><div\n\t\t\t\n\t\t\tclass=\"so-widget-sow-editor so-widget-sow-editor-base\"\n\t\t\t\n\t\t>\n<div class=\"siteorigin-widget-tinymce textwidget\">\n\t<p style=\"text-align: center;\"><strong>Dur\u00e9e moyenne :<\/strong><br \/>\n45 min<\/p>\n<\/div>\n<\/div><\/div><\/div><div id=\"pgc-10163-0-2\"  class=\"panel-grid-cell\" ><div id=\"panel-10163-0-2-0\" class=\"so-panel widget widget_sow-editor panel-first-child panel-last-child\" data-index=\"2\" ><div\n\t\t\t\n\t\t\tclass=\"so-widget-sow-editor so-widget-sow-editor-base\"\n\t\t\t\n\t\t>\n<div class=\"siteorigin-widget-tinymce textwidget\">\n\t<p style=\"text-align: center;\"><strong>Age :<\/strong><br \/>\n10 ans et plus<\/p>\n<\/div>\n<\/div><\/div><\/div><\/div><div id=\"pg-10163-1\"  class=\"panel-grid panel-no-style\" ><div id=\"pgc-10163-1-0\"  class=\"panel-grid-cell\" ><div id=\"panel-10163-1-0-0\" class=\"so-panel widget widget_sow-editor panel-first-child panel-last-child\" data-index=\"3\" ><div\n\t\t\t\n\t\t\tclass=\"so-widget-sow-editor so-widget-sow-editor-base\"\n\t\t\t\n\t\t>\n<div class=\"siteorigin-widget-tinymce textwidget\">\n\t<p style=\"text-align: center;\"><strong>Auteur(s) :<br \/>\n<\/strong><span class=\"data-siloing\" title=\"D\u00e9couvrez tous ces jeux\" data-siloing=\"https:\/\/www.philibertnet.com\/fr\/recherche?feature=31&amp;feature_value=Martin Dolezal\">Martin Dolezal<\/span><\/p>\n<\/div>\n<\/div><\/div><\/div><div id=\"pgc-10163-1-1\"  class=\"panel-grid-cell\" ><div id=\"panel-10163-1-1-0\" class=\"so-panel widget widget_sow-editor panel-first-child panel-last-child\" data-index=\"4\" ><div\n\t\t\t\n\t\t\tclass=\"so-widget-sow-editor so-widget-sow-editor-base\"\n\t\t\t\n\t\t>\n<div class=\"siteorigin-widget-tinymce textwidget\">\n\t<p style=\"text-align: center;\"><strong>Illustrations :<br \/>\n<\/strong><span class=\"data-siloing\" title=\"D\u00e9couvrez tous ces jeux\" data-siloing=\"https:\/\/www.philibertnet.com\/fr\/recherche?feature=41&amp;feature_value=Rachance\">Rachance<\/span><\/p>\n<\/div>\n<\/div><\/div><\/div><div id=\"pgc-10163-1-2\"  class=\"panel-grid-cell\" ><div id=\"panel-10163-1-2-0\" class=\"so-panel widget widget_sow-editor panel-first-child panel-last-child\" data-index=\"5\" ><div\n\t\t\t\n\t\t\tclass=\"so-widget-sow-editor so-widget-sow-editor-base\"\n\t\t\t\n\t\t>\n<div class=\"siteorigin-widget-tinymce textwidget\">\n\t<p style=\"text-align: center;\"><strong>\u00c9dition :<\/strong><br \/>\nGigamic<br \/>\n2020<\/p>\n<\/div>\n<\/div><\/div><\/div><div id=\"pgc-10163-1-3\"  class=\"panel-grid-cell\" ><div id=\"panel-10163-1-3-0\" class=\"so-panel widget widget_sow-editor panel-first-child panel-last-child\" data-index=\"6\" ><div\n\t\t\t\n\t\t\tclass=\"so-widget-sow-editor so-widget-sow-editor-base\"\n\t\t\t\n\t\t>\n<div class=\"siteorigin-widget-tinymce textwidget\">\n\t<p style=\"text-align: center;\"><strong>Version :<\/strong><br \/>\nFran\u00e7aise<\/p>\n<\/div>\n<\/div><\/div><\/div><\/div><div id=\"pg-10163-2\"  class=\"panel-grid panel-no-style\" ><div id=\"pgc-10163-2-0\"  class=\"panel-grid-cell\" ><div id=\"panel-10163-2-0-0\" class=\"so-panel widget widget_sow-editor panel-first-child panel-last-child\" data-index=\"7\" ><div\n\t\t\t\n\t\t\tclass=\"so-widget-sow-editor so-widget-sow-editor-base\"\n\t\t\t\n\t\t>\n<div class=\"siteorigin-widget-tinymce textwidget\">\n\t<hr \/>\n<p><em>Il y a fort longtemps, au c\u0153ur d'une lointaine contr\u00e9e orientale, une reine et son peuple \u00e9rig\u00e8rent une somptueuse pagode pour adorer leurs divinit\u00e9s. L'\u00e9difice abritait les 4 dieux tut\u00e9laires du royaume et dominait toute la r\u00e9gion.<br \/>\nUn jour la reine sentit sa fin approcher. Elle convoqua son peuple pour pr\u00e9parer sa succession : la couronne irait \u00e0 qui pourrait construire le plus beau des jardins autour de la pagode.<br \/>\nLes dieux eux-m\u00eames seraient juges des travaux du peuple de la reine.<\/em><\/p>\n<p>Construisez le plus beau jardin ! Faites pivoter les pagode pour acqu\u00e9rir les ressources n\u00e9cessaires \u00e0 la construction de superbes panoramas, tout en surveillant les actions de vos adversaires...<\/p>\n<p>Dans <em>Jardins d\u2019Orient<\/em>, vous devez accumuler le plus de points possible en compl\u00e9tant des cartes Paysage pour en faire des s\u00e9ries. Une s\u00e9rie termin\u00e9e est appel\u00e9e un panorama et repr\u00e9sente votre minutieux travail de paysagiste.<\/p>\n<p>\u00c0 la fin de la partie, vous marquerez des points pour la bienveillance de chacun des 4 dieux (repr\u00e9sent\u00e9e par votre position sur chacune des 4 pistes de score) et pour les tuiles Bonus que vous avez r\u00e9cup\u00e9r\u00e9es en r\u00e9compense de vos s\u00e9ries termin\u00e9es.<\/p>\n<p>Pour acqu\u00e9rir la bienveillance des dieux, vous devez compl\u00e9ter des cartes Paysage. C\u2019est en pla\u00e7ant des cartes Fondations autour de la pagode que vous y parviendrez, et surtout en r\u00e9cup\u00e9rant les ressources que ces cartes n\u00e9cessitent.<\/p>\n<\/div>\n<\/div><\/div><\/div><\/div><div id=\"pg-10163-3\"  class=\"panel-grid panel-no-style\" ><div id=\"pgc-10163-3-0\"  class=\"panel-grid-cell\" ><div id=\"panel-10163-3-0-0\" class=\"so-panel widget widget_sow-editor panel-first-child panel-last-child\" data-index=\"8\" ><div\n\t\t\t\n\t\t\tclass=\"so-widget-sow-editor so-widget-sow-editor-base\"\n\t\t\t\n\t\t>\n<div class=\"siteorigin-widget-tinymce textwidget\">\n\t<hr \/>\n<h3 style=\"text-align: center;\">En vid\u00e9o<\/h3>\n<p><a href=\"https:\/\/www.youtube.com\/watch?v=k2R7zEszdbk&amp;ab_channel=DeludiK\" target=\"_blank\" rel=\"noopener\"><img loading=\"lazy\" decoding=\"async\" class=\"alignnone size-full wp-image-9090\" src=\"https:\/\/meeplendice.net\/wp-content\/uploads\/2022\/01\/Link_CJ_v2.png\" alt=\"\" width=\"200\" height=\"170\" \/><\/a><\/p>\n<\/div>\n<\/div><\/div><\/div><\/div><div id=\"pg-10163-4\"  class=\"panel-grid panel-no-style\" ><div id=\"pgc-10163-4-0\"  class=\"panel-grid-cell\" ><div id=\"panel-10163-4-0-0\" class=\"so-panel widget widget_sow-editor panel-first-child panel-last-child\" data-index=\"9\" ><div\n\t\t\t\n\t\t\tclass=\"so-widget-sow-editor so-widget-sow-editor-base\"\n\t\t\t\n\t\t>\n<div class=\"siteorigin-widget-tinymce textwidget\">\n\t<hr \/>\n<h3 style=\"text-align: center;\">Pour aller plus loin<\/h3>\n<\/div>\n<\/div><\/div><\/div><\/div><\/div>","protected":false},"excerpt":{"rendered":"<p>Nombre de joueurs : 2 &#8211; 4 Dur\u00e9e moyenne : 45 min Age : 10 ans et plus Auteur(s) : Martin Dolezal Illustrations : Rachance \u00c9dition : Gigamic 2020 Version : Fran\u00e7aise<\/p>\n","protected":false},"author":2,"featured_media":10111,"parent":0,"menu_order":0,"comment_status":"closed","ping_status":"closed","template":"","meta":{"footnotes":""},"class_list":["post-10163","page","type-page","status-publish","has-post-thumbnail","hentry"],"acf":[],"rttpg_featured_image_url":{"full":["https:\/\/meeplendice.net\/wp-content\/uploads\/2022\/07\/Jardiens_Orient.png",350,350,false],"landscape":["https:\/\/meeplendice.net\/wp-content\/uploads\/2022\/07\/Jardiens_Orient.png",350,350,false],"portraits":["https:\/\/meeplendice.net\/wp-content\/uploads\/2022\/07\/Jardiens_Orient.png",350,350,false],"thumbnail":["https:\/\/meeplendice.net\/wp-content\/uploads\/2022\/07\/Jardiens_Orient-150x150.png",150,150,true],"medium":["https:\/\/meeplendice.net\/wp-content\/uploads\/2022\/07\/Jardiens_Orient-300x300.png",300,300,true],"large":["https:\/\/meeplendice.net\/wp-content\/uploads\/2022\/07\/Jardiens_Orient.png",350,350,false],"ug_big":["https:\/\/meeplendice.net\/wp-content\/uploads\/2022\/07\/Jardiens_Orient.png",350,350,false],"1536x1536":["https:\/\/meeplendice.net\/wp-content\/uploads\/2022\/07\/Jardiens_Orient.png",350,350,false],"2048x2048":["https:\/\/meeplendice.net\/wp-content\/uploads\/2022\/07\/Jardiens_Orient.png",350,350,false],"ashe-slider-grid-thumbnail":["https:\/\/meeplendice.net\/wp-content\/uploads\/2022\/07\/Jardiens_Orient.png",350,350,false],"ashe-full-thumbnail":["https:\/\/meeplendice.net\/wp-content\/uploads\/2022\/07\/Jardiens_Orient.png",350,350,false],"ashe-grid-thumbnail":["https:\/\/meeplendice.net\/wp-content\/uploads\/2022\/07\/Jardiens_Orient-350x330.png",350,330,true],"ashe-list-thumbnail":["https:\/\/meeplendice.net\/wp-content\/uploads\/2022\/07\/Jardiens_Orient-300x300.png",300,300,true],"ashe-single-navigation":["https:\/\/meeplendice.net\/wp-content\/uploads\/2022\/07\/Jardiens_Orient-75x75.png",75,75,true],"mailpoet_newsletter_max":["https:\/\/meeplendice.net\/wp-content\/uploads\/2022\/07\/Jardiens_Orient.png",350,350,false],"rpwe-thumbnail":["https:\/\/meeplendice.net\/wp-content\/uploads\/2022\/07\/Jardiens_Orient-45x45.png",45,45,true],"sow-carousel-default":["https:\/\/meeplendice.net\/wp-content\/uploads\/2022\/07\/Jardiens_Orient-272x182.png",272,182,true],"rt_custom":["https:\/\/meeplendice.net\/wp-content\/uploads\/2022\/07\/Jardiens_Orient.png",350,350,false]},"rttpg_author":{"display_name":"Karnby","author_link":"https:\/\/meeplendice.net\/?author=2"},"rttpg_comment":0,"rttpg_category":null,"rttpg_excerpt":"Nombre de joueurs : 2 - 4 Dur\u00e9e moyenne : 45 min Age : 10 ans et plus Auteur(s) : Martin Dolezal Illustrations : Rachance \u00c9dition : Gigamic 2020 Version : Fran\u00e7aise","_links":{"self":[{"href":"https:\/\/meeplendice.net\/index.php?rest_route=\/wp\/v2\/pages\/10163","targetHints":{"allow":["GET"]}}],"collection":[{"href":"https:\/\/meeplendice.net\/index.php?rest_route=\/wp\/v2\/pages"}],"about":[{"href":"https:\/\/meeplendice.net\/index.php?rest_route=\/wp\/v2\/types\/page"}],"author":[{"embeddable":true,"href":"https:\/\/meeplendice.net\/index.php?rest_route=\/wp\/v2\/users\/2"}],"replies":[{"embeddable":true,"href":"https:\/\/meeplendice.net\/index.php?rest_route=%2Fwp%2Fv2%2Fcomments&post=10163"}],"version-history":[{"count":7,"href":"https:\/\/meeplendice.net\/index.php?rest_route=\/wp\/v2\/pages\/10163\/revisions"}],"predecessor-version":[{"id":10166,"href":"https:\/\/meeplendice.net\/index.php?rest_route=\/wp\/v2\/pages\/10163\/revisions\/10166"}],"wp:featuredmedia":[{"embeddable":true,"href":"https:\/\/meeplendice.net\/index.php?rest_route=\/wp\/v2\/media\/10111"}],"wp:attachment":[{"href":"https:\/\/meeplendice.net\/index.php?rest_route=%2Fwp%2Fv2%2Fmedia&parent=10163"}],"curies":[{"name":"wp","href":"https:\/\/api.w.org\/{rel}","templated":true}]}}