{"id":10198,"date":"2022-07-29T14:44:56","date_gmt":"2022-07-29T13:44:56","guid":{"rendered":"https:\/\/meeplendice.net\/?page_id=10198"},"modified":"2023-06-04T22:52:09","modified_gmt":"2023-06-04T21:52:09","slug":"war-for-chicken-island","status":"publish","type":"page","link":"https:\/\/meeplendice.net\/?page_id=10198","title":{"rendered":"War for Chicken Island"},"content":{"rendered":"<div id=\"pl-10198\"  class=\"panel-layout\" ><div id=\"pg-10198-0\"  class=\"panel-grid panel-no-style\" ><div id=\"pgc-10198-0-0\"  class=\"panel-grid-cell\" ><div id=\"panel-10198-0-0-0\" class=\"so-panel widget widget_sow-editor panel-first-child panel-last-child\" data-index=\"0\" ><div\n\t\t\t\n\t\t\tclass=\"so-widget-sow-editor so-widget-sow-editor-base\"\n\t\t\t\n\t\t>\n<div class=\"siteorigin-widget-tinymce textwidget\">\n\t<p style=\"text-align: center;\"><strong>Nombre de joueurs :<\/strong><br \/>\n1 - 4 (5 avec extension)<\/p>\n<\/div>\n<\/div><\/div><\/div><div id=\"pgc-10198-0-1\"  class=\"panel-grid-cell\" ><div id=\"panel-10198-0-1-0\" class=\"so-panel widget widget_sow-editor panel-first-child panel-last-child\" data-index=\"1\" ><div\n\t\t\t\n\t\t\tclass=\"so-widget-sow-editor so-widget-sow-editor-base\"\n\t\t\t\n\t\t>\n<div class=\"siteorigin-widget-tinymce textwidget\">\n\t<p style=\"text-align: center;\"><strong>Dur\u00e9e moyenne :<\/strong><br \/>\n120 min<\/p>\n<\/div>\n<\/div><\/div><\/div><div id=\"pgc-10198-0-2\"  class=\"panel-grid-cell\" ><div id=\"panel-10198-0-2-0\" class=\"so-panel widget widget_sow-editor panel-first-child panel-last-child\" data-index=\"2\" ><div\n\t\t\t\n\t\t\tclass=\"so-widget-sow-editor so-widget-sow-editor-base\"\n\t\t\t\n\t\t>\n<div class=\"siteorigin-widget-tinymce textwidget\">\n\t<p style=\"text-align: center;\"><strong>Age :<\/strong><br \/>\n14 ans et plus<\/p>\n<\/div>\n<\/div><\/div><\/div><\/div><div id=\"pg-10198-1\"  class=\"panel-grid panel-no-style\" ><div id=\"pgc-10198-1-0\"  class=\"panel-grid-cell\" ><div id=\"panel-10198-1-0-0\" class=\"so-panel widget widget_sow-editor panel-first-child panel-last-child\" data-index=\"3\" ><div\n\t\t\t\n\t\t\tclass=\"so-widget-sow-editor so-widget-sow-editor-base\"\n\t\t\t\n\t\t>\n<div class=\"siteorigin-widget-tinymce textwidget\">\n\t<p style=\"text-align: center;\"><strong>Auteur(s) :<br \/>\n<\/strong><span class=\"data-siloing\" title=\"D\u00e9couvrez tous ces jeux\" data-siloing=\"https:\/\/www.philibertnet.com\/fr\/recherche?feature=31&amp;feature_value=Ivan Escalante\">Ivan Escalante<\/span><\/p>\n<\/div>\n<\/div><\/div><\/div><div id=\"pgc-10198-1-1\"  class=\"panel-grid-cell\" ><div id=\"panel-10198-1-1-0\" class=\"so-panel widget widget_sow-editor panel-first-child panel-last-child\" data-index=\"4\" ><div\n\t\t\t\n\t\t\tclass=\"so-widget-sow-editor so-widget-sow-editor-base\"\n\t\t\t\n\t\t>\n<div class=\"siteorigin-widget-tinymce textwidget\">\n\t<p style=\"text-align: center;\"><strong>Illustrations :<br \/>\n<\/strong><span class=\"data-siloing\" title=\"D\u00e9couvrez tous ces jeux\" data-siloing=\"https:\/\/www.philibertnet.com\/fr\/recherche?feature=31&amp;feature_value=Ivan Escalante\">Ivan Escalante (Gnomosapiens)<br \/>\n<\/span><\/p>\n<\/div>\n<\/div><\/div><\/div><div id=\"pgc-10198-1-2\"  class=\"panel-grid-cell\" ><div id=\"panel-10198-1-2-0\" class=\"so-panel widget widget_sow-editor panel-first-child panel-last-child\" data-index=\"5\" ><div\n\t\t\t\n\t\t\tclass=\"so-widget-sow-editor so-widget-sow-editor-base\"\n\t\t\t\n\t\t>\n<div class=\"siteorigin-widget-tinymce textwidget\">\n\t<p style=\"text-align: center;\"><strong>\u00c9dition :<\/strong><br \/>\n<span class=\"data-siloing\" data-siloing=\"\n\n                                                            https:\/\/www.philibertnet.com\/fr\/2326_legion-distribution\n\n                            \">L\u00e9gion Distribution<br \/>\n2019<\/span><\/p>\n<\/div>\n<\/div><\/div><\/div><div id=\"pgc-10198-1-3\"  class=\"panel-grid-cell\" ><div id=\"panel-10198-1-3-0\" class=\"so-panel widget widget_sow-editor panel-first-child panel-last-child\" data-index=\"6\" ><div\n\t\t\t\n\t\t\tclass=\"so-widget-sow-editor so-widget-sow-editor-base\"\n\t\t\t\n\t\t>\n<div class=\"siteorigin-widget-tinymce textwidget\">\n\t<p style=\"text-align: center;\"><strong>Version :<\/strong><br \/>\nFran\u00e7aise<\/p>\n<\/div>\n<\/div><\/div><\/div><\/div><div id=\"pg-10198-2\"  class=\"panel-grid panel-no-style\" ><div id=\"pgc-10198-2-0\"  class=\"panel-grid-cell\" ><div id=\"panel-10198-2-0-0\" class=\"so-panel widget widget_sow-editor panel-first-child panel-last-child\" data-index=\"7\" ><div\n\t\t\t\n\t\t\tclass=\"so-widget-sow-editor so-widget-sow-editor-base\"\n\t\t\t\n\t\t>\n<div class=\"siteorigin-widget-tinymce textwidget\">\n\t<hr \/>\n<p><em>De nombreuses histoires courent sur une \u00eele o\u00f9 les Humains n'osent pas s'aventurer, une \u00eele qui abrite les cr\u00e9atures les plus impitoyables n'ayant jamais exist\u00e9, une \u00eele o\u00f9 se d\u00e9roule une guerre incessante.<br \/>\nCette \u00eele, c'est... Chicken Island<\/em><em>.<\/em><\/p>\n<p><em>War for Chicken Island<\/em> est un jeu de soci\u00e9t\u00e9 et d'escarmouche sans \u00e9limination de joueur.<br \/>\nSur cette petit \u00eele, chaque joueur contr\u00f4le une arm\u00e9e de poulets et de machines dirig\u00e9e par des Leaders uniques qui essayent d'humilier les chefs adverses pour devenir le Roi ou la Reine de Chicken Island.<br \/>\nLancez vos d\u00e9s, rassemblez des ressources et des cartes pour le combat, construisez des machines de mort que vos poulets peuvent piloter et affrontez-vous dans des combats dont tous les joueurs peuvent d\u00e9cider de l'issue.<\/p>\n<p>Vous devrez concevoir des strat\u00e9gies amusantes pour vaincre en premier les leaders ennemis !<\/p>\n<\/div>\n<\/div><\/div><\/div><\/div><div id=\"pg-10198-3\"  class=\"panel-grid panel-no-style\" ><div id=\"pgc-10198-3-0\"  class=\"panel-grid-cell\" ><div id=\"panel-10198-3-0-0\" class=\"so-panel widget widget_sow-editor panel-first-child panel-last-child\" data-index=\"8\" ><div\n\t\t\t\n\t\t\tclass=\"so-widget-sow-editor so-widget-sow-editor-base\"\n\t\t\t\n\t\t>\n<div class=\"siteorigin-widget-tinymce textwidget\">\n\t<hr \/>\n<h3 style=\"text-align: center;\">En vid\u00e9o<\/h3>\n<\/div>\n<\/div><\/div><\/div><\/div><div id=\"pg-10198-4\"  class=\"panel-grid panel-no-style\" ><div id=\"pgc-10198-4-0\"  class=\"panel-grid-cell\" ><div id=\"panel-10198-4-0-0\" class=\"so-panel widget widget_sow-editor panel-first-child panel-last-child\" data-index=\"9\" ><div\n\t\t\t\n\t\t\tclass=\"so-widget-sow-editor so-widget-sow-editor-base\"\n\t\t\t\n\t\t>\n<div class=\"siteorigin-widget-tinymce textwidget\">\n\t<hr \/>\n<h3 style=\"text-align: center;\">Extension(s)<\/h3>\n<style type='text\/css' media='all'>#rt-tpg-container-2857894686 .read-more a{border-radius:px;}#rt-tpg-container-2857894686 .rt-img-holder img.rt-img-responsive,#rt-tpg-container-2857894686 .rt-img-holder,\n\t\t\t\t\t#rt-tpg-container-2857894686 .rt-post-overlay .post-img,\n\t\t\t\t\t#rt-tpg-container-2857894686 .post-sm .post-img,\n\t\t\t\t\t#rt-tpg-container-2857894686 .rt-post-grid .post-img,\n\t\t\t\t\t#rt-tpg-container-2857894686 .post-img img {border-radius:px;}#rt-tpg-container-2857894686 .layout9 .rt-holder h2.entry-title,\n\t\t\t\t\t#rt-tpg-container-2857894686 .layout9 .rt-holder h3.entry-title,\n\t\t\t\t\t#rt-tpg-container-2857894686 .layout9 .rt-holder h4.entry-title,\n\t\t\t\t\t#rt-tpg-container-2857894686 .layout9 .rt-holder h2.entry-title a,\n\t\t\t\t\t#rt-tpg-container-2857894686 .layout9 .rt-holder h3.entry-title a,\n\t\t\t\t\t#rt-tpg-container-2857894686 .layout9 .rt-holder h4.entry-title a,\n\t\t\t\t\t#rt-tpg-container-2857894686 .rt-holder .rt-woo-info h2 a,\n\t\t\t\t\t#rt-tpg-container-2857894686 .rt-holder .rt-woo-info h3 a,\n\t\t\t\t\t#rt-tpg-container-2857894686 .rt-holder .rt-woo-info h4 a,\n\t\t\t\t\t#rt-tpg-container-2857894686 .post-content .post-title,\n\t\t\t\t\t#rt-tpg-container-2857894686 .rt-post-grid .post-title,\n\t\t\t\t\t#rt-tpg-container-2857894686 .rt-post-grid .post-title a,\n\t\t\t\t\t#rt-tpg-container-2857894686 .post-content .post-title a,\n\t\t\t\t\t#rt-tpg-container-2857894686 .rt-holder .rt-woo-info h2,\n\t\t\t\t\t#rt-tpg-container-2857894686 .rt-holder .rt-woo-info h3,\n\t\t\t\t\t#rt-tpg-container-2857894686 .rt-holder .rt-woo-info h4{font-size:16px;line-height:26px;font-weight:normal;text-align:center;}#rt-tpg-container-2857894686 .post-grid-lg-style-1 .post-title,\n\t\t\t\t\t\t#rt-tpg-container-2857894686 .post-grid-lg-style-1 .post-title a,\n\t\t\t\t\t\t#rt-tpg-container-2857894686 .big-layout .post-title,\n\t\t\t\t\t\t#rt-tpg-container-2857894686 .big-layout .post-title a,\n\t\t\t\t\t\t#rt-tpg-container-2857894686 .post-grid-lg-style-1 .post-title,\n\t\t\t\t\t\t#rt-tpg-container-2857894686 .post-grid-lg-style-1 .post-title a {font-size:24px;line-height:34px;}<\/style><div class='rt-container-fluid rt-tpg-container tpg-shortcode-main-wrapper ' id='rt-tpg-container-2857894686'   data-layout='layout9' data-grid-style='masonry' data-desktop-col='3'  data-tab-col='2'  data-mobile-col='1' data-sc-id='10205'><div data-title='Loading ...' class='rt-row rt-content-loader   layout9 tpg-masonry '><div class=\"rt-col-md-4 rt-col-sm-6 rt-col-xs-12 masonry-grid-item rt-grid-item img_zoom_in\" data-id=\"10206\"><div class=\"rt-holder\"><div class='overlay'><a data-id='10206' class=' tpg-single-popup' href='https:\/\/meeplendice.net\/?page_id=10206'><img loading=\"lazy\" decoding=\"async\" width=\"350\" height=\"350\" src=\"https:\/\/meeplendice.net\/wp-content\/uploads\/2022\/07\/Wfci_PackKS.png\" class=\"rt-img-responsive \" alt=\"\" \/><\/a><\/div><div class='post-info'><h3 class=\"entry-title\"><a data-id=\"10206\" class=\" tpg-single-popup\" href=\"https:\/\/meeplendice.net\/?page_id=10206\">Kickstarter box<\/a><\/h3><div class='post-meta-user '><\/div><\/div><\/div><\/div><div class=\"rt-col-md-4 rt-col-sm-6 rt-col-xs-12 masonry-grid-item rt-grid-item img_zoom_in\" data-id=\"10208\"><div class=\"rt-holder\"><div class='overlay'><a data-id='10208' class=' tpg-single-popup' href='https:\/\/meeplendice.net\/?page_id=10208'><img loading=\"lazy\" decoding=\"async\" width=\"350\" height=\"350\" src=\"https:\/\/meeplendice.net\/wp-content\/uploads\/2022\/07\/Wfci_Clucktulhu.png\" class=\"rt-img-responsive \" alt=\"\" \/><\/a><\/div><div class='post-info'><h3 class=\"entry-title\"><a data-id=\"10208\" class=\" tpg-single-popup\" href=\"https:\/\/meeplendice.net\/?page_id=10208\">Clucktulhu<\/a><\/h3><div class='post-meta-user '><\/div><\/div><\/div><\/div><div class=\"rt-col-md-4 rt-col-sm-6 rt-col-xs-12 masonry-grid-item rt-grid-item img_zoom_in\" data-id=\"10211\"><div class=\"rt-holder\"><div class='overlay'><a data-id='10211' class=' tpg-single-popup' href='https:\/\/meeplendice.net\/?page_id=10211'><img loading=\"lazy\" decoding=\"async\" width=\"350\" height=\"350\" src=\"https:\/\/meeplendice.net\/wp-content\/uploads\/2022\/07\/Wfci_Yolk-Sothoth.png\" class=\"rt-img-responsive \" alt=\"\" \/><\/a><\/div><div class='post-info'><h3 class=\"entry-title\"><a data-id=\"10211\" class=\" tpg-single-popup\" href=\"https:\/\/meeplendice.net\/?page_id=10211\">Yolk-sothoth<\/a><\/h3><div class='post-meta-user '><\/div><\/div><\/div><\/div><\/div><div class='rt-pagination-wrap' data-total-pages='3' data-posts-per-page='3' data-type='pagination_ajax'  ><div class='rt-page-numbers'><\/div><\/div><\/div>\n<\/div>\n<\/div><\/div><\/div><\/div><div id=\"pg-10198-5\"  class=\"panel-grid panel-no-style\" ><div id=\"pgc-10198-5-0\"  class=\"panel-grid-cell\" ><div id=\"panel-10198-5-0-0\" class=\"so-panel widget widget_sow-editor panel-first-child panel-last-child\" data-index=\"10\" ><div\n\t\t\t\n\t\t\tclass=\"so-widget-sow-editor so-widget-sow-editor-base\"\n\t\t\t\n\t\t>\n<div class=\"siteorigin-widget-tinymce textwidget\">\n\t<hr \/>\n<h3 style=\"text-align: center;\">Pour aller plus loin<\/h3>\n<\/div>\n<\/div><\/div><\/div><\/div><\/div>","protected":false},"excerpt":{"rendered":"<p>Nombre de joueurs : 1 &#8211; 4 (5 avec extension) Dur\u00e9e moyenne : 120 min Age : 14 ans et plus Auteur(s) : Ivan Escalante Illustrations : Ivan Escalante (Gnomosapiens) \u00c9dition : L\u00e9gion Distribution 2019 Version : Fran\u00e7aise<\/p>\n","protected":false},"author":2,"featured_media":10115,"parent":0,"menu_order":0,"comment_status":"closed","ping_status":"closed","template":"","meta":{"footnotes":""},"class_list":["post-10198","page","type-page","status-publish","has-post-thumbnail","hentry"],"acf":[],"rttpg_featured_image_url":{"full":["https:\/\/meeplendice.net\/wp-content\/uploads\/2022\/07\/Wfci.png",350,350,false],"landscape":["https:\/\/meeplendice.net\/wp-content\/uploads\/2022\/07\/Wfci.png",350,350,false],"portraits":["https:\/\/meeplendice.net\/wp-content\/uploads\/2022\/07\/Wfci.png",350,350,false],"thumbnail":["https:\/\/meeplendice.net\/wp-content\/uploads\/2022\/07\/Wfci-150x150.png",150,150,true],"medium":["https:\/\/meeplendice.net\/wp-content\/uploads\/2022\/07\/Wfci-300x300.png",300,300,true],"large":["https:\/\/meeplendice.net\/wp-content\/uploads\/2022\/07\/Wfci.png",350,350,false],"ug_big":["https:\/\/meeplendice.net\/wp-content\/uploads\/2022\/07\/Wfci.png",350,350,false],"1536x1536":["https:\/\/meeplendice.net\/wp-content\/uploads\/2022\/07\/Wfci.png",350,350,false],"2048x2048":["https:\/\/meeplendice.net\/wp-content\/uploads\/2022\/07\/Wfci.png",350,350,false],"ashe-slider-grid-thumbnail":["https:\/\/meeplendice.net\/wp-content\/uploads\/2022\/07\/Wfci.png",350,350,false],"ashe-full-thumbnail":["https:\/\/meeplendice.net\/wp-content\/uploads\/2022\/07\/Wfci.png",350,350,false],"ashe-grid-thumbnail":["https:\/\/meeplendice.net\/wp-content\/uploads\/2022\/07\/Wfci-350x330.png",350,330,true],"ashe-list-thumbnail":["https:\/\/meeplendice.net\/wp-content\/uploads\/2022\/07\/Wfci-300x300.png",300,300,true],"ashe-single-navigation":["https:\/\/meeplendice.net\/wp-content\/uploads\/2022\/07\/Wfci-75x75.png",75,75,true],"mailpoet_newsletter_max":["https:\/\/meeplendice.net\/wp-content\/uploads\/2022\/07\/Wfci.png",350,350,false],"rpwe-thumbnail":["https:\/\/meeplendice.net\/wp-content\/uploads\/2022\/07\/Wfci-45x45.png",45,45,true],"sow-carousel-default":["https:\/\/meeplendice.net\/wp-content\/uploads\/2022\/07\/Wfci-272x182.png",272,182,true],"rt_custom":["https:\/\/meeplendice.net\/wp-content\/uploads\/2022\/07\/Wfci.png",350,350,false]},"rttpg_author":{"display_name":"Karnby","author_link":"https:\/\/meeplendice.net\/?author=2"},"rttpg_comment":0,"rttpg_category":null,"rttpg_excerpt":"Nombre de joueurs : 1 - 4 (5 avec extension) Dur\u00e9e moyenne : 120 min Age : 14 ans et plus Auteur(s) : Ivan Escalante Illustrations : Ivan Escalante (Gnomosapiens) \u00c9dition : L\u00e9gion Distribution 2019 Version : Fran\u00e7aise","_links":{"self":[{"href":"https:\/\/meeplendice.net\/index.php?rest_route=\/wp\/v2\/pages\/10198","targetHints":{"allow":["GET"]}}],"collection":[{"href":"https:\/\/meeplendice.net\/index.php?rest_route=\/wp\/v2\/pages"}],"about":[{"href":"https:\/\/meeplendice.net\/index.php?rest_route=\/wp\/v2\/types\/page"}],"author":[{"embeddable":true,"href":"https:\/\/meeplendice.net\/index.php?rest_route=\/wp\/v2\/users\/2"}],"replies":[{"embeddable":true,"href":"https:\/\/meeplendice.net\/index.php?rest_route=%2Fwp%2Fv2%2Fcomments&post=10198"}],"version-history":[{"count":9,"href":"https:\/\/meeplendice.net\/index.php?rest_route=\/wp\/v2\/pages\/10198\/revisions"}],"predecessor-version":[{"id":10919,"href":"https:\/\/meeplendice.net\/index.php?rest_route=\/wp\/v2\/pages\/10198\/revisions\/10919"}],"wp:featuredmedia":[{"embeddable":true,"href":"https:\/\/meeplendice.net\/index.php?rest_route=\/wp\/v2\/media\/10115"}],"wp:attachment":[{"href":"https:\/\/meeplendice.net\/index.php?rest_route=%2Fwp%2Fv2%2Fmedia&parent=10198"}],"curies":[{"name":"wp","href":"https:\/\/api.w.org\/{rel}","templated":true}]}}