{"id":10219,"date":"2022-07-29T15:27:11","date_gmt":"2022-07-29T14:27:11","guid":{"rendered":"https:\/\/meeplendice.net\/?page_id=10219"},"modified":"2023-08-04T22:57:33","modified_gmt":"2023-08-04T21:57:33","slug":"wingspan-2","status":"publish","type":"page","link":"https:\/\/meeplendice.net\/?page_id=10219","title":{"rendered":"Wingspan"},"content":{"rendered":"<div id=\"pl-10219\"  class=\"panel-layout\" ><div id=\"pg-10219-0\"  class=\"panel-grid panel-no-style\" ><div id=\"pgc-10219-0-0\"  class=\"panel-grid-cell\" ><div id=\"panel-10219-0-0-0\" class=\"so-panel widget widget_sow-editor panel-first-child panel-last-child\" data-index=\"0\" ><div\n\t\t\t\n\t\t\tclass=\"so-widget-sow-editor so-widget-sow-editor-base\"\n\t\t\t\n\t\t>\n<div class=\"siteorigin-widget-tinymce textwidget\">\n\t<p style=\"text-align: center;\"><strong>Nombre de joueurs :<\/strong><br \/>\n1 - 5 (7 avec extension)<\/p>\n<\/div>\n<\/div><\/div><\/div><div id=\"pgc-10219-0-1\"  class=\"panel-grid-cell\" ><div id=\"panel-10219-0-1-0\" class=\"so-panel widget widget_sow-editor panel-first-child panel-last-child\" data-index=\"1\" ><div\n\t\t\t\n\t\t\tclass=\"so-widget-sow-editor so-widget-sow-editor-base\"\n\t\t\t\n\t\t>\n<div class=\"siteorigin-widget-tinymce textwidget\">\n\t<p style=\"text-align: center;\"><strong>Dur\u00e9e moyenne :<\/strong><br \/>\n60 min<\/p>\n<\/div>\n<\/div><\/div><\/div><div id=\"pgc-10219-0-2\"  class=\"panel-grid-cell\" ><div id=\"panel-10219-0-2-0\" class=\"so-panel widget widget_sow-editor panel-first-child panel-last-child\" data-index=\"2\" ><div\n\t\t\t\n\t\t\tclass=\"so-widget-sow-editor so-widget-sow-editor-base\"\n\t\t\t\n\t\t>\n<div class=\"siteorigin-widget-tinymce textwidget\">\n\t<p style=\"text-align: center;\"><strong>Age :<\/strong><br \/>\n10 ans et plus<\/p>\n<\/div>\n<\/div><\/div><\/div><\/div><div id=\"pg-10219-1\"  class=\"panel-grid panel-no-style\" ><div id=\"pgc-10219-1-0\"  class=\"panel-grid-cell\" ><div id=\"panel-10219-1-0-0\" class=\"so-panel widget widget_sow-editor panel-first-child panel-last-child\" data-index=\"3\" ><div\n\t\t\t\n\t\t\tclass=\"so-widget-sow-editor so-widget-sow-editor-base\"\n\t\t\t\n\t\t>\n<div class=\"siteorigin-widget-tinymce textwidget\">\n\t<p style=\"text-align: center;\"><strong>Auteur(s) :<\/strong><br \/>\n<span class=\"data-siloing\" title=\"D\u00e9couvrez tous ces jeux\" data-siloing=\"https:\/\/www.philibertnet.com\/fr\/recherche?feature=31&amp;feature_value=Elizabeth HARGRAVE\">Elizabeth Hargrave<\/span><strong><br \/>\n<\/strong><\/p>\n<\/div>\n<\/div><\/div><\/div><div id=\"pgc-10219-1-1\"  class=\"panel-grid-cell\" ><div id=\"panel-10219-1-1-0\" class=\"so-panel widget widget_sow-editor panel-first-child panel-last-child\" data-index=\"4\" ><div\n\t\t\t\n\t\t\tclass=\"so-widget-sow-editor so-widget-sow-editor-base\"\n\t\t\t\n\t\t>\n<div class=\"siteorigin-widget-tinymce textwidget\">\n\t<p style=\"text-align: center;\"><strong>Illustrations :<\/strong><br \/>\n<span class=\"data-siloing\" title=\"D\u00e9couvrez tous ces jeux\" data-siloing=\"https:\/\/www.philibertnet.com\/fr\/recherche?feature=41&amp;feature_value=Natalia ROJAS\">Natalia Rojas<br \/>\n<\/span><span class=\"data-siloing\" title=\"Voir tous les jeux\" data-siloing=\"https:\/\/www.philibertnet.com\/fr\/recherche?feature=41&amp;feature_value=Beth Sobel\">Beth Sobel<br \/>\n<\/span><span class=\"data-siloing\" title=\"Voir tous les jeux\" data-siloing=\"https:\/\/www.philibertnet.com\/fr\/recherche?feature=41&amp;feature_value=Ana Maria MARTINEZ JARAMILLO\">Ana Maria Martinez Jaramillo<\/span><\/p>\n<\/div>\n<\/div><\/div><\/div><div id=\"pgc-10219-1-2\"  class=\"panel-grid-cell\" ><div id=\"panel-10219-1-2-0\" class=\"so-panel widget widget_sow-editor panel-first-child panel-last-child\" data-index=\"5\" ><div\n\t\t\t\n\t\t\tclass=\"so-widget-sow-editor so-widget-sow-editor-base\"\n\t\t\t\n\t\t>\n<div class=\"siteorigin-widget-tinymce textwidget\">\n\t<p style=\"text-align: center;\"><strong>\u00c9dition :<\/strong><br \/>\nMatagot<br \/>\n2020<\/p>\n<\/div>\n<\/div><\/div><\/div><div id=\"pgc-10219-1-3\"  class=\"panel-grid-cell\" ><div id=\"panel-10219-1-3-0\" class=\"so-panel widget widget_sow-editor panel-first-child panel-last-child\" data-index=\"6\" ><div\n\t\t\t\n\t\t\tclass=\"so-widget-sow-editor so-widget-sow-editor-base\"\n\t\t\t\n\t\t>\n<div class=\"siteorigin-widget-tinymce textwidget\">\n\t<p style=\"text-align: center;\"><strong>Version :<\/strong><br \/>\nFran\u00e7aise<\/p>\n<\/div>\n<\/div><\/div><\/div><\/div><div id=\"pg-10219-2\"  class=\"panel-grid panel-no-style\" ><div id=\"pgc-10219-2-0\"  class=\"panel-grid-cell\" ><div id=\"panel-10219-2-0-0\" class=\"so-panel widget widget_sow-editor panel-first-child panel-last-child\" data-index=\"7\" ><div\n\t\t\t\n\t\t\tclass=\"so-widget-sow-editor so-widget-sow-editor-base\"\n\t\t\t\n\t\t>\n<div class=\"siteorigin-widget-tinymce textwidget\">\n\t<hr \/>\n<p>Vous \u00eates des passionn\u00e9es d'oiseaux : chercheurs, observateurs, ornithologues, ou collectionneurs, cherchant \u00e0 d\u00e9couvrir et attirer les plus beaux sp\u00e9cimens dans vos r\u00e9serves naturelles. Chaque oiseau pos\u00e9 d\u00e9clenche une combinaison d'actions dans un de vos habitats. Chacun de ces habitats se concentre sur un aspect cl\u00e9 de la croissance de vos r\u00e9serve :<\/p>\n<p>- Gagnez de la nourriture gr\u00e2ce \u00e0 des d\u00e9s personnalis\u00e9s, dans une tour \u00e0 d\u00e9s \/ mangeoire<br \/>\n- Pondez des \u0153ufs en utilisant des \u0153ufs marbr\u00e9s miniatures de diff\u00e9rentes couleurs<br \/>\n- Piochez parmi des centaines de cartes d'oiseaux uniques<\/p>\n<p>Le vainqueur sera le joueur ayant accumul\u00e9 le plus de points avec ses oiseaux, cartes bonus, objectifs de fin de manche, nourriture stock\u00e9e et cartes recouvertes.<\/p>\n<\/div>\n<\/div><\/div><\/div><\/div><div id=\"pg-10219-3\"  class=\"panel-grid panel-no-style\" ><div id=\"pgc-10219-3-0\"  class=\"panel-grid-cell\" ><div id=\"panel-10219-3-0-0\" class=\"so-panel widget widget_sow-editor panel-first-child panel-last-child\" data-index=\"8\" ><div\n\t\t\t\n\t\t\tclass=\"so-widget-sow-editor so-widget-sow-editor-base\"\n\t\t\t\n\t\t>\n<div class=\"siteorigin-widget-tinymce textwidget\">\n\t<hr \/>\n<h3 style=\"text-align: center;\">En vid\u00e9o<\/h3>\n<p><a href=\"https:\/\/www.trictrac.net\/video\/Wingspan_De_Lexplication\" target=\"_blank\" rel=\"noopener\"><img loading=\"lazy\" decoding=\"async\" class=\"alignnone size-full wp-image-9090\" src=\"https:\/\/meeplendice.net\/wp-content\/uploads\/2022\/01\/Link_CJ_v2.png\" alt=\"\" width=\"200\" height=\"170\" \/><\/a><\/p>\n<\/div>\n<\/div><\/div><\/div><\/div><div id=\"pg-10219-4\"  class=\"panel-grid panel-no-style\" ><div id=\"pgc-10219-4-0\"  class=\"panel-grid-cell\" ><div id=\"panel-10219-4-0-0\" class=\"so-panel widget widget_sow-editor panel-first-child panel-last-child\" data-index=\"9\" ><div\n\t\t\t\n\t\t\tclass=\"so-widget-sow-editor so-widget-sow-editor-base\"\n\t\t\t\n\t\t>\n<div class=\"siteorigin-widget-tinymce textwidget\">\n\t<hr \/>\n<h3 style=\"text-align: center;\">Extension(s)<\/h3>\n<style type='text\/css' media='all'>#rt-tpg-container-1854038259 .read-more a{border-radius:px;}#rt-tpg-container-1854038259 .rt-img-holder img.rt-img-responsive,#rt-tpg-container-1854038259 .rt-img-holder,\n\t\t\t\t\t#rt-tpg-container-1854038259 .rt-post-overlay .post-img,\n\t\t\t\t\t#rt-tpg-container-1854038259 .post-sm .post-img,\n\t\t\t\t\t#rt-tpg-container-1854038259 .rt-post-grid .post-img,\n\t\t\t\t\t#rt-tpg-container-1854038259 .post-img img {border-radius:px;}#rt-tpg-container-1854038259 .layout9 .rt-holder h2.entry-title,\n\t\t\t\t\t#rt-tpg-container-1854038259 .layout9 .rt-holder h3.entry-title,\n\t\t\t\t\t#rt-tpg-container-1854038259 .layout9 .rt-holder h4.entry-title,\n\t\t\t\t\t#rt-tpg-container-1854038259 .layout9 .rt-holder h2.entry-title a,\n\t\t\t\t\t#rt-tpg-container-1854038259 .layout9 .rt-holder h3.entry-title a,\n\t\t\t\t\t#rt-tpg-container-1854038259 .layout9 .rt-holder h4.entry-title a,\n\t\t\t\t\t#rt-tpg-container-1854038259 .rt-holder .rt-woo-info h2 a,\n\t\t\t\t\t#rt-tpg-container-1854038259 .rt-holder .rt-woo-info h3 a,\n\t\t\t\t\t#rt-tpg-container-1854038259 .rt-holder .rt-woo-info h4 a,\n\t\t\t\t\t#rt-tpg-container-1854038259 .post-content .post-title,\n\t\t\t\t\t#rt-tpg-container-1854038259 .rt-post-grid .post-title,\n\t\t\t\t\t#rt-tpg-container-1854038259 .rt-post-grid .post-title a,\n\t\t\t\t\t#rt-tpg-container-1854038259 .post-content .post-title a,\n\t\t\t\t\t#rt-tpg-container-1854038259 .rt-holder .rt-woo-info h2,\n\t\t\t\t\t#rt-tpg-container-1854038259 .rt-holder .rt-woo-info h3,\n\t\t\t\t\t#rt-tpg-container-1854038259 .rt-holder .rt-woo-info h4{font-size:16px;line-height:26px;font-weight:normal;text-align:center;}#rt-tpg-container-1854038259 .post-grid-lg-style-1 .post-title,\n\t\t\t\t\t\t#rt-tpg-container-1854038259 .post-grid-lg-style-1 .post-title a,\n\t\t\t\t\t\t#rt-tpg-container-1854038259 .big-layout .post-title,\n\t\t\t\t\t\t#rt-tpg-container-1854038259 .big-layout .post-title a,\n\t\t\t\t\t\t#rt-tpg-container-1854038259 .post-grid-lg-style-1 .post-title,\n\t\t\t\t\t\t#rt-tpg-container-1854038259 .post-grid-lg-style-1 .post-title a {font-size:24px;line-height:34px;}<\/style><div class='rt-container-fluid rt-tpg-container tpg-shortcode-main-wrapper ' id='rt-tpg-container-1854038259'   data-layout='layout9' data-grid-style='masonry' data-desktop-col='3'  data-tab-col='2'  data-mobile-col='1' data-sc-id='10226'><div data-title='Loading ...' class='rt-row rt-content-loader   layout9 tpg-masonry '><div class=\"rt-col-md-4 rt-col-sm-6 rt-col-xs-12 masonry-grid-item rt-grid-item img_zoom_in\" data-id=\"10228\"><div class=\"rt-holder\"><div class='overlay'><a data-id='10228' class=' tpg-single-popup' href='https:\/\/meeplendice.net\/?page_id=10228'><img loading=\"lazy\" decoding=\"async\" width=\"350\" height=\"350\" src=\"https:\/\/meeplendice.net\/wp-content\/uploads\/2022\/07\/Wingspan_Europe.png\" class=\"rt-img-responsive \" alt=\"\" \/><\/a><\/div><div class='post-info'><h3 class=\"entry-title\"><a data-id=\"10228\" class=\" tpg-single-popup\" href=\"https:\/\/meeplendice.net\/?page_id=10228\">Europe<\/a><\/h3><div class='post-meta-user '><\/div><\/div><\/div><\/div><div class=\"rt-col-md-4 rt-col-sm-6 rt-col-xs-12 masonry-grid-item rt-grid-item img_zoom_in\" data-id=\"10232\"><div class=\"rt-holder\"><div class='overlay'><a data-id='10232' class=' tpg-single-popup' href='https:\/\/meeplendice.net\/?page_id=10232'><img loading=\"lazy\" decoding=\"async\" width=\"350\" height=\"350\" src=\"https:\/\/meeplendice.net\/wp-content\/uploads\/2022\/07\/Wingspan_Oceanie.png\" class=\"rt-img-responsive \" alt=\"\" \/><\/a><\/div><div class='post-info'><h3 class=\"entry-title\"><a data-id=\"10232\" class=\" tpg-single-popup\" href=\"https:\/\/meeplendice.net\/?page_id=10232\">Oc\u00e9anie<\/a><\/h3><div class='post-meta-user '><\/div><\/div><\/div><\/div><div class=\"rt-col-md-4 rt-col-sm-6 rt-col-xs-12 masonry-grid-item rt-grid-item img_zoom_in\" data-id=\"11115\"><div class=\"rt-holder\"><div class='overlay'><a data-id='11115' class=' tpg-single-popup' href='https:\/\/meeplendice.net\/?page_id=11115'><img loading=\"lazy\" decoding=\"async\" width=\"350\" height=\"350\" src=\"https:\/\/meeplendice.net\/wp-content\/uploads\/2023\/08\/Wingspan_Asie.png\" class=\"rt-img-responsive \" alt=\"\" \/><\/a><\/div><div class='post-info'><h3 class=\"entry-title\"><a data-id=\"11115\" class=\" tpg-single-popup\" href=\"https:\/\/meeplendice.net\/?page_id=11115\">Asie<\/a><\/h3><div class='post-meta-user '><\/div><\/div><\/div><\/div><\/div><div class='rt-pagination-wrap' data-total-pages='2' data-posts-per-page='3' data-type='pagination_ajax'  ><div class='rt-page-numbers'><\/div><\/div><\/div>\n<\/div>\n<\/div><\/div><\/div><\/div><div id=\"pg-10219-5\"  class=\"panel-grid panel-no-style\" ><div id=\"pgc-10219-5-0\"  class=\"panel-grid-cell\" ><div id=\"panel-10219-5-0-0\" class=\"so-panel widget widget_sow-editor panel-first-child panel-last-child\" data-index=\"10\" ><div\n\t\t\t\n\t\t\tclass=\"so-widget-sow-editor so-widget-sow-editor-base\"\n\t\t\t\n\t\t>\n<div class=\"siteorigin-widget-tinymce textwidget\">\n\t<hr \/>\n<h3 style=\"text-align: center;\">Pour aller plus loin<\/h3>\n<\/div>\n<\/div><\/div><\/div><\/div><\/div>","protected":false},"excerpt":{"rendered":"<p>Nombre de joueurs : 1 &#8211; 5 (7 avec extension) Dur\u00e9e moyenne : 60 min Age : 10 ans et plus Auteur(s) : Elizabeth Hargrave Illustrations : Natalia Rojas Beth Sobel Ana Maria Martinez Jaramillo \u00c9dition : Matagot 2020 Version : Fran\u00e7aise<\/p>\n","protected":false},"author":2,"featured_media":10113,"parent":0,"menu_order":0,"comment_status":"closed","ping_status":"closed","template":"","meta":{"footnotes":""},"class_list":["post-10219","page","type-page","status-publish","has-post-thumbnail","hentry"],"acf":[],"rttpg_featured_image_url":{"full":["https:\/\/meeplendice.net\/wp-content\/uploads\/2022\/07\/Wingspan.png",350,350,false],"landscape":["https:\/\/meeplendice.net\/wp-content\/uploads\/2022\/07\/Wingspan.png",350,350,false],"portraits":["https:\/\/meeplendice.net\/wp-content\/uploads\/2022\/07\/Wingspan.png",350,350,false],"thumbnail":["https:\/\/meeplendice.net\/wp-content\/uploads\/2022\/07\/Wingspan-150x150.png",150,150,true],"medium":["https:\/\/meeplendice.net\/wp-content\/uploads\/2022\/07\/Wingspan-300x300.png",300,300,true],"large":["https:\/\/meeplendice.net\/wp-content\/uploads\/2022\/07\/Wingspan.png",350,350,false],"ug_big":["https:\/\/meeplendice.net\/wp-content\/uploads\/2022\/07\/Wingspan.png",350,350,false],"1536x1536":["https:\/\/meeplendice.net\/wp-content\/uploads\/2022\/07\/Wingspan.png",350,350,false],"2048x2048":["https:\/\/meeplendice.net\/wp-content\/uploads\/2022\/07\/Wingspan.png",350,350,false],"ashe-slider-grid-thumbnail":["https:\/\/meeplendice.net\/wp-content\/uploads\/2022\/07\/Wingspan.png",350,350,false],"ashe-full-thumbnail":["https:\/\/meeplendice.net\/wp-content\/uploads\/2022\/07\/Wingspan.png",350,350,false],"ashe-grid-thumbnail":["https:\/\/meeplendice.net\/wp-content\/uploads\/2022\/07\/Wingspan-350x330.png",350,330,true],"ashe-list-thumbnail":["https:\/\/meeplendice.net\/wp-content\/uploads\/2022\/07\/Wingspan-300x300.png",300,300,true],"ashe-single-navigation":["https:\/\/meeplendice.net\/wp-content\/uploads\/2022\/07\/Wingspan-75x75.png",75,75,true],"mailpoet_newsletter_max":["https:\/\/meeplendice.net\/wp-content\/uploads\/2022\/07\/Wingspan.png",350,350,false],"rpwe-thumbnail":["https:\/\/meeplendice.net\/wp-content\/uploads\/2022\/07\/Wingspan-45x45.png",45,45,true],"sow-carousel-default":["https:\/\/meeplendice.net\/wp-content\/uploads\/2022\/07\/Wingspan-272x182.png",272,182,true],"rt_custom":["https:\/\/meeplendice.net\/wp-content\/uploads\/2022\/07\/Wingspan.png",350,350,false]},"rttpg_author":{"display_name":"Karnby","author_link":"https:\/\/meeplendice.net\/?author=2"},"rttpg_comment":0,"rttpg_category":null,"rttpg_excerpt":"Nombre de joueurs : 1 - 5 (7 avec extension) Dur\u00e9e moyenne : 60 min Age : 10 ans et plus Auteur(s) : Elizabeth Hargrave Illustrations : Natalia Rojas Beth Sobel Ana Maria Martinez Jaramillo \u00c9dition : Matagot 2020 Version : Fran\u00e7aise","_links":{"self":[{"href":"https:\/\/meeplendice.net\/index.php?rest_route=\/wp\/v2\/pages\/10219","targetHints":{"allow":["GET"]}}],"collection":[{"href":"https:\/\/meeplendice.net\/index.php?rest_route=\/wp\/v2\/pages"}],"about":[{"href":"https:\/\/meeplendice.net\/index.php?rest_route=\/wp\/v2\/types\/page"}],"author":[{"embeddable":true,"href":"https:\/\/meeplendice.net\/index.php?rest_route=\/wp\/v2\/users\/2"}],"replies":[{"embeddable":true,"href":"https:\/\/meeplendice.net\/index.php?rest_route=%2Fwp%2Fv2%2Fcomments&post=10219"}],"version-history":[{"count":8,"href":"https:\/\/meeplendice.net\/index.php?rest_route=\/wp\/v2\/pages\/10219\/revisions"}],"predecessor-version":[{"id":11120,"href":"https:\/\/meeplendice.net\/index.php?rest_route=\/wp\/v2\/pages\/10219\/revisions\/11120"}],"wp:featuredmedia":[{"embeddable":true,"href":"https:\/\/meeplendice.net\/index.php?rest_route=\/wp\/v2\/media\/10113"}],"wp:attachment":[{"href":"https:\/\/meeplendice.net\/index.php?rest_route=%2Fwp%2Fv2%2Fmedia&parent=10219"}],"curies":[{"name":"wp","href":"https:\/\/api.w.org\/{rel}","templated":true}]}}