{"id":10228,"date":"2022-07-29T15:55:41","date_gmt":"2022-07-29T14:55:41","guid":{"rendered":"https:\/\/meeplendice.net\/?page_id=10228"},"modified":"2022-07-29T15:56:44","modified_gmt":"2022-07-29T14:56:44","slug":"europe","status":"publish","type":"page","link":"https:\/\/meeplendice.net\/?page_id=10228","title":{"rendered":"Europe"},"content":{"rendered":"<p>Cette premi\u00e8re extension de <em>Wingspan<\/em> \u00e9largit le champ d&rsquo;action pour inclure les diverses et majestueuses esp\u00e8ces d&rsquo;oiseaux d&rsquo;Europe. Ces oiseaux sont dot\u00e9s de nombreux pouvoirs in\u00e9dits, dont des pouvoirs de \u00ab\u00a0fin de manche\u00a0\u00bb, des pouvoirs renfor\u00e7ant les interactions entre les joueurs, des oiseaux pouvant recouvrir plusieurs cases pour rendre les actions \u00e0 venir plus rentables, et des oiseaux b\u00e9n\u00e9ficiant d&rsquo;un exc\u00e9dant de cartes ou de nourriture.Les oiseaux europ\u00e9ens sont con\u00e7us pour \u00eatre m\u00e9lang\u00e9s dans le paquet de cartes original (ainsi que les futures extensions).<\/p>\n","protected":false},"excerpt":{"rendered":"<p>Cette premi\u00e8re extension de Wingspan \u00e9largit le champ d&rsquo;action pour inclure les diverses et majestueuses esp\u00e8ces d&rsquo;oiseaux d&rsquo;Europe. Ces oiseaux sont dot\u00e9s de nombreux pouvoirs in\u00e9dits, dont des pouvoirs de \u00ab\u00a0fin de manche\u00a0\u00bb, des pouvoirs renfor\u00e7ant les interactions entre les joueurs, des oiseaux pouvant recouvrir plusieurs cases pour rendre les actions \u00e0 venir plus rentables, et des oiseaux b\u00e9n\u00e9ficiant d&rsquo;un exc\u00e9dant de cartes ou de nourriture.Les oiseaux europ\u00e9ens sont con\u00e7us pour \u00eatre m\u00e9lang\u00e9s dans le paquet de cartes original (ainsi que les futures extensions).<\/p>\n","protected":false},"author":2,"featured_media":10118,"parent":10219,"menu_order":1,"comment_status":"closed","ping_status":"closed","template":"","meta":{"footnotes":""},"class_list":["post-10228","page","type-page","status-publish","has-post-thumbnail","hentry"],"acf":[],"rttpg_featured_image_url":{"full":["https:\/\/meeplendice.net\/wp-content\/uploads\/2022\/07\/Wingspan_Europe.png",350,350,false],"landscape":["https:\/\/meeplendice.net\/wp-content\/uploads\/2022\/07\/Wingspan_Europe.png",350,350,false],"portraits":["https:\/\/meeplendice.net\/wp-content\/uploads\/2022\/07\/Wingspan_Europe.png",350,350,false],"thumbnail":["https:\/\/meeplendice.net\/wp-content\/uploads\/2022\/07\/Wingspan_Europe-150x150.png",150,150,true],"medium":["https:\/\/meeplendice.net\/wp-content\/uploads\/2022\/07\/Wingspan_Europe-300x300.png",300,300,true],"large":["https:\/\/meeplendice.net\/wp-content\/uploads\/2022\/07\/Wingspan_Europe.png",350,350,false],"ug_big":["https:\/\/meeplendice.net\/wp-content\/uploads\/2022\/07\/Wingspan_Europe.png",350,350,false],"1536x1536":["https:\/\/meeplendice.net\/wp-content\/uploads\/2022\/07\/Wingspan_Europe.png",350,350,false],"2048x2048":["https:\/\/meeplendice.net\/wp-content\/uploads\/2022\/07\/Wingspan_Europe.png",350,350,false],"ashe-slider-grid-thumbnail":["https:\/\/meeplendice.net\/wp-content\/uploads\/2022\/07\/Wingspan_Europe.png",350,350,false],"ashe-full-thumbnail":["https:\/\/meeplendice.net\/wp-content\/uploads\/2022\/07\/Wingspan_Europe.png",350,350,false],"ashe-grid-thumbnail":["https:\/\/meeplendice.net\/wp-content\/uploads\/2022\/07\/Wingspan_Europe-350x330.png",350,330,true],"ashe-list-thumbnail":["https:\/\/meeplendice.net\/wp-content\/uploads\/2022\/07\/Wingspan_Europe-300x300.png",300,300,true],"ashe-single-navigation":["https:\/\/meeplendice.net\/wp-content\/uploads\/2022\/07\/Wingspan_Europe-75x75.png",75,75,true],"mailpoet_newsletter_max":["https:\/\/meeplendice.net\/wp-content\/uploads\/2022\/07\/Wingspan_Europe.png",350,350,false],"rpwe-thumbnail":["https:\/\/meeplendice.net\/wp-content\/uploads\/2022\/07\/Wingspan_Europe-45x45.png",45,45,true],"sow-carousel-default":["https:\/\/meeplendice.net\/wp-content\/uploads\/2022\/07\/Wingspan_Europe-272x182.png",272,182,true],"rt_custom":["https:\/\/meeplendice.net\/wp-content\/uploads\/2022\/07\/Wingspan_Europe.png",350,350,false]},"rttpg_author":{"display_name":"Karnby","author_link":"https:\/\/meeplendice.net\/?author=2"},"rttpg_comment":0,"rttpg_category":null,"rttpg_excerpt":"Cette premi\u00e8re extension de Wingspan \u00e9largit le champ d&rsquo;action pour inclure les diverses et majestueuses esp\u00e8ces d&rsquo;oiseaux d&rsquo;Europe. Ces oiseaux sont dot\u00e9s de nombreux pouvoirs in\u00e9dits, dont des pouvoirs de \u00ab\u00a0fin de manche\u00a0\u00bb, des pouvoirs renfor\u00e7ant les interactions entre les joueurs, des oiseaux pouvant recouvrir plusieurs cases pour rendre les actions \u00e0 venir plus rentables,\u2026","_links":{"self":[{"href":"https:\/\/meeplendice.net\/index.php?rest_route=\/wp\/v2\/pages\/10228","targetHints":{"allow":["GET"]}}],"collection":[{"href":"https:\/\/meeplendice.net\/index.php?rest_route=\/wp\/v2\/pages"}],"about":[{"href":"https:\/\/meeplendice.net\/index.php?rest_route=\/wp\/v2\/types\/page"}],"author":[{"embeddable":true,"href":"https:\/\/meeplendice.net\/index.php?rest_route=\/wp\/v2\/users\/2"}],"replies":[{"embeddable":true,"href":"https:\/\/meeplendice.net\/index.php?rest_route=%2Fwp%2Fv2%2Fcomments&post=10228"}],"version-history":[{"count":3,"href":"https:\/\/meeplendice.net\/index.php?rest_route=\/wp\/v2\/pages\/10228\/revisions"}],"predecessor-version":[{"id":10231,"href":"https:\/\/meeplendice.net\/index.php?rest_route=\/wp\/v2\/pages\/10228\/revisions\/10231"}],"up":[{"embeddable":true,"href":"https:\/\/meeplendice.net\/index.php?rest_route=\/wp\/v2\/pages\/10219"}],"wp:featuredmedia":[{"embeddable":true,"href":"https:\/\/meeplendice.net\/index.php?rest_route=\/wp\/v2\/media\/10118"}],"wp:attachment":[{"href":"https:\/\/meeplendice.net\/index.php?rest_route=%2Fwp%2Fv2%2Fmedia&parent=10228"}],"curies":[{"name":"wp","href":"https:\/\/api.w.org\/{rel}","templated":true}]}}