{"id":10315,"date":"2022-10-29T14:01:45","date_gmt":"2022-10-29T13:01:45","guid":{"rendered":"https:\/\/meeplendice.net\/?page_id=10315"},"modified":"2023-01-30T00:22:33","modified_gmt":"2023-01-29T23:22:33","slug":"the-thing","status":"publish","type":"page","link":"https:\/\/meeplendice.net\/?page_id=10315","title":{"rendered":"The Thing"},"content":{"rendered":"<div id=\"pl-10315\"  class=\"panel-layout\" ><div id=\"pg-10315-0\"  class=\"panel-grid panel-no-style\" ><div id=\"pgc-10315-0-0\"  class=\"panel-grid-cell\" ><div id=\"panel-10315-0-0-0\" class=\"so-panel widget widget_sow-editor panel-first-child panel-last-child\" data-index=\"0\" ><div\n\t\t\t\n\t\t\tclass=\"so-widget-sow-editor so-widget-sow-editor-base\"\n\t\t\t\n\t\t>\n<div class=\"siteorigin-widget-tinymce textwidget\">\n\t<p style=\"text-align: center;\"><strong>Nombre de joueurs :<\/strong><br \/>\n1 - 8<\/p>\n<\/div>\n<\/div><\/div><\/div><div id=\"pgc-10315-0-1\"  class=\"panel-grid-cell\" ><div id=\"panel-10315-0-1-0\" class=\"so-panel widget widget_sow-editor panel-first-child panel-last-child\" data-index=\"1\" ><div\n\t\t\t\n\t\t\tclass=\"so-widget-sow-editor so-widget-sow-editor-base\"\n\t\t\t\n\t\t>\n<div class=\"siteorigin-widget-tinymce textwidget\">\n\t<p style=\"text-align: center;\"><strong>Dur\u00e9e moyenne :<\/strong><br \/>\n90 min<\/p>\n<\/div>\n<\/div><\/div><\/div><div id=\"pgc-10315-0-2\"  class=\"panel-grid-cell\" ><div id=\"panel-10315-0-2-0\" class=\"so-panel widget widget_sow-editor panel-first-child panel-last-child\" data-index=\"2\" ><div\n\t\t\t\n\t\t\tclass=\"so-widget-sow-editor so-widget-sow-editor-base\"\n\t\t\t\n\t\t>\n<div class=\"siteorigin-widget-tinymce textwidget\">\n\t<p style=\"text-align: center;\"><strong>Age :<\/strong><br \/>\n13 ans et plus<\/p>\n<\/div>\n<\/div><\/div><\/div><\/div><div id=\"pg-10315-1\"  class=\"panel-grid panel-no-style\" ><div id=\"pgc-10315-1-0\"  class=\"panel-grid-cell\" ><div id=\"panel-10315-1-0-0\" class=\"so-panel widget widget_sow-editor panel-first-child panel-last-child\" data-index=\"3\" ><div\n\t\t\t\n\t\t\tclass=\"so-widget-sow-editor so-widget-sow-editor-base\"\n\t\t\t\n\t\t>\n<div class=\"siteorigin-widget-tinymce textwidget\">\n\t<p style=\"text-align: center;\"><strong>Auteur(s) :<br \/>\n<\/strong><span class=\"data-siloing\" title=\"D\u00e9couvrez tous ces jeux\" data-siloing=\"https:\/\/www.philibertnet.com\/fr\/recherche?feature=31&amp;feature_value=Andrea Crespi\">Andrea Crespi<br \/>\n<\/span><span class=\"data-siloing\" title=\"Voir tous les jeux\" data-siloing=\"https:\/\/www.philibertnet.com\/fr\/recherche?feature=31&amp;feature_value=Giuseppe Cicero\">Giuseppe Cicero<\/span><\/p>\n<\/div>\n<\/div><\/div><\/div><div id=\"pgc-10315-1-1\"  class=\"panel-grid-cell\" ><div id=\"panel-10315-1-1-0\" class=\"so-panel widget widget_sow-editor panel-first-child panel-last-child\" data-index=\"4\" ><div\n\t\t\t\n\t\t\tclass=\"so-widget-sow-editor so-widget-sow-editor-base\"\n\t\t\t\n\t\t>\n<div class=\"siteorigin-widget-tinymce textwidget\">\n\t<p style=\"text-align: center;\"><strong>Illustrations :<\/strong><br \/>\n<span class=\"data-siloing\" title=\"D\u00e9couvrez tous ces jeux\" data-siloing=\"https:\/\/www.philibertnet.com\/fr\/recherche?feature=41&amp;feature_value=Riccardo Crosa\">Riccardo Crosa<br \/>\n<\/span><span class=\"data-siloing\" title=\"Voir tous les jeux\" data-siloing=\"https:\/\/www.philibertnet.com\/fr\/recherche?feature=41&amp;feature_value=Davide Corsi\">Davide Corsi<br \/>\nMathias Mazzetti<\/span><\/p>\n<\/div>\n<\/div><\/div><\/div><div id=\"pgc-10315-1-2\"  class=\"panel-grid-cell\" ><div id=\"panel-10315-1-2-0\" class=\"so-panel widget widget_sow-editor panel-first-child panel-last-child\" data-index=\"5\" ><div\n\t\t\t\n\t\t\tclass=\"so-widget-sow-editor so-widget-sow-editor-base\"\n\t\t\t\n\t\t>\n<div class=\"siteorigin-widget-tinymce textwidget\">\n\t<p style=\"text-align: center;\"><strong>\u00c9dition :<\/strong><br \/>\nMatagot<br \/>\n2022<\/p>\n<\/div>\n<\/div><\/div><\/div><div id=\"pgc-10315-1-3\"  class=\"panel-grid-cell\" ><div id=\"panel-10315-1-3-0\" class=\"so-panel widget widget_sow-editor panel-first-child panel-last-child\" data-index=\"6\" ><div\n\t\t\t\n\t\t\tclass=\"so-widget-sow-editor so-widget-sow-editor-base\"\n\t\t\t\n\t\t>\n<div class=\"siteorigin-widget-tinymce textwidget\">\n\t<p style=\"text-align: center;\"><strong>Version :<\/strong><br \/>\nFran\u00e7aise<\/p>\n<\/div>\n<\/div><\/div><\/div><\/div><div id=\"pg-10315-2\"  class=\"panel-grid panel-no-style\" ><div id=\"pgc-10315-2-0\"  class=\"panel-grid-cell\" ><div id=\"panel-10315-2-0-0\" class=\"so-panel widget widget_sow-editor panel-first-child panel-last-child\" data-index=\"7\" ><div\n\t\t\t\n\t\t\tclass=\"so-widget-sow-editor so-widget-sow-editor-base\"\n\t\t\t\n\t\t>\n<div class=\"siteorigin-widget-tinymce textwidget\">\n\t<hr \/>\n<p><em>Un Dangereux Alien est sortie de son hibernation apr\u00e8s un mill\u00e9naire...<br \/>\nl'Avant Poste 31 Am\u00e9ricain, isol\u00e9 en antarctique, vont devoir affronter cet alien capable de prendre forme humaine. Le destin de l'humanit\u00e9 est entre leurs mains...<\/em><\/p>\n<p><em>The Thing<\/em> est une exp\u00e9rience intense pour 1 \u00e0 8 joueurs.<br \/>\nVous incarnez les protagonistes du film culte tourn\u00e9 en 1982 et serez plong\u00e9s dans une exp\u00e9rience o\u00f9 anxi\u00e9t\u00e9 et parano\u00efa seront au rendez-vous !<\/p>\n<p>Immergez-vous dans une atmosph\u00e8re cin\u00e9matographique pleine de rebondissements. Entretenez la base le mieux possible, en cherchat un moyen efficace pour vous \u00e9vader, tout en cherchant qui parmi les joueurs autour de la table est La Chose qui r\u00f4de. Tirez parti des actions possibles dans l'Avant-poste 31, testez vos compagnons pour r\u00e9v\u00e9ler leur vraie nature, et si La Chose fait son apparition.. soyez pr\u00eats \u00e0 la combattre !<\/p>\n<\/div>\n<\/div><\/div><\/div><\/div><div id=\"pg-10315-3\"  class=\"panel-grid panel-no-style\" ><div id=\"pgc-10315-3-0\"  class=\"panel-grid-cell\" ><div id=\"panel-10315-3-0-0\" class=\"so-panel widget widget_sow-editor panel-first-child panel-last-child\" data-index=\"8\" ><div\n\t\t\t\n\t\t\tclass=\"so-widget-sow-editor so-widget-sow-editor-base\"\n\t\t\t\n\t\t>\n<div class=\"siteorigin-widget-tinymce textwidget\">\n\t<hr \/>\n<h3 style=\"text-align: center;\">En vid\u00e9o<\/h3>\n<\/div>\n<\/div><\/div><\/div><\/div><div id=\"pg-10315-4\"  class=\"panel-grid panel-no-style\" ><div id=\"pgc-10315-4-0\"  class=\"panel-grid-cell\" ><div id=\"panel-10315-4-0-0\" class=\"so-panel widget widget_sow-editor panel-first-child panel-last-child\" data-index=\"9\" ><div\n\t\t\t\n\t\t\tclass=\"so-widget-sow-editor so-widget-sow-editor-base\"\n\t\t\t\n\t\t>\n<div class=\"siteorigin-widget-tinymce textwidget\">\n\t<hr \/>\n<h3 style=\"text-align: center;\">Extension(s)<\/h3>\n<style type='text\/css' media='all'>#rt-tpg-container-2170888960 .read-more a{border-radius:px;}#rt-tpg-container-2170888960 .rt-img-holder img.rt-img-responsive,#rt-tpg-container-2170888960 .rt-img-holder,\n\t\t\t\t\t#rt-tpg-container-2170888960 .rt-post-overlay .post-img,\n\t\t\t\t\t#rt-tpg-container-2170888960 .post-sm .post-img,\n\t\t\t\t\t#rt-tpg-container-2170888960 .rt-post-grid .post-img,\n\t\t\t\t\t#rt-tpg-container-2170888960 .post-img img {border-radius:px;}#rt-tpg-container-2170888960 .layout9 .rt-holder h2.entry-title,\n\t\t\t\t\t#rt-tpg-container-2170888960 .layout9 .rt-holder h3.entry-title,\n\t\t\t\t\t#rt-tpg-container-2170888960 .layout9 .rt-holder h4.entry-title,\n\t\t\t\t\t#rt-tpg-container-2170888960 .layout9 .rt-holder h2.entry-title a,\n\t\t\t\t\t#rt-tpg-container-2170888960 .layout9 .rt-holder h3.entry-title a,\n\t\t\t\t\t#rt-tpg-container-2170888960 .layout9 .rt-holder h4.entry-title a,\n\t\t\t\t\t#rt-tpg-container-2170888960 .rt-holder .rt-woo-info h2 a,\n\t\t\t\t\t#rt-tpg-container-2170888960 .rt-holder .rt-woo-info h3 a,\n\t\t\t\t\t#rt-tpg-container-2170888960 .rt-holder .rt-woo-info h4 a,\n\t\t\t\t\t#rt-tpg-container-2170888960 .post-content .post-title,\n\t\t\t\t\t#rt-tpg-container-2170888960 .rt-post-grid .post-title,\n\t\t\t\t\t#rt-tpg-container-2170888960 .rt-post-grid .post-title a,\n\t\t\t\t\t#rt-tpg-container-2170888960 .post-content .post-title a,\n\t\t\t\t\t#rt-tpg-container-2170888960 .rt-holder .rt-woo-info h2,\n\t\t\t\t\t#rt-tpg-container-2170888960 .rt-holder .rt-woo-info h3,\n\t\t\t\t\t#rt-tpg-container-2170888960 .rt-holder .rt-woo-info h4{font-size:16px;line-height:26px;font-weight:normal;text-align:center;}#rt-tpg-container-2170888960 .post-grid-lg-style-1 .post-title,\n\t\t\t\t\t\t#rt-tpg-container-2170888960 .post-grid-lg-style-1 .post-title a,\n\t\t\t\t\t\t#rt-tpg-container-2170888960 .big-layout .post-title,\n\t\t\t\t\t\t#rt-tpg-container-2170888960 .big-layout .post-title a,\n\t\t\t\t\t\t#rt-tpg-container-2170888960 .post-grid-lg-style-1 .post-title,\n\t\t\t\t\t\t#rt-tpg-container-2170888960 .post-grid-lg-style-1 .post-title a {font-size:24px;line-height:34px;}<\/style><div class='rt-container-fluid rt-tpg-container tpg-shortcode-main-wrapper ' id='rt-tpg-container-2170888960'   data-layout='layout9' data-grid-style='even' data-desktop-col='3'  data-tab-col='2'  data-mobile-col='1' data-sc-id='10557'><div data-title='Loading ...' class='rt-row rt-content-loader   layout9 tpg-even '><div class=\"rt-col-md-4 rt-col-sm-6 rt-col-xs-12 even-grid-item rt-grid-item img_zoom_in\" data-id=\"10554\"><div class=\"rt-holder\"><div class='overlay'><a data-id='10554' class=' tpg-single-popup' href='https:\/\/meeplendice.net\/?page_id=10554'><img loading=\"lazy\" decoding=\"async\" width=\"350\" height=\"350\" src=\"https:\/\/meeplendice.net\/wp-content\/uploads\/2023\/01\/TheThing_Norwegian.png\" class=\"rt-img-responsive \" alt=\"\" \/><\/a><\/div><div class='post-info'><h3 class=\"entry-title\"><a data-id=\"10554\" class=\" tpg-single-popup\" href=\"https:\/\/meeplendice.net\/?page_id=10554\">Norwegian Outpost<\/a><\/h3><div class='post-meta-user '><\/div><\/div><\/div><\/div><div class=\"rt-col-md-4 rt-col-sm-6 rt-col-xs-12 even-grid-item rt-grid-item img_zoom_in\" data-id=\"10679\"><div class=\"rt-holder\"><div class='overlay'><a data-id='10679' class=' tpg-single-popup' href='https:\/\/meeplendice.net\/?page_id=10679'><img loading=\"lazy\" decoding=\"async\" width=\"350\" height=\"350\" src=\"https:\/\/meeplendice.net\/wp-content\/uploads\/2023\/04\/TheThing_Norwegianmini.png\" class=\"rt-img-responsive \" alt=\"\" \/><\/a><\/div><div class='post-info'><h3 class=\"entry-title\"><a data-id=\"10679\" class=\" tpg-single-popup\" href=\"https:\/\/meeplendice.net\/?page_id=10679\">Norwegian Miniatures Set<\/a><\/h3><div class='post-meta-user '><\/div><\/div><\/div><\/div><div class=\"rt-col-md-4 rt-col-sm-6 rt-col-xs-12 even-grid-item rt-grid-item img_zoom_in\" data-id=\"10685\"><div class=\"rt-holder\"><div class='overlay'><a data-id='10685' class=' tpg-single-popup' href='https:\/\/meeplendice.net\/?page_id=10685'><img loading=\"lazy\" decoding=\"async\" width=\"350\" height=\"350\" src=\"https:\/\/meeplendice.net\/wp-content\/uploads\/2023\/04\/TheThing_humanmini.png\" class=\"rt-img-responsive \" alt=\"\" \/><\/a><\/div><div class='post-info'><h3 class=\"entry-title\"><a data-id=\"10685\" class=\" tpg-single-popup\" href=\"https:\/\/meeplendice.net\/?page_id=10685\">Human Miniatures Set<\/a><\/h3><div class='post-meta-user '><\/div><\/div><\/div><\/div><\/div><div class='rt-pagination-wrap' data-total-pages='2' data-posts-per-page='3' data-type='pagination_ajax'  ><div class='rt-page-numbers'><\/div><\/div><\/div>\n<\/div>\n<\/div><\/div><\/div><\/div><div id=\"pg-10315-5\"  class=\"panel-grid panel-no-style\" ><div id=\"pgc-10315-5-0\"  class=\"panel-grid-cell\" ><div id=\"panel-10315-5-0-0\" class=\"so-panel widget widget_sow-editor panel-first-child panel-last-child\" data-index=\"10\" ><div\n\t\t\t\n\t\t\tclass=\"so-widget-sow-editor so-widget-sow-editor-base\"\n\t\t\t\n\t\t>\n<div class=\"siteorigin-widget-tinymce textwidget\">\n\t<hr \/>\n<h3 style=\"text-align: center;\">Pour aller plus loin<\/h3>\n<\/div>\n<\/div><\/div><\/div><\/div><\/div>","protected":false},"excerpt":{"rendered":"<p>Nombre de joueurs : 1 &#8211; 8 Dur\u00e9e moyenne : 90 min Age : 13 ans et plus Auteur(s) : Andrea Crespi Giuseppe Cicero Illustrations : Riccardo Crosa Davide Corsi Mathias Mazzetti \u00c9dition : Matagot 2022 Version : Fran\u00e7aise<\/p>\n","protected":false},"author":2,"featured_media":10316,"parent":0,"menu_order":0,"comment_status":"closed","ping_status":"closed","template":"","meta":{"footnotes":""},"class_list":["post-10315","page","type-page","status-publish","has-post-thumbnail","hentry"],"acf":[],"rttpg_featured_image_url":{"full":["https:\/\/meeplendice.net\/wp-content\/uploads\/2022\/10\/The_Thing.png",350,350,false],"landscape":["https:\/\/meeplendice.net\/wp-content\/uploads\/2022\/10\/The_Thing.png",350,350,false],"portraits":["https:\/\/meeplendice.net\/wp-content\/uploads\/2022\/10\/The_Thing.png",350,350,false],"thumbnail":["https:\/\/meeplendice.net\/wp-content\/uploads\/2022\/10\/The_Thing-150x150.png",150,150,true],"medium":["https:\/\/meeplendice.net\/wp-content\/uploads\/2022\/10\/The_Thing-300x300.png",300,300,true],"large":["https:\/\/meeplendice.net\/wp-content\/uploads\/2022\/10\/The_Thing.png",350,350,false],"ug_big":["https:\/\/meeplendice.net\/wp-content\/uploads\/2022\/10\/The_Thing.png",350,350,false],"1536x1536":["https:\/\/meeplendice.net\/wp-content\/uploads\/2022\/10\/The_Thing.png",350,350,false],"2048x2048":["https:\/\/meeplendice.net\/wp-content\/uploads\/2022\/10\/The_Thing.png",350,350,false],"ashe-slider-grid-thumbnail":["https:\/\/meeplendice.net\/wp-content\/uploads\/2022\/10\/The_Thing.png",350,350,false],"ashe-full-thumbnail":["https:\/\/meeplendice.net\/wp-content\/uploads\/2022\/10\/The_Thing.png",350,350,false],"ashe-grid-thumbnail":["https:\/\/meeplendice.net\/wp-content\/uploads\/2022\/10\/The_Thing-350x330.png",350,330,true],"ashe-list-thumbnail":["https:\/\/meeplendice.net\/wp-content\/uploads\/2022\/10\/The_Thing-300x300.png",300,300,true],"ashe-single-navigation":["https:\/\/meeplendice.net\/wp-content\/uploads\/2022\/10\/The_Thing-75x75.png",75,75,true],"mailpoet_newsletter_max":["https:\/\/meeplendice.net\/wp-content\/uploads\/2022\/10\/The_Thing.png",350,350,false],"rpwe-thumbnail":["https:\/\/meeplendice.net\/wp-content\/uploads\/2022\/10\/The_Thing-45x45.png",45,45,true],"sow-carousel-default":["https:\/\/meeplendice.net\/wp-content\/uploads\/2022\/10\/The_Thing-272x182.png",272,182,true],"rt_custom":["https:\/\/meeplendice.net\/wp-content\/uploads\/2022\/10\/The_Thing.png",350,350,false]},"rttpg_author":{"display_name":"Karnby","author_link":"https:\/\/meeplendice.net\/?author=2"},"rttpg_comment":0,"rttpg_category":null,"rttpg_excerpt":"Nombre de joueurs : 1 - 8 Dur\u00e9e moyenne : 90 min Age : 13 ans et plus Auteur(s) : Andrea Crespi Giuseppe Cicero Illustrations : Riccardo Crosa Davide Corsi Mathias Mazzetti \u00c9dition : Matagot 2022 Version : Fran\u00e7aise","_links":{"self":[{"href":"https:\/\/meeplendice.net\/index.php?rest_route=\/wp\/v2\/pages\/10315","targetHints":{"allow":["GET"]}}],"collection":[{"href":"https:\/\/meeplendice.net\/index.php?rest_route=\/wp\/v2\/pages"}],"about":[{"href":"https:\/\/meeplendice.net\/index.php?rest_route=\/wp\/v2\/types\/page"}],"author":[{"embeddable":true,"href":"https:\/\/meeplendice.net\/index.php?rest_route=\/wp\/v2\/users\/2"}],"replies":[{"embeddable":true,"href":"https:\/\/meeplendice.net\/index.php?rest_route=%2Fwp%2Fv2%2Fcomments&post=10315"}],"version-history":[{"count":5,"href":"https:\/\/meeplendice.net\/index.php?rest_route=\/wp\/v2\/pages\/10315\/revisions"}],"predecessor-version":[{"id":10558,"href":"https:\/\/meeplendice.net\/index.php?rest_route=\/wp\/v2\/pages\/10315\/revisions\/10558"}],"wp:featuredmedia":[{"embeddable":true,"href":"https:\/\/meeplendice.net\/index.php?rest_route=\/wp\/v2\/media\/10316"}],"wp:attachment":[{"href":"https:\/\/meeplendice.net\/index.php?rest_route=%2Fwp%2Fv2%2Fmedia&parent=10315"}],"curies":[{"name":"wp","href":"https:\/\/api.w.org\/{rel}","templated":true}]}}