{"id":10330,"date":"2022-12-12T10:28:52","date_gmt":"2022-12-12T09:28:52","guid":{"rendered":"https:\/\/meeplendice.net\/?page_id=10330"},"modified":"2023-01-30T00:40:16","modified_gmt":"2023-01-29T23:40:16","slug":"flamecraft","status":"publish","type":"page","link":"https:\/\/meeplendice.net\/?page_id=10330","title":{"rendered":"Flamecraft"},"content":{"rendered":"<div id=\"pl-10330\"  class=\"panel-layout\" ><div id=\"pg-10330-0\"  class=\"panel-grid panel-no-style\" ><div id=\"pgc-10330-0-0\"  class=\"panel-grid-cell\" ><div id=\"panel-10330-0-0-0\" class=\"so-panel widget widget_sow-editor panel-first-child panel-last-child\" data-index=\"0\" ><div\n\t\t\t\n\t\t\tclass=\"so-widget-sow-editor so-widget-sow-editor-base\"\n\t\t\t\n\t\t>\n<div class=\"siteorigin-widget-tinymce textwidget\">\n\t<p style=\"text-align: center;\"><strong>Nombre de joueurs :<\/strong><br \/>\n1 - 5<\/p>\n<\/div>\n<\/div><\/div><\/div><div id=\"pgc-10330-0-1\"  class=\"panel-grid-cell\" ><div id=\"panel-10330-0-1-0\" class=\"so-panel widget widget_sow-editor panel-first-child panel-last-child\" data-index=\"1\" ><div\n\t\t\t\n\t\t\tclass=\"so-widget-sow-editor so-widget-sow-editor-base\"\n\t\t\t\n\t\t>\n<div class=\"siteorigin-widget-tinymce textwidget\">\n\t<p style=\"text-align: center;\"><strong>Dur\u00e9e moyenne :<\/strong><br \/>\n90 min<\/p>\n<\/div>\n<\/div><\/div><\/div><div id=\"pgc-10330-0-2\"  class=\"panel-grid-cell\" ><div id=\"panel-10330-0-2-0\" class=\"so-panel widget widget_sow-editor panel-first-child panel-last-child\" data-index=\"2\" ><div\n\t\t\t\n\t\t\tclass=\"so-widget-sow-editor so-widget-sow-editor-base\"\n\t\t\t\n\t\t>\n<div class=\"siteorigin-widget-tinymce textwidget\">\n\t<p style=\"text-align: center;\"><strong>Age :<\/strong><br \/>\n14 ans et plus<\/p>\n<\/div>\n<\/div><\/div><\/div><\/div><div id=\"pg-10330-1\"  class=\"panel-grid panel-no-style\" ><div id=\"pgc-10330-1-0\"  class=\"panel-grid-cell\" ><div id=\"panel-10330-1-0-0\" class=\"so-panel widget widget_sow-editor panel-first-child panel-last-child\" data-index=\"3\" ><div\n\t\t\t\n\t\t\tclass=\"so-widget-sow-editor so-widget-sow-editor-base\"\n\t\t\t\n\t\t>\n<div class=\"siteorigin-widget-tinymce textwidget\">\n\t<p style=\"text-align: center;\"><strong>Auteur(s) :<br \/>\n<\/strong><span class=\"data-siloing\" title=\"D\u00e9couvrez tous ces jeux\" data-siloing=\"https:\/\/www.philibertnet.com\/fr\/recherche?feature=31&amp;feature_value=Manny Vega\">Manny Vega<\/span><\/p>\n<\/div>\n<\/div><\/div><\/div><div id=\"pgc-10330-1-1\"  class=\"panel-grid-cell\" ><div id=\"panel-10330-1-1-0\" class=\"so-panel widget widget_sow-editor panel-first-child panel-last-child\" data-index=\"4\" ><div\n\t\t\t\n\t\t\tclass=\"so-widget-sow-editor so-widget-sow-editor-base\"\n\t\t\t\n\t\t>\n<div class=\"siteorigin-widget-tinymce textwidget\">\n\t<p style=\"text-align: center;\"><strong>Illustrations :<\/strong><br \/>\n<span class=\"data-siloing\" title=\"D\u00e9couvrez tous ces jeux\" data-siloing=\"https:\/\/www.philibertnet.com\/fr\/recherche?feature=41&amp;feature_value=Sandara Tang\">Sandara Tang<\/span><\/p>\n<\/div>\n<\/div><\/div><\/div><div id=\"pgc-10330-1-2\"  class=\"panel-grid-cell\" ><div id=\"panel-10330-1-2-0\" class=\"so-panel widget widget_sow-editor panel-first-child panel-last-child\" data-index=\"5\" ><div\n\t\t\t\n\t\t\tclass=\"so-widget-sow-editor so-widget-sow-editor-base\"\n\t\t\t\n\t\t>\n<div class=\"siteorigin-widget-tinymce textwidget\">\n\t<p style=\"text-align: center;\"><strong>\u00c9dition :<\/strong><br \/>\n<span class=\"data-siloing\" data-siloing=\"\n\n                                                            https:\/\/www.philibertnet.com\/fr\/1514_lucky-duck-games\n\n                            \">Lucky Duck Games <\/span><br \/>\n2022<\/p>\n<\/div>\n<\/div><\/div><\/div><div id=\"pgc-10330-1-3\"  class=\"panel-grid-cell\" ><div id=\"panel-10330-1-3-0\" class=\"so-panel widget widget_sow-editor panel-first-child panel-last-child\" data-index=\"6\" ><div\n\t\t\t\n\t\t\tclass=\"so-widget-sow-editor so-widget-sow-editor-base\"\n\t\t\t\n\t\t>\n<div class=\"siteorigin-widget-tinymce textwidget\">\n\t<p style=\"text-align: center;\"><strong>Version :<\/strong><br \/>\nFran\u00e7aise<br \/>\nDeluxe<\/p>\n<\/div>\n<\/div><\/div><\/div><\/div><div id=\"pg-10330-2\"  class=\"panel-grid panel-no-style\" ><div id=\"pgc-10330-2-0\"  class=\"panel-grid-cell\" ><div id=\"panel-10330-2-0-0\" class=\"so-panel widget widget_sow-editor panel-first-child panel-last-child\" data-index=\"7\" ><div\n\t\t\t\n\t\t\tclass=\"so-widget-sow-editor so-widget-sow-editor-base\"\n\t\t\t\n\t\t>\n<div class=\"siteorigin-widget-tinymce textwidget\">\n\t<hr \/>\n<p><em>Au c\u0153ur d'un royaume f\u00e9erique, un village s\u2019\u00e9veille : ce sont des dragons artisans qui pr\u00e9parent le caf\u00e9 et les croissants !<\/em><\/p>\n<p>Gr\u00e2ce aux flammes tr\u00e8s particuli\u00e8res qu'ils crachent, les dragons artisans se sp\u00e9cialisent dans les cr\u00e9ations les plus diverses, des plus utiles aux plus jolies ou gourmandes. Ces petits artisans sont tr\u00e8s appr\u00e9ci\u00e9s par les commer\u00e7ants qui cherchent \u00e0 attirer et ravir leurs clients avec les merveilles issues de leurs flammes.<\/p>\n<p>Vous \u00eates un Gardien des Flammes, habiles dans l'art de converser avec les dragons, de les placer dans leur habitat id\u00e9al et d'utiliser des enchantements pour les aider \u00e0 produire des choses fabuleuses.<\/p>\n<p>Vous r\u00e9putation grandira au fur et \u00e0 mesure que vous assisterez les dragons et les commer\u00e7ants, et le Gardien des Flammes le plus r\u00e9put\u00e9 se verra d\u00e9cerner le titre de Ma\u00eetre des Flammes !<\/p>\n<\/div>\n<\/div><\/div><\/div><\/div><div id=\"pg-10330-3\"  class=\"panel-grid panel-no-style\" ><div id=\"pgc-10330-3-0\"  class=\"panel-grid-cell\" ><div id=\"panel-10330-3-0-0\" class=\"so-panel widget widget_sow-editor panel-first-child panel-last-child\" data-index=\"8\" ><div\n\t\t\t\n\t\t\tclass=\"so-widget-sow-editor so-widget-sow-editor-base\"\n\t\t\t\n\t\t>\n<div class=\"siteorigin-widget-tinymce textwidget\">\n\t<hr \/>\n<h3 style=\"text-align: center;\">En vid\u00e9o<\/h3>\n<p><a href=\"https:\/\/www.youtube.com\/embed\/gFmgGQtAWL0\" target=\"_blank\" rel=\"noopener\"><img loading=\"lazy\" decoding=\"async\" class=\"alignnone size-full wp-image-9090\" src=\"https:\/\/meeplendice.net\/wp-content\/uploads\/2022\/01\/Link_CJ_v2.png\" alt=\"\" width=\"200\" height=\"170\" \/><\/a><\/p>\n<\/div>\n<\/div><\/div><\/div><\/div><div id=\"pg-10330-4\"  class=\"panel-grid panel-no-style\" ><div id=\"pgc-10330-4-0\"  class=\"panel-grid-cell\" ><div id=\"panel-10330-4-0-0\" class=\"so-panel widget widget_sow-editor panel-first-child panel-last-child\" data-index=\"9\" ><div\n\t\t\t\n\t\t\tclass=\"so-widget-sow-editor so-widget-sow-editor-base\"\n\t\t\t\n\t\t>\n<div class=\"siteorigin-widget-tinymce textwidget\">\n\t<hr \/>\n<h3 style=\"text-align: center;\">Pour aller plus loin<\/h3>\n<\/div>\n<\/div><\/div><\/div><\/div><\/div>","protected":false},"excerpt":{"rendered":"<p>Nombre de joueurs : 1 &#8211; 5 Dur\u00e9e moyenne : 90 min Age : 14 ans et plus Auteur(s) : Manny Vega Illustrations : Sandara Tang \u00c9dition : Lucky Duck Games 2022 Version : Fran\u00e7aise Deluxe<\/p>\n","protected":false},"author":2,"featured_media":10337,"parent":0,"menu_order":0,"comment_status":"closed","ping_status":"closed","template":"","meta":{"footnotes":""},"class_list":["post-10330","page","type-page","status-publish","has-post-thumbnail","hentry"],"acf":[],"rttpg_featured_image_url":{"full":["https:\/\/meeplendice.net\/wp-content\/uploads\/2022\/12\/Flamecraft.png",350,350,false],"landscape":["https:\/\/meeplendice.net\/wp-content\/uploads\/2022\/12\/Flamecraft.png",350,350,false],"portraits":["https:\/\/meeplendice.net\/wp-content\/uploads\/2022\/12\/Flamecraft.png",350,350,false],"thumbnail":["https:\/\/meeplendice.net\/wp-content\/uploads\/2022\/12\/Flamecraft-150x150.png",150,150,true],"medium":["https:\/\/meeplendice.net\/wp-content\/uploads\/2022\/12\/Flamecraft-300x300.png",300,300,true],"large":["https:\/\/meeplendice.net\/wp-content\/uploads\/2022\/12\/Flamecraft.png",350,350,false],"ug_big":["https:\/\/meeplendice.net\/wp-content\/uploads\/2022\/12\/Flamecraft.png",350,350,false],"1536x1536":["https:\/\/meeplendice.net\/wp-content\/uploads\/2022\/12\/Flamecraft.png",350,350,false],"2048x2048":["https:\/\/meeplendice.net\/wp-content\/uploads\/2022\/12\/Flamecraft.png",350,350,false],"ashe-slider-grid-thumbnail":["https:\/\/meeplendice.net\/wp-content\/uploads\/2022\/12\/Flamecraft.png",350,350,false],"ashe-full-thumbnail":["https:\/\/meeplendice.net\/wp-content\/uploads\/2022\/12\/Flamecraft.png",350,350,false],"ashe-grid-thumbnail":["https:\/\/meeplendice.net\/wp-content\/uploads\/2022\/12\/Flamecraft-350x330.png",350,330,true],"ashe-list-thumbnail":["https:\/\/meeplendice.net\/wp-content\/uploads\/2022\/12\/Flamecraft-300x300.png",300,300,true],"ashe-single-navigation":["https:\/\/meeplendice.net\/wp-content\/uploads\/2022\/12\/Flamecraft-75x75.png",75,75,true],"mailpoet_newsletter_max":["https:\/\/meeplendice.net\/wp-content\/uploads\/2022\/12\/Flamecraft.png",350,350,false],"rpwe-thumbnail":["https:\/\/meeplendice.net\/wp-content\/uploads\/2022\/12\/Flamecraft-45x45.png",45,45,true],"sow-carousel-default":["https:\/\/meeplendice.net\/wp-content\/uploads\/2022\/12\/Flamecraft-272x182.png",272,182,true],"rt_custom":["https:\/\/meeplendice.net\/wp-content\/uploads\/2022\/12\/Flamecraft.png",350,350,false]},"rttpg_author":{"display_name":"Karnby","author_link":"https:\/\/meeplendice.net\/?author=2"},"rttpg_comment":0,"rttpg_category":null,"rttpg_excerpt":"Nombre de joueurs : 1 - 5 Dur\u00e9e moyenne : 90 min Age : 14 ans et plus Auteur(s) : Manny Vega Illustrations : Sandara Tang \u00c9dition : Lucky Duck Games 2022 Version : Fran\u00e7aise Deluxe","_links":{"self":[{"href":"https:\/\/meeplendice.net\/index.php?rest_route=\/wp\/v2\/pages\/10330","targetHints":{"allow":["GET"]}}],"collection":[{"href":"https:\/\/meeplendice.net\/index.php?rest_route=\/wp\/v2\/pages"}],"about":[{"href":"https:\/\/meeplendice.net\/index.php?rest_route=\/wp\/v2\/types\/page"}],"author":[{"embeddable":true,"href":"https:\/\/meeplendice.net\/index.php?rest_route=\/wp\/v2\/users\/2"}],"replies":[{"embeddable":true,"href":"https:\/\/meeplendice.net\/index.php?rest_route=%2Fwp%2Fv2%2Fcomments&post=10330"}],"version-history":[{"count":10,"href":"https:\/\/meeplendice.net\/index.php?rest_route=\/wp\/v2\/pages\/10330\/revisions"}],"predecessor-version":[{"id":10561,"href":"https:\/\/meeplendice.net\/index.php?rest_route=\/wp\/v2\/pages\/10330\/revisions\/10561"}],"wp:featuredmedia":[{"embeddable":true,"href":"https:\/\/meeplendice.net\/index.php?rest_route=\/wp\/v2\/media\/10337"}],"wp:attachment":[{"href":"https:\/\/meeplendice.net\/index.php?rest_route=%2Fwp%2Fv2%2Fmedia&parent=10330"}],"curies":[{"name":"wp","href":"https:\/\/api.w.org\/{rel}","templated":true}]}}