{"id":10455,"date":"2023-01-29T16:58:42","date_gmt":"2023-01-29T15:58:42","guid":{"rendered":"https:\/\/meeplendice.net\/?page_id=10455"},"modified":"2025-12-15T18:08:02","modified_gmt":"2025-12-15T16:08:02","slug":"unlock-extraordinary-adventures","status":"publish","type":"page","link":"https:\/\/meeplendice.net\/?page_id=10455","title":{"rendered":"Extraordinary Adventures"},"content":{"rendered":"<div id=\"pl-10455\"  class=\"panel-layout\" ><div id=\"pg-10455-0\"  class=\"panel-grid panel-no-style\" ><div id=\"pgc-10455-0-0\"  class=\"panel-grid-cell\" ><div id=\"panel-10455-0-0-0\" class=\"so-panel widget widget_sow-editor panel-first-child panel-last-child\" data-index=\"0\" ><div\n\t\t\t\n\t\t\tclass=\"so-widget-sow-editor so-widget-sow-editor-base\"\n\t\t\t\n\t\t>\n<div class=\"siteorigin-widget-tinymce textwidget\">\n\t<p style=\"text-align: center;\"><strong>Auteur(s) :<br \/>\n<\/strong>Cyril Demaegd<br \/>\nMathieu Casnin<br \/>\nJack Gitz<br \/>\nRenaud Chaillat<\/p>\n<\/div>\n<\/div><\/div><\/div><div id=\"pgc-10455-0-1\"  class=\"panel-grid-cell\" ><div id=\"panel-10455-0-1-0\" class=\"so-panel widget widget_sow-editor panel-first-child panel-last-child\" data-index=\"1\" ><div\n\t\t\t\n\t\t\tclass=\"so-widget-sow-editor so-widget-sow-editor-base\"\n\t\t\t\n\t\t>\n<div class=\"siteorigin-widget-tinymce textwidget\">\n\t<p style=\"text-align: center;\"><strong>Illustrations :<br \/>\n<\/strong>Laurent Bazart<br \/>\nNeriac<br \/>\nCyrille Bertin<\/p>\n<\/div>\n<\/div><\/div><\/div><div id=\"pgc-10455-0-2\"  class=\"panel-grid-cell\" ><div id=\"panel-10455-0-2-0\" class=\"so-panel widget widget_sow-editor panel-first-child panel-last-child\" data-index=\"2\" ><div\n\t\t\t\n\t\t\tclass=\"so-widget-sow-editor so-widget-sow-editor-base\"\n\t\t\t\n\t\t>\n<div class=\"siteorigin-widget-tinymce textwidget\">\n\t<p style=\"text-align: center;\"><strong>\u00c9dition :<\/strong><br \/>\nSpace Cowboys<br \/>\n2022<\/p>\n<\/div>\n<\/div><\/div><\/div><div id=\"pgc-10455-0-3\"  class=\"panel-grid-cell\" ><div id=\"panel-10455-0-3-0\" class=\"so-panel widget widget_sow-editor panel-first-child panel-last-child\" data-index=\"3\" ><div\n\t\t\t\n\t\t\tclass=\"so-widget-sow-editor so-widget-sow-editor-base\"\n\t\t\t\n\t\t>\n<div class=\"siteorigin-widget-tinymce textwidget\">\n\t<p style=\"text-align: center;\"><strong>Version :<\/strong><br \/>\nFran\u00e7aise<\/p>\n<\/div>\n<\/div><\/div><\/div><\/div><div id=\"pg-10455-1\"  class=\"panel-grid panel-no-style\" ><div id=\"pgc-10455-1-0\"  class=\"panel-grid-cell\" ><div id=\"panel-10455-1-0-0\" class=\"so-panel widget widget_sow-editor panel-first-child panel-last-child\" data-index=\"4\" ><div\n\t\t\t\n\t\t\tclass=\"so-widget-sow-editor so-widget-sow-editor-base\"\n\t\t\t\n\t\t>\n<div class=\"siteorigin-widget-tinymce textwidget\">\n\t<p>La bo\u00eete <em>Unlock! Extraordinary Adventures<\/em> contient trois aventures :<\/p>\n<p><strong><em>Restart<\/em><\/strong><br \/>\nRien ne va plus \u00e0 Cr\u00e9aria, un jeu vid\u00e9o des ann\u00e9es 90. Volez au secours du roi et de la reine, et remettez de l'ordre dans ce royaume de pixels.<\/p>\n<p><strong><em>Hollywood Confidential<br \/>\n<\/em><\/strong>Votre patron, le d\u00e9tective Jack Marlowe, a disparu. Menez l'enqu\u00eate dans les coulisses de la machine \u00e0 r\u00eaves hollywoodienne.<\/p>\n<p><em><strong>L'Odyss\u00e9e de W.A.F.F.<\/strong>Des signaux re\u00e7us d'une \u00e9trange plan\u00e8te semblent y indiquer une pr\u00e9sence de vie. Partez en mission pour percer ce myst\u00e8re !<br \/>\n<\/em><\/p>\n<\/div>\n<\/div><\/div><\/div><\/div><\/div>","protected":false},"excerpt":{"rendered":"<p>Auteur(s) : Cyril Demaegd Mathieu Casnin Jack Gitz Renaud Chaillat Illustrations : Laurent Bazart Neriac Cyrille Bertin \u00c9dition : Space Cowboys 2022 Version : Fran\u00e7aise La bo\u00eete Unlock! Extraordinary Adventures contient trois aventures : Restart Rien ne va plus \u00e0 Cr\u00e9aria, un jeu vid\u00e9o des ann\u00e9es 90. Volez au secours du roi et de la reine, et remettez de l&rsquo;ordre dans ce royaume de pixels. Hollywood Confidential Votre patron, le d\u00e9tective Jack Marlowe, a disparu. Menez l&rsquo;enqu\u00eate dans les coulisses de la machine \u00e0 r\u00eaves hollywoodienne. L&rsquo;Odyss\u00e9e de W.A.F.F.Des signaux re\u00e7us d&rsquo;une \u00e9trange plan\u00e8te semblent y indiquer une pr\u00e9sence de vie. Partez en mission pour percer ce myst\u00e8re !<\/p>\n","protected":false},"author":2,"featured_media":13778,"parent":2446,"menu_order":11,"comment_status":"closed","ping_status":"closed","template":"","meta":{"footnotes":""},"class_list":["post-10455","page","type-page","status-publish","has-post-thumbnail","hentry"],"acf":[],"rttpg_featured_image_url":{"full":["https:\/\/meeplendice.net\/wp-content\/uploads\/2025\/12\/Unlock_Extraordinary.png",350,350,false],"landscape":["https:\/\/meeplendice.net\/wp-content\/uploads\/2025\/12\/Unlock_Extraordinary.png",350,350,false],"portraits":["https:\/\/meeplendice.net\/wp-content\/uploads\/2025\/12\/Unlock_Extraordinary.png",350,350,false],"thumbnail":["https:\/\/meeplendice.net\/wp-content\/uploads\/2025\/12\/Unlock_Extraordinary-150x150.png",150,150,true],"medium":["https:\/\/meeplendice.net\/wp-content\/uploads\/2025\/12\/Unlock_Extraordinary-300x300.png",300,300,true],"large":["https:\/\/meeplendice.net\/wp-content\/uploads\/2025\/12\/Unlock_Extraordinary.png",350,350,false],"ug_big":["https:\/\/meeplendice.net\/wp-content\/uploads\/2025\/12\/Unlock_Extraordinary.png",350,350,false],"1536x1536":["https:\/\/meeplendice.net\/wp-content\/uploads\/2025\/12\/Unlock_Extraordinary.png",350,350,false],"2048x2048":["https:\/\/meeplendice.net\/wp-content\/uploads\/2025\/12\/Unlock_Extraordinary.png",350,350,false],"ashe-slider-grid-thumbnail":["https:\/\/meeplendice.net\/wp-content\/uploads\/2025\/12\/Unlock_Extraordinary.png",350,350,false],"ashe-full-thumbnail":["https:\/\/meeplendice.net\/wp-content\/uploads\/2025\/12\/Unlock_Extraordinary.png",350,350,false],"ashe-grid-thumbnail":["https:\/\/meeplendice.net\/wp-content\/uploads\/2025\/12\/Unlock_Extraordinary-350x330.png",350,330,true],"ashe-list-thumbnail":["https:\/\/meeplendice.net\/wp-content\/uploads\/2025\/12\/Unlock_Extraordinary-300x300.png",300,300,true],"ashe-single-navigation":["https:\/\/meeplendice.net\/wp-content\/uploads\/2025\/12\/Unlock_Extraordinary-75x75.png",75,75,true],"mailpoet_newsletter_max":["https:\/\/meeplendice.net\/wp-content\/uploads\/2025\/12\/Unlock_Extraordinary.png",350,350,false],"rpwe-thumbnail":["https:\/\/meeplendice.net\/wp-content\/uploads\/2025\/12\/Unlock_Extraordinary-45x45.png",45,45,true],"sow-carousel-default":["https:\/\/meeplendice.net\/wp-content\/uploads\/2025\/12\/Unlock_Extraordinary-272x182.png",272,182,true],"rt_custom":["https:\/\/meeplendice.net\/wp-content\/uploads\/2025\/12\/Unlock_Extraordinary.png",350,350,false]},"rttpg_author":{"display_name":"Karnby","author_link":"https:\/\/meeplendice.net\/?author=2"},"rttpg_comment":0,"rttpg_category":null,"rttpg_excerpt":"Auteur(s) : Cyril Demaegd Mathieu Casnin Jack Gitz Renaud Chaillat Illustrations : Laurent Bazart Neriac Cyrille Bertin \u00c9dition : Space Cowboys 2022 Version : Fran\u00e7aise La bo\u00eete Unlock! Extraordinary Adventures contient trois aventures : Restart Rien ne va plus \u00e0 Cr\u00e9aria, un jeu vid\u00e9o des ann\u00e9es 90. Volez au secours du roi et de la\u2026","_links":{"self":[{"href":"https:\/\/meeplendice.net\/index.php?rest_route=\/wp\/v2\/pages\/10455","targetHints":{"allow":["GET"]}}],"collection":[{"href":"https:\/\/meeplendice.net\/index.php?rest_route=\/wp\/v2\/pages"}],"about":[{"href":"https:\/\/meeplendice.net\/index.php?rest_route=\/wp\/v2\/types\/page"}],"author":[{"embeddable":true,"href":"https:\/\/meeplendice.net\/index.php?rest_route=\/wp\/v2\/users\/2"}],"replies":[{"embeddable":true,"href":"https:\/\/meeplendice.net\/index.php?rest_route=%2Fwp%2Fv2%2Fcomments&post=10455"}],"version-history":[{"count":6,"href":"https:\/\/meeplendice.net\/index.php?rest_route=\/wp\/v2\/pages\/10455\/revisions"}],"predecessor-version":[{"id":13820,"href":"https:\/\/meeplendice.net\/index.php?rest_route=\/wp\/v2\/pages\/10455\/revisions\/13820"}],"up":[{"embeddable":true,"href":"https:\/\/meeplendice.net\/index.php?rest_route=\/wp\/v2\/pages\/2446"}],"wp:featuredmedia":[{"embeddable":true,"href":"https:\/\/meeplendice.net\/index.php?rest_route=\/wp\/v2\/media\/13778"}],"wp:attachment":[{"href":"https:\/\/meeplendice.net\/index.php?rest_route=%2Fwp%2Fv2%2Fmedia&parent=10455"}],"curies":[{"name":"wp","href":"https:\/\/api.w.org\/{rel}","templated":true}]}}