{"id":10459,"date":"2023-01-29T17:04:00","date_gmt":"2023-01-29T16:04:00","guid":{"rendered":"https:\/\/meeplendice.net\/?page_id=10459"},"modified":"2025-12-16T12:17:34","modified_gmt":"2025-12-16T10:17:34","slug":"unlock-short-adventures-panique-en-cuisine","status":"publish","type":"page","link":"https:\/\/meeplendice.net\/?page_id=10459","title":{"rendered":"Panique en Cuisine !"},"content":{"rendered":"<div id=\"pl-10459\"  class=\"panel-layout\" ><div id=\"pg-10459-0\"  class=\"panel-grid panel-no-style\" ><div id=\"pgc-10459-0-0\"  class=\"panel-grid-cell\" ><div id=\"panel-10459-0-0-0\" class=\"so-panel widget widget_sow-editor panel-first-child panel-last-child\" data-index=\"0\" ><div\n\t\t\t\n\t\t\tclass=\"so-widget-sow-editor so-widget-sow-editor-base\"\n\t\t\t\n\t\t>\n<div class=\"siteorigin-widget-tinymce textwidget\">\n\t<p style=\"text-align: center;\"><strong>Auteur(s) :<br \/>\n<\/strong>Cyril Demaegd<br \/>\nMathieu Casnin<\/p>\n<\/div>\n<\/div><\/div><\/div><div id=\"pgc-10459-0-1\"  class=\"panel-grid-cell\" ><div id=\"panel-10459-0-1-0\" class=\"so-panel widget widget_sow-editor panel-first-child panel-last-child\" data-index=\"1\" ><div\n\t\t\t\n\t\t\tclass=\"so-widget-sow-editor so-widget-sow-editor-base\"\n\t\t\t\n\t\t>\n<div class=\"siteorigin-widget-tinymce textwidget\">\n\t<p style=\"text-align: center;\"><strong>Illustrations :<br \/>\n<\/strong>Pandaluna<strong><br \/>\n<\/strong><\/p>\n<\/div>\n<\/div><\/div><\/div><div id=\"pgc-10459-0-2\"  class=\"panel-grid-cell\" ><div id=\"panel-10459-0-2-0\" class=\"so-panel widget widget_sow-editor panel-first-child panel-last-child\" data-index=\"2\" ><div\n\t\t\t\n\t\t\tclass=\"so-widget-sow-editor so-widget-sow-editor-base\"\n\t\t\t\n\t\t>\n<div class=\"siteorigin-widget-tinymce textwidget\">\n\t<p style=\"text-align: center;\"><strong>\u00c9dition :<\/strong><br \/>\nSpace Cowboys<br \/>\n2022<\/p>\n<\/div>\n<\/div><\/div><\/div><div id=\"pgc-10459-0-3\"  class=\"panel-grid-cell\" ><div id=\"panel-10459-0-3-0\" class=\"so-panel widget widget_sow-editor panel-first-child panel-last-child\" data-index=\"3\" ><div\n\t\t\t\n\t\t\tclass=\"so-widget-sow-editor so-widget-sow-editor-base\"\n\t\t\t\n\t\t>\n<div class=\"siteorigin-widget-tinymce textwidget\">\n\t<p style=\"text-align: center;\"><strong>Version :<\/strong><br \/>\nFran\u00e7aise<\/p>\n<\/div>\n<\/div><\/div><\/div><\/div><div id=\"pg-10459-1\"  class=\"panel-grid panel-no-style\" ><div id=\"pgc-10459-1-0\"  class=\"panel-grid-cell\" ><div id=\"panel-10459-1-0-0\" class=\"so-panel widget widget_sow-editor panel-first-child panel-last-child\" data-index=\"4\" ><div\n\t\t\t\n\t\t\tclass=\"so-widget-sow-editor so-widget-sow-editor-base\"\n\t\t\t\n\t\t>\n<div class=\"siteorigin-widget-tinymce textwidget\">\n\t<p>Les escape rooms sont des salles dont vous devez vous \u00e9chapper en moins de 60min. <em>Unlock!<\/em> vous fait vivre ces exp\u00e9riences chez vous, autour d'une table. Mais en version courte et avec une seule aventure !<\/p>\n<p><img loading=\"lazy\" decoding=\"async\" class=\"size-full wp-image-13878 alignleft\" src=\"https:\/\/meeplendice.net\/wp-content\/uploads\/2025\/12\/Unlock_n01.png\" alt=\"\" width=\"100\" height=\"18\" \/><strong><em>Panique en cuisine<\/em><\/strong><br \/>\n<span class=\"wixui-rich-text__text\">Fuyez le cuisinier toqu\u00e9 en r\u00e9alisant des recettes pleines d'esprits !<\/span><\/p>\n<\/div>\n<\/div><\/div><\/div><\/div><\/div>","protected":false},"excerpt":{"rendered":"<p>Auteur(s) : Cyril Demaegd Mathieu Casnin Illustrations : Pandaluna \u00c9dition : Space Cowboys 2022 Version : Fran\u00e7aise Les escape rooms sont des salles dont vous devez vous \u00e9chapper en moins de 60min. Unlock! vous fait vivre ces exp\u00e9riences chez vous, autour d&rsquo;une table. Mais en version courte et avec une seule aventure ! Panique en cuisine Fuyez le cuisinier toqu\u00e9 en r\u00e9alisant des recettes pleines d&rsquo;esprits !<\/p>\n","protected":false},"author":2,"featured_media":13848,"parent":2446,"menu_order":1,"comment_status":"closed","ping_status":"closed","template":"","meta":{"footnotes":""},"class_list":["post-10459","page","type-page","status-publish","has-post-thumbnail","hentry"],"acf":[],"rttpg_featured_image_url":{"full":["https:\/\/meeplendice.net\/wp-content\/uploads\/2025\/12\/UnlockS_Cuisine.png",350,350,false],"landscape":["https:\/\/meeplendice.net\/wp-content\/uploads\/2025\/12\/UnlockS_Cuisine.png",350,350,false],"portraits":["https:\/\/meeplendice.net\/wp-content\/uploads\/2025\/12\/UnlockS_Cuisine.png",350,350,false],"thumbnail":["https:\/\/meeplendice.net\/wp-content\/uploads\/2025\/12\/UnlockS_Cuisine-150x150.png",150,150,true],"medium":["https:\/\/meeplendice.net\/wp-content\/uploads\/2025\/12\/UnlockS_Cuisine-300x300.png",300,300,true],"large":["https:\/\/meeplendice.net\/wp-content\/uploads\/2025\/12\/UnlockS_Cuisine.png",350,350,false],"ug_big":["https:\/\/meeplendice.net\/wp-content\/uploads\/2025\/12\/UnlockS_Cuisine.png",350,350,false],"1536x1536":["https:\/\/meeplendice.net\/wp-content\/uploads\/2025\/12\/UnlockS_Cuisine.png",350,350,false],"2048x2048":["https:\/\/meeplendice.net\/wp-content\/uploads\/2025\/12\/UnlockS_Cuisine.png",350,350,false],"ashe-slider-grid-thumbnail":["https:\/\/meeplendice.net\/wp-content\/uploads\/2025\/12\/UnlockS_Cuisine.png",350,350,false],"ashe-full-thumbnail":["https:\/\/meeplendice.net\/wp-content\/uploads\/2025\/12\/UnlockS_Cuisine.png",350,350,false],"ashe-grid-thumbnail":["https:\/\/meeplendice.net\/wp-content\/uploads\/2025\/12\/UnlockS_Cuisine-350x330.png",350,330,true],"ashe-list-thumbnail":["https:\/\/meeplendice.net\/wp-content\/uploads\/2025\/12\/UnlockS_Cuisine-300x300.png",300,300,true],"ashe-single-navigation":["https:\/\/meeplendice.net\/wp-content\/uploads\/2025\/12\/UnlockS_Cuisine-75x75.png",75,75,true],"mailpoet_newsletter_max":["https:\/\/meeplendice.net\/wp-content\/uploads\/2025\/12\/UnlockS_Cuisine.png",350,350,false],"rpwe-thumbnail":["https:\/\/meeplendice.net\/wp-content\/uploads\/2025\/12\/UnlockS_Cuisine-45x45.png",45,45,true],"sow-carousel-default":["https:\/\/meeplendice.net\/wp-content\/uploads\/2025\/12\/UnlockS_Cuisine-272x182.png",272,182,true],"rt_custom":["https:\/\/meeplendice.net\/wp-content\/uploads\/2025\/12\/UnlockS_Cuisine.png",350,350,false]},"rttpg_author":{"display_name":"Karnby","author_link":"https:\/\/meeplendice.net\/?author=2"},"rttpg_comment":0,"rttpg_category":null,"rttpg_excerpt":"Auteur(s) : Cyril Demaegd Mathieu Casnin Illustrations : Pandaluna \u00c9dition : Space Cowboys 2022 Version : Fran\u00e7aise Les escape rooms sont des salles dont vous devez vous \u00e9chapper en moins de 60min. Unlock! vous fait vivre ces exp\u00e9riences chez vous, autour d'une table. Mais en version courte et avec une seule aventure ! Panique en\u2026","_links":{"self":[{"href":"https:\/\/meeplendice.net\/index.php?rest_route=\/wp\/v2\/pages\/10459","targetHints":{"allow":["GET"]}}],"collection":[{"href":"https:\/\/meeplendice.net\/index.php?rest_route=\/wp\/v2\/pages"}],"about":[{"href":"https:\/\/meeplendice.net\/index.php?rest_route=\/wp\/v2\/types\/page"}],"author":[{"embeddable":true,"href":"https:\/\/meeplendice.net\/index.php?rest_route=\/wp\/v2\/users\/2"}],"replies":[{"embeddable":true,"href":"https:\/\/meeplendice.net\/index.php?rest_route=%2Fwp%2Fv2%2Fcomments&post=10459"}],"version-history":[{"count":9,"href":"https:\/\/meeplendice.net\/index.php?rest_route=\/wp\/v2\/pages\/10459\/revisions"}],"predecessor-version":[{"id":13879,"href":"https:\/\/meeplendice.net\/index.php?rest_route=\/wp\/v2\/pages\/10459\/revisions\/13879"}],"up":[{"embeddable":true,"href":"https:\/\/meeplendice.net\/index.php?rest_route=\/wp\/v2\/pages\/2446"}],"wp:featuredmedia":[{"embeddable":true,"href":"https:\/\/meeplendice.net\/index.php?rest_route=\/wp\/v2\/media\/13848"}],"wp:attachment":[{"href":"https:\/\/meeplendice.net\/index.php?rest_route=%2Fwp%2Fv2%2Fmedia&parent=10459"}],"curies":[{"name":"wp","href":"https:\/\/api.w.org\/{rel}","templated":true}]}}