{"id":10469,"date":"2023-01-29T17:16:14","date_gmt":"2023-01-29T16:16:14","guid":{"rendered":"https:\/\/meeplendice.net\/?page_id=10469"},"modified":"2025-12-16T12:49:57","modified_gmt":"2025-12-16T10:49:57","slug":"unlock-short-adventures-le-reveil-de-la-momie","status":"publish","type":"page","link":"https:\/\/meeplendice.net\/?page_id=10469","title":{"rendered":"Le reveil de la momie"},"content":{"rendered":"<div id=\"pl-10469\"  class=\"panel-layout\" ><div id=\"pg-10469-0\"  class=\"panel-grid panel-no-style\" ><div id=\"pgc-10469-0-0\"  class=\"panel-grid-cell\" ><div id=\"panel-10469-0-0-0\" class=\"so-panel widget widget_sow-editor panel-first-child panel-last-child\" data-index=\"0\" ><div\n\t\t\t\n\t\t\tclass=\"so-widget-sow-editor so-widget-sow-editor-base\"\n\t\t\t\n\t\t>\n<div class=\"siteorigin-widget-tinymce textwidget\">\n\t<p style=\"text-align: center;\"><strong>Auteur(s) :<br \/>\n<\/strong>Cyril Demaegd<br \/>\nMathieu Casnin<\/p>\n<\/div>\n<\/div><\/div><\/div><div id=\"pgc-10469-0-1\"  class=\"panel-grid-cell\" ><div id=\"panel-10469-0-1-0\" class=\"so-panel widget widget_sow-editor panel-first-child panel-last-child\" data-index=\"1\" ><div\n\t\t\t\n\t\t\tclass=\"so-widget-sow-editor so-widget-sow-editor-base\"\n\t\t\t\n\t\t>\n<div class=\"siteorigin-widget-tinymce textwidget\">\n\t<p style=\"text-align: center;\"><strong>Illustrations :<br \/>\n<\/strong>Neriac<strong><br \/>\n<\/strong><\/p>\n<\/div>\n<\/div><\/div><\/div><div id=\"pgc-10469-0-2\"  class=\"panel-grid-cell\" ><div id=\"panel-10469-0-2-0\" class=\"so-panel widget widget_sow-editor panel-first-child panel-last-child\" data-index=\"2\" ><div\n\t\t\t\n\t\t\tclass=\"so-widget-sow-editor so-widget-sow-editor-base\"\n\t\t\t\n\t\t>\n<div class=\"siteorigin-widget-tinymce textwidget\">\n\t<p style=\"text-align: center;\"><strong>\u00c9dition :<\/strong><br \/>\nSpace Cowboys<br \/>\n2022<\/p>\n<\/div>\n<\/div><\/div><\/div><div id=\"pgc-10469-0-3\"  class=\"panel-grid-cell\" ><div id=\"panel-10469-0-3-0\" class=\"so-panel widget widget_sow-editor panel-first-child panel-last-child\" data-index=\"3\" ><div\n\t\t\t\n\t\t\tclass=\"so-widget-sow-editor so-widget-sow-editor-base\"\n\t\t\t\n\t\t>\n<div class=\"siteorigin-widget-tinymce textwidget\">\n\t<p style=\"text-align: center;\"><strong>Version :<\/strong><br \/>\nFran\u00e7aise<\/p>\n<\/div>\n<\/div><\/div><\/div><\/div><div id=\"pg-10469-1\"  class=\"panel-grid panel-no-style\" ><div id=\"pgc-10469-1-0\"  class=\"panel-grid-cell\" ><div id=\"panel-10469-1-0-0\" class=\"so-panel widget widget_sow-editor panel-first-child panel-last-child\" data-index=\"4\" ><div\n\t\t\t\n\t\t\tclass=\"so-widget-sow-editor so-widget-sow-editor-base\"\n\t\t\t\n\t\t>\n<div class=\"siteorigin-widget-tinymce textwidget\">\n\t<p>Les escape rooms sont des salles dont vous devez vous \u00e9chapper en moins de 60min. <em>Unlock!<\/em> vous fait vivre ces exp\u00e9riences chez vous, autour d'une table. Mais en version courte et avec une seule aventure !<\/p>\n<p><strong><em><img loading=\"lazy\" decoding=\"async\" class=\"size-full wp-image-13881 alignleft\" src=\"https:\/\/meeplendice.net\/wp-content\/uploads\/2025\/12\/Unlock_n02.png\" alt=\"\" width=\"100\" height=\"18\" \/>Le r\u00e9veil de la momie<\/em><\/strong><br \/>\nTrouvez un chemin vers le sarcophage maudit dans un labyrinthe aux multiples pi\u00e8ges !<\/p>\n<\/div>\n<\/div><\/div><\/div><\/div><\/div>","protected":false},"excerpt":{"rendered":"<p>Auteur(s) : Cyril Demaegd Mathieu Casnin Illustrations : Neriac \u00c9dition : Space Cowboys 2022 Version : Fran\u00e7aise Les escape rooms sont des salles dont vous devez vous \u00e9chapper en moins de 60min. Unlock! vous fait vivre ces exp\u00e9riences chez vous, autour d&rsquo;une table. Mais en version courte et avec une seule aventure ! Le r\u00e9veil de la momie Trouvez un chemin vers le sarcophage maudit dans un labyrinthe aux multiples pi\u00e8ges !<\/p>\n","protected":false},"author":2,"featured_media":13840,"parent":2446,"menu_order":4,"comment_status":"closed","ping_status":"closed","template":"","meta":{"footnotes":""},"class_list":["post-10469","page","type-page","status-publish","has-post-thumbnail","hentry"],"acf":[],"rttpg_featured_image_url":{"full":["https:\/\/meeplendice.net\/wp-content\/uploads\/2025\/12\/UnlockS_Momie.png",350,350,false],"landscape":["https:\/\/meeplendice.net\/wp-content\/uploads\/2025\/12\/UnlockS_Momie.png",350,350,false],"portraits":["https:\/\/meeplendice.net\/wp-content\/uploads\/2025\/12\/UnlockS_Momie.png",350,350,false],"thumbnail":["https:\/\/meeplendice.net\/wp-content\/uploads\/2025\/12\/UnlockS_Momie-150x150.png",150,150,true],"medium":["https:\/\/meeplendice.net\/wp-content\/uploads\/2025\/12\/UnlockS_Momie-300x300.png",300,300,true],"large":["https:\/\/meeplendice.net\/wp-content\/uploads\/2025\/12\/UnlockS_Momie.png",350,350,false],"ug_big":["https:\/\/meeplendice.net\/wp-content\/uploads\/2025\/12\/UnlockS_Momie.png",350,350,false],"1536x1536":["https:\/\/meeplendice.net\/wp-content\/uploads\/2025\/12\/UnlockS_Momie.png",350,350,false],"2048x2048":["https:\/\/meeplendice.net\/wp-content\/uploads\/2025\/12\/UnlockS_Momie.png",350,350,false],"ashe-slider-grid-thumbnail":["https:\/\/meeplendice.net\/wp-content\/uploads\/2025\/12\/UnlockS_Momie.png",350,350,false],"ashe-full-thumbnail":["https:\/\/meeplendice.net\/wp-content\/uploads\/2025\/12\/UnlockS_Momie.png",350,350,false],"ashe-grid-thumbnail":["https:\/\/meeplendice.net\/wp-content\/uploads\/2025\/12\/UnlockS_Momie-350x330.png",350,330,true],"ashe-list-thumbnail":["https:\/\/meeplendice.net\/wp-content\/uploads\/2025\/12\/UnlockS_Momie-300x300.png",300,300,true],"ashe-single-navigation":["https:\/\/meeplendice.net\/wp-content\/uploads\/2025\/12\/UnlockS_Momie-75x75.png",75,75,true],"mailpoet_newsletter_max":["https:\/\/meeplendice.net\/wp-content\/uploads\/2025\/12\/UnlockS_Momie.png",350,350,false],"rpwe-thumbnail":["https:\/\/meeplendice.net\/wp-content\/uploads\/2025\/12\/UnlockS_Momie-45x45.png",45,45,true],"sow-carousel-default":["https:\/\/meeplendice.net\/wp-content\/uploads\/2025\/12\/UnlockS_Momie-272x182.png",272,182,true],"rt_custom":["https:\/\/meeplendice.net\/wp-content\/uploads\/2025\/12\/UnlockS_Momie.png",350,350,false]},"rttpg_author":{"display_name":"Karnby","author_link":"https:\/\/meeplendice.net\/?author=2"},"rttpg_comment":0,"rttpg_category":null,"rttpg_excerpt":"Auteur(s) : Cyril Demaegd Mathieu Casnin Illustrations : Neriac \u00c9dition : Space Cowboys 2022 Version : Fran\u00e7aise Les escape rooms sont des salles dont vous devez vous \u00e9chapper en moins de 60min. Unlock! vous fait vivre ces exp\u00e9riences chez vous, autour d'une table. Mais en version courte et avec une seule aventure ! Le r\u00e9veil\u2026","_links":{"self":[{"href":"https:\/\/meeplendice.net\/index.php?rest_route=\/wp\/v2\/pages\/10469","targetHints":{"allow":["GET"]}}],"collection":[{"href":"https:\/\/meeplendice.net\/index.php?rest_route=\/wp\/v2\/pages"}],"about":[{"href":"https:\/\/meeplendice.net\/index.php?rest_route=\/wp\/v2\/types\/page"}],"author":[{"embeddable":true,"href":"https:\/\/meeplendice.net\/index.php?rest_route=\/wp\/v2\/users\/2"}],"replies":[{"embeddable":true,"href":"https:\/\/meeplendice.net\/index.php?rest_route=%2Fwp%2Fv2%2Fcomments&post=10469"}],"version-history":[{"count":4,"href":"https:\/\/meeplendice.net\/index.php?rest_route=\/wp\/v2\/pages\/10469\/revisions"}],"predecessor-version":[{"id":13886,"href":"https:\/\/meeplendice.net\/index.php?rest_route=\/wp\/v2\/pages\/10469\/revisions\/13886"}],"up":[{"embeddable":true,"href":"https:\/\/meeplendice.net\/index.php?rest_route=\/wp\/v2\/pages\/2446"}],"wp:featuredmedia":[{"embeddable":true,"href":"https:\/\/meeplendice.net\/index.php?rest_route=\/wp\/v2\/media\/13840"}],"wp:attachment":[{"href":"https:\/\/meeplendice.net\/index.php?rest_route=%2Fwp%2Fv2%2Fmedia&parent=10469"}],"curies":[{"name":"wp","href":"https:\/\/api.w.org\/{rel}","templated":true}]}}