{"id":10490,"date":"2023-01-29T17:29:16","date_gmt":"2023-01-29T16:29:16","guid":{"rendered":"https:\/\/meeplendice.net\/?page_id=10490"},"modified":"2025-11-30T12:36:56","modified_gmt":"2025-11-30T10:36:56","slug":"unmatched-combats-de-legendes-volume-2","status":"publish","type":"page","link":"https:\/\/meeplendice.net\/?page_id=10490","title":{"rendered":"Unmatched : Combats de L\u00e9gendes &#8211; Volume 2"},"content":{"rendered":"<div id=\"pl-10490\"  class=\"panel-layout\" ><div id=\"pg-10490-0\"  class=\"panel-grid panel-no-style\" ><div id=\"pgc-10490-0-0\"  class=\"panel-grid-cell\" ><div id=\"panel-10490-0-0-0\" class=\"so-panel widget widget_sow-editor panel-first-child panel-last-child\" data-index=\"0\" ><div\n\t\t\t\n\t\t\tclass=\"so-widget-sow-editor so-widget-sow-editor-base\"\n\t\t\t\n\t\t>\n<div class=\"siteorigin-widget-tinymce textwidget\">\n\t<p style=\"text-align: center;\"><strong>Nombre de joueurs :<\/strong><br \/>\n2 - 4<\/p>\n<\/div>\n<\/div><\/div><\/div><div id=\"pgc-10490-0-1\"  class=\"panel-grid-cell\" ><div id=\"panel-10490-0-1-0\" class=\"so-panel widget widget_sow-editor panel-first-child panel-last-child\" data-index=\"1\" ><div\n\t\t\t\n\t\t\tclass=\"so-widget-sow-editor so-widget-sow-editor-base\"\n\t\t\t\n\t\t>\n<div class=\"siteorigin-widget-tinymce textwidget\">\n\t<p style=\"text-align: center;\"><strong>Auteur(s) :<br \/>\n<\/strong>Noah Cohen<br \/>\nRob Daviau<br \/>\nJustin D. Jacobson<br \/>\nChris Leder<br \/>\nBrian Neff<br \/>\nKevin Rodgers<\/p>\n<\/div>\n<\/div><\/div><\/div><div id=\"pgc-10490-0-2\"  class=\"panel-grid-cell\" ><div id=\"panel-10490-0-2-0\" class=\"so-panel widget widget_sow-editor panel-first-child panel-last-child\" data-index=\"2\" ><div\n\t\t\t\n\t\t\tclass=\"so-widget-sow-editor so-widget-sow-editor-base\"\n\t\t\t\n\t\t>\n<div class=\"siteorigin-widget-tinymce textwidget\">\n\t<p style=\"text-align: center;\"><strong>Illustrations :<br \/>\n<\/strong>Zo\u00eb van Dijkt<br \/>\nGarrett Kaida<\/p>\n<\/div>\n<\/div><\/div><\/div><div id=\"pgc-10490-0-3\"  class=\"panel-grid-cell\" ><div id=\"panel-10490-0-3-0\" class=\"so-panel widget widget_sow-editor panel-first-child panel-last-child\" data-index=\"3\" ><div\n\t\t\t\n\t\t\tclass=\"so-widget-sow-editor so-widget-sow-editor-base\"\n\t\t\t\n\t\t>\n<div class=\"siteorigin-widget-tinymce textwidget\">\n\t<p style=\"text-align: center;\"><strong>\u00c9dition :<\/strong><br \/>\nIello<br \/>\n2022<\/p>\n<\/div>\n<\/div><\/div><\/div><div id=\"pgc-10490-0-4\"  class=\"panel-grid-cell\" ><div id=\"panel-10490-0-4-0\" class=\"so-panel widget widget_sow-editor panel-first-child panel-last-child\" data-index=\"4\" ><div\n\t\t\t\n\t\t\tclass=\"so-widget-sow-editor so-widget-sow-editor-base\"\n\t\t\t\n\t\t>\n<div class=\"siteorigin-widget-tinymce textwidget\">\n\t<p style=\"text-align: center;\"><strong>Version :<\/strong><br \/>\nFran\u00e7aise<\/p>\n<\/div>\n<\/div><\/div><\/div><\/div><div id=\"pg-10490-1\"  class=\"panel-grid panel-no-style\" ><div id=\"pgc-10490-1-0\"  class=\"panel-grid-cell\" ><div id=\"panel-10490-1-0-0\" class=\"so-panel widget widget_sow-editor panel-first-child panel-last-child\" data-index=\"5\" ><div\n\t\t\t\n\t\t\tclass=\"so-widget-sow-editor so-widget-sow-editor-base\"\n\t\t\t\n\t\t>\n<div class=\"siteorigin-widget-tinymce textwidget\">\n\t<hr \/>\n<p>Ce second volume <em>d\u2019Unmatched<\/em> vous permet d\u2019incarner Achille, Bloody Mary, Sun Wukong, Yennenga.<\/p>\n<ul>\n<li>Yennenga - Acolytes Archers<br \/>\n<em>Princesse guerri\u00e8re, chasseur hors pair, cheffe militaire et m\u00e8re de toute une nation, Yennenga conduit vos assauts. Elle peut compter sur ses archers pour diviser les rangs adverses et ainsi mieux les dominer.<br \/>\n<\/em><\/li>\n<\/ul>\n<p>&nbsp;<\/p>\n<ul>\n<li>Achille - Acolyte Patrocle<br \/>\n<em>Achille et Patrocle, deux fr\u00e8res d'armes b\u00e9nis par Herm\u00e8s, un v\u00e9ritable duo de choc. Et si Patrocle s'effondre, c'est en portant le casque d'Achille que vous courrez tragiquement \u00e0 votre perte.<br \/>\n<\/em><\/li>\n<\/ul>\n<p>&nbsp;<\/p>\n<ul>\n<li>Sun Wukong - Acolytes Clones<br \/>\n<em>Taureau, tortue, ph\u00e9nix, singe sournois. Une arm\u00e9e de clones marchant \u00e0 ses c\u00f4t\u00e9s, il vous d\u00e9routera autant par ses railleries que par ses coups r\u00e9p\u00e9t\u00e9s.<\/em><\/li>\n<\/ul>\n<p>&nbsp;<\/p>\n<ul>\n<li>Bloody Mary<br \/>\n<em>Plongez votre regard dans un miroir puis prononcez trois fois son nom, mais prenez garde : elle est plus proche qu'il n'y para\u00eet... C'\u00e9tait quoi \u00e7a ? Une apparition, ou juste un \u00e9clat de lumi\u00e8re fugace ?<\/em><\/li>\n<\/ul>\n<\/div>\n<\/div><\/div><\/div><\/div><\/div>","protected":false},"excerpt":{"rendered":"<p>Nombre de joueurs : 2 &#8211; 4 Auteur(s) : Noah Cohen Rob Daviau Justin D. Jacobson Chris Leder Brian Neff Kevin Rodgers Illustrations : Zo\u00eb van Dijkt Garrett Kaida \u00c9dition : Iello 2022 Version : Fran\u00e7aise Ce second volume d\u2019Unmatched vous permet d\u2019incarner Achille, Bloody Mary, Sun Wukong, Yennenga. Yennenga &#8211; Acolytes Archers Princesse guerri\u00e8re, chasseur hors pair, cheffe militaire et m\u00e8re de toute une nation, Yennenga conduit vos assauts. Elle peut compter sur ses archers pour diviser les rangs adverses et ainsi mieux les dominer. &nbsp; Achille &#8211; Acolyte Patrocle Achille et Patrocle, deux fr\u00e8res d&rsquo;armes b\u00e9nis par Herm\u00e8s, un v\u00e9ritable duo de choc. Et si Patrocle s&rsquo;effondre, c&rsquo;est en portant le casque d&rsquo;Achille que vous courrez tragiquement \u00e0 votre perte. &nbsp; Sun Wukong &#8211; Acolytes Clones Taureau, tortue, ph\u00e9nix, singe sournois. Une arm\u00e9e de clones marchant \u00e0 ses c\u00f4t\u00e9s, il vous d\u00e9routera autant par ses railleries que par ses coups r\u00e9p\u00e9t\u00e9s. &nbsp; Bloody Mary Plongez votre regard dans un miroir puis prononcez trois fois son nom, mais prenez garde : elle est plus proche qu&rsquo;il n&rsquo;y para\u00eet&#8230; C&rsquo;\u00e9tait quoi \u00e7a ? Une apparition, ou juste un \u00e9clat de lumi\u00e8re fugace ?<\/p>\n","protected":false},"author":2,"featured_media":12915,"parent":12879,"menu_order":2,"comment_status":"closed","ping_status":"closed","template":"","meta":{"footnotes":""},"class_list":["post-10490","page","type-page","status-publish","has-post-thumbnail","hentry"],"acf":[],"rttpg_featured_image_url":{"full":["https:\/\/meeplendice.net\/wp-content\/uploads\/2024\/11\/Unmatched_Vol02_vol.png",350,350,false],"landscape":["https:\/\/meeplendice.net\/wp-content\/uploads\/2024\/11\/Unmatched_Vol02_vol.png",350,350,false],"portraits":["https:\/\/meeplendice.net\/wp-content\/uploads\/2024\/11\/Unmatched_Vol02_vol.png",350,350,false],"thumbnail":["https:\/\/meeplendice.net\/wp-content\/uploads\/2024\/11\/Unmatched_Vol02_vol-150x150.png",150,150,true],"medium":["https:\/\/meeplendice.net\/wp-content\/uploads\/2024\/11\/Unmatched_Vol02_vol-300x300.png",300,300,true],"large":["https:\/\/meeplendice.net\/wp-content\/uploads\/2024\/11\/Unmatched_Vol02_vol.png",350,350,false],"ug_big":["https:\/\/meeplendice.net\/wp-content\/uploads\/2024\/11\/Unmatched_Vol02_vol.png",350,350,false],"1536x1536":["https:\/\/meeplendice.net\/wp-content\/uploads\/2024\/11\/Unmatched_Vol02_vol.png",350,350,false],"2048x2048":["https:\/\/meeplendice.net\/wp-content\/uploads\/2024\/11\/Unmatched_Vol02_vol.png",350,350,false],"ashe-slider-grid-thumbnail":["https:\/\/meeplendice.net\/wp-content\/uploads\/2024\/11\/Unmatched_Vol02_vol.png",350,350,false],"ashe-full-thumbnail":["https:\/\/meeplendice.net\/wp-content\/uploads\/2024\/11\/Unmatched_Vol02_vol.png",350,350,false],"ashe-grid-thumbnail":["https:\/\/meeplendice.net\/wp-content\/uploads\/2024\/11\/Unmatched_Vol02_vol-350x330.png",350,330,true],"ashe-list-thumbnail":["https:\/\/meeplendice.net\/wp-content\/uploads\/2024\/11\/Unmatched_Vol02_vol-300x300.png",300,300,true],"ashe-single-navigation":["https:\/\/meeplendice.net\/wp-content\/uploads\/2024\/11\/Unmatched_Vol02_vol-75x75.png",75,75,true],"mailpoet_newsletter_max":["https:\/\/meeplendice.net\/wp-content\/uploads\/2024\/11\/Unmatched_Vol02_vol.png",350,350,false],"rpwe-thumbnail":["https:\/\/meeplendice.net\/wp-content\/uploads\/2024\/11\/Unmatched_Vol02_vol-45x45.png",45,45,true],"sow-carousel-default":["https:\/\/meeplendice.net\/wp-content\/uploads\/2024\/11\/Unmatched_Vol02_vol-272x182.png",272,182,true],"rt_custom":["https:\/\/meeplendice.net\/wp-content\/uploads\/2024\/11\/Unmatched_Vol02_vol.png",350,350,false]},"rttpg_author":{"display_name":"Karnby","author_link":"https:\/\/meeplendice.net\/?author=2"},"rttpg_comment":0,"rttpg_category":null,"rttpg_excerpt":"Nombre de joueurs : 2 - 4 Auteur(s) : Noah Cohen Rob Daviau Justin D. Jacobson Chris Leder Brian Neff Kevin Rodgers Illustrations : Zo\u00eb van Dijkt Garrett Kaida \u00c9dition : Iello 2022 Version : Fran\u00e7aise Ce second volume d\u2019Unmatched vous permet d\u2019incarner Achille, Bloody Mary, Sun Wukong, Yennenga. Yennenga - Acolytes Archers Princesse guerri\u00e8re,\u2026","_links":{"self":[{"href":"https:\/\/meeplendice.net\/index.php?rest_route=\/wp\/v2\/pages\/10490","targetHints":{"allow":["GET"]}}],"collection":[{"href":"https:\/\/meeplendice.net\/index.php?rest_route=\/wp\/v2\/pages"}],"about":[{"href":"https:\/\/meeplendice.net\/index.php?rest_route=\/wp\/v2\/types\/page"}],"author":[{"embeddable":true,"href":"https:\/\/meeplendice.net\/index.php?rest_route=\/wp\/v2\/users\/2"}],"replies":[{"embeddable":true,"href":"https:\/\/meeplendice.net\/index.php?rest_route=%2Fwp%2Fv2%2Fcomments&post=10490"}],"version-history":[{"count":11,"href":"https:\/\/meeplendice.net\/index.php?rest_route=\/wp\/v2\/pages\/10490\/revisions"}],"predecessor-version":[{"id":13503,"href":"https:\/\/meeplendice.net\/index.php?rest_route=\/wp\/v2\/pages\/10490\/revisions\/13503"}],"up":[{"embeddable":true,"href":"https:\/\/meeplendice.net\/index.php?rest_route=\/wp\/v2\/pages\/12879"}],"wp:featuredmedia":[{"embeddable":true,"href":"https:\/\/meeplendice.net\/index.php?rest_route=\/wp\/v2\/media\/12915"}],"wp:attachment":[{"href":"https:\/\/meeplendice.net\/index.php?rest_route=%2Fwp%2Fv2%2Fmedia&parent=10490"}],"curies":[{"name":"wp","href":"https:\/\/api.w.org\/{rel}","templated":true}]}}