{"id":10514,"date":"2023-01-29T18:30:01","date_gmt":"2023-01-29T17:30:01","guid":{"rendered":"https:\/\/meeplendice.net\/?page_id=10514"},"modified":"2023-01-29T18:31:33","modified_gmt":"2023-01-29T17:31:33","slug":"hellton-palace","status":"publish","type":"page","link":"https:\/\/meeplendice.net\/?page_id=10514","title":{"rendered":"Hellton Palace"},"content":{"rendered":"<div id=\"pl-10514\"  class=\"panel-layout\" ><div id=\"pg-10514-0\"  class=\"panel-grid panel-no-style\" ><div id=\"pgc-10514-0-0\"  class=\"panel-grid-cell\" ><div id=\"panel-10514-0-0-0\" class=\"so-panel widget widget_sow-editor panel-first-child panel-last-child\" data-index=\"0\" ><div\n\t\t\t\n\t\t\tclass=\"so-widget-sow-editor so-widget-sow-editor-base\"\n\t\t\t\n\t\t>\n<div class=\"siteorigin-widget-tinymce textwidget\">\n\t<p style=\"text-align: center;\"><strong>Nombre de joueurs :<\/strong><br \/>\n2 - 2<\/p>\n<\/div>\n<\/div><\/div><\/div><div id=\"pgc-10514-0-1\"  class=\"panel-grid-cell\" ><div id=\"panel-10514-0-1-0\" class=\"so-panel widget widget_sow-editor panel-first-child panel-last-child\" data-index=\"1\" ><div\n\t\t\t\n\t\t\tclass=\"so-widget-sow-editor so-widget-sow-editor-base\"\n\t\t\t\n\t\t>\n<div class=\"siteorigin-widget-tinymce textwidget\">\n\t<p style=\"text-align: center;\"><strong>Dur\u00e9e moyenne :<\/strong><br \/>\n45 min<\/p>\n<\/div>\n<\/div><\/div><\/div><div id=\"pgc-10514-0-2\"  class=\"panel-grid-cell\" ><div id=\"panel-10514-0-2-0\" class=\"so-panel widget widget_sow-editor panel-first-child panel-last-child\" data-index=\"2\" ><div\n\t\t\t\n\t\t\tclass=\"so-widget-sow-editor so-widget-sow-editor-base\"\n\t\t\t\n\t\t>\n<div class=\"siteorigin-widget-tinymce textwidget\">\n\t<p style=\"text-align: center;\"><strong>Age :<\/strong><br \/>\n10 ans et plus<\/p>\n<\/div>\n<\/div><\/div><\/div><\/div><div id=\"pg-10514-1\"  class=\"panel-grid panel-no-style\" ><div id=\"pgc-10514-1-0\"  class=\"panel-grid-cell\" ><div id=\"panel-10514-1-0-0\" class=\"so-panel widget widget_sow-editor panel-first-child panel-last-child\" data-index=\"3\" ><div\n\t\t\t\n\t\t\tclass=\"so-widget-sow-editor so-widget-sow-editor-base\"\n\t\t\t\n\t\t>\n<div class=\"siteorigin-widget-tinymce textwidget\">\n\t<p style=\"text-align: center;\"><strong>Auteur(s) :<br \/>\n<\/strong>Jean-Baptiste Pigneur<\/p>\n<\/div>\n<\/div><\/div><\/div><div id=\"pgc-10514-1-1\"  class=\"panel-grid-cell\" ><div id=\"panel-10514-1-1-0\" class=\"so-panel widget widget_sow-editor panel-first-child panel-last-child\" data-index=\"4\" ><div\n\t\t\t\n\t\t\tclass=\"so-widget-sow-editor so-widget-sow-editor-base\"\n\t\t\t\n\t\t>\n<div class=\"siteorigin-widget-tinymce textwidget\">\n\t<p style=\"text-align: center;\"><strong>Illustrations :<br \/>\n<\/strong>Lorenzo Colangeli<\/p>\n<\/div>\n<\/div><\/div><\/div><div id=\"pgc-10514-1-2\"  class=\"panel-grid-cell\" ><div id=\"panel-10514-1-2-0\" class=\"so-panel widget widget_sow-editor panel-first-child panel-last-child\" data-index=\"5\" ><div\n\t\t\t\n\t\t\tclass=\"so-widget-sow-editor so-widget-sow-editor-base\"\n\t\t\t\n\t\t>\n<div class=\"siteorigin-widget-tinymce textwidget\">\n\t<p style=\"text-align: center;\"><strong>\u00c9dition :<\/strong><br \/>\nIello<br \/>\n2022<\/p>\n<\/div>\n<\/div><\/div><\/div><div id=\"pgc-10514-1-3\"  class=\"panel-grid-cell\" ><div id=\"panel-10514-1-3-0\" class=\"so-panel widget widget_sow-editor panel-first-child panel-last-child\" data-index=\"6\" ><div\n\t\t\t\n\t\t\tclass=\"so-widget-sow-editor so-widget-sow-editor-base\"\n\t\t\t\n\t\t>\n<div class=\"siteorigin-widget-tinymce textwidget\">\n\t<p style=\"text-align: center;\"><strong>Version :<\/strong><br \/>\nFran\u00e7aise<\/p>\n<\/div>\n<\/div><\/div><\/div><\/div><div id=\"pg-10514-2\"  class=\"panel-grid panel-no-style\" ><div id=\"pgc-10514-2-0\"  class=\"panel-grid-cell\" ><div id=\"panel-10514-2-0-0\" class=\"so-panel widget widget_sow-editor panel-first-child panel-last-child\" data-index=\"7\" ><div\n\t\t\t\n\t\t\tclass=\"so-widget-sow-editor so-widget-sow-editor-base\"\n\t\t\t\n\t\t>\n<div class=\"siteorigin-widget-tinymce textwidget\">\n\t<hr \/>\n<p><em>\"Bien s\u00fbr Monsieur, je vous envoie le groom !\".<\/em><\/p>\n<p>Pas toujours simple, la vie de groom dans les somptueux couloirs feutr\u00e9s du Hellton Palace. Des d\u00e9cisions cruciales doivent \u00eatre prises \u00e0 chaque minute. Refuser de servir un client, c'est \u00e9videment risquer de l'irriter et de nuire \u00e0 la r\u00e9putation de l'h\u00f4tel.<br \/>\nOui mais voil\u00e0 : r\u00e9pondre \u00e0 ses attentes, c'est ouvrir la porte \u00e0 son exc\u00e8s d'enthousiasme et l'encourager, implicitement, \u00e0 tout saccager dans l'h\u00f4tel...<br \/>\nEt quand les clients sont des divinit\u00e9s et cr\u00e9atures l\u00e9gendaires de tout poil, cela peut faire de nombreux d\u00e9g\u00e2ts.<\/p>\n<p><em>Quelque part, dans les tr\u00e9fonds du monde, non loin du Styx et des champs Elys\u00e9es, un Groom s'appr\u00eate \u00e0 frapper \u00e0 la porte d'une chambre... et il a peur !<\/em><\/p>\n<p>Bienvenu aux Hellton Palace !<br \/>\n\u00catre le g\u00e9rant d'un des 2 pires h\u00f4tels des abysses n'est pas de tout repos. Lorsque les clients infernaux sont m\u00e9contents du service, ils ravagent leur chambre. Et quand ils sont satisfait... ils la d\u00e9truisent aussi !<\/p>\n<p>Alors que votre \u00e9tablissement tombe peu \u00e0 peu en ruine, vous aller devoir user de perfidie et de ruse pour g\u00e9rer l'ing\u00e9rable. Envoyez les groom en renfort...et croisez les doigts pour que l'h\u00f4tel concurrent s\u2019effondre avant le v\u00f4tre !<\/p>\n<p>Dans <em>Hellton Palace<\/em>, le vainqueur est celui qui ne perd pas !<\/p>\n<\/div>\n<\/div><\/div><\/div><\/div><div id=\"pg-10514-3\"  class=\"panel-grid panel-no-style\" ><div id=\"pgc-10514-3-0\"  class=\"panel-grid-cell\" ><div id=\"panel-10514-3-0-0\" class=\"so-panel widget widget_sow-editor panel-first-child panel-last-child\" data-index=\"8\" ><div\n\t\t\t\n\t\t\tclass=\"so-widget-sow-editor so-widget-sow-editor-base\"\n\t\t\t\n\t\t>\n<div class=\"siteorigin-widget-tinymce textwidget\">\n\t<hr \/>\n<h3 style=\"text-align: center;\">En vid\u00e9o<\/h3>\n<\/div>\n<\/div><\/div><\/div><\/div><div id=\"pg-10514-4\"  class=\"panel-grid panel-no-style\" ><div id=\"pgc-10514-4-0\"  class=\"panel-grid-cell\" ><div id=\"panel-10514-4-0-0\" class=\"so-panel widget widget_sow-editor panel-first-child panel-last-child\" data-index=\"9\" ><div\n\t\t\t\n\t\t\tclass=\"so-widget-sow-editor so-widget-sow-editor-base\"\n\t\t\t\n\t\t>\n<div class=\"siteorigin-widget-tinymce textwidget\">\n\t<hr \/>\n<h3 style=\"text-align: center;\">Pour aller plus loin...<\/h3>\n<\/div>\n<\/div><\/div><\/div><\/div><\/div>","protected":false},"excerpt":{"rendered":"<p>Nombre de joueurs : 2 &#8211; 2 Dur\u00e9e moyenne : 45 min Age : 10 ans et plus Auteur(s) : Jean-Baptiste Pigneur Illustrations : Lorenzo Colangeli \u00c9dition : Iello 2022 Version : Fran\u00e7aise<\/p>\n","protected":false},"author":2,"featured_media":10419,"parent":0,"menu_order":0,"comment_status":"closed","ping_status":"closed","template":"","meta":{"footnotes":""},"class_list":["post-10514","page","type-page","status-publish","has-post-thumbnail","hentry"],"acf":[],"rttpg_featured_image_url":{"full":["https:\/\/meeplendice.net\/wp-content\/uploads\/2023\/01\/Hellton_Palace.png",350,350,false],"landscape":["https:\/\/meeplendice.net\/wp-content\/uploads\/2023\/01\/Hellton_Palace.png",350,350,false],"portraits":["https:\/\/meeplendice.net\/wp-content\/uploads\/2023\/01\/Hellton_Palace.png",350,350,false],"thumbnail":["https:\/\/meeplendice.net\/wp-content\/uploads\/2023\/01\/Hellton_Palace-150x150.png",150,150,true],"medium":["https:\/\/meeplendice.net\/wp-content\/uploads\/2023\/01\/Hellton_Palace-300x300.png",300,300,true],"large":["https:\/\/meeplendice.net\/wp-content\/uploads\/2023\/01\/Hellton_Palace.png",350,350,false],"ug_big":["https:\/\/meeplendice.net\/wp-content\/uploads\/2023\/01\/Hellton_Palace.png",350,350,false],"1536x1536":["https:\/\/meeplendice.net\/wp-content\/uploads\/2023\/01\/Hellton_Palace.png",350,350,false],"2048x2048":["https:\/\/meeplendice.net\/wp-content\/uploads\/2023\/01\/Hellton_Palace.png",350,350,false],"ashe-slider-grid-thumbnail":["https:\/\/meeplendice.net\/wp-content\/uploads\/2023\/01\/Hellton_Palace.png",350,350,false],"ashe-full-thumbnail":["https:\/\/meeplendice.net\/wp-content\/uploads\/2023\/01\/Hellton_Palace.png",350,350,false],"ashe-grid-thumbnail":["https:\/\/meeplendice.net\/wp-content\/uploads\/2023\/01\/Hellton_Palace-350x330.png",350,330,true],"ashe-list-thumbnail":["https:\/\/meeplendice.net\/wp-content\/uploads\/2023\/01\/Hellton_Palace-300x300.png",300,300,true],"ashe-single-navigation":["https:\/\/meeplendice.net\/wp-content\/uploads\/2023\/01\/Hellton_Palace-75x75.png",75,75,true],"mailpoet_newsletter_max":["https:\/\/meeplendice.net\/wp-content\/uploads\/2023\/01\/Hellton_Palace.png",350,350,false],"rpwe-thumbnail":["https:\/\/meeplendice.net\/wp-content\/uploads\/2023\/01\/Hellton_Palace-45x45.png",45,45,true],"sow-carousel-default":["https:\/\/meeplendice.net\/wp-content\/uploads\/2023\/01\/Hellton_Palace-272x182.png",272,182,true],"rt_custom":["https:\/\/meeplendice.net\/wp-content\/uploads\/2023\/01\/Hellton_Palace.png",350,350,false]},"rttpg_author":{"display_name":"Karnby","author_link":"https:\/\/meeplendice.net\/?author=2"},"rttpg_comment":0,"rttpg_category":null,"rttpg_excerpt":"Nombre de joueurs : 2 - 2 Dur\u00e9e moyenne : 45 min Age : 10 ans et plus Auteur(s) : Jean-Baptiste Pigneur Illustrations : Lorenzo Colangeli \u00c9dition : Iello 2022 Version : Fran\u00e7aise","_links":{"self":[{"href":"https:\/\/meeplendice.net\/index.php?rest_route=\/wp\/v2\/pages\/10514","targetHints":{"allow":["GET"]}}],"collection":[{"href":"https:\/\/meeplendice.net\/index.php?rest_route=\/wp\/v2\/pages"}],"about":[{"href":"https:\/\/meeplendice.net\/index.php?rest_route=\/wp\/v2\/types\/page"}],"author":[{"embeddable":true,"href":"https:\/\/meeplendice.net\/index.php?rest_route=\/wp\/v2\/users\/2"}],"replies":[{"embeddable":true,"href":"https:\/\/meeplendice.net\/index.php?rest_route=%2Fwp%2Fv2%2Fcomments&post=10514"}],"version-history":[{"count":3,"href":"https:\/\/meeplendice.net\/index.php?rest_route=\/wp\/v2\/pages\/10514\/revisions"}],"predecessor-version":[{"id":10517,"href":"https:\/\/meeplendice.net\/index.php?rest_route=\/wp\/v2\/pages\/10514\/revisions\/10517"}],"wp:featuredmedia":[{"embeddable":true,"href":"https:\/\/meeplendice.net\/index.php?rest_route=\/wp\/v2\/media\/10419"}],"wp:attachment":[{"href":"https:\/\/meeplendice.net\/index.php?rest_route=%2Fwp%2Fv2%2Fmedia&parent=10514"}],"curies":[{"name":"wp","href":"https:\/\/api.w.org\/{rel}","templated":true}]}}