{"id":10536,"date":"2023-01-29T22:18:50","date_gmt":"2023-01-29T21:18:50","guid":{"rendered":"https:\/\/meeplendice.net\/?page_id=10536"},"modified":"2023-01-29T22:18:50","modified_gmt":"2023-01-29T21:18:50","slug":"tang-garden","status":"publish","type":"page","link":"https:\/\/meeplendice.net\/?page_id=10536","title":{"rendered":"Tang Garden"},"content":{"rendered":"<div id=\"pl-10536\"  class=\"panel-layout\" ><div id=\"pg-10536-0\"  class=\"panel-grid panel-no-style\" ><div id=\"pgc-10536-0-0\"  class=\"panel-grid-cell\" ><div id=\"panel-10536-0-0-0\" class=\"so-panel widget widget_sow-editor panel-first-child panel-last-child\" data-index=\"0\" ><div\n\t\t\t\n\t\t\tclass=\"so-widget-sow-editor so-widget-sow-editor-base\"\n\t\t\t\n\t\t>\n<div class=\"siteorigin-widget-tinymce textwidget\">\n\t<p style=\"text-align: center;\"><strong>Nombre de joueurs :<\/strong><br \/>\n1 - 4<\/p>\n<\/div>\n<\/div><\/div><\/div><div id=\"pgc-10536-0-1\"  class=\"panel-grid-cell\" ><div id=\"panel-10536-0-1-0\" class=\"so-panel widget widget_sow-editor panel-first-child panel-last-child\" data-index=\"1\" ><div\n\t\t\t\n\t\t\tclass=\"so-widget-sow-editor so-widget-sow-editor-base\"\n\t\t\t\n\t\t>\n<div class=\"siteorigin-widget-tinymce textwidget\">\n\t<p style=\"text-align: center;\"><strong>Dur\u00e9e moyenne :<\/strong><br \/>\n45 min<\/p>\n<\/div>\n<\/div><\/div><\/div><div id=\"pgc-10536-0-2\"  class=\"panel-grid-cell\" ><div id=\"panel-10536-0-2-0\" class=\"so-panel widget widget_sow-editor panel-first-child panel-last-child\" data-index=\"2\" ><div\n\t\t\t\n\t\t\tclass=\"so-widget-sow-editor so-widget-sow-editor-base\"\n\t\t\t\n\t\t>\n<div class=\"siteorigin-widget-tinymce textwidget\">\n\t<p style=\"text-align: center;\"><strong>Age :<\/strong><br \/>\n14 ans et plus<\/p>\n<\/div>\n<\/div><\/div><\/div><\/div><div id=\"pg-10536-1\"  class=\"panel-grid panel-no-style\" ><div id=\"pgc-10536-1-0\"  class=\"panel-grid-cell\" ><div id=\"panel-10536-1-0-0\" class=\"so-panel widget widget_sow-editor panel-first-child panel-last-child\" data-index=\"3\" ><div\n\t\t\t\n\t\t\tclass=\"so-widget-sow-editor so-widget-sow-editor-base\"\n\t\t\t\n\t\t>\n<div class=\"siteorigin-widget-tinymce textwidget\">\n\t<p style=\"text-align: center;\"><strong>Auteur(s) :<br \/>\n<\/strong>Francesco Testini<br \/>\nPierluca Zizzi<strong><br \/>\n<\/strong><\/p>\n<\/div>\n<\/div><\/div><\/div><div id=\"pgc-10536-1-1\"  class=\"panel-grid-cell\" ><div id=\"panel-10536-1-1-0\" class=\"so-panel widget widget_sow-editor panel-first-child panel-last-child\" data-index=\"4\" ><div\n\t\t\t\n\t\t\tclass=\"so-widget-sow-editor so-widget-sow-editor-base\"\n\t\t\t\n\t\t>\n<div class=\"siteorigin-widget-tinymce textwidget\">\n\t<p style=\"text-align: center;\"><strong>Illustrations :<br \/>\n<\/strong>Mateusz Mizak<\/p>\n<\/div>\n<\/div><\/div><\/div><div id=\"pgc-10536-1-2\"  class=\"panel-grid-cell\" ><div id=\"panel-10536-1-2-0\" class=\"so-panel widget widget_sow-editor panel-first-child panel-last-child\" data-index=\"5\" ><div\n\t\t\t\n\t\t\tclass=\"so-widget-sow-editor so-widget-sow-editor-base\"\n\t\t\t\n\t\t>\n<div class=\"siteorigin-widget-tinymce textwidget\">\n\t<p style=\"text-align: center;\"><strong>\u00c9dition :<\/strong><br \/>\nLucky Duck Games<br \/>\n2019<\/p>\n<\/div>\n<\/div><\/div><\/div><div id=\"pgc-10536-1-3\"  class=\"panel-grid-cell\" ><div id=\"panel-10536-1-3-0\" class=\"so-panel widget widget_sow-editor panel-first-child panel-last-child\" data-index=\"6\" ><div\n\t\t\t\n\t\t\tclass=\"so-widget-sow-editor so-widget-sow-editor-base\"\n\t\t\t\n\t\t>\n<div class=\"siteorigin-widget-tinymce textwidget\">\n\t<p style=\"text-align: center;\"><strong>Version :<\/strong><br \/>\nFran\u00e7aise<\/p>\n<\/div>\n<\/div><\/div><\/div><\/div><div id=\"pg-10536-2\"  class=\"panel-grid panel-no-style\" ><div id=\"pgc-10536-2-0\"  class=\"panel-grid-cell\" ><div id=\"panel-10536-2-0-0\" class=\"so-panel widget widget_sow-editor panel-first-child panel-last-child\" data-index=\"7\" ><div\n\t\t\t\n\t\t\tclass=\"so-widget-sow-editor so-widget-sow-editor-base\"\n\t\t\t\n\t\t>\n<div class=\"siteorigin-widget-tinymce textwidget\">\n\t<hr \/>\n<p><em>La dynastie Tang (618-907) est consid\u00e9r\u00e9e comme le premier \u00e2ge d'or du jardin chinois classique. L'empereur Xuanzong a construit un magnifique jardin imp\u00e9rial, le Jardin du Majestueux Lac Clair, pr\u00e8s de Xi'an et y a v\u00e9cu avec sa c\u00e9l\u00e8bre concubine, Yang Guifei.<\/em><\/p>\n<p>Les joueurs jouent le r\u00f4le d'ing\u00e9nieurs qui ont \u00e9t\u00e9 convoqu\u00e9s pour construire un jardin tout en \u00e9quilibrant les \u00e9l\u00e9ments de l'eau,n de la roche et de la flore. Ils doivent agr\u00e9menter le jardin avec des pavillons, des points, diff\u00e9rents type de v\u00e9g\u00e9tation et des animaux tels que des oiseaux et des poissons. Pendant la construction, des personnages visiteront le jardin pour inspecter la disposition des \u00e9l\u00e9ments naturels et admirer le paysage environnant.<\/p>\n<\/div>\n<\/div><\/div><\/div><\/div><div id=\"pg-10536-3\"  class=\"panel-grid panel-no-style\" ><div id=\"pgc-10536-3-0\"  class=\"panel-grid-cell\" ><div id=\"panel-10536-3-0-0\" class=\"so-panel widget widget_sow-editor panel-first-child panel-last-child\" data-index=\"8\" ><div\n\t\t\t\n\t\t\tclass=\"so-widget-sow-editor so-widget-sow-editor-base\"\n\t\t\t\n\t\t>\n<div class=\"siteorigin-widget-tinymce textwidget\">\n\t<hr \/>\n<h3 style=\"text-align: center;\">En vid\u00e9o<\/h3>\n<p><a href=\"https:\/\/www.youtube.com\/embed\/DZvAz0rItj0\" target=\"_blank\" rel=\"noopener\"><img loading=\"lazy\" decoding=\"async\" class=\"alignnone size-full wp-image-9090\" src=\"https:\/\/meeplendice.net\/wp-content\/uploads\/2022\/01\/Link_CJ_v2.png\" alt=\"\" width=\"200\" height=\"170\" \/><\/a><\/p>\n<\/div>\n<\/div><\/div><\/div><\/div><div id=\"pg-10536-4\"  class=\"panel-grid panel-no-style\" ><div id=\"pgc-10536-4-0\"  class=\"panel-grid-cell\" ><div id=\"panel-10536-4-0-0\" class=\"so-panel widget widget_sow-editor panel-first-child panel-last-child\" data-index=\"9\" ><div\n\t\t\t\n\t\t\tclass=\"so-widget-sow-editor so-widget-sow-editor-base\"\n\t\t\t\n\t\t>\n<div class=\"siteorigin-widget-tinymce textwidget\">\n\t<hr \/>\n<h3 style=\"text-align: center;\">Pour aller plus loin...<\/h3>\n<\/div>\n<\/div><\/div><\/div><\/div><\/div>","protected":false},"excerpt":{"rendered":"<p>Nombre de joueurs : 1 &#8211; 4 Dur\u00e9e moyenne : 45 min Age : 14 ans et plus Auteur(s) : Francesco Testini Pierluca Zizzi Illustrations : Mateusz Mizak \u00c9dition : Lucky Duck Games 2019 Version : Fran\u00e7aise<\/p>\n","protected":false},"author":2,"featured_media":10423,"parent":0,"menu_order":0,"comment_status":"closed","ping_status":"closed","template":"","meta":{"footnotes":""},"class_list":["post-10536","page","type-page","status-publish","has-post-thumbnail","hentry"],"acf":[],"rttpg_featured_image_url":{"full":["https:\/\/meeplendice.net\/wp-content\/uploads\/2023\/01\/Tang_Garden.png",350,350,false],"landscape":["https:\/\/meeplendice.net\/wp-content\/uploads\/2023\/01\/Tang_Garden.png",350,350,false],"portraits":["https:\/\/meeplendice.net\/wp-content\/uploads\/2023\/01\/Tang_Garden.png",350,350,false],"thumbnail":["https:\/\/meeplendice.net\/wp-content\/uploads\/2023\/01\/Tang_Garden-150x150.png",150,150,true],"medium":["https:\/\/meeplendice.net\/wp-content\/uploads\/2023\/01\/Tang_Garden-300x300.png",300,300,true],"large":["https:\/\/meeplendice.net\/wp-content\/uploads\/2023\/01\/Tang_Garden.png",350,350,false],"ug_big":["https:\/\/meeplendice.net\/wp-content\/uploads\/2023\/01\/Tang_Garden.png",350,350,false],"1536x1536":["https:\/\/meeplendice.net\/wp-content\/uploads\/2023\/01\/Tang_Garden.png",350,350,false],"2048x2048":["https:\/\/meeplendice.net\/wp-content\/uploads\/2023\/01\/Tang_Garden.png",350,350,false],"ashe-slider-grid-thumbnail":["https:\/\/meeplendice.net\/wp-content\/uploads\/2023\/01\/Tang_Garden.png",350,350,false],"ashe-full-thumbnail":["https:\/\/meeplendice.net\/wp-content\/uploads\/2023\/01\/Tang_Garden.png",350,350,false],"ashe-grid-thumbnail":["https:\/\/meeplendice.net\/wp-content\/uploads\/2023\/01\/Tang_Garden-350x330.png",350,330,true],"ashe-list-thumbnail":["https:\/\/meeplendice.net\/wp-content\/uploads\/2023\/01\/Tang_Garden-300x300.png",300,300,true],"ashe-single-navigation":["https:\/\/meeplendice.net\/wp-content\/uploads\/2023\/01\/Tang_Garden-75x75.png",75,75,true],"mailpoet_newsletter_max":["https:\/\/meeplendice.net\/wp-content\/uploads\/2023\/01\/Tang_Garden.png",350,350,false],"rpwe-thumbnail":["https:\/\/meeplendice.net\/wp-content\/uploads\/2023\/01\/Tang_Garden-45x45.png",45,45,true],"sow-carousel-default":["https:\/\/meeplendice.net\/wp-content\/uploads\/2023\/01\/Tang_Garden-272x182.png",272,182,true],"rt_custom":["https:\/\/meeplendice.net\/wp-content\/uploads\/2023\/01\/Tang_Garden.png",350,350,false]},"rttpg_author":{"display_name":"Karnby","author_link":"https:\/\/meeplendice.net\/?author=2"},"rttpg_comment":0,"rttpg_category":null,"rttpg_excerpt":"Nombre de joueurs : 1 - 4 Dur\u00e9e moyenne : 45 min Age : 14 ans et plus Auteur(s) : Francesco Testini Pierluca Zizzi Illustrations : Mateusz Mizak \u00c9dition : Lucky Duck Games 2019 Version : Fran\u00e7aise","_links":{"self":[{"href":"https:\/\/meeplendice.net\/index.php?rest_route=\/wp\/v2\/pages\/10536","targetHints":{"allow":["GET"]}}],"collection":[{"href":"https:\/\/meeplendice.net\/index.php?rest_route=\/wp\/v2\/pages"}],"about":[{"href":"https:\/\/meeplendice.net\/index.php?rest_route=\/wp\/v2\/types\/page"}],"author":[{"embeddable":true,"href":"https:\/\/meeplendice.net\/index.php?rest_route=\/wp\/v2\/users\/2"}],"replies":[{"embeddable":true,"href":"https:\/\/meeplendice.net\/index.php?rest_route=%2Fwp%2Fv2%2Fcomments&post=10536"}],"version-history":[{"count":1,"href":"https:\/\/meeplendice.net\/index.php?rest_route=\/wp\/v2\/pages\/10536\/revisions"}],"predecessor-version":[{"id":10541,"href":"https:\/\/meeplendice.net\/index.php?rest_route=\/wp\/v2\/pages\/10536\/revisions\/10541"}],"wp:featuredmedia":[{"embeddable":true,"href":"https:\/\/meeplendice.net\/index.php?rest_route=\/wp\/v2\/media\/10423"}],"wp:attachment":[{"href":"https:\/\/meeplendice.net\/index.php?rest_route=%2Fwp%2Fv2%2Fmedia&parent=10536"}],"curies":[{"name":"wp","href":"https:\/\/api.w.org\/{rel}","templated":true}]}}