{"id":10554,"date":"2023-01-30T00:18:58","date_gmt":"2023-01-29T23:18:58","guid":{"rendered":"https:\/\/meeplendice.net\/?page_id=10554"},"modified":"2023-01-30T00:48:58","modified_gmt":"2023-01-29T23:48:58","slug":"norwegian-outpost","status":"publish","type":"page","link":"https:\/\/meeplendice.net\/?page_id=10554","title":{"rendered":"Norwegian Outpost"},"content":{"rendered":"<p><em>L&rsquo;avant-poste norv\u00e9gien est attaqu\u00e9. Etes-vous pr\u00eats \u00e0 faire face \u00e0 la menace Alien ?<\/em><\/p>\n<p><em>The Thing &#8211; Norwegina Outpost<\/em> est une extension pour 4 \u00e0 8 joueurs qui vous plonge dans les \u00e9v\u00e8nements du film faisant office de pr\u00e9quelle au filme culte <em>The Thing<\/em>.<\/p>\n<p><em>Norwegian Outpost<\/em> prolonge l&rsquo;exp\u00e9rience de <em>The Thing &#8211; The Boardgame<\/em> avec de nouvelle m\u00e9caniques capables de faire ressentir encore plus de tension et de cr\u00e9er de nouvelles opportunit\u00e9s en jeu. Gr\u00e2ce \u00e0 un nouveau type d&rsquo;analyse et la possibilit\u00e9 de s&rsquo;\u00e9vader seul de la base, les strat\u00e9gies pour affronter la menace Alien seront encore plus exp\u00e9ditives.<br \/>\nDe plus, la pr\u00e9sence de l&rsquo;OVNI donnera \u00e0 l&rsquo;Alien un nouvel outil pour mettre en difficult\u00e9 les joueurs humains !<\/p>\n","protected":false},"excerpt":{"rendered":"<p>L&rsquo;avant-poste norv\u00e9gien est attaqu\u00e9. Etes-vous pr\u00eats \u00e0 faire face \u00e0 la menace Alien ? The Thing &#8211; Norwegina Outpost est une extension pour 4 \u00e0 8 joueurs qui vous plonge dans les \u00e9v\u00e8nements du film faisant office de pr\u00e9quelle au filme culte The Thing. Norwegian Outpost prolonge l&rsquo;exp\u00e9rience de The Thing &#8211; The Boardgame avec de nouvelle m\u00e9caniques capables de faire ressentir encore plus de tension et de cr\u00e9er de nouvelles opportunit\u00e9s en jeu. Gr\u00e2ce \u00e0 un nouveau type d&rsquo;analyse et la possibilit\u00e9 de s&rsquo;\u00e9vader seul de la base, les strat\u00e9gies pour affronter la menace Alien seront encore plus exp\u00e9ditives. De plus, la pr\u00e9sence de l&rsquo;OVNI donnera \u00e0 l&rsquo;Alien un nouvel outil pour mettre en difficult\u00e9 les joueurs humains !<\/p>\n","protected":false},"author":2,"featured_media":10555,"parent":10315,"menu_order":1,"comment_status":"closed","ping_status":"closed","template":"","meta":{"footnotes":""},"class_list":["post-10554","page","type-page","status-publish","has-post-thumbnail","hentry"],"acf":[],"rttpg_featured_image_url":{"full":["https:\/\/meeplendice.net\/wp-content\/uploads\/2023\/01\/TheThing_Norwegian.png",350,350,false],"landscape":["https:\/\/meeplendice.net\/wp-content\/uploads\/2023\/01\/TheThing_Norwegian.png",350,350,false],"portraits":["https:\/\/meeplendice.net\/wp-content\/uploads\/2023\/01\/TheThing_Norwegian.png",350,350,false],"thumbnail":["https:\/\/meeplendice.net\/wp-content\/uploads\/2023\/01\/TheThing_Norwegian-150x150.png",150,150,true],"medium":["https:\/\/meeplendice.net\/wp-content\/uploads\/2023\/01\/TheThing_Norwegian-300x300.png",300,300,true],"large":["https:\/\/meeplendice.net\/wp-content\/uploads\/2023\/01\/TheThing_Norwegian.png",350,350,false],"ug_big":["https:\/\/meeplendice.net\/wp-content\/uploads\/2023\/01\/TheThing_Norwegian.png",350,350,false],"1536x1536":["https:\/\/meeplendice.net\/wp-content\/uploads\/2023\/01\/TheThing_Norwegian.png",350,350,false],"2048x2048":["https:\/\/meeplendice.net\/wp-content\/uploads\/2023\/01\/TheThing_Norwegian.png",350,350,false],"ashe-slider-grid-thumbnail":["https:\/\/meeplendice.net\/wp-content\/uploads\/2023\/01\/TheThing_Norwegian.png",350,350,false],"ashe-full-thumbnail":["https:\/\/meeplendice.net\/wp-content\/uploads\/2023\/01\/TheThing_Norwegian.png",350,350,false],"ashe-grid-thumbnail":["https:\/\/meeplendice.net\/wp-content\/uploads\/2023\/01\/TheThing_Norwegian-350x330.png",350,330,true],"ashe-list-thumbnail":["https:\/\/meeplendice.net\/wp-content\/uploads\/2023\/01\/TheThing_Norwegian-300x300.png",300,300,true],"ashe-single-navigation":["https:\/\/meeplendice.net\/wp-content\/uploads\/2023\/01\/TheThing_Norwegian-75x75.png",75,75,true],"mailpoet_newsletter_max":["https:\/\/meeplendice.net\/wp-content\/uploads\/2023\/01\/TheThing_Norwegian.png",350,350,false],"rpwe-thumbnail":["https:\/\/meeplendice.net\/wp-content\/uploads\/2023\/01\/TheThing_Norwegian-45x45.png",45,45,true],"sow-carousel-default":["https:\/\/meeplendice.net\/wp-content\/uploads\/2023\/01\/TheThing_Norwegian-272x182.png",272,182,true],"rt_custom":["https:\/\/meeplendice.net\/wp-content\/uploads\/2023\/01\/TheThing_Norwegian.png",350,350,false]},"rttpg_author":{"display_name":"Karnby","author_link":"https:\/\/meeplendice.net\/?author=2"},"rttpg_comment":0,"rttpg_category":null,"rttpg_excerpt":"L&rsquo;avant-poste norv\u00e9gien est attaqu\u00e9. Etes-vous pr\u00eats \u00e0 faire face \u00e0 la menace Alien ? The Thing &#8211; Norwegina Outpost est une extension pour 4 \u00e0 8 joueurs qui vous plonge dans les \u00e9v\u00e8nements du film faisant office de pr\u00e9quelle au filme culte The Thing. Norwegian Outpost prolonge l&rsquo;exp\u00e9rience de The Thing &#8211; The Boardgame avec\u2026","_links":{"self":[{"href":"https:\/\/meeplendice.net\/index.php?rest_route=\/wp\/v2\/pages\/10554","targetHints":{"allow":["GET"]}}],"collection":[{"href":"https:\/\/meeplendice.net\/index.php?rest_route=\/wp\/v2\/pages"}],"about":[{"href":"https:\/\/meeplendice.net\/index.php?rest_route=\/wp\/v2\/types\/page"}],"author":[{"embeddable":true,"href":"https:\/\/meeplendice.net\/index.php?rest_route=\/wp\/v2\/users\/2"}],"replies":[{"embeddable":true,"href":"https:\/\/meeplendice.net\/index.php?rest_route=%2Fwp%2Fv2%2Fcomments&post=10554"}],"version-history":[{"count":1,"href":"https:\/\/meeplendice.net\/index.php?rest_route=\/wp\/v2\/pages\/10554\/revisions"}],"predecessor-version":[{"id":10556,"href":"https:\/\/meeplendice.net\/index.php?rest_route=\/wp\/v2\/pages\/10554\/revisions\/10556"}],"up":[{"embeddable":true,"href":"https:\/\/meeplendice.net\/index.php?rest_route=\/wp\/v2\/pages\/10315"}],"wp:featuredmedia":[{"embeddable":true,"href":"https:\/\/meeplendice.net\/index.php?rest_route=\/wp\/v2\/media\/10555"}],"wp:attachment":[{"href":"https:\/\/meeplendice.net\/index.php?rest_route=%2Fwp%2Fv2%2Fmedia&parent=10554"}],"curies":[{"name":"wp","href":"https:\/\/api.w.org\/{rel}","templated":true}]}}