{"id":10587,"date":"2023-02-01T20:00:46","date_gmt":"2023-02-01T19:00:46","guid":{"rendered":"https:\/\/meeplendice.net\/?page_id=10587"},"modified":"2023-02-01T20:00:46","modified_gmt":"2023-02-01T19:00:46","slug":"5-6-joueurs","status":"publish","type":"page","link":"https:\/\/meeplendice.net\/?page_id=10587","title":{"rendered":"5 &#038; 6 Joueurs"},"content":{"rendered":"<p>Enrichissez vos parties de <em>Sagrada<\/em> avec l&rsquo;extension 5-6 joueurs !<\/p>\n<p>Profitez encore plus de <em>Sagrada<\/em> avec de nouveaux objectifs priv\u00e9s, des outils et des motifs de vitraux.<br \/>\nCette extension contient aussi une piste a d\u00e9s et introduit la R\u00e9serve priv\u00e9e de d\u00e9s pour des parties plus fluides de 2 \u00e0 6 joueurs.<\/p>\n","protected":false},"excerpt":{"rendered":"<p>Enrichissez vos parties de Sagrada avec l&rsquo;extension 5-6 joueurs ! Profitez encore plus de Sagrada avec de nouveaux objectifs priv\u00e9s, des outils et des motifs de vitraux. Cette extension contient aussi une piste a d\u00e9s et introduit la R\u00e9serve priv\u00e9e de d\u00e9s pour des parties plus fluides de 2 \u00e0 6 joueurs.<\/p>\n","protected":false},"author":2,"featured_media":10575,"parent":4458,"menu_order":3,"comment_status":"closed","ping_status":"closed","template":"","meta":{"footnotes":""},"class_list":["post-10587","page","type-page","status-publish","has-post-thumbnail","hentry"],"acf":[],"rttpg_featured_image_url":{"full":["https:\/\/meeplendice.net\/wp-content\/uploads\/2023\/02\/Sagrada_6-5.png",350,350,false],"landscape":["https:\/\/meeplendice.net\/wp-content\/uploads\/2023\/02\/Sagrada_6-5.png",350,350,false],"portraits":["https:\/\/meeplendice.net\/wp-content\/uploads\/2023\/02\/Sagrada_6-5.png",350,350,false],"thumbnail":["https:\/\/meeplendice.net\/wp-content\/uploads\/2023\/02\/Sagrada_6-5-150x150.png",150,150,true],"medium":["https:\/\/meeplendice.net\/wp-content\/uploads\/2023\/02\/Sagrada_6-5-300x300.png",300,300,true],"large":["https:\/\/meeplendice.net\/wp-content\/uploads\/2023\/02\/Sagrada_6-5.png",350,350,false],"ug_big":["https:\/\/meeplendice.net\/wp-content\/uploads\/2023\/02\/Sagrada_6-5.png",350,350,false],"1536x1536":["https:\/\/meeplendice.net\/wp-content\/uploads\/2023\/02\/Sagrada_6-5.png",350,350,false],"2048x2048":["https:\/\/meeplendice.net\/wp-content\/uploads\/2023\/02\/Sagrada_6-5.png",350,350,false],"ashe-slider-grid-thumbnail":["https:\/\/meeplendice.net\/wp-content\/uploads\/2023\/02\/Sagrada_6-5.png",350,350,false],"ashe-full-thumbnail":["https:\/\/meeplendice.net\/wp-content\/uploads\/2023\/02\/Sagrada_6-5.png",350,350,false],"ashe-grid-thumbnail":["https:\/\/meeplendice.net\/wp-content\/uploads\/2023\/02\/Sagrada_6-5-350x330.png",350,330,true],"ashe-list-thumbnail":["https:\/\/meeplendice.net\/wp-content\/uploads\/2023\/02\/Sagrada_6-5-300x300.png",300,300,true],"ashe-single-navigation":["https:\/\/meeplendice.net\/wp-content\/uploads\/2023\/02\/Sagrada_6-5-75x75.png",75,75,true],"mailpoet_newsletter_max":["https:\/\/meeplendice.net\/wp-content\/uploads\/2023\/02\/Sagrada_6-5.png",350,350,false],"rpwe-thumbnail":["https:\/\/meeplendice.net\/wp-content\/uploads\/2023\/02\/Sagrada_6-5-45x45.png",45,45,true],"sow-carousel-default":["https:\/\/meeplendice.net\/wp-content\/uploads\/2023\/02\/Sagrada_6-5-272x182.png",272,182,true],"rt_custom":["https:\/\/meeplendice.net\/wp-content\/uploads\/2023\/02\/Sagrada_6-5.png",350,350,false]},"rttpg_author":{"display_name":"Karnby","author_link":"https:\/\/meeplendice.net\/?author=2"},"rttpg_comment":0,"rttpg_category":null,"rttpg_excerpt":"Enrichissez vos parties de Sagrada avec l&rsquo;extension 5-6 joueurs ! Profitez encore plus de Sagrada avec de nouveaux objectifs priv\u00e9s, des outils et des motifs de vitraux. Cette extension contient aussi une piste a d\u00e9s et introduit la R\u00e9serve priv\u00e9e de d\u00e9s pour des parties plus fluides de 2 \u00e0 6 joueurs.","_links":{"self":[{"href":"https:\/\/meeplendice.net\/index.php?rest_route=\/wp\/v2\/pages\/10587","targetHints":{"allow":["GET"]}}],"collection":[{"href":"https:\/\/meeplendice.net\/index.php?rest_route=\/wp\/v2\/pages"}],"about":[{"href":"https:\/\/meeplendice.net\/index.php?rest_route=\/wp\/v2\/types\/page"}],"author":[{"embeddable":true,"href":"https:\/\/meeplendice.net\/index.php?rest_route=\/wp\/v2\/users\/2"}],"replies":[{"embeddable":true,"href":"https:\/\/meeplendice.net\/index.php?rest_route=%2Fwp%2Fv2%2Fcomments&post=10587"}],"version-history":[{"count":2,"href":"https:\/\/meeplendice.net\/index.php?rest_route=\/wp\/v2\/pages\/10587\/revisions"}],"predecessor-version":[{"id":10591,"href":"https:\/\/meeplendice.net\/index.php?rest_route=\/wp\/v2\/pages\/10587\/revisions\/10591"}],"up":[{"embeddable":true,"href":"https:\/\/meeplendice.net\/index.php?rest_route=\/wp\/v2\/pages\/4458"}],"wp:featuredmedia":[{"embeddable":true,"href":"https:\/\/meeplendice.net\/index.php?rest_route=\/wp\/v2\/media\/10575"}],"wp:attachment":[{"href":"https:\/\/meeplendice.net\/index.php?rest_route=%2Fwp%2Fv2%2Fmedia&parent=10587"}],"curies":[{"name":"wp","href":"https:\/\/api.w.org\/{rel}","templated":true}]}}