{"id":10593,"date":"2023-02-01T20:17:08","date_gmt":"2023-02-01T19:17:08","guid":{"rendered":"https:\/\/meeplendice.net\/?page_id=10593"},"modified":"2023-02-01T20:17:08","modified_gmt":"2023-02-01T19:17:08","slug":"les-tresors-de-pharaon","status":"publish","type":"page","link":"https:\/\/meeplendice.net\/?page_id=10593","title":{"rendered":"Les Tr\u00e9sors de Pharaon"},"content":{"rendered":"<p><em>Mettez la main sur les tr\u00e9sors interdits du pharaon !<\/em><\/p>\n<p>Un tout nouveau type de tuiles fait son apparition sur le march\u00e9 de Sobek : les tr-s convoit\u00e9s tr\u00e9sors du Pharaon, source d&rsquo;une grande richesse&#8230; et de corruption !<\/p>\n<p>En plus de ce m\u00e9canisme in\u00e9dit, es personnages et jetons Pirogue additionnels viendront encore enrichir votre exp\u00e9rience de Sobek 2 joueurs.<\/p>\n<div><\/div>\n<p>&nbsp;<\/p>\n<p><span id=\"result_box\" class=\"\" lang=\"fr\"><span class=\"\">\u00a0<\/span><\/span><\/p>\n","protected":false},"excerpt":{"rendered":"<p>Mettez la main sur les tr\u00e9sors interdits du pharaon ! Un tout nouveau type de tuiles fait son apparition sur le march\u00e9 de Sobek : les tr-s convoit\u00e9s tr\u00e9sors du Pharaon, source d&rsquo;une grande richesse&#8230; et de corruption ! En plus de ce m\u00e9canisme in\u00e9dit, es personnages et jetons Pirogue additionnels viendront encore enrichir votre exp\u00e9rience de Sobek 2 joueurs. &nbsp; \u00a0<\/p>\n","protected":false},"author":2,"featured_media":10572,"parent":8483,"menu_order":1,"comment_status":"closed","ping_status":"closed","template":"","meta":{"footnotes":""},"class_list":["post-10593","page","type-page","status-publish","has-post-thumbnail","hentry"],"acf":[],"rttpg_featured_image_url":{"full":["https:\/\/meeplendice.net\/wp-content\/uploads\/2023\/02\/Sobek_TresorsPharaon.png",350,350,false],"landscape":["https:\/\/meeplendice.net\/wp-content\/uploads\/2023\/02\/Sobek_TresorsPharaon.png",350,350,false],"portraits":["https:\/\/meeplendice.net\/wp-content\/uploads\/2023\/02\/Sobek_TresorsPharaon.png",350,350,false],"thumbnail":["https:\/\/meeplendice.net\/wp-content\/uploads\/2023\/02\/Sobek_TresorsPharaon-150x150.png",150,150,true],"medium":["https:\/\/meeplendice.net\/wp-content\/uploads\/2023\/02\/Sobek_TresorsPharaon-300x300.png",300,300,true],"large":["https:\/\/meeplendice.net\/wp-content\/uploads\/2023\/02\/Sobek_TresorsPharaon.png",350,350,false],"ug_big":["https:\/\/meeplendice.net\/wp-content\/uploads\/2023\/02\/Sobek_TresorsPharaon.png",350,350,false],"1536x1536":["https:\/\/meeplendice.net\/wp-content\/uploads\/2023\/02\/Sobek_TresorsPharaon.png",350,350,false],"2048x2048":["https:\/\/meeplendice.net\/wp-content\/uploads\/2023\/02\/Sobek_TresorsPharaon.png",350,350,false],"ashe-slider-grid-thumbnail":["https:\/\/meeplendice.net\/wp-content\/uploads\/2023\/02\/Sobek_TresorsPharaon.png",350,350,false],"ashe-full-thumbnail":["https:\/\/meeplendice.net\/wp-content\/uploads\/2023\/02\/Sobek_TresorsPharaon.png",350,350,false],"ashe-grid-thumbnail":["https:\/\/meeplendice.net\/wp-content\/uploads\/2023\/02\/Sobek_TresorsPharaon-350x330.png",350,330,true],"ashe-list-thumbnail":["https:\/\/meeplendice.net\/wp-content\/uploads\/2023\/02\/Sobek_TresorsPharaon-300x300.png",300,300,true],"ashe-single-navigation":["https:\/\/meeplendice.net\/wp-content\/uploads\/2023\/02\/Sobek_TresorsPharaon-75x75.png",75,75,true],"mailpoet_newsletter_max":["https:\/\/meeplendice.net\/wp-content\/uploads\/2023\/02\/Sobek_TresorsPharaon.png",350,350,false],"rpwe-thumbnail":["https:\/\/meeplendice.net\/wp-content\/uploads\/2023\/02\/Sobek_TresorsPharaon-45x45.png",45,45,true],"sow-carousel-default":["https:\/\/meeplendice.net\/wp-content\/uploads\/2023\/02\/Sobek_TresorsPharaon-272x182.png",272,182,true],"rt_custom":["https:\/\/meeplendice.net\/wp-content\/uploads\/2023\/02\/Sobek_TresorsPharaon.png",350,350,false]},"rttpg_author":{"display_name":"Karnby","author_link":"https:\/\/meeplendice.net\/?author=2"},"rttpg_comment":0,"rttpg_category":null,"rttpg_excerpt":"Mettez la main sur les tr\u00e9sors interdits du pharaon ! Un tout nouveau type de tuiles fait son apparition sur le march\u00e9 de Sobek : les tr-s convoit\u00e9s tr\u00e9sors du Pharaon, source d&rsquo;une grande richesse&#8230; et de corruption ! En plus de ce m\u00e9canisme in\u00e9dit, es personnages et jetons Pirogue additionnels viendront encore enrichir votre\u2026","_links":{"self":[{"href":"https:\/\/meeplendice.net\/index.php?rest_route=\/wp\/v2\/pages\/10593","targetHints":{"allow":["GET"]}}],"collection":[{"href":"https:\/\/meeplendice.net\/index.php?rest_route=\/wp\/v2\/pages"}],"about":[{"href":"https:\/\/meeplendice.net\/index.php?rest_route=\/wp\/v2\/types\/page"}],"author":[{"embeddable":true,"href":"https:\/\/meeplendice.net\/index.php?rest_route=\/wp\/v2\/users\/2"}],"replies":[{"embeddable":true,"href":"https:\/\/meeplendice.net\/index.php?rest_route=%2Fwp%2Fv2%2Fcomments&post=10593"}],"version-history":[{"count":1,"href":"https:\/\/meeplendice.net\/index.php?rest_route=\/wp\/v2\/pages\/10593\/revisions"}],"predecessor-version":[{"id":10598,"href":"https:\/\/meeplendice.net\/index.php?rest_route=\/wp\/v2\/pages\/10593\/revisions\/10598"}],"up":[{"embeddable":true,"href":"https:\/\/meeplendice.net\/index.php?rest_route=\/wp\/v2\/pages\/8483"}],"wp:featuredmedia":[{"embeddable":true,"href":"https:\/\/meeplendice.net\/index.php?rest_route=\/wp\/v2\/media\/10572"}],"wp:attachment":[{"href":"https:\/\/meeplendice.net\/index.php?rest_route=%2Fwp%2Fv2%2Fmedia&parent=10593"}],"curies":[{"name":"wp","href":"https:\/\/api.w.org\/{rel}","templated":true}]}}