{"id":10594,"date":"2023-02-01T20:12:16","date_gmt":"2023-02-01T19:12:16","guid":{"rendered":"https:\/\/meeplendice.net\/?page_id=10594"},"modified":"2023-02-01T20:12:16","modified_gmt":"2023-02-01T19:12:16","slug":"au-clair-de-la-lune","status":"publish","type":"page","link":"https:\/\/meeplendice.net\/?page_id=10594","title":{"rendered":"Au clair de la lune"},"content":{"rendered":"<p>Les Chasseurs de vampires et les Loup-garous sont les menaces \u00e9ternelles des Vampires. Mais que serait une nuit de chasse au clair de la lune sans frisson ? Etes-vous pr\u00eat pour l&rsquo;affrontement ?<\/p>\n<p>De nouvelles Menaces pour plus de strat\u00e9gies et de prise de risque.<br \/>\nD\u00e9s \u00e9v\u00e8nements pour cr\u00e9er des nuits de chasse uniques et faire apparaitre les menaces.<br \/>\nEt de nouveaux Pouvoirs pour plus de contr\u00f4le, de combinaison et d&rsquo;interaction ! <span id=\"result_box\" class=\"\" lang=\"fr\"><span class=\"\">\u00a0<\/span><\/span><\/p>\n","protected":false},"excerpt":{"rendered":"<p>Les Chasseurs de vampires et les Loup-garous sont les menaces \u00e9ternelles des Vampires. Mais que serait une nuit de chasse au clair de la lune sans frisson ? Etes-vous pr\u00eat pour l&rsquo;affrontement ? De nouvelles Menaces pour plus de strat\u00e9gies et de prise de risque. D\u00e9s \u00e9v\u00e8nements pour cr\u00e9er des nuits de chasse uniques et faire apparaitre les menaces. Et de nouveaux Pouvoirs pour plus de contr\u00f4le, de combinaison et d&rsquo;interaction ! \u00a0<\/p>\n","protected":false},"author":2,"featured_media":10574,"parent":9292,"menu_order":1,"comment_status":"closed","ping_status":"closed","template":"","meta":{"footnotes":""},"class_list":["post-10594","page","type-page","status-publish","has-post-thumbnail","hentry"],"acf":[],"rttpg_featured_image_url":{"full":["https:\/\/meeplendice.net\/wp-content\/uploads\/2023\/02\/TheHunger_Auclair.png",350,350,false],"landscape":["https:\/\/meeplendice.net\/wp-content\/uploads\/2023\/02\/TheHunger_Auclair.png",350,350,false],"portraits":["https:\/\/meeplendice.net\/wp-content\/uploads\/2023\/02\/TheHunger_Auclair.png",350,350,false],"thumbnail":["https:\/\/meeplendice.net\/wp-content\/uploads\/2023\/02\/TheHunger_Auclair-150x150.png",150,150,true],"medium":["https:\/\/meeplendice.net\/wp-content\/uploads\/2023\/02\/TheHunger_Auclair-300x300.png",300,300,true],"large":["https:\/\/meeplendice.net\/wp-content\/uploads\/2023\/02\/TheHunger_Auclair.png",350,350,false],"ug_big":["https:\/\/meeplendice.net\/wp-content\/uploads\/2023\/02\/TheHunger_Auclair.png",350,350,false],"1536x1536":["https:\/\/meeplendice.net\/wp-content\/uploads\/2023\/02\/TheHunger_Auclair.png",350,350,false],"2048x2048":["https:\/\/meeplendice.net\/wp-content\/uploads\/2023\/02\/TheHunger_Auclair.png",350,350,false],"ashe-slider-grid-thumbnail":["https:\/\/meeplendice.net\/wp-content\/uploads\/2023\/02\/TheHunger_Auclair.png",350,350,false],"ashe-full-thumbnail":["https:\/\/meeplendice.net\/wp-content\/uploads\/2023\/02\/TheHunger_Auclair.png",350,350,false],"ashe-grid-thumbnail":["https:\/\/meeplendice.net\/wp-content\/uploads\/2023\/02\/TheHunger_Auclair-350x330.png",350,330,true],"ashe-list-thumbnail":["https:\/\/meeplendice.net\/wp-content\/uploads\/2023\/02\/TheHunger_Auclair-300x300.png",300,300,true],"ashe-single-navigation":["https:\/\/meeplendice.net\/wp-content\/uploads\/2023\/02\/TheHunger_Auclair-75x75.png",75,75,true],"mailpoet_newsletter_max":["https:\/\/meeplendice.net\/wp-content\/uploads\/2023\/02\/TheHunger_Auclair.png",350,350,false],"rpwe-thumbnail":["https:\/\/meeplendice.net\/wp-content\/uploads\/2023\/02\/TheHunger_Auclair-45x45.png",45,45,true],"sow-carousel-default":["https:\/\/meeplendice.net\/wp-content\/uploads\/2023\/02\/TheHunger_Auclair-272x182.png",272,182,true],"rt_custom":["https:\/\/meeplendice.net\/wp-content\/uploads\/2023\/02\/TheHunger_Auclair.png",350,350,false]},"rttpg_author":{"display_name":"Karnby","author_link":"https:\/\/meeplendice.net\/?author=2"},"rttpg_comment":0,"rttpg_category":null,"rttpg_excerpt":"Les Chasseurs de vampires et les Loup-garous sont les menaces \u00e9ternelles des Vampires. Mais que serait une nuit de chasse au clair de la lune sans frisson ? Etes-vous pr\u00eat pour l&rsquo;affrontement ? De nouvelles Menaces pour plus de strat\u00e9gies et de prise de risque. D\u00e9s \u00e9v\u00e8nements pour cr\u00e9er des nuits de chasse uniques et\u2026","_links":{"self":[{"href":"https:\/\/meeplendice.net\/index.php?rest_route=\/wp\/v2\/pages\/10594","targetHints":{"allow":["GET"]}}],"collection":[{"href":"https:\/\/meeplendice.net\/index.php?rest_route=\/wp\/v2\/pages"}],"about":[{"href":"https:\/\/meeplendice.net\/index.php?rest_route=\/wp\/v2\/types\/page"}],"author":[{"embeddable":true,"href":"https:\/\/meeplendice.net\/index.php?rest_route=\/wp\/v2\/users\/2"}],"replies":[{"embeddable":true,"href":"https:\/\/meeplendice.net\/index.php?rest_route=%2Fwp%2Fv2%2Fcomments&post=10594"}],"version-history":[{"count":1,"href":"https:\/\/meeplendice.net\/index.php?rest_route=\/wp\/v2\/pages\/10594\/revisions"}],"predecessor-version":[{"id":10597,"href":"https:\/\/meeplendice.net\/index.php?rest_route=\/wp\/v2\/pages\/10594\/revisions\/10597"}],"up":[{"embeddable":true,"href":"https:\/\/meeplendice.net\/index.php?rest_route=\/wp\/v2\/pages\/9292"}],"wp:featuredmedia":[{"embeddable":true,"href":"https:\/\/meeplendice.net\/index.php?rest_route=\/wp\/v2\/media\/10574"}],"wp:attachment":[{"href":"https:\/\/meeplendice.net\/index.php?rest_route=%2Fwp%2Fv2%2Fmedia&parent=10594"}],"curies":[{"name":"wp","href":"https:\/\/api.w.org\/{rel}","templated":true}]}}