{"id":10664,"date":"2023-04-07T09:36:15","date_gmt":"2023-04-07T08:36:15","guid":{"rendered":"https:\/\/meeplendice.net\/?page_id=10664"},"modified":"2023-04-07T10:04:41","modified_gmt":"2023-04-07T09:04:41","slug":"draftosaurus-2","status":"publish","type":"page","link":"https:\/\/meeplendice.net\/?page_id=10664","title":{"rendered":"Draftosaurus"},"content":{"rendered":"<div id=\"pl-10664\"  class=\"panel-layout\" ><div id=\"pg-10664-0\"  class=\"panel-grid panel-no-style\" ><div id=\"pgc-10664-0-0\"  class=\"panel-grid-cell\" ><div id=\"panel-10664-0-0-0\" class=\"so-panel widget widget_sow-editor panel-first-child panel-last-child\" data-index=\"0\" ><div\n\t\t\t\n\t\t\tclass=\"so-widget-sow-editor so-widget-sow-editor-base\"\n\t\t\t\n\t\t>\n<div class=\"siteorigin-widget-tinymce textwidget\">\n\t<p style=\"text-align: center;\"><strong>Nombre de joueurs :<\/strong><br \/>\n2 - 5<\/p>\n<\/div>\n<\/div><\/div><\/div><div id=\"pgc-10664-0-1\"  class=\"panel-grid-cell\" ><div id=\"panel-10664-0-1-0\" class=\"so-panel widget widget_sow-editor panel-first-child panel-last-child\" data-index=\"1\" ><div\n\t\t\t\n\t\t\tclass=\"so-widget-sow-editor so-widget-sow-editor-base\"\n\t\t\t\n\t\t>\n<div class=\"siteorigin-widget-tinymce textwidget\">\n\t<p style=\"text-align: center;\"><strong>Dur\u00e9e moyenne :<\/strong><br \/>\n30 min<\/p>\n<\/div>\n<\/div><\/div><\/div><div id=\"pgc-10664-0-2\"  class=\"panel-grid-cell\" ><div id=\"panel-10664-0-2-0\" class=\"so-panel widget widget_sow-editor panel-first-child panel-last-child\" data-index=\"2\" ><div\n\t\t\t\n\t\t\tclass=\"so-widget-sow-editor so-widget-sow-editor-base\"\n\t\t\t\n\t\t>\n<div class=\"siteorigin-widget-tinymce textwidget\">\n\t<p style=\"text-align: center;\"><strong>Age :<\/strong><br \/>\n8 ans et plus<\/p>\n<\/div>\n<\/div><\/div><\/div><\/div><div id=\"pg-10664-1\"  class=\"panel-grid panel-no-style\" ><div id=\"pgc-10664-1-0\"  class=\"panel-grid-cell\" ><div id=\"panel-10664-1-0-0\" class=\"so-panel widget widget_sow-editor panel-first-child panel-last-child\" data-index=\"3\" ><div\n\t\t\t\n\t\t\tclass=\"so-widget-sow-editor so-widget-sow-editor-base\"\n\t\t\t\n\t\t>\n<div class=\"siteorigin-widget-tinymce textwidget\">\n\t<p style=\"text-align: center;\"><strong>Auteur(s) :<br \/>\n<\/strong><span class=\"data-siloing\" title=\"D\u00e9couvrez tous ces jeux\" data-siloing=\"https:\/\/www.philibertnet.com\/fr\/recherche?feature=31&amp;feature_value=Th\u00e9o Riviere\">Th\u00e9o Riviere<br \/>\n<\/span><span class=\"data-siloing\" title=\"Voir tous les jeux\" data-siloing=\"https:\/\/www.philibertnet.com\/fr\/recherche?feature=31&amp;feature_value=Antoine Bauza\">Antoine Bauza<br \/>\n<\/span><span class=\"data-siloing\" title=\"Voir tous les jeux\" data-siloing=\"https:\/\/www.philibertnet.com\/fr\/recherche?feature=31&amp;feature_value=Ludovic Maublanc\">Ludovic Maublanc<br \/>\n<\/span><span class=\"data-siloing\" title=\"Voir tous les jeux\" data-siloing=\"https:\/\/www.philibertnet.com\/fr\/recherche?feature=31&amp;feature_value=Corentin Lebrat\">Corentin Lebrat<\/span><\/p>\n<\/div>\n<\/div><\/div><\/div><div id=\"pgc-10664-1-1\"  class=\"panel-grid-cell\" ><div id=\"panel-10664-1-1-0\" class=\"so-panel widget widget_sow-editor panel-first-child panel-last-child\" data-index=\"4\" ><div\n\t\t\t\n\t\t\tclass=\"so-widget-sow-editor so-widget-sow-editor-base\"\n\t\t\t\n\t\t>\n<div class=\"siteorigin-widget-tinymce textwidget\">\n\t<p style=\"text-align: center;\"><strong>Illustrations :<\/strong><br \/>\n<span class=\"data-siloing\" title=\"D\u00e9couvrez tous ces jeux\" data-siloing=\"https:\/\/www.philibertnet.com\/fr\/recherche?feature=41&amp;feature_value=Jiahui Eva Gao\">Jiahui Eva Gao<br \/>\n<\/span><span class=\"data-siloing\" title=\"Voir tous les jeux\" data-siloing=\"https:\/\/www.philibertnet.com\/fr\/recherche?feature=41&amp;feature_value=Vipin Alex Jacob\">Vipin Alex Jacob<\/span><\/p>\n<\/div>\n<\/div><\/div><\/div><div id=\"pgc-10664-1-2\"  class=\"panel-grid-cell\" ><div id=\"panel-10664-1-2-0\" class=\"so-panel widget widget_sow-editor panel-first-child panel-last-child\" data-index=\"5\" ><div\n\t\t\t\n\t\t\tclass=\"so-widget-sow-editor so-widget-sow-editor-base\"\n\t\t\t\n\t\t>\n<div class=\"siteorigin-widget-tinymce textwidget\">\n\t<p style=\"text-align: center;\"><strong>\u00c9dition :<\/strong><br \/>\nAnkama<br \/>\n2022<\/p>\n<\/div>\n<\/div><\/div><\/div><div id=\"pgc-10664-1-3\"  class=\"panel-grid-cell\" ><div id=\"panel-10664-1-3-0\" class=\"so-panel widget widget_sow-editor panel-first-child panel-last-child\" data-index=\"6\" ><div\n\t\t\t\n\t\t\tclass=\"so-widget-sow-editor so-widget-sow-editor-base\"\n\t\t\t\n\t\t>\n<div class=\"siteorigin-widget-tinymce textwidget\">\n\t<p style=\"text-align: center;\"><strong>Version :<\/strong><br \/>\nFran\u00e7aise<\/p>\n<\/div>\n<\/div><\/div><\/div><\/div><div id=\"pg-10664-2\"  class=\"panel-grid panel-no-style\" ><div id=\"pgc-10664-2-0\"  class=\"panel-grid-cell\" ><div id=\"panel-10664-2-0-0\" class=\"so-panel widget widget_sow-editor panel-first-child panel-last-child\" data-index=\"7\" ><div\n\t\t\t\n\t\t\tclass=\"so-widget-sow-editor so-widget-sow-editor-base\"\n\t\t\t\n\t\t>\n<div class=\"siteorigin-widget-tinymce textwidget\">\n\t<hr \/>\n<p><em>La nouvelle est tomb\u00e9e : apr\u00e8s des d\u00e9cennies de recherches intenses, les scientifiques sont enfin parvenus \u00e0 cloner les dinosaures.<br \/>\nSuite \u00e0 cette avanc\u00e9e scientifique, la plan\u00e8te enti\u00e8re est en \u00e9bullition. De nombreux zoos apparaissent un peu partout pour accueillir les fameux colosses.<br \/>\nVous faites parties des personnes qui ont investi dans ce type de zoo tr\u00e8s sp\u00e9cial. Organisez vos enclos du mieux possible pour offrir \u00e0 vos visiteurs les meilleurs dinosaures.<\/em><\/p>\n<p><em>Draftosaurus<\/em> est un jeu de draft dans lequel les joueurs doivent s\u00e9lectionner les plus beaux dinosaures pour peupler les enclos de leur zoo. \u00c0 l'issue des deux manches, le joueur qui compte le plus de points remporte la partie.<\/p>\n<\/div>\n<\/div><\/div><\/div><\/div><div id=\"pg-10664-3\"  class=\"panel-grid panel-no-style\" ><div id=\"pgc-10664-3-0\"  class=\"panel-grid-cell\" ><div id=\"panel-10664-3-0-0\" class=\"so-panel widget widget_sow-editor panel-first-child panel-last-child\" data-index=\"8\" ><div\n\t\t\t\n\t\t\tclass=\"so-widget-sow-editor so-widget-sow-editor-base\"\n\t\t\t\n\t\t>\n<div class=\"siteorigin-widget-tinymce textwidget\">\n\t<hr \/>\n<h3 style=\"text-align: center;\">En vid\u00e9o<\/h3>\n<p><a href=\"https:\/\/www.youtube.com\/embed\/25BahCzL4QU\" target=\"_blank\" rel=\"noopener\"><img loading=\"lazy\" decoding=\"async\" class=\"alignnone size-full wp-image-9090\" src=\"https:\/\/meeplendice.net\/wp-content\/uploads\/2022\/01\/Link_CJ_v2.png\" alt=\"\" width=\"200\" height=\"170\" \/><\/a><\/p>\n<\/div>\n<\/div><\/div><\/div><\/div><div id=\"pg-10664-4\"  class=\"panel-grid panel-no-style\" ><div id=\"pgc-10664-4-0\"  class=\"panel-grid-cell\" ><div id=\"panel-10664-4-0-0\" class=\"so-panel widget widget_sow-editor panel-first-child panel-last-child\" data-index=\"9\" ><div\n\t\t\t\n\t\t\tclass=\"so-widget-sow-editor so-widget-sow-editor-base\"\n\t\t\t\n\t\t>\n<div class=\"siteorigin-widget-tinymce textwidget\">\n\t<hr \/>\n<h3 style=\"text-align: center;\">Extension(s)<\/h3>\n<p style=\"text-align: center;\"><style type='text\/css' media='all'>#rt-tpg-container-719769414 .read-more a{border-radius:px;}#rt-tpg-container-719769414 .rt-img-holder img.rt-img-responsive,#rt-tpg-container-719769414 .rt-img-holder,\n\t\t\t\t\t#rt-tpg-container-719769414 .rt-post-overlay .post-img,\n\t\t\t\t\t#rt-tpg-container-719769414 .post-sm .post-img,\n\t\t\t\t\t#rt-tpg-container-719769414 .rt-post-grid .post-img,\n\t\t\t\t\t#rt-tpg-container-719769414 .post-img img {border-radius:50px;}#rt-tpg-container-719769414 .layout9 .rt-holder h2.entry-title,\n\t\t\t\t\t#rt-tpg-container-719769414 .layout9 .rt-holder h3.entry-title,\n\t\t\t\t\t#rt-tpg-container-719769414 .layout9 .rt-holder h4.entry-title,\n\t\t\t\t\t#rt-tpg-container-719769414 .layout9 .rt-holder h2.entry-title a,\n\t\t\t\t\t#rt-tpg-container-719769414 .layout9 .rt-holder h3.entry-title a,\n\t\t\t\t\t#rt-tpg-container-719769414 .layout9 .rt-holder h4.entry-title a,\n\t\t\t\t\t#rt-tpg-container-719769414 .rt-holder .rt-woo-info h2 a,\n\t\t\t\t\t#rt-tpg-container-719769414 .rt-holder .rt-woo-info h3 a,\n\t\t\t\t\t#rt-tpg-container-719769414 .rt-holder .rt-woo-info h4 a,\n\t\t\t\t\t#rt-tpg-container-719769414 .post-content .post-title,\n\t\t\t\t\t#rt-tpg-container-719769414 .rt-post-grid .post-title,\n\t\t\t\t\t#rt-tpg-container-719769414 .rt-post-grid .post-title a,\n\t\t\t\t\t#rt-tpg-container-719769414 .post-content .post-title a,\n\t\t\t\t\t#rt-tpg-container-719769414 .rt-holder .rt-woo-info h2,\n\t\t\t\t\t#rt-tpg-container-719769414 .rt-holder .rt-woo-info h3,\n\t\t\t\t\t#rt-tpg-container-719769414 .rt-holder .rt-woo-info h4{font-size:16px;line-height:26px;font-weight:normal;text-align:center;}#rt-tpg-container-719769414 .post-grid-lg-style-1 .post-title,\n\t\t\t\t\t\t#rt-tpg-container-719769414 .post-grid-lg-style-1 .post-title a,\n\t\t\t\t\t\t#rt-tpg-container-719769414 .big-layout .post-title,\n\t\t\t\t\t\t#rt-tpg-container-719769414 .big-layout .post-title a,\n\t\t\t\t\t\t#rt-tpg-container-719769414 .post-grid-lg-style-1 .post-title,\n\t\t\t\t\t\t#rt-tpg-container-719769414 .post-grid-lg-style-1 .post-title a {font-size:24px;line-height:34px;}<\/style><div class='rt-container-fluid rt-tpg-container tpg-shortcode-main-wrapper ' id='rt-tpg-container-719769414'   data-layout='layout9' data-grid-style='masonry' data-desktop-col='3'  data-tab-col='2'  data-mobile-col='1' data-sc-id='10669'><div data-title='Loading ...' class='rt-row rt-content-loader   layout9 tpg-masonry '><div class=\"rt-col-md-4 rt-col-sm-6 rt-col-xs-12 masonry-grid-item rt-grid-item img_zoom_in tpg-img-circle\" data-id=\"10671\"><div class=\"rt-holder\"><div class='overlay'><a data-id='10671' class=' tpg-single-popup' href='https:\/\/meeplendice.net\/?page_id=10671'><img loading=\"lazy\" decoding=\"async\" width=\"350\" height=\"350\" src=\"https:\/\/meeplendice.net\/wp-content\/uploads\/2023\/02\/Draftosaurus_Marina.png\" class=\"rt-img-responsive \" alt=\"\" \/><\/a><\/div><div class='post-info'><h3 class=\"entry-title\"><a data-id=\"10671\" class=\" tpg-single-popup\" href=\"https:\/\/meeplendice.net\/?page_id=10671\">Marina<\/a><\/h3><div class='post-meta-user '><\/div><\/div><\/div><\/div><div class=\"rt-col-md-4 rt-col-sm-6 rt-col-xs-12 masonry-grid-item rt-grid-item img_zoom_in tpg-img-circle\" data-id=\"10673\"><div class=\"rt-holder\"><div class='overlay'><a data-id='10673' class=' tpg-single-popup' href='https:\/\/meeplendice.net\/?page_id=10673'><img loading=\"lazy\" decoding=\"async\" width=\"350\" height=\"350\" src=\"https:\/\/meeplendice.net\/wp-content\/uploads\/2023\/02\/Draftosaurus_AerialShow.png\" class=\"rt-img-responsive \" alt=\"\" \/><\/a><\/div><div class='post-info'><h3 class=\"entry-title\"><a data-id=\"10673\" class=\" tpg-single-popup\" href=\"https:\/\/meeplendice.net\/?page_id=10673\">Aerial Show<\/a><\/h3><div class='post-meta-user '><\/div><\/div><\/div><\/div><\/div><div class='rt-pagination-wrap' data-total-pages='1' data-posts-per-page='3' data-type='pagination_ajax'  ><div class='rt-page-numbers'><\/div><\/div><\/div><\/p>\n<\/div>\n<\/div><\/div><\/div><\/div><div id=\"pg-10664-5\"  class=\"panel-grid panel-no-style\" ><div id=\"pgc-10664-5-0\"  class=\"panel-grid-cell\" ><div id=\"panel-10664-5-0-0\" class=\"so-panel widget widget_sow-editor panel-first-child panel-last-child\" data-index=\"10\" ><div\n\t\t\t\n\t\t\tclass=\"so-widget-sow-editor so-widget-sow-editor-base\"\n\t\t\t\n\t\t>\n<div class=\"siteorigin-widget-tinymce textwidget\">\n\t<hr \/>\n<h3 style=\"text-align: center;\">Pour aller plus loin<\/h3>\n<\/div>\n<\/div><\/div><\/div><\/div><\/div>","protected":false},"excerpt":{"rendered":"<p>Nombre de joueurs : 2 &#8211; 5 Dur\u00e9e moyenne : 30 min Age : 8 ans et plus Auteur(s) : Th\u00e9o Riviere Antoine Bauza Ludovic Maublanc Corentin Lebrat Illustrations : Jiahui Eva Gao Vipin Alex Jacob \u00c9dition : Ankama 2022 Version : Fran\u00e7aise<\/p>\n","protected":false},"author":2,"featured_media":10418,"parent":0,"menu_order":0,"comment_status":"closed","ping_status":"closed","template":"","meta":{"footnotes":""},"class_list":["post-10664","page","type-page","status-publish","has-post-thumbnail","hentry"],"acf":[],"rttpg_featured_image_url":{"full":["https:\/\/meeplendice.net\/wp-content\/uploads\/2023\/01\/Draftosaurus.png",350,350,false],"landscape":["https:\/\/meeplendice.net\/wp-content\/uploads\/2023\/01\/Draftosaurus.png",350,350,false],"portraits":["https:\/\/meeplendice.net\/wp-content\/uploads\/2023\/01\/Draftosaurus.png",350,350,false],"thumbnail":["https:\/\/meeplendice.net\/wp-content\/uploads\/2023\/01\/Draftosaurus-150x150.png",150,150,true],"medium":["https:\/\/meeplendice.net\/wp-content\/uploads\/2023\/01\/Draftosaurus-300x300.png",300,300,true],"large":["https:\/\/meeplendice.net\/wp-content\/uploads\/2023\/01\/Draftosaurus.png",350,350,false],"ug_big":["https:\/\/meeplendice.net\/wp-content\/uploads\/2023\/01\/Draftosaurus.png",350,350,false],"1536x1536":["https:\/\/meeplendice.net\/wp-content\/uploads\/2023\/01\/Draftosaurus.png",350,350,false],"2048x2048":["https:\/\/meeplendice.net\/wp-content\/uploads\/2023\/01\/Draftosaurus.png",350,350,false],"ashe-slider-grid-thumbnail":["https:\/\/meeplendice.net\/wp-content\/uploads\/2023\/01\/Draftosaurus.png",350,350,false],"ashe-full-thumbnail":["https:\/\/meeplendice.net\/wp-content\/uploads\/2023\/01\/Draftosaurus.png",350,350,false],"ashe-grid-thumbnail":["https:\/\/meeplendice.net\/wp-content\/uploads\/2023\/01\/Draftosaurus-350x330.png",350,330,true],"ashe-list-thumbnail":["https:\/\/meeplendice.net\/wp-content\/uploads\/2023\/01\/Draftosaurus-300x300.png",300,300,true],"ashe-single-navigation":["https:\/\/meeplendice.net\/wp-content\/uploads\/2023\/01\/Draftosaurus-75x75.png",75,75,true],"mailpoet_newsletter_max":["https:\/\/meeplendice.net\/wp-content\/uploads\/2023\/01\/Draftosaurus.png",350,350,false],"rpwe-thumbnail":["https:\/\/meeplendice.net\/wp-content\/uploads\/2023\/01\/Draftosaurus-45x45.png",45,45,true],"sow-carousel-default":["https:\/\/meeplendice.net\/wp-content\/uploads\/2023\/01\/Draftosaurus-272x182.png",272,182,true],"rt_custom":["https:\/\/meeplendice.net\/wp-content\/uploads\/2023\/01\/Draftosaurus.png",350,350,false]},"rttpg_author":{"display_name":"Karnby","author_link":"https:\/\/meeplendice.net\/?author=2"},"rttpg_comment":0,"rttpg_category":null,"rttpg_excerpt":"Nombre de joueurs : 2 - 5 Dur\u00e9e moyenne : 30 min Age : 8 ans et plus Auteur(s) : Th\u00e9o Riviere Antoine Bauza Ludovic Maublanc Corentin Lebrat Illustrations : Jiahui Eva Gao Vipin Alex Jacob \u00c9dition : Ankama 2022 Version : Fran\u00e7aise","_links":{"self":[{"href":"https:\/\/meeplendice.net\/index.php?rest_route=\/wp\/v2\/pages\/10664","targetHints":{"allow":["GET"]}}],"collection":[{"href":"https:\/\/meeplendice.net\/index.php?rest_route=\/wp\/v2\/pages"}],"about":[{"href":"https:\/\/meeplendice.net\/index.php?rest_route=\/wp\/v2\/types\/page"}],"author":[{"embeddable":true,"href":"https:\/\/meeplendice.net\/index.php?rest_route=\/wp\/v2\/users\/2"}],"replies":[{"embeddable":true,"href":"https:\/\/meeplendice.net\/index.php?rest_route=%2Fwp%2Fv2%2Fcomments&post=10664"}],"version-history":[{"count":7,"href":"https:\/\/meeplendice.net\/index.php?rest_route=\/wp\/v2\/pages\/10664\/revisions"}],"predecessor-version":[{"id":10678,"href":"https:\/\/meeplendice.net\/index.php?rest_route=\/wp\/v2\/pages\/10664\/revisions\/10678"}],"wp:featuredmedia":[{"embeddable":true,"href":"https:\/\/meeplendice.net\/index.php?rest_route=\/wp\/v2\/media\/10418"}],"wp:attachment":[{"href":"https:\/\/meeplendice.net\/index.php?rest_route=%2Fwp%2Fv2%2Fmedia&parent=10664"}],"curies":[{"name":"wp","href":"https:\/\/api.w.org\/{rel}","templated":true}]}}