{"id":10671,"date":"2023-04-07T09:49:05","date_gmt":"2023-04-07T08:49:05","guid":{"rendered":"https:\/\/meeplendice.net\/?page_id=10671"},"modified":"2023-04-07T09:49:05","modified_gmt":"2023-04-07T08:49:05","slug":"marina","status":"publish","type":"page","link":"https:\/\/meeplendice.net\/?page_id=10671","title":{"rendered":"Marina"},"content":{"rendered":"<div>\n<p>Il est temps d\u2019accueillir de nouvelles esp\u00e8ces dans votre parc !<\/p>\n<\/div>\n<div><em>Draftosaurus Marina<\/em> met \u00e0 l\u2019honneur des pl\u00e9siosaures que vous devrez habilement placer et faire \u00e9voluer dans votre rivi\u00e8re. Les pl\u00e9siosaures sont les seuls dino-meeples qui peuvent \u00eatre plac\u00e9s dans cette partie du fleuve, ce qui permet d&rsquo;obtenir des points \u00e0 la fin du jeu.<\/div>\n<div><\/div>\n<div>Pour d\u00e9placer votre pl\u00e9siosaure plus loin dans la rivi\u00e8re et gagner plus de points, vous devez placer d&rsquo;autres esp\u00e8ces sp\u00e9cifiques dans votre parc pour d\u00e9bloquer les barrages un par un !<\/div>\n<div><\/div>\n<div>D\u00e9couvrez de nouvelles strat\u00e9gies de jeu pour une partie toujours plus jurassique !<\/div>\n","protected":false},"excerpt":{"rendered":"<p>Il est temps d\u2019accueillir de nouvelles esp\u00e8ces dans votre parc ! Draftosaurus Marina met \u00e0 l\u2019honneur des pl\u00e9siosaures que vous devrez habilement placer et faire \u00e9voluer dans votre rivi\u00e8re. Les pl\u00e9siosaures sont les seuls dino-meeples qui peuvent \u00eatre plac\u00e9s dans cette partie du fleuve, ce qui permet d&rsquo;obtenir des points \u00e0 la fin du jeu. Pour d\u00e9placer votre pl\u00e9siosaure plus loin dans la rivi\u00e8re et gagner plus de points, vous devez placer d&rsquo;autres esp\u00e8ces sp\u00e9cifiques dans votre parc pour d\u00e9bloquer les barrages un par un ! D\u00e9couvrez de nouvelles strat\u00e9gies de jeu pour une partie toujours plus jurassique !<\/p>\n","protected":false},"author":2,"featured_media":10568,"parent":10664,"menu_order":1,"comment_status":"closed","ping_status":"closed","template":"","meta":{"footnotes":""},"class_list":["post-10671","page","type-page","status-publish","has-post-thumbnail","hentry"],"acf":[],"rttpg_featured_image_url":{"full":["https:\/\/meeplendice.net\/wp-content\/uploads\/2023\/02\/Draftosaurus_Marina.png",350,350,false],"landscape":["https:\/\/meeplendice.net\/wp-content\/uploads\/2023\/02\/Draftosaurus_Marina.png",350,350,false],"portraits":["https:\/\/meeplendice.net\/wp-content\/uploads\/2023\/02\/Draftosaurus_Marina.png",350,350,false],"thumbnail":["https:\/\/meeplendice.net\/wp-content\/uploads\/2023\/02\/Draftosaurus_Marina-150x150.png",150,150,true],"medium":["https:\/\/meeplendice.net\/wp-content\/uploads\/2023\/02\/Draftosaurus_Marina-300x300.png",300,300,true],"large":["https:\/\/meeplendice.net\/wp-content\/uploads\/2023\/02\/Draftosaurus_Marina.png",350,350,false],"ug_big":["https:\/\/meeplendice.net\/wp-content\/uploads\/2023\/02\/Draftosaurus_Marina.png",350,350,false],"1536x1536":["https:\/\/meeplendice.net\/wp-content\/uploads\/2023\/02\/Draftosaurus_Marina.png",350,350,false],"2048x2048":["https:\/\/meeplendice.net\/wp-content\/uploads\/2023\/02\/Draftosaurus_Marina.png",350,350,false],"ashe-slider-grid-thumbnail":["https:\/\/meeplendice.net\/wp-content\/uploads\/2023\/02\/Draftosaurus_Marina.png",350,350,false],"ashe-full-thumbnail":["https:\/\/meeplendice.net\/wp-content\/uploads\/2023\/02\/Draftosaurus_Marina.png",350,350,false],"ashe-grid-thumbnail":["https:\/\/meeplendice.net\/wp-content\/uploads\/2023\/02\/Draftosaurus_Marina-350x330.png",350,330,true],"ashe-list-thumbnail":["https:\/\/meeplendice.net\/wp-content\/uploads\/2023\/02\/Draftosaurus_Marina-300x300.png",300,300,true],"ashe-single-navigation":["https:\/\/meeplendice.net\/wp-content\/uploads\/2023\/02\/Draftosaurus_Marina-75x75.png",75,75,true],"mailpoet_newsletter_max":["https:\/\/meeplendice.net\/wp-content\/uploads\/2023\/02\/Draftosaurus_Marina.png",350,350,false],"rpwe-thumbnail":["https:\/\/meeplendice.net\/wp-content\/uploads\/2023\/02\/Draftosaurus_Marina-45x45.png",45,45,true],"sow-carousel-default":["https:\/\/meeplendice.net\/wp-content\/uploads\/2023\/02\/Draftosaurus_Marina-272x182.png",272,182,true],"rt_custom":["https:\/\/meeplendice.net\/wp-content\/uploads\/2023\/02\/Draftosaurus_Marina.png",350,350,false]},"rttpg_author":{"display_name":"Karnby","author_link":"https:\/\/meeplendice.net\/?author=2"},"rttpg_comment":0,"rttpg_category":null,"rttpg_excerpt":"Il est temps d\u2019accueillir de nouvelles esp\u00e8ces dans votre parc ! Draftosaurus Marina met \u00e0 l\u2019honneur des pl\u00e9siosaures que vous devrez habilement placer et faire \u00e9voluer dans votre rivi\u00e8re. Les pl\u00e9siosaures sont les seuls dino-meeples qui peuvent \u00eatre plac\u00e9s dans cette partie du fleuve, ce qui permet d&rsquo;obtenir des points \u00e0 la fin du jeu.\u2026","_links":{"self":[{"href":"https:\/\/meeplendice.net\/index.php?rest_route=\/wp\/v2\/pages\/10671","targetHints":{"allow":["GET"]}}],"collection":[{"href":"https:\/\/meeplendice.net\/index.php?rest_route=\/wp\/v2\/pages"}],"about":[{"href":"https:\/\/meeplendice.net\/index.php?rest_route=\/wp\/v2\/types\/page"}],"author":[{"embeddable":true,"href":"https:\/\/meeplendice.net\/index.php?rest_route=\/wp\/v2\/users\/2"}],"replies":[{"embeddable":true,"href":"https:\/\/meeplendice.net\/index.php?rest_route=%2Fwp%2Fv2%2Fcomments&post=10671"}],"version-history":[{"count":1,"href":"https:\/\/meeplendice.net\/index.php?rest_route=\/wp\/v2\/pages\/10671\/revisions"}],"predecessor-version":[{"id":10672,"href":"https:\/\/meeplendice.net\/index.php?rest_route=\/wp\/v2\/pages\/10671\/revisions\/10672"}],"up":[{"embeddable":true,"href":"https:\/\/meeplendice.net\/index.php?rest_route=\/wp\/v2\/pages\/10664"}],"wp:featuredmedia":[{"embeddable":true,"href":"https:\/\/meeplendice.net\/index.php?rest_route=\/wp\/v2\/media\/10568"}],"wp:attachment":[{"href":"https:\/\/meeplendice.net\/index.php?rest_route=%2Fwp%2Fv2%2Fmedia&parent=10671"}],"curies":[{"name":"wp","href":"https:\/\/api.w.org\/{rel}","templated":true}]}}