{"id":10673,"date":"2023-04-07T10:00:07","date_gmt":"2023-04-07T09:00:07","guid":{"rendered":"https:\/\/meeplendice.net\/?page_id=10673"},"modified":"2023-04-07T10:00:07","modified_gmt":"2023-04-07T09:00:07","slug":"aerial-show","status":"publish","type":"page","link":"https:\/\/meeplendice.net\/?page_id=10673","title":{"rendered":"Aerial Show"},"content":{"rendered":"<div>\n<p>Il est temps d\u2019accueillir de nouvelles esp\u00e8ces dans votre parc !<\/p>\n<\/div>\n<div><em>Draftosaurus Aerial show<\/em> fait la part belle aux pt\u00e9rodactyles dans leur voli\u00e8re. Les pt\u00e9rodactyles sont les seuls dino-meeples qui peuvent \u00eatre plac\u00e9s sur une nouvelle partie du plateau, et chacun de leurs nids vous offre un bonus sp\u00e9cifique en retour, allant des points suppl\u00e9mentaires, \u00e0 l&rsquo;immunit\u00e9, en passant par le d\u00e9 de placement !<\/div>\n<div><\/div>\n<div>D\u00e9couvrez de nouvelles strat\u00e9gies de jeu pour une partie toujours plus jurassique !<\/div>\n","protected":false},"excerpt":{"rendered":"<p>Il est temps d\u2019accueillir de nouvelles esp\u00e8ces dans votre parc ! Draftosaurus Aerial show fait la part belle aux pt\u00e9rodactyles dans leur voli\u00e8re. Les pt\u00e9rodactyles sont les seuls dino-meeples qui peuvent \u00eatre plac\u00e9s sur une nouvelle partie du plateau, et chacun de leurs nids vous offre un bonus sp\u00e9cifique en retour, allant des points suppl\u00e9mentaires, \u00e0 l&rsquo;immunit\u00e9, en passant par le d\u00e9 de placement ! D\u00e9couvrez de nouvelles strat\u00e9gies de jeu pour une partie toujours plus jurassique !<\/p>\n","protected":false},"author":2,"featured_media":10567,"parent":10664,"menu_order":2,"comment_status":"closed","ping_status":"closed","template":"","meta":{"footnotes":""},"class_list":["post-10673","page","type-page","status-publish","has-post-thumbnail","hentry"],"acf":[],"rttpg_featured_image_url":{"full":["https:\/\/meeplendice.net\/wp-content\/uploads\/2023\/02\/Draftosaurus_AerialShow.png",350,350,false],"landscape":["https:\/\/meeplendice.net\/wp-content\/uploads\/2023\/02\/Draftosaurus_AerialShow.png",350,350,false],"portraits":["https:\/\/meeplendice.net\/wp-content\/uploads\/2023\/02\/Draftosaurus_AerialShow.png",350,350,false],"thumbnail":["https:\/\/meeplendice.net\/wp-content\/uploads\/2023\/02\/Draftosaurus_AerialShow-150x150.png",150,150,true],"medium":["https:\/\/meeplendice.net\/wp-content\/uploads\/2023\/02\/Draftosaurus_AerialShow-300x300.png",300,300,true],"large":["https:\/\/meeplendice.net\/wp-content\/uploads\/2023\/02\/Draftosaurus_AerialShow.png",350,350,false],"ug_big":["https:\/\/meeplendice.net\/wp-content\/uploads\/2023\/02\/Draftosaurus_AerialShow.png",350,350,false],"1536x1536":["https:\/\/meeplendice.net\/wp-content\/uploads\/2023\/02\/Draftosaurus_AerialShow.png",350,350,false],"2048x2048":["https:\/\/meeplendice.net\/wp-content\/uploads\/2023\/02\/Draftosaurus_AerialShow.png",350,350,false],"ashe-slider-grid-thumbnail":["https:\/\/meeplendice.net\/wp-content\/uploads\/2023\/02\/Draftosaurus_AerialShow.png",350,350,false],"ashe-full-thumbnail":["https:\/\/meeplendice.net\/wp-content\/uploads\/2023\/02\/Draftosaurus_AerialShow.png",350,350,false],"ashe-grid-thumbnail":["https:\/\/meeplendice.net\/wp-content\/uploads\/2023\/02\/Draftosaurus_AerialShow-350x330.png",350,330,true],"ashe-list-thumbnail":["https:\/\/meeplendice.net\/wp-content\/uploads\/2023\/02\/Draftosaurus_AerialShow-300x300.png",300,300,true],"ashe-single-navigation":["https:\/\/meeplendice.net\/wp-content\/uploads\/2023\/02\/Draftosaurus_AerialShow-75x75.png",75,75,true],"mailpoet_newsletter_max":["https:\/\/meeplendice.net\/wp-content\/uploads\/2023\/02\/Draftosaurus_AerialShow.png",350,350,false],"rpwe-thumbnail":["https:\/\/meeplendice.net\/wp-content\/uploads\/2023\/02\/Draftosaurus_AerialShow-45x45.png",45,45,true],"sow-carousel-default":["https:\/\/meeplendice.net\/wp-content\/uploads\/2023\/02\/Draftosaurus_AerialShow-272x182.png",272,182,true],"rt_custom":["https:\/\/meeplendice.net\/wp-content\/uploads\/2023\/02\/Draftosaurus_AerialShow.png",350,350,false]},"rttpg_author":{"display_name":"Karnby","author_link":"https:\/\/meeplendice.net\/?author=2"},"rttpg_comment":0,"rttpg_category":null,"rttpg_excerpt":"Il est temps d\u2019accueillir de nouvelles esp\u00e8ces dans votre parc ! Draftosaurus Aerial show fait la part belle aux pt\u00e9rodactyles dans leur voli\u00e8re. Les pt\u00e9rodactyles sont les seuls dino-meeples qui peuvent \u00eatre plac\u00e9s sur une nouvelle partie du plateau, et chacun de leurs nids vous offre un bonus sp\u00e9cifique en retour, allant des points suppl\u00e9mentaires,\u2026","_links":{"self":[{"href":"https:\/\/meeplendice.net\/index.php?rest_route=\/wp\/v2\/pages\/10673","targetHints":{"allow":["GET"]}}],"collection":[{"href":"https:\/\/meeplendice.net\/index.php?rest_route=\/wp\/v2\/pages"}],"about":[{"href":"https:\/\/meeplendice.net\/index.php?rest_route=\/wp\/v2\/types\/page"}],"author":[{"embeddable":true,"href":"https:\/\/meeplendice.net\/index.php?rest_route=\/wp\/v2\/users\/2"}],"replies":[{"embeddable":true,"href":"https:\/\/meeplendice.net\/index.php?rest_route=%2Fwp%2Fv2%2Fcomments&post=10673"}],"version-history":[{"count":1,"href":"https:\/\/meeplendice.net\/index.php?rest_route=\/wp\/v2\/pages\/10673\/revisions"}],"predecessor-version":[{"id":10674,"href":"https:\/\/meeplendice.net\/index.php?rest_route=\/wp\/v2\/pages\/10673\/revisions\/10674"}],"up":[{"embeddable":true,"href":"https:\/\/meeplendice.net\/index.php?rest_route=\/wp\/v2\/pages\/10664"}],"wp:featuredmedia":[{"embeddable":true,"href":"https:\/\/meeplendice.net\/index.php?rest_route=\/wp\/v2\/media\/10567"}],"wp:attachment":[{"href":"https:\/\/meeplendice.net\/index.php?rest_route=%2Fwp%2Fv2%2Fmedia&parent=10673"}],"curies":[{"name":"wp","href":"https:\/\/api.w.org\/{rel}","templated":true}]}}