{"id":10685,"date":"2023-04-07T10:38:11","date_gmt":"2023-04-07T09:38:11","guid":{"rendered":"https:\/\/meeplendice.net\/?page_id=10685"},"modified":"2023-04-07T10:38:11","modified_gmt":"2023-04-07T09:38:11","slug":"human-miniatures-set","status":"publish","type":"page","link":"https:\/\/meeplendice.net\/?page_id=10685","title":{"rendered":"Human Miniatures Set"},"content":{"rendered":"<p>Des figurines pour rendre le jeu plus sc\u00e9nique et r\u00e9aliste, en donnant une forme 3D aux personnages vus dans le film culte.<\/p>\n<div>L&rsquo;extension de figurines <em>The Thing : Human<\/em> contient un ensemble de huit figurines de personnages hautement d\u00e9taill\u00e9es, \u00e0 utiliser \u00e0 la place des personnages en standees que l&rsquo;on trouve dans la bo\u00eete du jeu de base.<\/div>\n<div><\/div>\n<div>Ces figurines repr\u00e9sentent les 8 personnages principaux vus dans le film, comme MacReady ou le Docteur Blair.<\/div>\n<div><\/div>\n<div>L&rsquo;utilisation de ces figurines de personnages \u00e0 la place des standees enrichit le jeu, lui donnant un aspect plus sc\u00e9nique et un impact plus fort sur le gameplay.<\/div>\n","protected":false},"excerpt":{"rendered":"<p>Des figurines pour rendre le jeu plus sc\u00e9nique et r\u00e9aliste, en donnant une forme 3D aux personnages vus dans le film culte. L&rsquo;extension de figurines The Thing : Human contient un ensemble de huit figurines de personnages hautement d\u00e9taill\u00e9es, \u00e0 utiliser \u00e0 la place des personnages en standees que l&rsquo;on trouve dans la bo\u00eete du jeu de base. Ces figurines repr\u00e9sentent les 8 personnages principaux vus dans le film, comme MacReady ou le Docteur Blair. L&rsquo;utilisation de ces figurines de personnages \u00e0 la place des standees enrichit le jeu, lui donnant un aspect plus sc\u00e9nique et un impact plus fort sur le gameplay.<\/p>\n","protected":false},"author":2,"featured_media":10681,"parent":10315,"menu_order":3,"comment_status":"closed","ping_status":"closed","template":"","meta":{"footnotes":""},"class_list":["post-10685","page","type-page","status-publish","has-post-thumbnail","hentry"],"acf":[],"rttpg_featured_image_url":{"full":["https:\/\/meeplendice.net\/wp-content\/uploads\/2023\/04\/TheThing_humanmini.png",350,350,false],"landscape":["https:\/\/meeplendice.net\/wp-content\/uploads\/2023\/04\/TheThing_humanmini.png",350,350,false],"portraits":["https:\/\/meeplendice.net\/wp-content\/uploads\/2023\/04\/TheThing_humanmini.png",350,350,false],"thumbnail":["https:\/\/meeplendice.net\/wp-content\/uploads\/2023\/04\/TheThing_humanmini-150x150.png",150,150,true],"medium":["https:\/\/meeplendice.net\/wp-content\/uploads\/2023\/04\/TheThing_humanmini-300x300.png",300,300,true],"large":["https:\/\/meeplendice.net\/wp-content\/uploads\/2023\/04\/TheThing_humanmini.png",350,350,false],"ug_big":["https:\/\/meeplendice.net\/wp-content\/uploads\/2023\/04\/TheThing_humanmini.png",350,350,false],"1536x1536":["https:\/\/meeplendice.net\/wp-content\/uploads\/2023\/04\/TheThing_humanmini.png",350,350,false],"2048x2048":["https:\/\/meeplendice.net\/wp-content\/uploads\/2023\/04\/TheThing_humanmini.png",350,350,false],"ashe-slider-grid-thumbnail":["https:\/\/meeplendice.net\/wp-content\/uploads\/2023\/04\/TheThing_humanmini.png",350,350,false],"ashe-full-thumbnail":["https:\/\/meeplendice.net\/wp-content\/uploads\/2023\/04\/TheThing_humanmini.png",350,350,false],"ashe-grid-thumbnail":["https:\/\/meeplendice.net\/wp-content\/uploads\/2023\/04\/TheThing_humanmini-350x330.png",350,330,true],"ashe-list-thumbnail":["https:\/\/meeplendice.net\/wp-content\/uploads\/2023\/04\/TheThing_humanmini-300x300.png",300,300,true],"ashe-single-navigation":["https:\/\/meeplendice.net\/wp-content\/uploads\/2023\/04\/TheThing_humanmini-75x75.png",75,75,true],"mailpoet_newsletter_max":["https:\/\/meeplendice.net\/wp-content\/uploads\/2023\/04\/TheThing_humanmini.png",350,350,false],"rpwe-thumbnail":["https:\/\/meeplendice.net\/wp-content\/uploads\/2023\/04\/TheThing_humanmini-45x45.png",45,45,true],"sow-carousel-default":["https:\/\/meeplendice.net\/wp-content\/uploads\/2023\/04\/TheThing_humanmini-272x182.png",272,182,true],"rt_custom":["https:\/\/meeplendice.net\/wp-content\/uploads\/2023\/04\/TheThing_humanmini.png",350,350,false]},"rttpg_author":{"display_name":"Karnby","author_link":"https:\/\/meeplendice.net\/?author=2"},"rttpg_comment":0,"rttpg_category":null,"rttpg_excerpt":"Des figurines pour rendre le jeu plus sc\u00e9nique et r\u00e9aliste, en donnant une forme 3D aux personnages vus dans le film culte. L&rsquo;extension de figurines The Thing : Human contient un ensemble de huit figurines de personnages hautement d\u00e9taill\u00e9es, \u00e0 utiliser \u00e0 la place des personnages en standees que l&rsquo;on trouve dans la bo\u00eete du\u2026","_links":{"self":[{"href":"https:\/\/meeplendice.net\/index.php?rest_route=\/wp\/v2\/pages\/10685","targetHints":{"allow":["GET"]}}],"collection":[{"href":"https:\/\/meeplendice.net\/index.php?rest_route=\/wp\/v2\/pages"}],"about":[{"href":"https:\/\/meeplendice.net\/index.php?rest_route=\/wp\/v2\/types\/page"}],"author":[{"embeddable":true,"href":"https:\/\/meeplendice.net\/index.php?rest_route=\/wp\/v2\/users\/2"}],"replies":[{"embeddable":true,"href":"https:\/\/meeplendice.net\/index.php?rest_route=%2Fwp%2Fv2%2Fcomments&post=10685"}],"version-history":[{"count":1,"href":"https:\/\/meeplendice.net\/index.php?rest_route=\/wp\/v2\/pages\/10685\/revisions"}],"predecessor-version":[{"id":10686,"href":"https:\/\/meeplendice.net\/index.php?rest_route=\/wp\/v2\/pages\/10685\/revisions\/10686"}],"up":[{"embeddable":true,"href":"https:\/\/meeplendice.net\/index.php?rest_route=\/wp\/v2\/pages\/10315"}],"wp:featuredmedia":[{"embeddable":true,"href":"https:\/\/meeplendice.net\/index.php?rest_route=\/wp\/v2\/media\/10681"}],"wp:attachment":[{"href":"https:\/\/meeplendice.net\/index.php?rest_route=%2Fwp%2Fv2%2Fmedia&parent=10685"}],"curies":[{"name":"wp","href":"https:\/\/api.w.org\/{rel}","templated":true}]}}