{"id":10862,"date":"2023-06-04T14:46:23","date_gmt":"2023-06-04T13:46:23","guid":{"rendered":"https:\/\/meeplendice.net\/?page_id=10862"},"modified":"2023-06-04T14:46:23","modified_gmt":"2023-06-04T13:46:23","slug":"incubation","status":"publish","type":"page","link":"https:\/\/meeplendice.net\/?page_id=10862","title":{"rendered":"Incubation"},"content":{"rendered":"<p>Bien des ann\u00e9es apr\u00e8s la destruction de la caverne, vous \u00eates contact\u00e9s par un myst\u00e9rieux \u00e9tranger pour une mission d\u00e9sesp\u00e9r\u00e9e. Quelque chose de terrifiant cro\u00eet dans les cendres.<br \/>\nSeule votre \u00e9quipe a l&rsquo;exp\u00e9rience pour r\u00e9cup\u00e9rer des preuves et sortir sain et sauf. Vous devez rapidement collecter des \u00e9chantillons, \u00e9viter l&rsquo;essaim en formation et sortir co\u00fbte que co\u00fbte \u00e0 la surface.<\/p>\n<p>&nbsp;<\/p>\n","protected":false},"excerpt":{"rendered":"<p>Bien des ann\u00e9es apr\u00e8s la destruction de la caverne, vous \u00eates contact\u00e9s par un myst\u00e9rieux \u00e9tranger pour une mission d\u00e9sesp\u00e9r\u00e9e. Quelque chose de terrifiant cro\u00eet dans les cendres. Seule votre \u00e9quipe a l&rsquo;exp\u00e9rience pour r\u00e9cup\u00e9rer des preuves et sortir sain et sauf. Vous devez rapidement collecter des \u00e9chantillons, \u00e9viter l&rsquo;essaim en formation et sortir co\u00fbte que co\u00fbte \u00e0 la surface. &nbsp;<\/p>\n","protected":false},"author":2,"featured_media":10861,"parent":4948,"menu_order":4,"comment_status":"closed","ping_status":"closed","template":"","meta":{"footnotes":""},"class_list":["post-10862","page","type-page","status-publish","has-post-thumbnail","hentry"],"acf":[],"rttpg_featured_image_url":{"full":["https:\/\/meeplendice.net\/wp-content\/uploads\/2023\/06\/Subterra_Incubation.png",350,350,false],"landscape":["https:\/\/meeplendice.net\/wp-content\/uploads\/2023\/06\/Subterra_Incubation.png",350,350,false],"portraits":["https:\/\/meeplendice.net\/wp-content\/uploads\/2023\/06\/Subterra_Incubation.png",350,350,false],"thumbnail":["https:\/\/meeplendice.net\/wp-content\/uploads\/2023\/06\/Subterra_Incubation-150x150.png",150,150,true],"medium":["https:\/\/meeplendice.net\/wp-content\/uploads\/2023\/06\/Subterra_Incubation-300x300.png",300,300,true],"large":["https:\/\/meeplendice.net\/wp-content\/uploads\/2023\/06\/Subterra_Incubation.png",350,350,false],"ug_big":["https:\/\/meeplendice.net\/wp-content\/uploads\/2023\/06\/Subterra_Incubation.png",350,350,false],"1536x1536":["https:\/\/meeplendice.net\/wp-content\/uploads\/2023\/06\/Subterra_Incubation.png",350,350,false],"2048x2048":["https:\/\/meeplendice.net\/wp-content\/uploads\/2023\/06\/Subterra_Incubation.png",350,350,false],"ashe-slider-grid-thumbnail":["https:\/\/meeplendice.net\/wp-content\/uploads\/2023\/06\/Subterra_Incubation.png",350,350,false],"ashe-full-thumbnail":["https:\/\/meeplendice.net\/wp-content\/uploads\/2023\/06\/Subterra_Incubation.png",350,350,false],"ashe-grid-thumbnail":["https:\/\/meeplendice.net\/wp-content\/uploads\/2023\/06\/Subterra_Incubation-350x330.png",350,330,true],"ashe-list-thumbnail":["https:\/\/meeplendice.net\/wp-content\/uploads\/2023\/06\/Subterra_Incubation-300x300.png",300,300,true],"ashe-single-navigation":["https:\/\/meeplendice.net\/wp-content\/uploads\/2023\/06\/Subterra_Incubation-75x75.png",75,75,true],"mailpoet_newsletter_max":["https:\/\/meeplendice.net\/wp-content\/uploads\/2023\/06\/Subterra_Incubation.png",350,350,false],"rpwe-thumbnail":["https:\/\/meeplendice.net\/wp-content\/uploads\/2023\/06\/Subterra_Incubation-45x45.png",45,45,true],"sow-carousel-default":["https:\/\/meeplendice.net\/wp-content\/uploads\/2023\/06\/Subterra_Incubation-272x182.png",272,182,true],"rt_custom":["https:\/\/meeplendice.net\/wp-content\/uploads\/2023\/06\/Subterra_Incubation.png",350,350,false]},"rttpg_author":{"display_name":"Karnby","author_link":"https:\/\/meeplendice.net\/?author=2"},"rttpg_comment":0,"rttpg_category":null,"rttpg_excerpt":"Bien des ann\u00e9es apr\u00e8s la destruction de la caverne, vous \u00eates contact\u00e9s par un myst\u00e9rieux \u00e9tranger pour une mission d\u00e9sesp\u00e9r\u00e9e. Quelque chose de terrifiant cro\u00eet dans les cendres. Seule votre \u00e9quipe a l&rsquo;exp\u00e9rience pour r\u00e9cup\u00e9rer des preuves et sortir sain et sauf. Vous devez rapidement collecter des \u00e9chantillons, \u00e9viter l&rsquo;essaim en formation et sortir co\u00fbte\u2026","_links":{"self":[{"href":"https:\/\/meeplendice.net\/index.php?rest_route=\/wp\/v2\/pages\/10862","targetHints":{"allow":["GET"]}}],"collection":[{"href":"https:\/\/meeplendice.net\/index.php?rest_route=\/wp\/v2\/pages"}],"about":[{"href":"https:\/\/meeplendice.net\/index.php?rest_route=\/wp\/v2\/types\/page"}],"author":[{"embeddable":true,"href":"https:\/\/meeplendice.net\/index.php?rest_route=\/wp\/v2\/users\/2"}],"replies":[{"embeddable":true,"href":"https:\/\/meeplendice.net\/index.php?rest_route=%2Fwp%2Fv2%2Fcomments&post=10862"}],"version-history":[{"count":1,"href":"https:\/\/meeplendice.net\/index.php?rest_route=\/wp\/v2\/pages\/10862\/revisions"}],"predecessor-version":[{"id":10866,"href":"https:\/\/meeplendice.net\/index.php?rest_route=\/wp\/v2\/pages\/10862\/revisions\/10866"}],"up":[{"embeddable":true,"href":"https:\/\/meeplendice.net\/index.php?rest_route=\/wp\/v2\/pages\/4948"}],"wp:featuredmedia":[{"embeddable":true,"href":"https:\/\/meeplendice.net\/index.php?rest_route=\/wp\/v2\/media\/10861"}],"wp:attachment":[{"href":"https:\/\/meeplendice.net\/index.php?rest_route=%2Fwp%2Fv2%2Fmedia&parent=10862"}],"curies":[{"name":"wp","href":"https:\/\/api.w.org\/{rel}","templated":true}]}}