{"id":10867,"date":"2023-06-04T14:56:25","date_gmt":"2023-06-04T13:56:25","guid":{"rendered":"https:\/\/meeplendice.net\/?page_id=10867"},"modified":"2023-06-04T14:56:25","modified_gmt":"2023-06-04T13:56:25","slug":"immortalie","status":"publish","type":"page","link":"https:\/\/meeplendice.net\/?page_id=10867","title":{"rendered":"Immortali\u00e9"},"content":{"rendered":"<p><em>Tandis que les Grandes Maisons guerroient, le <strong>Bene Tleilax<\/strong> agit dans son propre int\u00e9r\u00eat en commercialisant ses am\u00e9liorations g\u00e9n\u00e9tiques. Recruterez-vous des espions Danseurs-Visages pour leurs comp\u00e9tences in\u00e9gal\u00e9es ?<\/em><br \/>\n<em>R\u00e9g\u00e9n\u00e9rerez-vous organes et tissus endommag\u00e9s ? <\/em><br \/>\n<em>Ou bien oserez-vous recruter des individus ramen\u00e9s \u00e0 la vie en tans que gholas ?<\/em><\/p>\n<p><em>Immortalit\u00e9<\/em> \u00e9tant <em>Dune : Imperium<\/em> dans de nouvelles directions. Passez d&rsquo;obscurs accords avec les Tleilaxu afin de r\u00e9colter des sp\u00e9cimens g\u00e9n\u00e9tiques. Lib\u00e9rez le potentiel de la recherche scientifique. Greffez des cartes ensemble dans le but d&rsquo;augmenter la puissance de vos agents.<\/p>\n","protected":false},"excerpt":{"rendered":"<p>Tandis que les Grandes Maisons guerroient, le Bene Tleilax agit dans son propre int\u00e9r\u00eat en commercialisant ses am\u00e9liorations g\u00e9n\u00e9tiques. Recruterez-vous des espions Danseurs-Visages pour leurs comp\u00e9tences in\u00e9gal\u00e9es ? R\u00e9g\u00e9n\u00e9rerez-vous organes et tissus endommag\u00e9s ? Ou bien oserez-vous recruter des individus ramen\u00e9s \u00e0 la vie en tans que gholas ? Immortalit\u00e9 \u00e9tant Dune : Imperium dans de nouvelles directions. Passez d&rsquo;obscurs accords avec les Tleilaxu afin de r\u00e9colter des sp\u00e9cimens g\u00e9n\u00e9tiques. Lib\u00e9rez le potentiel de la recherche scientifique. Greffez des cartes ensemble dans le but d&rsquo;augmenter la puissance de vos agents.<\/p>\n","protected":false},"author":2,"featured_media":10852,"parent":8627,"menu_order":2,"comment_status":"closed","ping_status":"closed","template":"","meta":{"footnotes":""},"class_list":["post-10867","page","type-page","status-publish","has-post-thumbnail","hentry"],"acf":[],"rttpg_featured_image_url":{"full":["https:\/\/meeplendice.net\/wp-content\/uploads\/2023\/06\/DI_Immortalite.png",350,350,false],"landscape":["https:\/\/meeplendice.net\/wp-content\/uploads\/2023\/06\/DI_Immortalite.png",350,350,false],"portraits":["https:\/\/meeplendice.net\/wp-content\/uploads\/2023\/06\/DI_Immortalite.png",350,350,false],"thumbnail":["https:\/\/meeplendice.net\/wp-content\/uploads\/2023\/06\/DI_Immortalite-150x150.png",150,150,true],"medium":["https:\/\/meeplendice.net\/wp-content\/uploads\/2023\/06\/DI_Immortalite-300x300.png",300,300,true],"large":["https:\/\/meeplendice.net\/wp-content\/uploads\/2023\/06\/DI_Immortalite.png",350,350,false],"ug_big":["https:\/\/meeplendice.net\/wp-content\/uploads\/2023\/06\/DI_Immortalite.png",350,350,false],"1536x1536":["https:\/\/meeplendice.net\/wp-content\/uploads\/2023\/06\/DI_Immortalite.png",350,350,false],"2048x2048":["https:\/\/meeplendice.net\/wp-content\/uploads\/2023\/06\/DI_Immortalite.png",350,350,false],"ashe-slider-grid-thumbnail":["https:\/\/meeplendice.net\/wp-content\/uploads\/2023\/06\/DI_Immortalite.png",350,350,false],"ashe-full-thumbnail":["https:\/\/meeplendice.net\/wp-content\/uploads\/2023\/06\/DI_Immortalite.png",350,350,false],"ashe-grid-thumbnail":["https:\/\/meeplendice.net\/wp-content\/uploads\/2023\/06\/DI_Immortalite-350x330.png",350,330,true],"ashe-list-thumbnail":["https:\/\/meeplendice.net\/wp-content\/uploads\/2023\/06\/DI_Immortalite-300x300.png",300,300,true],"ashe-single-navigation":["https:\/\/meeplendice.net\/wp-content\/uploads\/2023\/06\/DI_Immortalite-75x75.png",75,75,true],"mailpoet_newsletter_max":["https:\/\/meeplendice.net\/wp-content\/uploads\/2023\/06\/DI_Immortalite.png",350,350,false],"rpwe-thumbnail":["https:\/\/meeplendice.net\/wp-content\/uploads\/2023\/06\/DI_Immortalite-45x45.png",45,45,true],"sow-carousel-default":["https:\/\/meeplendice.net\/wp-content\/uploads\/2023\/06\/DI_Immortalite-272x182.png",272,182,true],"rt_custom":["https:\/\/meeplendice.net\/wp-content\/uploads\/2023\/06\/DI_Immortalite.png",350,350,false]},"rttpg_author":{"display_name":"Karnby","author_link":"https:\/\/meeplendice.net\/?author=2"},"rttpg_comment":0,"rttpg_category":null,"rttpg_excerpt":"Tandis que les Grandes Maisons guerroient, le Bene Tleilax agit dans son propre int\u00e9r\u00eat en commercialisant ses am\u00e9liorations g\u00e9n\u00e9tiques. Recruterez-vous des espions Danseurs-Visages pour leurs comp\u00e9tences in\u00e9gal\u00e9es ? R\u00e9g\u00e9n\u00e9rerez-vous organes et tissus endommag\u00e9s ? Ou bien oserez-vous recruter des individus ramen\u00e9s \u00e0 la vie en tans que gholas ? Immortalit\u00e9 \u00e9tant Dune : Imperium dans\u2026","_links":{"self":[{"href":"https:\/\/meeplendice.net\/index.php?rest_route=\/wp\/v2\/pages\/10867","targetHints":{"allow":["GET"]}}],"collection":[{"href":"https:\/\/meeplendice.net\/index.php?rest_route=\/wp\/v2\/pages"}],"about":[{"href":"https:\/\/meeplendice.net\/index.php?rest_route=\/wp\/v2\/types\/page"}],"author":[{"embeddable":true,"href":"https:\/\/meeplendice.net\/index.php?rest_route=\/wp\/v2\/users\/2"}],"replies":[{"embeddable":true,"href":"https:\/\/meeplendice.net\/index.php?rest_route=%2Fwp%2Fv2%2Fcomments&post=10867"}],"version-history":[{"count":1,"href":"https:\/\/meeplendice.net\/index.php?rest_route=\/wp\/v2\/pages\/10867\/revisions"}],"predecessor-version":[{"id":10868,"href":"https:\/\/meeplendice.net\/index.php?rest_route=\/wp\/v2\/pages\/10867\/revisions\/10868"}],"up":[{"embeddable":true,"href":"https:\/\/meeplendice.net\/index.php?rest_route=\/wp\/v2\/pages\/8627"}],"wp:featuredmedia":[{"embeddable":true,"href":"https:\/\/meeplendice.net\/index.php?rest_route=\/wp\/v2\/media\/10852"}],"wp:attachment":[{"href":"https:\/\/meeplendice.net\/index.php?rest_route=%2Fwp%2Fv2%2Fmedia&parent=10867"}],"curies":[{"name":"wp","href":"https:\/\/api.w.org\/{rel}","templated":true}]}}