{"id":10873,"date":"2023-06-04T15:13:03","date_gmt":"2023-06-04T14:13:03","guid":{"rendered":"https:\/\/meeplendice.net\/?page_id=10873"},"modified":"2023-06-04T15:18:23","modified_gmt":"2023-06-04T14:18:23","slug":"gobi-2","status":"publish","type":"page","link":"https:\/\/meeplendice.net\/?page_id=10873","title":{"rendered":"Gobi"},"content":{"rendered":"<div id=\"pl-10873\"  class=\"panel-layout\" ><div id=\"pg-10873-0\"  class=\"panel-grid panel-no-style\" ><div id=\"pgc-10873-0-0\"  class=\"panel-grid-cell\" ><div id=\"panel-10873-0-0-0\" class=\"so-panel widget widget_sow-editor panel-first-child panel-last-child\" data-index=\"0\" ><div\n\t\t\t\n\t\t\tclass=\"so-widget-sow-editor so-widget-sow-editor-base\"\n\t\t\t\n\t\t>\n<div class=\"siteorigin-widget-tinymce textwidget\">\n\t<p style=\"text-align: center;\"><strong>Nombre de joueurs :<\/strong><br \/>\n2 - 4<\/p>\n<\/div>\n<\/div><\/div><\/div><div id=\"pgc-10873-0-1\"  class=\"panel-grid-cell\" ><div id=\"panel-10873-0-1-0\" class=\"so-panel widget widget_sow-editor panel-first-child panel-last-child\" data-index=\"1\" ><div\n\t\t\t\n\t\t\tclass=\"so-widget-sow-editor so-widget-sow-editor-base\"\n\t\t\t\n\t\t>\n<div class=\"siteorigin-widget-tinymce textwidget\">\n\t<p style=\"text-align: center;\"><strong>Dur\u00e9e moyenne :<\/strong><br \/>\n40 min<\/p>\n<\/div>\n<\/div><\/div><\/div><div id=\"pgc-10873-0-2\"  class=\"panel-grid-cell\" ><div id=\"panel-10873-0-2-0\" class=\"so-panel widget widget_sow-editor panel-first-child panel-last-child\" data-index=\"2\" ><div\n\t\t\t\n\t\t\tclass=\"so-widget-sow-editor so-widget-sow-editor-base\"\n\t\t\t\n\t\t>\n<div class=\"siteorigin-widget-tinymce textwidget\">\n\t<p style=\"text-align: center;\"><strong>Age :<\/strong><br \/>\n10 ans et plus<\/p>\n<\/div>\n<\/div><\/div><\/div><\/div><div id=\"pg-10873-1\"  class=\"panel-grid panel-no-style\" ><div id=\"pgc-10873-1-0\"  class=\"panel-grid-cell\" ><div id=\"panel-10873-1-0-0\" class=\"so-panel widget widget_sow-editor panel-first-child panel-last-child\" data-index=\"3\" ><div\n\t\t\t\n\t\t\tclass=\"so-widget-sow-editor so-widget-sow-editor-base\"\n\t\t\t\n\t\t>\n<div class=\"siteorigin-widget-tinymce textwidget\">\n\t<p style=\"text-align: center;\"><strong>Auteur(s) :<br \/>\n<\/strong><span class=\"data-siloing\" title=\"D\u00e9couvrez tous ces jeux\" data-siloing=\"https:\/\/www.philibertnet.com\/fr\/recherche?feature=31&amp;feature_value=Scott Huntington\">Scott Huntington<br \/>\n<\/span><span class=\"data-siloing\" title=\"Voir tous les jeux\" data-siloing=\"https:\/\/www.philibertnet.com\/fr\/recherche?feature=31&amp;feature_value=Shaun Graham\">Shaun Graham<\/span><\/p>\n<\/div>\n<\/div><\/div><\/div><div id=\"pgc-10873-1-1\"  class=\"panel-grid-cell\" ><div id=\"panel-10873-1-1-0\" class=\"so-panel widget widget_sow-editor panel-first-child panel-last-child\" data-index=\"4\" ><div\n\t\t\t\n\t\t\tclass=\"so-widget-sow-editor so-widget-sow-editor-base\"\n\t\t\t\n\t\t>\n<div class=\"siteorigin-widget-tinymce textwidget\">\n\t<p style=\"text-align: center;\"><strong>Illustrations :<\/strong><br \/>\n<span class=\"data-siloing\" title=\"D\u00e9couvrez tous ces jeux\" data-siloing=\"https:\/\/www.philibertnet.com\/fr\/recherche?feature=41&amp;feature_value=Jiahui Eva Gao\">Maud Chalmel<br \/>\n<\/span><\/p>\n<\/div>\n<\/div><\/div><\/div><div id=\"pgc-10873-1-2\"  class=\"panel-grid-cell\" ><div id=\"panel-10873-1-2-0\" class=\"so-panel widget widget_sow-editor panel-first-child panel-last-child\" data-index=\"5\" ><div\n\t\t\t\n\t\t\tclass=\"so-widget-sow-editor so-widget-sow-editor-base\"\n\t\t\t\n\t\t>\n<div class=\"siteorigin-widget-tinymce textwidget\">\n\t<p style=\"text-align: center;\"><strong>\u00c9dition :<\/strong><br \/>\nCapsicum Games<br \/>\n2018<\/p>\n<\/div>\n<\/div><\/div><\/div><div id=\"pgc-10873-1-3\"  class=\"panel-grid-cell\" ><div id=\"panel-10873-1-3-0\" class=\"so-panel widget widget_sow-editor panel-first-child panel-last-child\" data-index=\"6\" ><div\n\t\t\t\n\t\t\tclass=\"so-widget-sow-editor so-widget-sow-editor-base\"\n\t\t\t\n\t\t>\n<div class=\"siteorigin-widget-tinymce textwidget\">\n\t<p style=\"text-align: center;\"><strong>Version :<\/strong><br \/>\nFran\u00e7aise<\/p>\n<\/div>\n<\/div><\/div><\/div><\/div><div id=\"pg-10873-2\"  class=\"panel-grid panel-no-style\" ><div id=\"pgc-10873-2-0\"  class=\"panel-grid-cell\" ><div id=\"panel-10873-2-0-0\" class=\"so-panel widget widget_sow-editor panel-first-child panel-last-child\" data-index=\"7\" ><div\n\t\t\t\n\t\t\tclass=\"so-widget-sow-editor so-widget-sow-editor-base\"\n\t\t\t\n\t\t>\n<div class=\"siteorigin-widget-tinymce textwidget\">\n\t<hr \/>\n<p><em>\"Mon nom est Gobi. Je suis le plus grand et le plus sec des d\u00e9serts d'Asie. D'habitude, je suis calme, mais hier je me suis mis en col\u00e8re. Hier, il y a eu une temp\u00eate et les tribus ont \u00e9t\u00e9 dispers\u00e9es aux quatre vents.\"<\/em><\/p>\n<p>En tant que conducteurs de caravanes, votre t\u00e2che est maintenant d\u2019aider les nomades \u00e0 se r\u00e9unir. Ils seront tr\u00e8s reconnaissants pour vos efforts et vous accorderont des cadeaux et des b\u00e9n\u00e9dictions.<\/p>\n<p><em>Gobi<\/em> est un jeu fluide de pose de tuiles et de construction de routes. Pr\u00e9parez-vous pour des mouvements habiles et remportez le plus de soie, de parfum et d\u2019\u00e9pices.<\/p>\n<\/div>\n<\/div><\/div><\/div><\/div><div id=\"pg-10873-3\"  class=\"panel-grid panel-no-style\" ><div id=\"pgc-10873-3-0\"  class=\"panel-grid-cell\" ><div id=\"panel-10873-3-0-0\" class=\"so-panel widget widget_sow-editor panel-first-child panel-last-child\" data-index=\"8\" ><div\n\t\t\t\n\t\t\tclass=\"so-widget-sow-editor so-widget-sow-editor-base\"\n\t\t\t\n\t\t>\n<div class=\"siteorigin-widget-tinymce textwidget\">\n\t<hr \/>\n<h3 style=\"text-align: center;\">En vid\u00e9o<\/h3>\n<\/div>\n<\/div><\/div><\/div><\/div><div id=\"pg-10873-4\"  class=\"panel-grid panel-no-style\" ><div id=\"pgc-10873-4-0\"  class=\"panel-grid-cell\" ><div id=\"panel-10873-4-0-0\" class=\"so-panel widget widget_sow-editor panel-first-child panel-last-child\" data-index=\"9\" ><div\n\t\t\t\n\t\t\tclass=\"so-widget-sow-editor so-widget-sow-editor-base\"\n\t\t\t\n\t\t>\n<div class=\"siteorigin-widget-tinymce textwidget\">\n\t<hr \/>\n<h3 style=\"text-align: center;\">Pour aller plus loin<\/h3>\n<\/div>\n<\/div><\/div><\/div><\/div><\/div>","protected":false},"excerpt":{"rendered":"<p>Nombre de joueurs : 2 &#8211; 4 Dur\u00e9e moyenne : 40 min Age : 10 ans et plus Auteur(s) : Scott Huntington Shaun Graham Illustrations : Maud Chalmel \u00c9dition : Capsicum Games 2018 Version : Fran\u00e7aise<\/p>\n","protected":false},"author":2,"featured_media":10842,"parent":0,"menu_order":0,"comment_status":"closed","ping_status":"closed","template":"","meta":{"footnotes":""},"class_list":["post-10873","page","type-page","status-publish","has-post-thumbnail","hentry"],"acf":[],"rttpg_featured_image_url":{"full":["https:\/\/meeplendice.net\/wp-content\/uploads\/2023\/06\/Gobi.png",350,350,false],"landscape":["https:\/\/meeplendice.net\/wp-content\/uploads\/2023\/06\/Gobi.png",350,350,false],"portraits":["https:\/\/meeplendice.net\/wp-content\/uploads\/2023\/06\/Gobi.png",350,350,false],"thumbnail":["https:\/\/meeplendice.net\/wp-content\/uploads\/2023\/06\/Gobi-150x150.png",150,150,true],"medium":["https:\/\/meeplendice.net\/wp-content\/uploads\/2023\/06\/Gobi-300x300.png",300,300,true],"large":["https:\/\/meeplendice.net\/wp-content\/uploads\/2023\/06\/Gobi.png",350,350,false],"ug_big":["https:\/\/meeplendice.net\/wp-content\/uploads\/2023\/06\/Gobi.png",350,350,false],"1536x1536":["https:\/\/meeplendice.net\/wp-content\/uploads\/2023\/06\/Gobi.png",350,350,false],"2048x2048":["https:\/\/meeplendice.net\/wp-content\/uploads\/2023\/06\/Gobi.png",350,350,false],"ashe-slider-grid-thumbnail":["https:\/\/meeplendice.net\/wp-content\/uploads\/2023\/06\/Gobi.png",350,350,false],"ashe-full-thumbnail":["https:\/\/meeplendice.net\/wp-content\/uploads\/2023\/06\/Gobi.png",350,350,false],"ashe-grid-thumbnail":["https:\/\/meeplendice.net\/wp-content\/uploads\/2023\/06\/Gobi-350x330.png",350,330,true],"ashe-list-thumbnail":["https:\/\/meeplendice.net\/wp-content\/uploads\/2023\/06\/Gobi-300x300.png",300,300,true],"ashe-single-navigation":["https:\/\/meeplendice.net\/wp-content\/uploads\/2023\/06\/Gobi-75x75.png",75,75,true],"mailpoet_newsletter_max":["https:\/\/meeplendice.net\/wp-content\/uploads\/2023\/06\/Gobi.png",350,350,false],"rpwe-thumbnail":["https:\/\/meeplendice.net\/wp-content\/uploads\/2023\/06\/Gobi-45x45.png",45,45,true],"sow-carousel-default":["https:\/\/meeplendice.net\/wp-content\/uploads\/2023\/06\/Gobi-272x182.png",272,182,true],"rt_custom":["https:\/\/meeplendice.net\/wp-content\/uploads\/2023\/06\/Gobi.png",350,350,false]},"rttpg_author":{"display_name":"Karnby","author_link":"https:\/\/meeplendice.net\/?author=2"},"rttpg_comment":0,"rttpg_category":null,"rttpg_excerpt":"Nombre de joueurs : 2 - 4 Dur\u00e9e moyenne : 40 min Age : 10 ans et plus Auteur(s) : Scott Huntington Shaun Graham Illustrations : Maud Chalmel \u00c9dition : Capsicum Games 2018 Version : Fran\u00e7aise","_links":{"self":[{"href":"https:\/\/meeplendice.net\/index.php?rest_route=\/wp\/v2\/pages\/10873","targetHints":{"allow":["GET"]}}],"collection":[{"href":"https:\/\/meeplendice.net\/index.php?rest_route=\/wp\/v2\/pages"}],"about":[{"href":"https:\/\/meeplendice.net\/index.php?rest_route=\/wp\/v2\/types\/page"}],"author":[{"embeddable":true,"href":"https:\/\/meeplendice.net\/index.php?rest_route=\/wp\/v2\/users\/2"}],"replies":[{"embeddable":true,"href":"https:\/\/meeplendice.net\/index.php?rest_route=%2Fwp%2Fv2%2Fcomments&post=10873"}],"version-history":[{"count":2,"href":"https:\/\/meeplendice.net\/index.php?rest_route=\/wp\/v2\/pages\/10873\/revisions"}],"predecessor-version":[{"id":10875,"href":"https:\/\/meeplendice.net\/index.php?rest_route=\/wp\/v2\/pages\/10873\/revisions\/10875"}],"wp:featuredmedia":[{"embeddable":true,"href":"https:\/\/meeplendice.net\/index.php?rest_route=\/wp\/v2\/media\/10842"}],"wp:attachment":[{"href":"https:\/\/meeplendice.net\/index.php?rest_route=%2Fwp%2Fv2%2Fmedia&parent=10873"}],"curies":[{"name":"wp","href":"https:\/\/api.w.org\/{rel}","templated":true}]}}