{"id":10886,"date":"2023-06-04T16:07:43","date_gmt":"2023-06-04T15:07:43","guid":{"rendered":"https:\/\/meeplendice.net\/?page_id=10886"},"modified":"2024-11-24T23:34:50","modified_gmt":"2024-11-24T21:34:50","slug":"akropolis-2","status":"publish","type":"page","link":"https:\/\/meeplendice.net\/?page_id=10886","title":{"rendered":"Akropolis"},"content":{"rendered":"<div id=\"pl-10886\"  class=\"panel-layout\" ><div id=\"pg-10886-0\"  class=\"panel-grid panel-no-style\" ><div id=\"pgc-10886-0-0\"  class=\"panel-grid-cell\" ><div id=\"panel-10886-0-0-0\" class=\"so-panel widget widget_sow-editor panel-first-child panel-last-child\" data-index=\"0\" ><div\n\t\t\t\n\t\t\tclass=\"so-widget-sow-editor so-widget-sow-editor-base\"\n\t\t\t\n\t\t>\n<div class=\"siteorigin-widget-tinymce textwidget\">\n\t<p style=\"text-align: center;\"><strong>Nombre de joueurs :<\/strong><br \/>\n1 - 4<\/p>\n<\/div>\n<\/div><\/div><\/div><div id=\"pgc-10886-0-1\"  class=\"panel-grid-cell\" ><div id=\"panel-10886-0-1-0\" class=\"so-panel widget widget_sow-editor panel-first-child panel-last-child\" data-index=\"1\" ><div\n\t\t\t\n\t\t\tclass=\"so-widget-sow-editor so-widget-sow-editor-base\"\n\t\t\t\n\t\t>\n<div class=\"siteorigin-widget-tinymce textwidget\">\n\t<p style=\"text-align: center;\"><strong>Dur\u00e9e moyenne :<\/strong><br \/>\n30 min<\/p>\n<\/div>\n<\/div><\/div><\/div><div id=\"pgc-10886-0-2\"  class=\"panel-grid-cell\" ><div id=\"panel-10886-0-2-0\" class=\"so-panel widget widget_sow-editor panel-first-child panel-last-child\" data-index=\"2\" ><div\n\t\t\t\n\t\t\tclass=\"so-widget-sow-editor so-widget-sow-editor-base\"\n\t\t\t\n\t\t>\n<div class=\"siteorigin-widget-tinymce textwidget\">\n\t<p style=\"text-align: center;\"><strong>Age :<\/strong><br \/>\n8 ans et plus<\/p>\n<\/div>\n<\/div><\/div><\/div><\/div><div id=\"pg-10886-1\"  class=\"panel-grid panel-no-style\" ><div id=\"pgc-10886-1-0\"  class=\"panel-grid-cell\" ><div id=\"panel-10886-1-0-0\" class=\"so-panel widget widget_sow-editor panel-first-child panel-last-child\" data-index=\"3\" ><div\n\t\t\t\n\t\t\tclass=\"so-widget-sow-editor so-widget-sow-editor-base\"\n\t\t\t\n\t\t>\n<div class=\"siteorigin-widget-tinymce textwidget\">\n\t<p style=\"text-align: center;\"><strong>Auteur(s) :<br \/>\n<\/strong><span class=\"data-siloing\" title=\"D\u00e9couvrez tous ces jeux\" data-siloing=\"https:\/\/www.philibertnet.com\/fr\/recherche?feature=31&amp;feature_value=Th\u00e9o Riviere\">Jules Messaud<\/span><\/p>\n<\/div>\n<\/div><\/div><\/div><div id=\"pgc-10886-1-1\"  class=\"panel-grid-cell\" ><div id=\"panel-10886-1-1-0\" class=\"so-panel widget widget_sow-editor panel-first-child panel-last-child\" data-index=\"4\" ><div\n\t\t\t\n\t\t\tclass=\"so-widget-sow-editor so-widget-sow-editor-base\"\n\t\t\t\n\t\t>\n<div class=\"siteorigin-widget-tinymce textwidget\">\n\t<p style=\"text-align: center;\"><strong>Illustrations :<\/strong><br \/>\n<span class=\"data-siloing\" title=\"D\u00e9couvrez tous ces jeux\" data-siloing=\"https:\/\/www.philibertnet.com\/fr\/recherche?feature=41&amp;feature_value=Jiahui Eva Gao\">Pauline D\u00e9traz<br \/>\n<\/span><\/p>\n<\/div>\n<\/div><\/div><\/div><div id=\"pgc-10886-1-2\"  class=\"panel-grid-cell\" ><div id=\"panel-10886-1-2-0\" class=\"so-panel widget widget_sow-editor panel-first-child panel-last-child\" data-index=\"5\" ><div\n\t\t\t\n\t\t\tclass=\"so-widget-sow-editor so-widget-sow-editor-base\"\n\t\t\t\n\t\t>\n<div class=\"siteorigin-widget-tinymce textwidget\">\n\t<p style=\"text-align: center;\"><strong>\u00c9dition :<\/strong><br \/>\nGigamic<br \/>\n2022<\/p>\n<\/div>\n<\/div><\/div><\/div><div id=\"pgc-10886-1-3\"  class=\"panel-grid-cell\" ><div id=\"panel-10886-1-3-0\" class=\"so-panel widget widget_sow-editor panel-first-child panel-last-child\" data-index=\"6\" ><div\n\t\t\t\n\t\t\tclass=\"so-widget-sow-editor so-widget-sow-editor-base\"\n\t\t\t\n\t\t>\n<div class=\"siteorigin-widget-tinymce textwidget\">\n\t<p style=\"text-align: center;\"><strong>Version :<\/strong><br \/>\nFran\u00e7aise<\/p>\n<\/div>\n<\/div><\/div><\/div><\/div><div id=\"pg-10886-2\"  class=\"panel-grid panel-no-style\" ><div id=\"pgc-10886-2-0\"  class=\"panel-grid-cell\" ><div id=\"panel-10886-2-0-0\" class=\"so-panel widget widget_sow-editor panel-first-child panel-last-child\" data-index=\"7\" ><div\n\t\t\t\n\t\t\tclass=\"so-widget-sow-editor so-widget-sow-editor-base\"\n\t\t\t\n\t\t>\n<div class=\"siteorigin-widget-tinymce textwidget\">\n\t<hr \/>\n<p>Au c\u0153ur de la M\u00e9diterran\u00e9e, des cit\u00e9s rivales cherchent \u00e0 s'attirer richesse et gloire.<br \/>\nLes architectes les plus talentueux de la Gr\u00e8ce antique s'att\u00e8lent \u00e0 la t\u00e2che. Habitations, temples, march\u00e9s, jardins, casernes : autant de quartiers qui permettront \u00e0 votre ville de cro\u00eetre et de se d\u00e9marquer.<br \/>\nMais vos constructions doivent respecter une certaine harmonie et des r\u00e8gles bien pr\u00e9cises pour esp\u00e9rer faire grimper le prestige de votre cit\u00e9.<\/p>\n<p>La pierre est le nerf de la guerre, alors ne la n\u00e9gligez pas. Prenez soin de disposer de suffisamment de carri\u00e8re pour construire en hauteur et \u00e9lever votre cit\u00e9 vers les cieux.<\/p>\n<\/div>\n<\/div><\/div><\/div><\/div><div id=\"pg-10886-3\"  class=\"panel-grid panel-no-style\" ><div id=\"pgc-10886-3-0\"  class=\"panel-grid-cell\" ><div id=\"panel-10886-3-0-0\" class=\"so-panel widget widget_sow-editor panel-first-child panel-last-child\" data-index=\"8\" ><div\n\t\t\t\n\t\t\tclass=\"so-widget-sow-editor so-widget-sow-editor-base\"\n\t\t\t\n\t\t>\n<div class=\"siteorigin-widget-tinymce textwidget\">\n\t<hr \/>\n<h3 style=\"text-align: center;\">En vid\u00e9o<\/h3>\n<p><a href=\"https:\/\/www.youtube.com\/watch?v=VhiG9tpUCVo&amp;t=1s&amp;ab_channel=Videoregles.Net\" target=\"_blank\" rel=\"noopener\"><img loading=\"lazy\" decoding=\"async\" class=\"alignnone size-full wp-image-9090\" src=\"https:\/\/meeplendice.net\/wp-content\/uploads\/2022\/01\/Link_CJ_v2.png\" alt=\"\" width=\"200\" height=\"170\" \/><\/a><\/p>\n<\/div>\n<\/div><\/div><\/div><\/div><div id=\"pg-10886-4\"  class=\"panel-grid panel-no-style\" ><div id=\"pgc-10886-4-0\"  class=\"panel-grid-cell\" ><div id=\"panel-10886-4-0-0\" class=\"so-panel widget widget_sow-editor panel-first-child panel-last-child\" data-index=\"9\" ><div\n\t\t\t\n\t\t\tclass=\"so-widget-sow-editor so-widget-sow-editor-base\"\n\t\t\t\n\t\t>\n<div class=\"siteorigin-widget-tinymce textwidget\">\n\t<hr \/>\n<h3 style=\"text-align: center;\">Extension(s)<\/h3>\n<style type='text\/css' media='all'>#rt-tpg-container-4216100061 .read-more a{border-radius:px;}#rt-tpg-container-4216100061 .rt-img-holder img.rt-img-responsive,#rt-tpg-container-4216100061 .rt-img-holder,\n\t\t\t\t\t#rt-tpg-container-4216100061 .rt-post-overlay .post-img,\n\t\t\t\t\t#rt-tpg-container-4216100061 .post-sm .post-img,\n\t\t\t\t\t#rt-tpg-container-4216100061 .rt-post-grid .post-img,\n\t\t\t\t\t#rt-tpg-container-4216100061 .post-img img {border-radius:px;}#rt-tpg-container-4216100061 .layout9 .rt-holder h2.entry-title,\n\t\t\t\t\t#rt-tpg-container-4216100061 .layout9 .rt-holder h3.entry-title,\n\t\t\t\t\t#rt-tpg-container-4216100061 .layout9 .rt-holder h4.entry-title,\n\t\t\t\t\t#rt-tpg-container-4216100061 .layout9 .rt-holder h2.entry-title a,\n\t\t\t\t\t#rt-tpg-container-4216100061 .layout9 .rt-holder h3.entry-title a,\n\t\t\t\t\t#rt-tpg-container-4216100061 .layout9 .rt-holder h4.entry-title a,\n\t\t\t\t\t#rt-tpg-container-4216100061 .rt-holder .rt-woo-info h2 a,\n\t\t\t\t\t#rt-tpg-container-4216100061 .rt-holder .rt-woo-info h3 a,\n\t\t\t\t\t#rt-tpg-container-4216100061 .rt-holder .rt-woo-info h4 a,\n\t\t\t\t\t#rt-tpg-container-4216100061 .post-content .post-title,\n\t\t\t\t\t#rt-tpg-container-4216100061 .rt-post-grid .post-title,\n\t\t\t\t\t#rt-tpg-container-4216100061 .rt-post-grid .post-title a,\n\t\t\t\t\t#rt-tpg-container-4216100061 .post-content .post-title a,\n\t\t\t\t\t#rt-tpg-container-4216100061 .rt-holder .rt-woo-info h2,\n\t\t\t\t\t#rt-tpg-container-4216100061 .rt-holder .rt-woo-info h3,\n\t\t\t\t\t#rt-tpg-container-4216100061 .rt-holder .rt-woo-info h4{font-size:16px;line-height:26px;font-weight:normal;text-align:center;}#rt-tpg-container-4216100061 .post-grid-lg-style-1 .post-title,\n\t\t\t\t\t\t#rt-tpg-container-4216100061 .post-grid-lg-style-1 .post-title a,\n\t\t\t\t\t\t#rt-tpg-container-4216100061 .big-layout .post-title,\n\t\t\t\t\t\t#rt-tpg-container-4216100061 .big-layout .post-title a,\n\t\t\t\t\t\t#rt-tpg-container-4216100061 .post-grid-lg-style-1 .post-title,\n\t\t\t\t\t\t#rt-tpg-container-4216100061 .post-grid-lg-style-1 .post-title a {font-size:24px;line-height:34px;}<\/style><div class='rt-container-fluid rt-tpg-container tpg-shortcode-main-wrapper ' id='rt-tpg-container-4216100061'   data-layout='layout9' data-grid-style='masonry' data-desktop-col='3'  data-tab-col='2'  data-mobile-col='1' data-sc-id='12989'><div data-title='Loading ...' class='rt-row rt-content-loader   layout9 tpg-masonry '><div class=\"rt-col-md-4 rt-col-sm-6 rt-col-xs-12 masonry-grid-item rt-grid-item img_zoom_in\" data-id=\"12987\"><div class=\"rt-holder\"><div class='overlay'><a data-id='12987' class=' tpg-single-popup' href='https:\/\/meeplendice.net\/?page_id=12987'><img loading=\"lazy\" decoding=\"async\" width=\"350\" height=\"350\" src=\"https:\/\/meeplendice.net\/wp-content\/uploads\/2024\/11\/Akropolis_Athena.png\" class=\"rt-img-responsive \" alt=\"\" \/><\/a><\/div><div class='post-info'><h3 class=\"entry-title\"><a data-id=\"12987\" class=\" tpg-single-popup\" href=\"https:\/\/meeplendice.net\/?page_id=12987\">Athena<\/a><\/h3><div class='post-meta-user '><\/div><\/div><\/div><\/div><\/div><div class='rt-pagination-wrap' data-total-pages='1' data-posts-per-page='3' data-type='pagination_ajax'  ><div class='rt-page-numbers'><\/div><\/div><\/div>\n<\/div>\n<\/div><\/div><\/div><\/div><div id=\"pg-10886-5\"  class=\"panel-grid panel-no-style\" ><div id=\"pgc-10886-5-0\"  class=\"panel-grid-cell\" ><div id=\"panel-10886-5-0-0\" class=\"so-panel widget widget_sow-editor panel-first-child panel-last-child\" data-index=\"10\" ><div\n\t\t\t\n\t\t\tclass=\"so-widget-sow-editor so-widget-sow-editor-base\"\n\t\t\t\n\t\t>\n<div class=\"siteorigin-widget-tinymce textwidget\">\n\t<hr \/>\n<h3 style=\"text-align: center;\">Pour aller plus loin<\/h3>\n<\/div>\n<\/div><\/div><\/div><\/div><\/div>","protected":false},"excerpt":{"rendered":"<p>Nombre de joueurs : 1 &#8211; 4 Dur\u00e9e moyenne : 30 min Age : 8 ans et plus Auteur(s) : Jules Messaud Illustrations : Pauline D\u00e9traz \u00c9dition : Gigamic 2022 Version : Fran\u00e7aise<\/p>\n","protected":false},"author":2,"featured_media":10851,"parent":0,"menu_order":0,"comment_status":"closed","ping_status":"closed","template":"","meta":{"footnotes":""},"class_list":["post-10886","page","type-page","status-publish","has-post-thumbnail","hentry"],"acf":[],"rttpg_featured_image_url":{"full":["https:\/\/meeplendice.net\/wp-content\/uploads\/2023\/06\/Akropolis.png",350,350,false],"landscape":["https:\/\/meeplendice.net\/wp-content\/uploads\/2023\/06\/Akropolis.png",350,350,false],"portraits":["https:\/\/meeplendice.net\/wp-content\/uploads\/2023\/06\/Akropolis.png",350,350,false],"thumbnail":["https:\/\/meeplendice.net\/wp-content\/uploads\/2023\/06\/Akropolis-150x150.png",150,150,true],"medium":["https:\/\/meeplendice.net\/wp-content\/uploads\/2023\/06\/Akropolis-300x300.png",300,300,true],"large":["https:\/\/meeplendice.net\/wp-content\/uploads\/2023\/06\/Akropolis.png",350,350,false],"ug_big":["https:\/\/meeplendice.net\/wp-content\/uploads\/2023\/06\/Akropolis.png",350,350,false],"1536x1536":["https:\/\/meeplendice.net\/wp-content\/uploads\/2023\/06\/Akropolis.png",350,350,false],"2048x2048":["https:\/\/meeplendice.net\/wp-content\/uploads\/2023\/06\/Akropolis.png",350,350,false],"ashe-slider-grid-thumbnail":["https:\/\/meeplendice.net\/wp-content\/uploads\/2023\/06\/Akropolis.png",350,350,false],"ashe-full-thumbnail":["https:\/\/meeplendice.net\/wp-content\/uploads\/2023\/06\/Akropolis.png",350,350,false],"ashe-grid-thumbnail":["https:\/\/meeplendice.net\/wp-content\/uploads\/2023\/06\/Akropolis-350x330.png",350,330,true],"ashe-list-thumbnail":["https:\/\/meeplendice.net\/wp-content\/uploads\/2023\/06\/Akropolis-300x300.png",300,300,true],"ashe-single-navigation":["https:\/\/meeplendice.net\/wp-content\/uploads\/2023\/06\/Akropolis-75x75.png",75,75,true],"mailpoet_newsletter_max":["https:\/\/meeplendice.net\/wp-content\/uploads\/2023\/06\/Akropolis.png",350,350,false],"rpwe-thumbnail":["https:\/\/meeplendice.net\/wp-content\/uploads\/2023\/06\/Akropolis-45x45.png",45,45,true],"sow-carousel-default":["https:\/\/meeplendice.net\/wp-content\/uploads\/2023\/06\/Akropolis-272x182.png",272,182,true],"rt_custom":["https:\/\/meeplendice.net\/wp-content\/uploads\/2023\/06\/Akropolis.png",350,350,false]},"rttpg_author":{"display_name":"Karnby","author_link":"https:\/\/meeplendice.net\/?author=2"},"rttpg_comment":0,"rttpg_category":null,"rttpg_excerpt":"Nombre de joueurs : 1 - 4 Dur\u00e9e moyenne : 30 min Age : 8 ans et plus Auteur(s) : Jules Messaud Illustrations : Pauline D\u00e9traz \u00c9dition : Gigamic 2022 Version : Fran\u00e7aise","_links":{"self":[{"href":"https:\/\/meeplendice.net\/index.php?rest_route=\/wp\/v2\/pages\/10886","targetHints":{"allow":["GET"]}}],"collection":[{"href":"https:\/\/meeplendice.net\/index.php?rest_route=\/wp\/v2\/pages"}],"about":[{"href":"https:\/\/meeplendice.net\/index.php?rest_route=\/wp\/v2\/types\/page"}],"author":[{"embeddable":true,"href":"https:\/\/meeplendice.net\/index.php?rest_route=\/wp\/v2\/users\/2"}],"replies":[{"embeddable":true,"href":"https:\/\/meeplendice.net\/index.php?rest_route=%2Fwp%2Fv2%2Fcomments&post=10886"}],"version-history":[{"count":6,"href":"https:\/\/meeplendice.net\/index.php?rest_route=\/wp\/v2\/pages\/10886\/revisions"}],"predecessor-version":[{"id":12990,"href":"https:\/\/meeplendice.net\/index.php?rest_route=\/wp\/v2\/pages\/10886\/revisions\/12990"}],"wp:featuredmedia":[{"embeddable":true,"href":"https:\/\/meeplendice.net\/index.php?rest_route=\/wp\/v2\/media\/10851"}],"wp:attachment":[{"href":"https:\/\/meeplendice.net\/index.php?rest_route=%2Fwp%2Fv2%2Fmedia&parent=10886"}],"curies":[{"name":"wp","href":"https:\/\/api.w.org\/{rel}","templated":true}]}}