{"id":10893,"date":"2023-06-04T16:31:07","date_gmt":"2023-06-04T15:31:07","guid":{"rendered":"https:\/\/meeplendice.net\/?page_id=10893"},"modified":"2023-06-04T16:42:58","modified_gmt":"2023-06-04T15:42:58","slug":"orconomie-2","status":"publish","type":"page","link":"https:\/\/meeplendice.net\/?page_id=10893","title":{"rendered":"Orconomie"},"content":{"rendered":"<div id=\"pl-10893\"  class=\"panel-layout\" ><div id=\"pg-10893-0\"  class=\"panel-grid panel-no-style\" ><div id=\"pgc-10893-0-0\"  class=\"panel-grid-cell\" ><div id=\"panel-10893-0-0-0\" class=\"so-panel widget widget_sow-editor panel-first-child panel-last-child\" data-index=\"0\" ><div\n\t\t\t\n\t\t\tclass=\"so-widget-sow-editor so-widget-sow-editor-base\"\n\t\t\t\n\t\t>\n<div class=\"siteorigin-widget-tinymce textwidget\">\n\t<p style=\"text-align: center;\"><strong>Nombre de joueurs :<\/strong><br \/>\n2 - 5<\/p>\n<\/div>\n<\/div><\/div><\/div><div id=\"pgc-10893-0-1\"  class=\"panel-grid-cell\" ><div id=\"panel-10893-0-1-0\" class=\"so-panel widget widget_sow-editor panel-first-child panel-last-child\" data-index=\"1\" ><div\n\t\t\t\n\t\t\tclass=\"so-widget-sow-editor so-widget-sow-editor-base\"\n\t\t\t\n\t\t>\n<div class=\"siteorigin-widget-tinymce textwidget\">\n\t<p style=\"text-align: center;\"><strong>Dur\u00e9e moyenne :<\/strong><br \/>\n60 min<\/p>\n<\/div>\n<\/div><\/div><\/div><div id=\"pgc-10893-0-2\"  class=\"panel-grid-cell\" ><div id=\"panel-10893-0-2-0\" class=\"so-panel widget widget_sow-editor panel-first-child panel-last-child\" data-index=\"2\" ><div\n\t\t\t\n\t\t\tclass=\"so-widget-sow-editor so-widget-sow-editor-base\"\n\t\t\t\n\t\t>\n<div class=\"siteorigin-widget-tinymce textwidget\">\n\t<p style=\"text-align: center;\"><strong>Age :<\/strong><br \/>\n13 ans et plus<\/p>\n<\/div>\n<\/div><\/div><\/div><\/div><div id=\"pg-10893-1\"  class=\"panel-grid panel-no-style\" ><div id=\"pgc-10893-1-0\"  class=\"panel-grid-cell\" ><div id=\"panel-10893-1-0-0\" class=\"so-panel widget widget_sow-editor panel-first-child panel-last-child\" data-index=\"3\" ><div\n\t\t\t\n\t\t\tclass=\"so-widget-sow-editor so-widget-sow-editor-base\"\n\t\t\t\n\t\t>\n<div class=\"siteorigin-widget-tinymce textwidget\">\n\t<p style=\"text-align: center;\"><strong>Auteur(s) :<br \/>\n<\/strong><span class=\"data-siloing\" title=\"Voir tous les jeux\" data-siloing=\"https:\/\/www.philibertnet.com\/fr\/recherche?feature=31&amp;feature_value=Timofey Bokarev\">Timofey Bokarev<br \/>\n<span class=\"data-siloing\" title=\"D\u00e9couvrez tous ces jeux\" data-siloing=\"https:\/\/www.philibertnet.com\/fr\/recherche?feature=31&amp;feature_value=Fedor Korzhenkov\">Fyodor Korzhenkov<\/span><\/span><\/p>\n<\/div>\n<\/div><\/div><\/div><div id=\"pgc-10893-1-1\"  class=\"panel-grid-cell\" ><div id=\"panel-10893-1-1-0\" class=\"so-panel widget widget_sow-editor panel-first-child panel-last-child\" data-index=\"4\" ><div\n\t\t\t\n\t\t\tclass=\"so-widget-sow-editor so-widget-sow-editor-base\"\n\t\t\t\n\t\t>\n<div class=\"siteorigin-widget-tinymce textwidget\">\n\t<p style=\"text-align: center;\"><strong>Illustrations :<\/strong><br \/>\n<span class=\"data-siloing\" title=\"D\u00e9couvrez tous ces jeux\" data-siloing=\"https:\/\/www.philibertnet.com\/fr\/recherche?feature=41&amp;feature_value=Anton Kvasovarov\">Anton Kvasovarov<br \/>\nAnastasia Mazeina<br \/>\n<\/span><\/p>\n<\/div>\n<\/div><\/div><\/div><div id=\"pgc-10893-1-2\"  class=\"panel-grid-cell\" ><div id=\"panel-10893-1-2-0\" class=\"so-panel widget widget_sow-editor panel-first-child panel-last-child\" data-index=\"5\" ><div\n\t\t\t\n\t\t\tclass=\"so-widget-sow-editor so-widget-sow-editor-base\"\n\t\t\t\n\t\t>\n<div class=\"siteorigin-widget-tinymce textwidget\">\n\t<p style=\"text-align: center;\"><strong>\u00c9dition :<\/strong><br \/>\n<span class=\"data-siloing\" data-siloing=\"\n\n                                                            https:\/\/www.philibertnet.com\/fr\/2867_bragelonne-games\n\n                            \">Bragelonne Games<\/span><br \/>\n2022<\/p>\n<\/div>\n<\/div><\/div><\/div><div id=\"pgc-10893-1-3\"  class=\"panel-grid-cell\" ><div id=\"panel-10893-1-3-0\" class=\"so-panel widget widget_sow-editor panel-first-child panel-last-child\" data-index=\"6\" ><div\n\t\t\t\n\t\t\tclass=\"so-widget-sow-editor so-widget-sow-editor-base\"\n\t\t\t\n\t\t>\n<div class=\"siteorigin-widget-tinymce textwidget\">\n\t<p style=\"text-align: center;\"><strong>Version :<\/strong><br \/>\nFran\u00e7aise<\/p>\n<\/div>\n<\/div><\/div><\/div><\/div><div id=\"pg-10893-2\"  class=\"panel-grid panel-no-style\" ><div id=\"pgc-10893-2-0\"  class=\"panel-grid-cell\" ><div id=\"panel-10893-2-0-0\" class=\"so-panel widget widget_sow-editor panel-first-child panel-last-child\" data-index=\"7\" ><div\n\t\t\t\n\t\t\tclass=\"so-widget-sow-editor so-widget-sow-editor-base\"\n\t\t\t\n\t\t>\n<div class=\"siteorigin-widget-tinymce textwidget\">\n\t<hr \/>\n<p><strong><em>Fureur - Ruse - Prosp\u00e9rit\u00e9<\/em><\/strong><\/p>\n<p><em>Orcshame. Inc Repartage : Crise shamanis\u00e9e du secteur du Tourisme ! Les monopolistes de la Tot\u00e9mologie montrent les crocs !<\/em><\/p>\n<p><em>Eh l\u2019Orc ! Tu es triste que l\u2019\u00c2ge des H\u00e9ros ne soit plus qu\u2019un glorieux souvenir ? Cela t\u2019agace que de braves guerriers comme toi n\u2019aient pas d\u2019exutoire \u00e0 leur rage d\u2019Orcs, pas d\u2019ar\u00e8ne o\u00f9 prouver leur courage ? C\u2019est le cas ? Alors, sache, \u00f4 Orc, que nous avons ce qu\u2019il te faut !<\/em><\/p>\n<p><em>Jette-toi dans le monde des affaires : c\u2019est un v\u00e9ritable maelstr\u00f6m de comp\u00e9titions o\u00f9 il te faudra jouer des coudes pour \u00eatre le meilleur. Construis tes entreprises de tes mains vertes et fortes, bats-toi jusqu\u2019au bout contre tes rivaux, que tes glorieuses aventures commerciales deviennent les l\u00e9gendes qu\u2019\u00e9coutera ta lointaine descendance !<\/em><\/p>\n<p><em>Orconomie<\/em> est un jeu pour 2 \u00e0 5 joueurs qui s'affronteront pour \u00e9tablir des Entreprises dans diff\u00e9rents Secteurs Industriels. Les Entreprises sont la principale source de Point de Victoire. Elles g\u00e9n\u00e8rent \u00e9galement des Pertes et Profits et aident leur propri\u00e9taire \u00e0 b\u00e9n\u00e9ficier des Avantages de chaque Secteur.<\/p>\n<p>Les joueurs gagnent 1 Point de Victoire par Entreprise sous leur contr\u00f4le et par Qu\u00eate accomplie.<br \/>\nLa partie se termine d\u00e8s qu'un joueur obtient 11 ou 12 Points de Victoire, \u00e0 n\u2019importe quel moment d'un tour de jeu.<\/p>\n<p>Ce joueur est d\u00e9clar\u00e9 vainqueur.<\/p>\n<\/div>\n<\/div><\/div><\/div><\/div><div id=\"pg-10893-3\"  class=\"panel-grid panel-no-style\" ><div id=\"pgc-10893-3-0\"  class=\"panel-grid-cell\" ><div id=\"panel-10893-3-0-0\" class=\"so-panel widget widget_sow-editor panel-first-child panel-last-child\" data-index=\"8\" ><div\n\t\t\t\n\t\t\tclass=\"so-widget-sow-editor so-widget-sow-editor-base\"\n\t\t\t\n\t\t>\n<div class=\"siteorigin-widget-tinymce textwidget\">\n\t<hr \/>\n<h3 style=\"text-align: center;\">En vid\u00e9o<\/h3>\n<\/div>\n<\/div><\/div><\/div><\/div><div id=\"pg-10893-4\"  class=\"panel-grid panel-no-style\" ><div id=\"pgc-10893-4-0\"  class=\"panel-grid-cell\" ><div id=\"panel-10893-4-0-0\" class=\"so-panel widget widget_sow-editor panel-first-child panel-last-child\" data-index=\"9\" ><div\n\t\t\t\n\t\t\tclass=\"so-widget-sow-editor so-widget-sow-editor-base\"\n\t\t\t\n\t\t>\n<div class=\"siteorigin-widget-tinymce textwidget\">\n\t<hr \/>\n<h3 style=\"text-align: center;\">Pour aller plus loin<\/h3>\n<\/div>\n<\/div><\/div><\/div><\/div><\/div>","protected":false},"excerpt":{"rendered":"<p>Nombre de joueurs : 2 &#8211; 5 Dur\u00e9e moyenne : 60 min Age : 13 ans et plus Auteur(s) : Timofey Bokarev Fyodor Korzhenkov Illustrations : Anton Kvasovarov Anastasia Mazeina \u00c9dition : Bragelonne Games 2022 Version : Fran\u00e7aise<\/p>\n","protected":false},"author":2,"featured_media":10848,"parent":0,"menu_order":0,"comment_status":"closed","ping_status":"closed","template":"","meta":{"footnotes":""},"class_list":["post-10893","page","type-page","status-publish","has-post-thumbnail","hentry"],"acf":[],"rttpg_featured_image_url":{"full":["https:\/\/meeplendice.net\/wp-content\/uploads\/2023\/06\/Orconomie.png",350,350,false],"landscape":["https:\/\/meeplendice.net\/wp-content\/uploads\/2023\/06\/Orconomie.png",350,350,false],"portraits":["https:\/\/meeplendice.net\/wp-content\/uploads\/2023\/06\/Orconomie.png",350,350,false],"thumbnail":["https:\/\/meeplendice.net\/wp-content\/uploads\/2023\/06\/Orconomie-150x150.png",150,150,true],"medium":["https:\/\/meeplendice.net\/wp-content\/uploads\/2023\/06\/Orconomie-300x300.png",300,300,true],"large":["https:\/\/meeplendice.net\/wp-content\/uploads\/2023\/06\/Orconomie.png",350,350,false],"ug_big":["https:\/\/meeplendice.net\/wp-content\/uploads\/2023\/06\/Orconomie.png",350,350,false],"1536x1536":["https:\/\/meeplendice.net\/wp-content\/uploads\/2023\/06\/Orconomie.png",350,350,false],"2048x2048":["https:\/\/meeplendice.net\/wp-content\/uploads\/2023\/06\/Orconomie.png",350,350,false],"ashe-slider-grid-thumbnail":["https:\/\/meeplendice.net\/wp-content\/uploads\/2023\/06\/Orconomie.png",350,350,false],"ashe-full-thumbnail":["https:\/\/meeplendice.net\/wp-content\/uploads\/2023\/06\/Orconomie.png",350,350,false],"ashe-grid-thumbnail":["https:\/\/meeplendice.net\/wp-content\/uploads\/2023\/06\/Orconomie-350x330.png",350,330,true],"ashe-list-thumbnail":["https:\/\/meeplendice.net\/wp-content\/uploads\/2023\/06\/Orconomie-300x300.png",300,300,true],"ashe-single-navigation":["https:\/\/meeplendice.net\/wp-content\/uploads\/2023\/06\/Orconomie-75x75.png",75,75,true],"mailpoet_newsletter_max":["https:\/\/meeplendice.net\/wp-content\/uploads\/2023\/06\/Orconomie.png",350,350,false],"rpwe-thumbnail":["https:\/\/meeplendice.net\/wp-content\/uploads\/2023\/06\/Orconomie-45x45.png",45,45,true],"sow-carousel-default":["https:\/\/meeplendice.net\/wp-content\/uploads\/2023\/06\/Orconomie-272x182.png",272,182,true],"rt_custom":["https:\/\/meeplendice.net\/wp-content\/uploads\/2023\/06\/Orconomie.png",350,350,false]},"rttpg_author":{"display_name":"Karnby","author_link":"https:\/\/meeplendice.net\/?author=2"},"rttpg_comment":0,"rttpg_category":null,"rttpg_excerpt":"Nombre de joueurs : 2 - 5 Dur\u00e9e moyenne : 60 min Age : 13 ans et plus Auteur(s) : Timofey Bokarev Fyodor Korzhenkov Illustrations : Anton Kvasovarov Anastasia Mazeina \u00c9dition : Bragelonne Games 2022 Version : Fran\u00e7aise","_links":{"self":[{"href":"https:\/\/meeplendice.net\/index.php?rest_route=\/wp\/v2\/pages\/10893","targetHints":{"allow":["GET"]}}],"collection":[{"href":"https:\/\/meeplendice.net\/index.php?rest_route=\/wp\/v2\/pages"}],"about":[{"href":"https:\/\/meeplendice.net\/index.php?rest_route=\/wp\/v2\/types\/page"}],"author":[{"embeddable":true,"href":"https:\/\/meeplendice.net\/index.php?rest_route=\/wp\/v2\/users\/2"}],"replies":[{"embeddable":true,"href":"https:\/\/meeplendice.net\/index.php?rest_route=%2Fwp%2Fv2%2Fcomments&post=10893"}],"version-history":[{"count":3,"href":"https:\/\/meeplendice.net\/index.php?rest_route=\/wp\/v2\/pages\/10893\/revisions"}],"predecessor-version":[{"id":10896,"href":"https:\/\/meeplendice.net\/index.php?rest_route=\/wp\/v2\/pages\/10893\/revisions\/10896"}],"wp:featuredmedia":[{"embeddable":true,"href":"https:\/\/meeplendice.net\/index.php?rest_route=\/wp\/v2\/media\/10848"}],"wp:attachment":[{"href":"https:\/\/meeplendice.net\/index.php?rest_route=%2Fwp%2Fv2%2Fmedia&parent=10893"}],"curies":[{"name":"wp","href":"https:\/\/api.w.org\/{rel}","templated":true}]}}