{"id":10898,"date":"2023-06-04T22:09:02","date_gmt":"2023-06-04T21:09:02","guid":{"rendered":"https:\/\/meeplendice.net\/?page_id=10898"},"modified":"2023-12-24T16:37:05","modified_gmt":"2023-12-24T15:37:05","slug":"rauha-2","status":"publish","type":"page","link":"https:\/\/meeplendice.net\/?page_id=10898","title":{"rendered":"Rauha"},"content":{"rendered":"<div id=\"pl-10898\"  class=\"panel-layout\" ><div id=\"pg-10898-0\"  class=\"panel-grid panel-no-style\" ><div id=\"pgc-10898-0-0\"  class=\"panel-grid-cell\" ><div id=\"panel-10898-0-0-0\" class=\"so-panel widget widget_sow-editor panel-first-child panel-last-child\" data-index=\"0\" ><div\n\t\t\t\n\t\t\tclass=\"so-widget-sow-editor so-widget-sow-editor-base\"\n\t\t\t\n\t\t>\n<div class=\"siteorigin-widget-tinymce textwidget\">\n\t<p style=\"text-align: center;\"><strong>Nombre de joueurs :<\/strong><br \/>\n2 - 5<\/p>\n<\/div>\n<\/div><\/div><\/div><div id=\"pgc-10898-0-1\"  class=\"panel-grid-cell\" ><div id=\"panel-10898-0-1-0\" class=\"so-panel widget widget_sow-editor panel-first-child panel-last-child\" data-index=\"1\" ><div\n\t\t\t\n\t\t\tclass=\"so-widget-sow-editor so-widget-sow-editor-base\"\n\t\t\t\n\t\t>\n<div class=\"siteorigin-widget-tinymce textwidget\">\n\t<p style=\"text-align: center;\"><strong>Dur\u00e9e moyenne :<\/strong><br \/>\n45 min<\/p>\n<\/div>\n<\/div><\/div><\/div><div id=\"pgc-10898-0-2\"  class=\"panel-grid-cell\" ><div id=\"panel-10898-0-2-0\" class=\"so-panel widget widget_sow-editor panel-first-child panel-last-child\" data-index=\"2\" ><div\n\t\t\t\n\t\t\tclass=\"so-widget-sow-editor so-widget-sow-editor-base\"\n\t\t\t\n\t\t>\n<div class=\"siteorigin-widget-tinymce textwidget\">\n\t<p style=\"text-align: center;\"><strong>Age :<\/strong><br \/>\n10 ans et plus<\/p>\n<\/div>\n<\/div><\/div><\/div><\/div><div id=\"pg-10898-1\"  class=\"panel-grid panel-no-style\" ><div id=\"pgc-10898-1-0\"  class=\"panel-grid-cell\" ><div id=\"panel-10898-1-0-0\" class=\"so-panel widget widget_sow-editor panel-first-child panel-last-child\" data-index=\"3\" ><div\n\t\t\t\n\t\t\tclass=\"so-widget-sow-editor so-widget-sow-editor-base\"\n\t\t\t\n\t\t>\n<div class=\"siteorigin-widget-tinymce textwidget\">\n\t<p style=\"text-align: center;\"><strong>Auteur(s) :<br \/>\n<\/strong><span class=\"data-siloing\" title=\"D\u00e9couvrez tous ces jeux\" data-siloing=\"https:\/\/www.philibertnet.com\/fr\/recherche?feature=31&amp;feature_value=Th\u00e9o Riviere\">Johannes Goupy<\/span><span class=\"data-siloing\" title=\"Voir tous les jeux\" data-siloing=\"https:\/\/www.philibertnet.com\/fr\/recherche?feature=31&amp;feature_value=Corentin Lebrat\">t<br \/>\nTh\u00e9o Rivi\u00e8re<br \/>\n<\/span><\/p>\n<\/div>\n<\/div><\/div><\/div><div id=\"pgc-10898-1-1\"  class=\"panel-grid-cell\" ><div id=\"panel-10898-1-1-0\" class=\"so-panel widget widget_sow-editor panel-first-child panel-last-child\" data-index=\"4\" ><div\n\t\t\t\n\t\t\tclass=\"so-widget-sow-editor so-widget-sow-editor-base\"\n\t\t\t\n\t\t>\n<div class=\"siteorigin-widget-tinymce textwidget\">\n\t<p style=\"text-align: center;\"><strong>Illustrations :<\/strong><br \/>\n<span class=\"data-siloing\" title=\"Voir tous les jeux\" data-siloing=\"https:\/\/www.philibertnet.com\/fr\/recherche?feature=41&amp;feature_value=Vipin Alex Jacob\"><span class=\"data-siloing\" title=\"D\u00e9couvrez tous ces jeux\" data-siloing=\"https:\/\/www.philibertnet.com\/fr\/recherche?feature=41&amp;feature_value=O\u2019lee\">O\u2019lee<\/span><\/span><\/p>\n<\/div>\n<\/div><\/div><\/div><div id=\"pgc-10898-1-2\"  class=\"panel-grid-cell\" ><div id=\"panel-10898-1-2-0\" class=\"so-panel widget widget_sow-editor panel-first-child panel-last-child\" data-index=\"5\" ><div\n\t\t\t\n\t\t\tclass=\"so-widget-sow-editor so-widget-sow-editor-base\"\n\t\t\t\n\t\t>\n<div class=\"siteorigin-widget-tinymce textwidget\">\n\t<p style=\"text-align: center;\"><strong>\u00c9dition :<\/strong><br \/>\n<span class=\"data-siloing\" data-siloing=\"\n\n                                                            https:\/\/www.philibertnet.com\/fr\/2063_grrre-games\n\n                            \">Grrre Games<\/span><br \/>\n2022<\/p>\n<\/div>\n<\/div><\/div><\/div><div id=\"pgc-10898-1-3\"  class=\"panel-grid-cell\" ><div id=\"panel-10898-1-3-0\" class=\"so-panel widget widget_sow-editor panel-first-child panel-last-child\" data-index=\"6\" ><div\n\t\t\t\n\t\t\tclass=\"so-widget-sow-editor so-widget-sow-editor-base\"\n\t\t\t\n\t\t>\n<div class=\"siteorigin-widget-tinymce textwidget\">\n\t<p style=\"text-align: center;\"><strong>Version :<\/strong><br \/>\nFran\u00e7aise<\/p>\n<\/div>\n<\/div><\/div><\/div><\/div><div id=\"pg-10898-2\"  class=\"panel-grid panel-no-style\" ><div id=\"pgc-10898-2-0\"  class=\"panel-grid-cell\" ><div id=\"panel-10898-2-0-0\" class=\"so-panel widget widget_sow-editor panel-first-child panel-last-child\" data-index=\"7\" ><div\n\t\t\t\n\t\t\tclass=\"so-widget-sow-editor so-widget-sow-editor-base\"\n\t\t\t\n\t\t>\n<div class=\"siteorigin-widget-tinymce textwidget\">\n\t<hr \/>\n<p><em>Apr\u00e8s des mill\u00e9naires d'aridit\u00e9, la vie rena\u00eet sur Rauha.<br \/>\nEn tant que v\u00e9n\u00e9rable Chaman, un de ses cinq mondes vous a \u00e9t\u00e9 confi\u00e9. Vos pouvoirs sont divins et vous permettent de sculpter l'environnement afin d'en faire un berceau d'\u00e9nergie vitale, garant de la s\u00e9r\u00e9nit\u00e9 et de l'harmonie pour les si\u00e8cles \u00e0 venir.<\/em><\/p>\n<p>Dans <em>Rauha<\/em>, vous devez obtenir le plus de points de victoire, repr\u00e9sent\u00e9s th\u00e9matiquement par de l\u2019\u00c9nergie Vitale, pour remporter la partie.<br \/>\nVous aurez 2 Ages pour faire de votre monde le c\u0153ur \u00e9nerg\u00e9tique de Rauha. Durant l'Age 1, la v\u00e9g\u00e9tation, les reliefs et les animaux appara\u00eetront. Durant l'Age 2, des civilisations se d\u00e9velopperont. <em><br \/>\n<\/em><\/p>\n<\/div>\n<\/div><\/div><\/div><\/div><div id=\"pg-10898-3\"  class=\"panel-grid panel-no-style\" ><div id=\"pgc-10898-3-0\"  class=\"panel-grid-cell\" ><div id=\"panel-10898-3-0-0\" class=\"so-panel widget widget_sow-editor panel-first-child panel-last-child\" data-index=\"8\" ><div\n\t\t\t\n\t\t\tclass=\"so-widget-sow-editor so-widget-sow-editor-base\"\n\t\t\t\n\t\t>\n<div class=\"siteorigin-widget-tinymce textwidget\">\n\t<hr \/>\n<h3 style=\"text-align: center;\">En vid\u00e9o<\/h3>\n<p><a href=\"https:\/\/www.youtube.com\/watch?v=Q1eOvNmf5QQ&amp;ab_channel=GRRREGames\" target=\"_blank\" rel=\"noopener\"><img loading=\"lazy\" decoding=\"async\" class=\"alignnone size-full wp-image-9090\" src=\"https:\/\/meeplendice.net\/wp-content\/uploads\/2022\/01\/Link_CJ_v2.png\" alt=\"\" width=\"200\" height=\"170\" \/><\/a><\/p>\n<\/div>\n<\/div><\/div><\/div><\/div><div id=\"pg-10898-4\"  class=\"panel-grid panel-no-style\" ><div id=\"pgc-10898-4-0\"  class=\"panel-grid-cell\" ><div id=\"panel-10898-4-0-0\" class=\"so-panel widget widget_sow-editor panel-first-child panel-last-child\" data-index=\"9\" ><div\n\t\t\t\n\t\t\tclass=\"so-widget-sow-editor so-widget-sow-editor-base\"\n\t\t\t\n\t\t>\n<div class=\"siteorigin-widget-tinymce textwidget\">\n\t<hr \/>\n<h3 style=\"text-align: center;\">Extension(s)<\/h3>\n<style type='text\/css' media='all'>#rt-tpg-container-1030146876 .read-more a{border-radius:px;}#rt-tpg-container-1030146876 .rt-img-holder img.rt-img-responsive,#rt-tpg-container-1030146876 .rt-img-holder,\n\t\t\t\t\t#rt-tpg-container-1030146876 .rt-post-overlay .post-img,\n\t\t\t\t\t#rt-tpg-container-1030146876 .post-sm .post-img,\n\t\t\t\t\t#rt-tpg-container-1030146876 .rt-post-grid .post-img,\n\t\t\t\t\t#rt-tpg-container-1030146876 .post-img img {border-radius:px;}#rt-tpg-container-1030146876 .layout9 .rt-holder h2.entry-title,\n\t\t\t\t\t#rt-tpg-container-1030146876 .layout9 .rt-holder h3.entry-title,\n\t\t\t\t\t#rt-tpg-container-1030146876 .layout9 .rt-holder h4.entry-title,\n\t\t\t\t\t#rt-tpg-container-1030146876 .layout9 .rt-holder h2.entry-title a,\n\t\t\t\t\t#rt-tpg-container-1030146876 .layout9 .rt-holder h3.entry-title a,\n\t\t\t\t\t#rt-tpg-container-1030146876 .layout9 .rt-holder h4.entry-title a,\n\t\t\t\t\t#rt-tpg-container-1030146876 .rt-holder .rt-woo-info h2 a,\n\t\t\t\t\t#rt-tpg-container-1030146876 .rt-holder .rt-woo-info h3 a,\n\t\t\t\t\t#rt-tpg-container-1030146876 .rt-holder .rt-woo-info h4 a,\n\t\t\t\t\t#rt-tpg-container-1030146876 .post-content .post-title,\n\t\t\t\t\t#rt-tpg-container-1030146876 .rt-post-grid .post-title,\n\t\t\t\t\t#rt-tpg-container-1030146876 .rt-post-grid .post-title a,\n\t\t\t\t\t#rt-tpg-container-1030146876 .post-content .post-title a,\n\t\t\t\t\t#rt-tpg-container-1030146876 .rt-holder .rt-woo-info h2,\n\t\t\t\t\t#rt-tpg-container-1030146876 .rt-holder .rt-woo-info h3,\n\t\t\t\t\t#rt-tpg-container-1030146876 .rt-holder .rt-woo-info h4{font-size:16px;line-height:26px;font-weight:normal;text-align:center;}#rt-tpg-container-1030146876 .post-grid-lg-style-1 .post-title,\n\t\t\t\t\t\t#rt-tpg-container-1030146876 .post-grid-lg-style-1 .post-title a,\n\t\t\t\t\t\t#rt-tpg-container-1030146876 .big-layout .post-title,\n\t\t\t\t\t\t#rt-tpg-container-1030146876 .big-layout .post-title a,\n\t\t\t\t\t\t#rt-tpg-container-1030146876 .post-grid-lg-style-1 .post-title,\n\t\t\t\t\t\t#rt-tpg-container-1030146876 .post-grid-lg-style-1 .post-title a {font-size:24px;line-height:34px;}<\/style><div class='rt-container-fluid rt-tpg-container tpg-shortcode-main-wrapper ' id='rt-tpg-container-1030146876'   data-layout='layout9' data-grid-style='masonry' data-desktop-col='3'  data-tab-col='2'  data-mobile-col='1' data-sc-id='11754'><div data-title='Loading ...' class='rt-row rt-content-loader   layout9 tpg-masonry '><div class=\"rt-col-md-4 rt-col-sm-6 rt-col-xs-12 masonry-grid-item rt-grid-item img_zoom_in\" data-id=\"11752\"><div class=\"rt-holder\"><div class='overlay'><a data-id='11752' class=' tpg-single-popup' href='https:\/\/meeplendice.net\/?page_id=11752'><img loading=\"lazy\" decoding=\"async\" width=\"350\" height=\"350\" src=\"https:\/\/meeplendice.net\/wp-content\/uploads\/2023\/12\/Rauha_Syntyma.png\" class=\"rt-img-responsive \" alt=\"\" \/><\/a><\/div><div class='post-info'><h3 class=\"entry-title\"><a data-id=\"11752\" class=\" tpg-single-popup\" href=\"https:\/\/meeplendice.net\/?page_id=11752\">Syntym\u00e4<\/a><\/h3><div class='post-meta-user '><\/div><\/div><\/div><\/div><\/div><div class='rt-pagination-wrap' data-total-pages='1' data-posts-per-page='3' data-type='pagination_ajax'  ><div class='rt-page-numbers'><\/div><\/div><\/div>\n<\/div>\n<\/div><\/div><\/div><\/div><div id=\"pg-10898-5\"  class=\"panel-grid panel-no-style\" ><div id=\"pgc-10898-5-0\"  class=\"panel-grid-cell\" ><div id=\"panel-10898-5-0-0\" class=\"so-panel widget widget_sow-editor panel-first-child panel-last-child\" data-index=\"10\" ><div\n\t\t\t\n\t\t\tclass=\"so-widget-sow-editor so-widget-sow-editor-base\"\n\t\t\t\n\t\t>\n<div class=\"siteorigin-widget-tinymce textwidget\">\n\t<hr \/>\n<h3 style=\"text-align: center;\">Pour aller plus loin<\/h3>\n<\/div>\n<\/div><\/div><\/div><\/div><\/div>","protected":false},"excerpt":{"rendered":"<p>Nombre de joueurs : 2 &#8211; 5 Dur\u00e9e moyenne : 45 min Age : 10 ans et plus Auteur(s) : Johannes Goupyt Th\u00e9o Rivi\u00e8re Illustrations : O\u2019lee \u00c9dition : Grrre Games 2022 Version : Fran\u00e7aise<\/p>\n","protected":false},"author":2,"featured_media":10844,"parent":0,"menu_order":0,"comment_status":"closed","ping_status":"closed","template":"","meta":{"footnotes":""},"class_list":["post-10898","page","type-page","status-publish","has-post-thumbnail","hentry"],"acf":[],"rttpg_featured_image_url":{"full":["https:\/\/meeplendice.net\/wp-content\/uploads\/2023\/06\/Rauha.png",350,350,false],"landscape":["https:\/\/meeplendice.net\/wp-content\/uploads\/2023\/06\/Rauha.png",350,350,false],"portraits":["https:\/\/meeplendice.net\/wp-content\/uploads\/2023\/06\/Rauha.png",350,350,false],"thumbnail":["https:\/\/meeplendice.net\/wp-content\/uploads\/2023\/06\/Rauha-150x150.png",150,150,true],"medium":["https:\/\/meeplendice.net\/wp-content\/uploads\/2023\/06\/Rauha-300x300.png",300,300,true],"large":["https:\/\/meeplendice.net\/wp-content\/uploads\/2023\/06\/Rauha.png",350,350,false],"ug_big":["https:\/\/meeplendice.net\/wp-content\/uploads\/2023\/06\/Rauha.png",350,350,false],"1536x1536":["https:\/\/meeplendice.net\/wp-content\/uploads\/2023\/06\/Rauha.png",350,350,false],"2048x2048":["https:\/\/meeplendice.net\/wp-content\/uploads\/2023\/06\/Rauha.png",350,350,false],"ashe-slider-grid-thumbnail":["https:\/\/meeplendice.net\/wp-content\/uploads\/2023\/06\/Rauha.png",350,350,false],"ashe-full-thumbnail":["https:\/\/meeplendice.net\/wp-content\/uploads\/2023\/06\/Rauha.png",350,350,false],"ashe-grid-thumbnail":["https:\/\/meeplendice.net\/wp-content\/uploads\/2023\/06\/Rauha-350x330.png",350,330,true],"ashe-list-thumbnail":["https:\/\/meeplendice.net\/wp-content\/uploads\/2023\/06\/Rauha-300x300.png",300,300,true],"ashe-single-navigation":["https:\/\/meeplendice.net\/wp-content\/uploads\/2023\/06\/Rauha-75x75.png",75,75,true],"mailpoet_newsletter_max":["https:\/\/meeplendice.net\/wp-content\/uploads\/2023\/06\/Rauha.png",350,350,false],"rpwe-thumbnail":["https:\/\/meeplendice.net\/wp-content\/uploads\/2023\/06\/Rauha-45x45.png",45,45,true],"sow-carousel-default":["https:\/\/meeplendice.net\/wp-content\/uploads\/2023\/06\/Rauha-272x182.png",272,182,true],"rt_custom":["https:\/\/meeplendice.net\/wp-content\/uploads\/2023\/06\/Rauha.png",350,350,false]},"rttpg_author":{"display_name":"Karnby","author_link":"https:\/\/meeplendice.net\/?author=2"},"rttpg_comment":0,"rttpg_category":null,"rttpg_excerpt":"Nombre de joueurs : 2 - 5 Dur\u00e9e moyenne : 45 min Age : 10 ans et plus Auteur(s) : Johannes Goupyt Th\u00e9o Rivi\u00e8re Illustrations : O\u2019lee \u00c9dition : Grrre Games 2022 Version : Fran\u00e7aise","_links":{"self":[{"href":"https:\/\/meeplendice.net\/index.php?rest_route=\/wp\/v2\/pages\/10898","targetHints":{"allow":["GET"]}}],"collection":[{"href":"https:\/\/meeplendice.net\/index.php?rest_route=\/wp\/v2\/pages"}],"about":[{"href":"https:\/\/meeplendice.net\/index.php?rest_route=\/wp\/v2\/types\/page"}],"author":[{"embeddable":true,"href":"https:\/\/meeplendice.net\/index.php?rest_route=\/wp\/v2\/users\/2"}],"replies":[{"embeddable":true,"href":"https:\/\/meeplendice.net\/index.php?rest_route=%2Fwp%2Fv2%2Fcomments&post=10898"}],"version-history":[{"count":3,"href":"https:\/\/meeplendice.net\/index.php?rest_route=\/wp\/v2\/pages\/10898\/revisions"}],"predecessor-version":[{"id":11755,"href":"https:\/\/meeplendice.net\/index.php?rest_route=\/wp\/v2\/pages\/10898\/revisions\/11755"}],"wp:featuredmedia":[{"embeddable":true,"href":"https:\/\/meeplendice.net\/index.php?rest_route=\/wp\/v2\/media\/10844"}],"wp:attachment":[{"href":"https:\/\/meeplendice.net\/index.php?rest_route=%2Fwp%2Fv2%2Fmedia&parent=10898"}],"curies":[{"name":"wp","href":"https:\/\/api.w.org\/{rel}","templated":true}]}}