{"id":10902,"date":"2023-06-04T22:16:26","date_gmt":"2023-06-04T21:16:26","guid":{"rendered":"https:\/\/meeplendice.net\/?page_id=10902"},"modified":"2023-06-04T22:23:03","modified_gmt":"2023-06-04T21:23:03","slug":"zerzura-loasis-des-merveilles","status":"publish","type":"page","link":"https:\/\/meeplendice.net\/?page_id=10902","title":{"rendered":"Zerzura : L&rsquo;Oasis des merveilles"},"content":{"rendered":"<div id=\"pl-10902\"  class=\"panel-layout\" ><div id=\"pg-10902-0\"  class=\"panel-grid panel-no-style\" ><div id=\"pgc-10902-0-0\"  class=\"panel-grid-cell\" ><div id=\"panel-10902-0-0-0\" class=\"so-panel widget widget_sow-editor panel-first-child panel-last-child\" data-index=\"0\" ><div\n\t\t\t\n\t\t\tclass=\"so-widget-sow-editor so-widget-sow-editor-base\"\n\t\t\t\n\t\t>\n<div class=\"siteorigin-widget-tinymce textwidget\">\n\t<p style=\"text-align: center;\"><strong>Nombre de joueurs :<\/strong><br \/>\n2 - 5<\/p>\n<\/div>\n<\/div><\/div><\/div><div id=\"pgc-10902-0-1\"  class=\"panel-grid-cell\" ><div id=\"panel-10902-0-1-0\" class=\"so-panel widget widget_sow-editor panel-first-child panel-last-child\" data-index=\"1\" ><div\n\t\t\t\n\t\t\tclass=\"so-widget-sow-editor so-widget-sow-editor-base\"\n\t\t\t\n\t\t>\n<div class=\"siteorigin-widget-tinymce textwidget\">\n\t<p style=\"text-align: center;\"><strong>Dur\u00e9e moyenne :<\/strong><br \/>\n20 min<\/p>\n<\/div>\n<\/div><\/div><\/div><div id=\"pgc-10902-0-2\"  class=\"panel-grid-cell\" ><div id=\"panel-10902-0-2-0\" class=\"so-panel widget widget_sow-editor panel-first-child panel-last-child\" data-index=\"2\" ><div\n\t\t\t\n\t\t\tclass=\"so-widget-sow-editor so-widget-sow-editor-base\"\n\t\t\t\n\t\t>\n<div class=\"siteorigin-widget-tinymce textwidget\">\n\t<p style=\"text-align: center;\"><strong>Age :<\/strong><br \/>\n8 ans et plus<\/p>\n<\/div>\n<\/div><\/div><\/div><\/div><div id=\"pg-10902-1\"  class=\"panel-grid panel-no-style\" ><div id=\"pgc-10902-1-0\"  class=\"panel-grid-cell\" ><div id=\"panel-10902-1-0-0\" class=\"so-panel widget widget_sow-editor panel-first-child panel-last-child\" data-index=\"3\" ><div\n\t\t\t\n\t\t\tclass=\"so-widget-sow-editor so-widget-sow-editor-base\"\n\t\t\t\n\t\t>\n<div class=\"siteorigin-widget-tinymce textwidget\">\n\t<p style=\"text-align: center;\"><strong>Auteur(s) :<br \/>\n<\/strong><span class=\"data-siloing\" title=\"D\u00e9couvrez tous ces jeux\" data-siloing=\"https:\/\/www.philibertnet.com\/fr\/recherche?feature=31&amp;feature_value=Romaric Galonnier\">Romaric Galonnier<\/span><\/p>\n<\/div>\n<\/div><\/div><\/div><div id=\"pgc-10902-1-1\"  class=\"panel-grid-cell\" ><div id=\"panel-10902-1-1-0\" class=\"so-panel widget widget_sow-editor panel-first-child panel-last-child\" data-index=\"4\" ><div\n\t\t\t\n\t\t\tclass=\"so-widget-sow-editor so-widget-sow-editor-base\"\n\t\t\t\n\t\t>\n<div class=\"siteorigin-widget-tinymce textwidget\">\n\t<p style=\"text-align: center;\"><strong>Illustrations :<\/strong><br \/>\n<span class=\"data-siloing\" title=\"D\u00e9couvrez tous ces jeux\" data-siloing=\"https:\/\/www.philibertnet.com\/fr\/recherche?feature=41&amp;feature_value=S\u00e9bastien Caiveau\">S\u00e9bastien Caiveau<\/span><\/p>\n<\/div>\n<\/div><\/div><\/div><div id=\"pgc-10902-1-2\"  class=\"panel-grid-cell\" ><div id=\"panel-10902-1-2-0\" class=\"so-panel widget widget_sow-editor panel-first-child panel-last-child\" data-index=\"5\" ><div\n\t\t\t\n\t\t\tclass=\"so-widget-sow-editor so-widget-sow-editor-base\"\n\t\t\t\n\t\t>\n<div class=\"siteorigin-widget-tinymce textwidget\">\n\t<p style=\"text-align: center;\"><strong>\u00c9dition :<\/strong><br \/>\n<span class=\"data-siloing\" data-siloing=\"\n\n                                                            https:\/\/www.philibertnet.com\/fr\/2867_bragelonne-games\n\n                            \">Bragelonne Games<br \/>\n<\/span>2021<\/p>\n<\/div>\n<\/div><\/div><\/div><div id=\"pgc-10902-1-3\"  class=\"panel-grid-cell\" ><div id=\"panel-10902-1-3-0\" class=\"so-panel widget widget_sow-editor panel-first-child panel-last-child\" data-index=\"6\" ><div\n\t\t\t\n\t\t\tclass=\"so-widget-sow-editor so-widget-sow-editor-base\"\n\t\t\t\n\t\t>\n<div class=\"siteorigin-widget-tinymce textwidget\">\n\t<p style=\"text-align: center;\"><strong>Version :<\/strong><br \/>\nFran\u00e7aise<\/p>\n<\/div>\n<\/div><\/div><\/div><\/div><div id=\"pg-10902-2\"  class=\"panel-grid panel-no-style\" ><div id=\"pgc-10902-2-0\"  class=\"panel-grid-cell\" ><div id=\"panel-10902-2-0-0\" class=\"so-panel widget widget_sow-editor panel-first-child panel-last-child\" data-index=\"7\" ><div\n\t\t\t\n\t\t\tclass=\"so-widget-sow-editor so-widget-sow-editor-base\"\n\t\t\t\n\t\t>\n<div class=\"siteorigin-widget-tinymce textwidget\">\n\t<hr \/>\n<p><em>Bienvenue au march\u00e9 de la mythique oasis de Zerzura o\u00f9 s\u2019\u00e9changent des objets fantastiques !<\/em><\/p>\n<div><em>Chaque ann\u00e9e, les oiseaux de la M\u00e9diterran\u00e9e migrent vers Zerzura. Cette myst\u00e9rieuse oasis accueille aussi \u00e0 l\u2019occasion un march\u00e9 o\u00f9 s\u2019\u00e9changent des objets fantastiques. <\/em><em>Les marchands s\u2019y retrouvent dans l\u2019espoir d\u2019en ramener des merveilles pour leurs clients et m\u00e9c\u00e8nes. Ils consid\u00e8rent les oiseaux de Zerzura comme sacr\u00e9s. Quand un de ces migrateurs se pose sur des marchandises, aucun commer\u00e7ant ne cherchera \u00e0 l'en chasser.<br \/>\nSi bien des objets assurent la gloire et la fortune, quelques-uns r\u00e9servent des surprises. Serez-vous le plus habile des marchands de Zerzura ?<\/em><\/div>\n<p>Les joueurs acqui\u00e8rent des cartes Marchandises qui repr\u00e9sentent de 1 \u00e0 3 Objets (turban de djinn, kanoun alchimique, piment mal\u00e9fiques, bague magique, lampe merveilleuse). Chaque collection d'Objets voit sa valeur en point de victoire varier en fonction de la quantit\u00e9 d'Objets (et non de cartes) poss\u00e9d\u00e9s.<\/p>\n<p>A la fin de la partie, le joueur totalisant le plus grand nombre de points de victoire est d\u00e9clar\u00e9 vainqueur.<\/p>\n<\/div>\n<\/div><\/div><\/div><\/div><div id=\"pg-10902-3\"  class=\"panel-grid panel-no-style\" ><div id=\"pgc-10902-3-0\"  class=\"panel-grid-cell\" ><div id=\"panel-10902-3-0-0\" class=\"so-panel widget widget_sow-editor panel-first-child panel-last-child\" data-index=\"8\" ><div\n\t\t\t\n\t\t\tclass=\"so-widget-sow-editor so-widget-sow-editor-base\"\n\t\t\t\n\t\t>\n<div class=\"siteorigin-widget-tinymce textwidget\">\n\t<hr \/>\n<h3 style=\"text-align: center;\">En vid\u00e9o<\/h3>\n<p><a href=\"https:\/\/www.youtube.com\/watch?v=r6k1h_grPU8&amp;ab_channel=DeludiK\" target=\"_blank\" rel=\"noopener\"><img loading=\"lazy\" decoding=\"async\" class=\"alignnone size-full wp-image-9090\" src=\"https:\/\/meeplendice.net\/wp-content\/uploads\/2022\/01\/Link_CJ_v2.png\" alt=\"\" width=\"200\" height=\"170\" \/><\/a><\/p>\n<\/div>\n<\/div><\/div><\/div><\/div><div id=\"pg-10902-4\"  class=\"panel-grid panel-no-style\" ><div id=\"pgc-10902-4-0\"  class=\"panel-grid-cell\" ><div id=\"panel-10902-4-0-0\" class=\"so-panel widget widget_sow-editor panel-first-child panel-last-child\" data-index=\"9\" ><div\n\t\t\t\n\t\t\tclass=\"so-widget-sow-editor so-widget-sow-editor-base\"\n\t\t\t\n\t\t>\n<div class=\"siteorigin-widget-tinymce textwidget\">\n\t<hr \/>\n<h3 style=\"text-align: center;\">Pour aller plus loin<\/h3>\n<\/div>\n<\/div><\/div><\/div><\/div><\/div>","protected":false},"excerpt":{"rendered":"<p>Nombre de joueurs : 2 &#8211; 5 Dur\u00e9e moyenne : 20 min Age : 8 ans et plus Auteur(s) : Romaric Galonnier Illustrations : S\u00e9bastien Caiveau \u00c9dition : Bragelonne Games 2021 Version : Fran\u00e7aise<\/p>\n","protected":false},"author":2,"featured_media":10845,"parent":0,"menu_order":0,"comment_status":"closed","ping_status":"closed","template":"","meta":{"footnotes":""},"class_list":["post-10902","page","type-page","status-publish","has-post-thumbnail","hentry"],"acf":[],"rttpg_featured_image_url":{"full":["https:\/\/meeplendice.net\/wp-content\/uploads\/2023\/06\/Zerzura.png",350,350,false],"landscape":["https:\/\/meeplendice.net\/wp-content\/uploads\/2023\/06\/Zerzura.png",350,350,false],"portraits":["https:\/\/meeplendice.net\/wp-content\/uploads\/2023\/06\/Zerzura.png",350,350,false],"thumbnail":["https:\/\/meeplendice.net\/wp-content\/uploads\/2023\/06\/Zerzura-150x150.png",150,150,true],"medium":["https:\/\/meeplendice.net\/wp-content\/uploads\/2023\/06\/Zerzura-300x300.png",300,300,true],"large":["https:\/\/meeplendice.net\/wp-content\/uploads\/2023\/06\/Zerzura.png",350,350,false],"ug_big":["https:\/\/meeplendice.net\/wp-content\/uploads\/2023\/06\/Zerzura.png",350,350,false],"1536x1536":["https:\/\/meeplendice.net\/wp-content\/uploads\/2023\/06\/Zerzura.png",350,350,false],"2048x2048":["https:\/\/meeplendice.net\/wp-content\/uploads\/2023\/06\/Zerzura.png",350,350,false],"ashe-slider-grid-thumbnail":["https:\/\/meeplendice.net\/wp-content\/uploads\/2023\/06\/Zerzura.png",350,350,false],"ashe-full-thumbnail":["https:\/\/meeplendice.net\/wp-content\/uploads\/2023\/06\/Zerzura.png",350,350,false],"ashe-grid-thumbnail":["https:\/\/meeplendice.net\/wp-content\/uploads\/2023\/06\/Zerzura-350x330.png",350,330,true],"ashe-list-thumbnail":["https:\/\/meeplendice.net\/wp-content\/uploads\/2023\/06\/Zerzura-300x300.png",300,300,true],"ashe-single-navigation":["https:\/\/meeplendice.net\/wp-content\/uploads\/2023\/06\/Zerzura-75x75.png",75,75,true],"mailpoet_newsletter_max":["https:\/\/meeplendice.net\/wp-content\/uploads\/2023\/06\/Zerzura.png",350,350,false],"rpwe-thumbnail":["https:\/\/meeplendice.net\/wp-content\/uploads\/2023\/06\/Zerzura-45x45.png",45,45,true],"sow-carousel-default":["https:\/\/meeplendice.net\/wp-content\/uploads\/2023\/06\/Zerzura-272x182.png",272,182,true],"rt_custom":["https:\/\/meeplendice.net\/wp-content\/uploads\/2023\/06\/Zerzura.png",350,350,false]},"rttpg_author":{"display_name":"Karnby","author_link":"https:\/\/meeplendice.net\/?author=2"},"rttpg_comment":0,"rttpg_category":null,"rttpg_excerpt":"Nombre de joueurs : 2 - 5 Dur\u00e9e moyenne : 20 min Age : 8 ans et plus Auteur(s) : Romaric Galonnier Illustrations : S\u00e9bastien Caiveau \u00c9dition : Bragelonne Games 2021 Version : Fran\u00e7aise","_links":{"self":[{"href":"https:\/\/meeplendice.net\/index.php?rest_route=\/wp\/v2\/pages\/10902","targetHints":{"allow":["GET"]}}],"collection":[{"href":"https:\/\/meeplendice.net\/index.php?rest_route=\/wp\/v2\/pages"}],"about":[{"href":"https:\/\/meeplendice.net\/index.php?rest_route=\/wp\/v2\/types\/page"}],"author":[{"embeddable":true,"href":"https:\/\/meeplendice.net\/index.php?rest_route=\/wp\/v2\/users\/2"}],"replies":[{"embeddable":true,"href":"https:\/\/meeplendice.net\/index.php?rest_route=%2Fwp%2Fv2%2Fcomments&post=10902"}],"version-history":[{"count":2,"href":"https:\/\/meeplendice.net\/index.php?rest_route=\/wp\/v2\/pages\/10902\/revisions"}],"predecessor-version":[{"id":10904,"href":"https:\/\/meeplendice.net\/index.php?rest_route=\/wp\/v2\/pages\/10902\/revisions\/10904"}],"wp:featuredmedia":[{"embeddable":true,"href":"https:\/\/meeplendice.net\/index.php?rest_route=\/wp\/v2\/media\/10845"}],"wp:attachment":[{"href":"https:\/\/meeplendice.net\/index.php?rest_route=%2Fwp%2Fv2%2Fmedia&parent=10902"}],"curies":[{"name":"wp","href":"https:\/\/api.w.org\/{rel}","templated":true}]}}