{"id":10906,"date":"2023-06-04T22:24:11","date_gmt":"2023-06-04T21:24:11","guid":{"rendered":"https:\/\/meeplendice.net\/?page_id=10906"},"modified":"2023-06-04T22:30:44","modified_gmt":"2023-06-04T21:30:44","slug":"lotus-2","status":"publish","type":"page","link":"https:\/\/meeplendice.net\/?page_id=10906","title":{"rendered":"Lotus"},"content":{"rendered":"<div id=\"pl-10906\"  class=\"panel-layout\" ><div id=\"pg-10906-0\"  class=\"panel-grid panel-no-style\" ><div id=\"pgc-10906-0-0\"  class=\"panel-grid-cell\" ><div id=\"panel-10906-0-0-0\" class=\"so-panel widget widget_sow-editor panel-first-child panel-last-child\" data-index=\"0\" ><div\n\t\t\t\n\t\t\tclass=\"so-widget-sow-editor so-widget-sow-editor-base\"\n\t\t\t\n\t\t>\n<div class=\"siteorigin-widget-tinymce textwidget\">\n\t<p style=\"text-align: center;\"><strong>Nombre de joueurs :<\/strong><br \/>\n2 - 4<\/p>\n<\/div>\n<\/div><\/div><\/div><div id=\"pgc-10906-0-1\"  class=\"panel-grid-cell\" ><div id=\"panel-10906-0-1-0\" class=\"so-panel widget widget_sow-editor panel-first-child panel-last-child\" data-index=\"1\" ><div\n\t\t\t\n\t\t\tclass=\"so-widget-sow-editor so-widget-sow-editor-base\"\n\t\t\t\n\t\t>\n<div class=\"siteorigin-widget-tinymce textwidget\">\n\t<p style=\"text-align: center;\"><strong>Dur\u00e9e moyenne :<\/strong><br \/>\n30 min<\/p>\n<\/div>\n<\/div><\/div><\/div><div id=\"pgc-10906-0-2\"  class=\"panel-grid-cell\" ><div id=\"panel-10906-0-2-0\" class=\"so-panel widget widget_sow-editor panel-first-child panel-last-child\" data-index=\"2\" ><div\n\t\t\t\n\t\t\tclass=\"so-widget-sow-editor so-widget-sow-editor-base\"\n\t\t\t\n\t\t>\n<div class=\"siteorigin-widget-tinymce textwidget\">\n\t<p style=\"text-align: center;\"><strong>Age :<\/strong><br \/>\n8 ans et plus<\/p>\n<\/div>\n<\/div><\/div><\/div><\/div><div id=\"pg-10906-1\"  class=\"panel-grid panel-no-style\" ><div id=\"pgc-10906-1-0\"  class=\"panel-grid-cell\" ><div id=\"panel-10906-1-0-0\" class=\"so-panel widget widget_sow-editor panel-first-child panel-last-child\" data-index=\"3\" ><div\n\t\t\t\n\t\t\tclass=\"so-widget-sow-editor so-widget-sow-editor-base\"\n\t\t\t\n\t\t>\n<div class=\"siteorigin-widget-tinymce textwidget\">\n\t<p style=\"text-align: center;\"><strong>Auteur(s) :<br \/>\n<\/strong><span class=\"data-siloing\" title=\"D\u00e9couvrez tous ces jeux\" data-siloing=\"https:\/\/www.philibertnet.com\/fr\/recherche?feature=31&amp;feature_value=Th\u00e9o Riviere\">Jordan Goddard<br \/>\nMandy Goddard<br \/>\n<\/span><\/p>\n<\/div>\n<\/div><\/div><\/div><div id=\"pgc-10906-1-1\"  class=\"panel-grid-cell\" ><div id=\"panel-10906-1-1-0\" class=\"so-panel widget widget_sow-editor panel-first-child panel-last-child\" data-index=\"4\" ><div\n\t\t\t\n\t\t\tclass=\"so-widget-sow-editor so-widget-sow-editor-base\"\n\t\t\t\n\t\t>\n<div class=\"siteorigin-widget-tinymce textwidget\">\n\t<p style=\"text-align: center;\"><strong>Illustrations :<\/strong><br \/>\n<span class=\"data-siloing\" title=\"D\u00e9couvrez tous ces jeux\" data-siloing=\"https:\/\/www.philibertnet.com\/fr\/recherche?feature=41&amp;feature_value=Jiahui Eva Gao\">Chris Ostrowski<br \/>\n<\/span><\/p>\n<\/div>\n<\/div><\/div><\/div><div id=\"pgc-10906-1-2\"  class=\"panel-grid-cell\" ><div id=\"panel-10906-1-2-0\" class=\"so-panel widget widget_sow-editor panel-first-child panel-last-child\" data-index=\"5\" ><div\n\t\t\t\n\t\t\tclass=\"so-widget-sow-editor so-widget-sow-editor-base\"\n\t\t\t\n\t\t>\n<div class=\"siteorigin-widget-tinymce textwidget\">\n\t<p style=\"text-align: center;\"><strong>\u00c9dition :<\/strong><br \/>\nRenegade Game Studio<br \/>\n2016<\/p>\n<\/div>\n<\/div><\/div><\/div><div id=\"pgc-10906-1-3\"  class=\"panel-grid-cell\" ><div id=\"panel-10906-1-3-0\" class=\"so-panel widget widget_sow-editor panel-first-child panel-last-child\" data-index=\"6\" ><div\n\t\t\t\n\t\t\tclass=\"so-widget-sow-editor so-widget-sow-editor-base\"\n\t\t\t\n\t\t>\n<div class=\"siteorigin-widget-tinymce textwidget\">\n\t<p style=\"text-align: center;\"><strong>Version :<\/strong><br \/>\nFran\u00e7aise<\/p>\n<\/div>\n<\/div><\/div><\/div><\/div><div id=\"pg-10906-2\"  class=\"panel-grid panel-no-style\" ><div id=\"pgc-10906-2-0\"  class=\"panel-grid-cell\" ><div id=\"panel-10906-2-0-0\" class=\"so-panel widget widget_sow-editor panel-first-child panel-last-child\" data-index=\"7\" ><div\n\t\t\t\n\t\t\tclass=\"so-widget-sow-editor so-widget-sow-editor-base\"\n\t\t\t\n\t\t>\n<div class=\"siteorigin-widget-tinymce textwidget\">\n\t<hr \/>\n<p><em>Le Jardin du Lotus a conserv\u00e9 son secret des si\u00e8cles durant, mais nous l'avez perc\u00e9 \u00e0 jour et d\u00e9couvert la v\u00e9rit\u00e9. Les fleurs mystiques qui y poussent offrent la vie \u00e9ternelle et une sagesse infinie \u00e0 quiconque les poss\u00e8de.<\/em><\/p>\n<p>Dans <em>Lotus<\/em>, vous devez aider ces fleurs \u00e0 croitre jusqu'\u00e0 atteindre leur pleine floraison, afin de les cueillir et d'en r\u00e9colter leur <em>\u00e9nergie<\/em>.<br \/>\nMais d'autres que vous sont aussi parvenus \u00e0 trouver le chemin menant au Jardin du Lotus et veulent mettre la main sur ces fleurs.<br \/>\nAvec l'aide d'Insectes Gardiens, vous aurez peut-\u00eatre la force n\u00e9cessaire de prendre le contr\u00f4le du Jardin du Lotus et d'atteindre ainsi l'illumination.<\/p>\n<\/div>\n<\/div><\/div><\/div><\/div><div id=\"pg-10906-3\"  class=\"panel-grid panel-no-style\" ><div id=\"pgc-10906-3-0\"  class=\"panel-grid-cell\" ><div id=\"panel-10906-3-0-0\" class=\"so-panel widget widget_sow-editor panel-first-child panel-last-child\" data-index=\"8\" ><div\n\t\t\t\n\t\t\tclass=\"so-widget-sow-editor so-widget-sow-editor-base\"\n\t\t\t\n\t\t>\n<div class=\"siteorigin-widget-tinymce textwidget\">\n\t<hr \/>\n<h3 style=\"text-align: center;\">En vid\u00e9o<\/h3>\n<p><a href=\"https:\/\/www.youtube.com\/watch?v=96_rVXmM7sk&amp;embeds_referring_euri=https%3A%2F%2Fvideoregles.net%2F&amp;embeds_referring_origin=https%3A%2F%2Fvideoregles.net&amp;feature=emb_imp_woyt&amp;ab_channel=Videoregles.Net\" target=\"_blank\" rel=\"noopener\"><img loading=\"lazy\" decoding=\"async\" class=\"alignnone size-full wp-image-9090\" src=\"https:\/\/meeplendice.net\/wp-content\/uploads\/2022\/01\/Link_CJ_v2.png\" alt=\"\" width=\"200\" height=\"170\" \/><\/a><\/p>\n<\/div>\n<\/div><\/div><\/div><\/div><div id=\"pg-10906-4\"  class=\"panel-grid panel-no-style\" ><div id=\"pgc-10906-4-0\"  class=\"panel-grid-cell\" ><div id=\"panel-10906-4-0-0\" class=\"so-panel widget widget_sow-editor panel-first-child panel-last-child\" data-index=\"9\" ><div\n\t\t\t\n\t\t\tclass=\"so-widget-sow-editor so-widget-sow-editor-base\"\n\t\t\t\n\t\t>\n<div class=\"siteorigin-widget-tinymce textwidget\">\n\t<hr \/>\n<h3 style=\"text-align: center;\">Extension(s)<\/h3>\n<p style=\"text-align: center;\"><style type='text\/css' media='all'>#rt-tpg-container-3129611165 .read-more a{border-radius:px;}#rt-tpg-container-3129611165 .rt-img-holder img.rt-img-responsive,#rt-tpg-container-3129611165 .rt-img-holder,\n\t\t\t\t\t#rt-tpg-container-3129611165 .rt-post-overlay .post-img,\n\t\t\t\t\t#rt-tpg-container-3129611165 .post-sm .post-img,\n\t\t\t\t\t#rt-tpg-container-3129611165 .rt-post-grid .post-img,\n\t\t\t\t\t#rt-tpg-container-3129611165 .post-img img {border-radius:50px;}#rt-tpg-container-3129611165 .layout9 .rt-holder h2.entry-title,\n\t\t\t\t\t#rt-tpg-container-3129611165 .layout9 .rt-holder h3.entry-title,\n\t\t\t\t\t#rt-tpg-container-3129611165 .layout9 .rt-holder h4.entry-title,\n\t\t\t\t\t#rt-tpg-container-3129611165 .layout9 .rt-holder h2.entry-title a,\n\t\t\t\t\t#rt-tpg-container-3129611165 .layout9 .rt-holder h3.entry-title a,\n\t\t\t\t\t#rt-tpg-container-3129611165 .layout9 .rt-holder h4.entry-title a,\n\t\t\t\t\t#rt-tpg-container-3129611165 .rt-holder .rt-woo-info h2 a,\n\t\t\t\t\t#rt-tpg-container-3129611165 .rt-holder .rt-woo-info h3 a,\n\t\t\t\t\t#rt-tpg-container-3129611165 .rt-holder .rt-woo-info h4 a,\n\t\t\t\t\t#rt-tpg-container-3129611165 .post-content .post-title,\n\t\t\t\t\t#rt-tpg-container-3129611165 .rt-post-grid .post-title,\n\t\t\t\t\t#rt-tpg-container-3129611165 .rt-post-grid .post-title a,\n\t\t\t\t\t#rt-tpg-container-3129611165 .post-content .post-title a,\n\t\t\t\t\t#rt-tpg-container-3129611165 .rt-holder .rt-woo-info h2,\n\t\t\t\t\t#rt-tpg-container-3129611165 .rt-holder .rt-woo-info h3,\n\t\t\t\t\t#rt-tpg-container-3129611165 .rt-holder .rt-woo-info h4{font-size:16px;line-height:26px;font-weight:normal;text-align:center;}#rt-tpg-container-3129611165 .post-grid-lg-style-1 .post-title,\n\t\t\t\t\t\t#rt-tpg-container-3129611165 .post-grid-lg-style-1 .post-title a,\n\t\t\t\t\t\t#rt-tpg-container-3129611165 .big-layout .post-title,\n\t\t\t\t\t\t#rt-tpg-container-3129611165 .big-layout .post-title a,\n\t\t\t\t\t\t#rt-tpg-container-3129611165 .post-grid-lg-style-1 .post-title,\n\t\t\t\t\t\t#rt-tpg-container-3129611165 .post-grid-lg-style-1 .post-title a {font-size:24px;line-height:34px;}<\/style><div class='rt-container-fluid rt-tpg-container tpg-shortcode-main-wrapper ' id='rt-tpg-container-3129611165'   data-layout='layout9' data-grid-style='masonry' data-desktop-col='3'  data-tab-col='2'  data-mobile-col='1' data-sc-id='10669'><div data-title='Loading ...' class='rt-row rt-content-loader   layout9 tpg-masonry '><div class=\"rt-col-md-4 rt-col-sm-6 rt-col-xs-12 masonry-grid-item rt-grid-item img_zoom_in tpg-img-circle\" data-id=\"10671\"><div class=\"rt-holder\"><div class='overlay'><a data-id='10671' class=' tpg-single-popup' href='https:\/\/meeplendice.net\/?page_id=10671'><img loading=\"lazy\" decoding=\"async\" width=\"350\" height=\"350\" src=\"https:\/\/meeplendice.net\/wp-content\/uploads\/2023\/02\/Draftosaurus_Marina.png\" class=\"rt-img-responsive \" alt=\"\" \/><\/a><\/div><div class='post-info'><h3 class=\"entry-title\"><a data-id=\"10671\" class=\" tpg-single-popup\" href=\"https:\/\/meeplendice.net\/?page_id=10671\">Marina<\/a><\/h3><div class='post-meta-user '><\/div><\/div><\/div><\/div><div class=\"rt-col-md-4 rt-col-sm-6 rt-col-xs-12 masonry-grid-item rt-grid-item img_zoom_in tpg-img-circle\" data-id=\"10673\"><div class=\"rt-holder\"><div class='overlay'><a data-id='10673' class=' tpg-single-popup' href='https:\/\/meeplendice.net\/?page_id=10673'><img loading=\"lazy\" decoding=\"async\" width=\"350\" height=\"350\" src=\"https:\/\/meeplendice.net\/wp-content\/uploads\/2023\/02\/Draftosaurus_AerialShow.png\" class=\"rt-img-responsive \" alt=\"\" \/><\/a><\/div><div class='post-info'><h3 class=\"entry-title\"><a data-id=\"10673\" class=\" tpg-single-popup\" href=\"https:\/\/meeplendice.net\/?page_id=10673\">Aerial Show<\/a><\/h3><div class='post-meta-user '><\/div><\/div><\/div><\/div><\/div><div class='rt-pagination-wrap' data-total-pages='1' data-posts-per-page='3' data-type='pagination_ajax'  ><div class='rt-page-numbers'><\/div><\/div><\/div><\/p>\n<\/div>\n<\/div><\/div><\/div><\/div><div id=\"pg-10906-5\"  class=\"panel-grid panel-no-style\" ><div id=\"pgc-10906-5-0\"  class=\"panel-grid-cell\" ><div id=\"panel-10906-5-0-0\" class=\"so-panel widget widget_sow-editor panel-first-child panel-last-child\" data-index=\"10\" ><div\n\t\t\t\n\t\t\tclass=\"so-widget-sow-editor so-widget-sow-editor-base\"\n\t\t\t\n\t\t>\n<div class=\"siteorigin-widget-tinymce textwidget\">\n\t<hr \/>\n<h3 style=\"text-align: center;\">Pour aller plus loin<\/h3>\n<\/div>\n<\/div><\/div><\/div><\/div><\/div>","protected":false},"excerpt":{"rendered":"<p>Nombre de joueurs : 2 &#8211; 4 Dur\u00e9e moyenne : 30 min Age : 8 ans et plus Auteur(s) : Jordan Goddard Mandy Goddard Illustrations : Chris Ostrowski \u00c9dition : Renegade Game Studio 2016 Version : Fran\u00e7aise<\/p>\n","protected":false},"author":2,"featured_media":10841,"parent":0,"menu_order":0,"comment_status":"closed","ping_status":"closed","template":"","meta":{"footnotes":""},"class_list":["post-10906","page","type-page","status-publish","has-post-thumbnail","hentry"],"acf":[],"rttpg_featured_image_url":{"full":["https:\/\/meeplendice.net\/wp-content\/uploads\/2023\/06\/Lotus.png",350,350,false],"landscape":["https:\/\/meeplendice.net\/wp-content\/uploads\/2023\/06\/Lotus.png",350,350,false],"portraits":["https:\/\/meeplendice.net\/wp-content\/uploads\/2023\/06\/Lotus.png",350,350,false],"thumbnail":["https:\/\/meeplendice.net\/wp-content\/uploads\/2023\/06\/Lotus-150x150.png",150,150,true],"medium":["https:\/\/meeplendice.net\/wp-content\/uploads\/2023\/06\/Lotus-300x300.png",300,300,true],"large":["https:\/\/meeplendice.net\/wp-content\/uploads\/2023\/06\/Lotus.png",350,350,false],"ug_big":["https:\/\/meeplendice.net\/wp-content\/uploads\/2023\/06\/Lotus.png",350,350,false],"1536x1536":["https:\/\/meeplendice.net\/wp-content\/uploads\/2023\/06\/Lotus.png",350,350,false],"2048x2048":["https:\/\/meeplendice.net\/wp-content\/uploads\/2023\/06\/Lotus.png",350,350,false],"ashe-slider-grid-thumbnail":["https:\/\/meeplendice.net\/wp-content\/uploads\/2023\/06\/Lotus.png",350,350,false],"ashe-full-thumbnail":["https:\/\/meeplendice.net\/wp-content\/uploads\/2023\/06\/Lotus.png",350,350,false],"ashe-grid-thumbnail":["https:\/\/meeplendice.net\/wp-content\/uploads\/2023\/06\/Lotus-350x330.png",350,330,true],"ashe-list-thumbnail":["https:\/\/meeplendice.net\/wp-content\/uploads\/2023\/06\/Lotus-300x300.png",300,300,true],"ashe-single-navigation":["https:\/\/meeplendice.net\/wp-content\/uploads\/2023\/06\/Lotus-75x75.png",75,75,true],"mailpoet_newsletter_max":["https:\/\/meeplendice.net\/wp-content\/uploads\/2023\/06\/Lotus.png",350,350,false],"rpwe-thumbnail":["https:\/\/meeplendice.net\/wp-content\/uploads\/2023\/06\/Lotus-45x45.png",45,45,true],"sow-carousel-default":["https:\/\/meeplendice.net\/wp-content\/uploads\/2023\/06\/Lotus-272x182.png",272,182,true],"rt_custom":["https:\/\/meeplendice.net\/wp-content\/uploads\/2023\/06\/Lotus.png",350,350,false]},"rttpg_author":{"display_name":"Karnby","author_link":"https:\/\/meeplendice.net\/?author=2"},"rttpg_comment":0,"rttpg_category":null,"rttpg_excerpt":"Nombre de joueurs : 2 - 4 Dur\u00e9e moyenne : 30 min Age : 8 ans et plus Auteur(s) : Jordan Goddard Mandy Goddard Illustrations : Chris Ostrowski \u00c9dition : Renegade Game Studio 2016 Version : Fran\u00e7aise","_links":{"self":[{"href":"https:\/\/meeplendice.net\/index.php?rest_route=\/wp\/v2\/pages\/10906","targetHints":{"allow":["GET"]}}],"collection":[{"href":"https:\/\/meeplendice.net\/index.php?rest_route=\/wp\/v2\/pages"}],"about":[{"href":"https:\/\/meeplendice.net\/index.php?rest_route=\/wp\/v2\/types\/page"}],"author":[{"embeddable":true,"href":"https:\/\/meeplendice.net\/index.php?rest_route=\/wp\/v2\/users\/2"}],"replies":[{"embeddable":true,"href":"https:\/\/meeplendice.net\/index.php?rest_route=%2Fwp%2Fv2%2Fcomments&post=10906"}],"version-history":[{"count":2,"href":"https:\/\/meeplendice.net\/index.php?rest_route=\/wp\/v2\/pages\/10906\/revisions"}],"predecessor-version":[{"id":10908,"href":"https:\/\/meeplendice.net\/index.php?rest_route=\/wp\/v2\/pages\/10906\/revisions\/10908"}],"wp:featuredmedia":[{"embeddable":true,"href":"https:\/\/meeplendice.net\/index.php?rest_route=\/wp\/v2\/media\/10841"}],"wp:attachment":[{"href":"https:\/\/meeplendice.net\/index.php?rest_route=%2Fwp%2Fv2%2Fmedia&parent=10906"}],"curies":[{"name":"wp","href":"https:\/\/api.w.org\/{rel}","templated":true}]}}