{"id":10910,"date":"2023-06-04T22:40:09","date_gmt":"2023-06-04T21:40:09","guid":{"rendered":"https:\/\/meeplendice.net\/?page_id=10910"},"modified":"2023-06-05T11:09:03","modified_gmt":"2023-06-05T10:09:03","slug":"deep-madness","status":"publish","type":"page","link":"https:\/\/meeplendice.net\/?page_id=10910","title":{"rendered":"Deep Madness"},"content":{"rendered":"<div id=\"pl-10910\"  class=\"panel-layout\" ><div id=\"pg-10910-0\"  class=\"panel-grid panel-no-style\" ><div id=\"pgc-10910-0-0\"  class=\"panel-grid-cell\" ><div id=\"panel-10910-0-0-0\" class=\"so-panel widget widget_sow-editor panel-first-child panel-last-child\" data-index=\"0\" ><div\n\t\t\t\n\t\t\tclass=\"so-widget-sow-editor so-widget-sow-editor-base\"\n\t\t\t\n\t\t>\n<div class=\"siteorigin-widget-tinymce textwidget\">\n\t<p style=\"text-align: center;\"><strong>Nombre de joueurs :<\/strong><br \/>\n1 - 6<\/p>\n<\/div>\n<\/div><\/div><\/div><div id=\"pgc-10910-0-1\"  class=\"panel-grid-cell\" ><div id=\"panel-10910-0-1-0\" class=\"so-panel widget widget_sow-editor panel-first-child panel-last-child\" data-index=\"1\" ><div\n\t\t\t\n\t\t\tclass=\"so-widget-sow-editor so-widget-sow-editor-base\"\n\t\t\t\n\t\t>\n<div class=\"siteorigin-widget-tinymce textwidget\">\n\t<p style=\"text-align: center;\"><strong>Dur\u00e9e moyenne :<\/strong><br \/>\n120 min<\/p>\n<\/div>\n<\/div><\/div><\/div><div id=\"pgc-10910-0-2\"  class=\"panel-grid-cell\" ><div id=\"panel-10910-0-2-0\" class=\"so-panel widget widget_sow-editor panel-first-child panel-last-child\" data-index=\"2\" ><div\n\t\t\t\n\t\t\tclass=\"so-widget-sow-editor so-widget-sow-editor-base\"\n\t\t\t\n\t\t>\n<div class=\"siteorigin-widget-tinymce textwidget\">\n\t<p style=\"text-align: center;\"><strong>Age :<\/strong><br \/>\n14 ans et plus<\/p>\n<\/div>\n<\/div><\/div><\/div><\/div><div id=\"pg-10910-1\"  class=\"panel-grid panel-no-style\" ><div id=\"pgc-10910-1-0\"  class=\"panel-grid-cell\" ><div id=\"panel-10910-1-0-0\" class=\"so-panel widget widget_sow-editor panel-first-child panel-last-child\" data-index=\"3\" ><div\n\t\t\t\n\t\t\tclass=\"so-widget-sow-editor so-widget-sow-editor-base\"\n\t\t\t\n\t\t>\n<div class=\"siteorigin-widget-tinymce textwidget\">\n\t<p style=\"text-align: center;\"><strong>Auteur(s) :<br \/>\n<\/strong><span class=\"data-siloing\" title=\"D\u00e9couvrez tous ces jeux\" data-siloing=\"https:\/\/www.philibertnet.com\/fr\/recherche?feature=31&amp;feature_value=Th\u00e9o Riviere\">Roger Ho<br \/>\n<\/span><\/p>\n<\/div>\n<\/div><\/div><\/div><div id=\"pgc-10910-1-1\"  class=\"panel-grid-cell\" ><div id=\"panel-10910-1-1-0\" class=\"so-panel widget widget_sow-editor panel-first-child panel-last-child\" data-index=\"4\" ><div\n\t\t\t\n\t\t\tclass=\"so-widget-sow-editor so-widget-sow-editor-base\"\n\t\t\t\n\t\t>\n<div class=\"siteorigin-widget-tinymce textwidget\">\n\t<p style=\"text-align: center;\"><strong>Illustrations :<\/strong><br \/>\n<span class=\"data-siloing\" title=\"D\u00e9couvrez tous ces jeux\" data-siloing=\"https:\/\/www.philibertnet.com\/fr\/recherche?feature=41&amp;feature_value=Jiahui Eva Gao\">Chang Yuan<br \/>\n<\/span><\/p>\n<\/div>\n<\/div><\/div><\/div><div id=\"pgc-10910-1-2\"  class=\"panel-grid-cell\" ><div id=\"panel-10910-1-2-0\" class=\"so-panel widget widget_sow-editor panel-first-child panel-last-child\" data-index=\"5\" ><div\n\t\t\t\n\t\t\tclass=\"so-widget-sow-editor so-widget-sow-editor-base\"\n\t\t\t\n\t\t>\n<div class=\"siteorigin-widget-tinymce textwidget\">\n\t<p style=\"text-align: center;\"><strong>\u00c9dition :<\/strong><br \/>\n<span class=\"data-siloing\" data-siloing=\"\n\n                                                            https:\/\/www.philibertnet.com\/fr\/2326_legion-distribution\n\n                            \">L\u00e9gion Distribution<\/span><br \/>\n2021<\/p>\n<\/div>\n<\/div><\/div><\/div><div id=\"pgc-10910-1-3\"  class=\"panel-grid-cell\" ><div id=\"panel-10910-1-3-0\" class=\"so-panel widget widget_sow-editor panel-first-child panel-last-child\" data-index=\"6\" ><div\n\t\t\t\n\t\t\tclass=\"so-widget-sow-editor so-widget-sow-editor-base\"\n\t\t\t\n\t\t>\n<div class=\"siteorigin-widget-tinymce textwidget\">\n\t<p style=\"text-align: center;\"><strong>Version :<\/strong><br \/>\nFran\u00e7aise<\/p>\n<\/div>\n<\/div><\/div><\/div><\/div><div id=\"pg-10910-2\"  class=\"panel-grid panel-no-style\" ><div id=\"pgc-10910-2-0\"  class=\"panel-grid-cell\" ><div id=\"panel-10910-2-0-0\" class=\"so-panel widget widget_sow-editor panel-first-child panel-last-child\" data-index=\"7\" ><div\n\t\t\t\n\t\t\tclass=\"so-widget-sow-editor so-widget-sow-editor-base\"\n\t\t\t\n\t\t>\n<div class=\"siteorigin-widget-tinymce textwidget\">\n\t<hr \/>\n<div><em>\" Des galaxies enti\u00e8res tourbillonnent au sein de cette conscience universelle, des \u00e9toiles se transforment en supernovas \u00e0 chaque regain d'activit\u00e9 c\u00e9r\u00e9brale de sa part. Et toujours elle vous attire. Vous appelle...\"<\/em><\/div>\n<div><\/div>\n<div>\n<div><em>Pourquoi les communications de la base ne fonctionnent-elles plus? Qu'est-ce que les mineurs cherchaient au fond de l'oc\u00e9an ? Cela a-t-il un rapport avec les ennuis qui se sont abattus sur le complexe? Et pourquoi le conseil d'administration de la multinationale \u00e0 qui appartient la station s'int\u00e9resse-t-il davantage \u00e0 ce qui a \u00e9t\u00e9 d\u00e9couvert au fond des flots qu'au sort de ses employ\u00e9s?<\/em><\/div>\n<div><em>Les r\u00e9ponses \u00e0 ces questions attendent les enqu\u00eateurs \u00e0 Kadath. Mais s'ils venaient \u00e0 \u00e9lucider ces myst\u00e8res, la v\u00e9rit\u00e9 pourrait bien mettre leur sant\u00e9 mentale en p\u00e9ril\u2026 voire m\u00eame les faire basculer dans la folie !<\/em><\/div>\n<\/div>\n<p><em>Deep Madness <\/em>est un jeu d'horreur et de science-fiction qui plonge 1 \u00e0 6 joueurs dans les couloirs inqui\u00e9tants de la station sous-marine de Kadath. Dans le r\u00f4le d'Investigateurs, les joueurs doivent coop\u00e9rer pour affronter l'inconnu et une terreur croissante afin de percer les myst\u00e8res de la station et des forces inexplicables qui la hantent.<br \/>\nPourquoi les communications ont cess\u00e9 ? Que cherchaient les mineurs au fond de l'oc\u00e9an ? Pourquoi\u00a0 la corporation propri\u00e9taire de la station s'int\u00e9resse-t-elle autant \u00e0 ce qui s'est pass\u00e9 ici ?<br \/>\nLes r\u00e9ponses attendent les investigateurs au fond de l'oc\u00e9an. Mais leur d\u00e9couvertes risquent de les plonger dans la folie... Et peut-\u00eatre au-del\u00e0 !<\/p>\n<\/div>\n<\/div><\/div><\/div><\/div><div id=\"pg-10910-3\"  class=\"panel-grid panel-no-style\" ><div id=\"pgc-10910-3-0\"  class=\"panel-grid-cell\" ><div id=\"panel-10910-3-0-0\" class=\"so-panel widget widget_sow-editor panel-first-child panel-last-child\" data-index=\"8\" ><div\n\t\t\t\n\t\t\tclass=\"so-widget-sow-editor so-widget-sow-editor-base\"\n\t\t\t\n\t\t>\n<div class=\"siteorigin-widget-tinymce textwidget\">\n\t<hr \/>\n<h3 style=\"text-align: center;\">En vid\u00e9o<\/h3>\n<p><a href=\"https:\/\/www.youtube.com\/watch?v=gQZ8Ya0EjDU&amp;ab_channel=L%C3%A9gionDistribution\" target=\"_blank\" rel=\"noopener\"><img loading=\"lazy\" decoding=\"async\" class=\"alignnone size-full wp-image-9090\" src=\"https:\/\/meeplendice.net\/wp-content\/uploads\/2022\/01\/Link_CJ_v2.png\" alt=\"\" width=\"200\" height=\"170\" \/><\/a><\/p>\n<\/div>\n<\/div><\/div><\/div><\/div><div id=\"pg-10910-4\"  class=\"panel-grid panel-no-style\" ><div id=\"pgc-10910-4-0\"  class=\"panel-grid-cell\" ><div id=\"panel-10910-4-0-0\" class=\"so-panel widget widget_sow-editor panel-first-child panel-last-child\" data-index=\"9\" ><div\n\t\t\t\n\t\t\tclass=\"so-widget-sow-editor so-widget-sow-editor-base\"\n\t\t\t\n\t\t>\n<div class=\"siteorigin-widget-tinymce textwidget\">\n\t<hr \/>\n<h3 style=\"text-align: center;\">Pour aller plus loin<\/h3>\n<\/div>\n<\/div><\/div><\/div><\/div><\/div>","protected":false},"excerpt":{"rendered":"<p>Nombre de joueurs : 1 &#8211; 6 Dur\u00e9e moyenne : 120 min Age : 14 ans et plus Auteur(s) : Roger Ho Illustrations : Chang Yuan \u00c9dition : L\u00e9gion Distribution 2021 Version : Fran\u00e7aise<\/p>\n","protected":false},"author":2,"featured_media":10849,"parent":0,"menu_order":0,"comment_status":"closed","ping_status":"closed","template":"","meta":{"footnotes":""},"class_list":["post-10910","page","type-page","status-publish","has-post-thumbnail","hentry"],"acf":[],"rttpg_featured_image_url":{"full":["https:\/\/meeplendice.net\/wp-content\/uploads\/2023\/06\/Depp_madness.png",350,350,false],"landscape":["https:\/\/meeplendice.net\/wp-content\/uploads\/2023\/06\/Depp_madness.png",350,350,false],"portraits":["https:\/\/meeplendice.net\/wp-content\/uploads\/2023\/06\/Depp_madness.png",350,350,false],"thumbnail":["https:\/\/meeplendice.net\/wp-content\/uploads\/2023\/06\/Depp_madness-150x150.png",150,150,true],"medium":["https:\/\/meeplendice.net\/wp-content\/uploads\/2023\/06\/Depp_madness-300x300.png",300,300,true],"large":["https:\/\/meeplendice.net\/wp-content\/uploads\/2023\/06\/Depp_madness.png",350,350,false],"ug_big":["https:\/\/meeplendice.net\/wp-content\/uploads\/2023\/06\/Depp_madness.png",350,350,false],"1536x1536":["https:\/\/meeplendice.net\/wp-content\/uploads\/2023\/06\/Depp_madness.png",350,350,false],"2048x2048":["https:\/\/meeplendice.net\/wp-content\/uploads\/2023\/06\/Depp_madness.png",350,350,false],"ashe-slider-grid-thumbnail":["https:\/\/meeplendice.net\/wp-content\/uploads\/2023\/06\/Depp_madness.png",350,350,false],"ashe-full-thumbnail":["https:\/\/meeplendice.net\/wp-content\/uploads\/2023\/06\/Depp_madness.png",350,350,false],"ashe-grid-thumbnail":["https:\/\/meeplendice.net\/wp-content\/uploads\/2023\/06\/Depp_madness-350x330.png",350,330,true],"ashe-list-thumbnail":["https:\/\/meeplendice.net\/wp-content\/uploads\/2023\/06\/Depp_madness-300x300.png",300,300,true],"ashe-single-navigation":["https:\/\/meeplendice.net\/wp-content\/uploads\/2023\/06\/Depp_madness-75x75.png",75,75,true],"mailpoet_newsletter_max":["https:\/\/meeplendice.net\/wp-content\/uploads\/2023\/06\/Depp_madness.png",350,350,false],"rpwe-thumbnail":["https:\/\/meeplendice.net\/wp-content\/uploads\/2023\/06\/Depp_madness-45x45.png",45,45,true],"sow-carousel-default":["https:\/\/meeplendice.net\/wp-content\/uploads\/2023\/06\/Depp_madness-272x182.png",272,182,true],"rt_custom":["https:\/\/meeplendice.net\/wp-content\/uploads\/2023\/06\/Depp_madness.png",350,350,false]},"rttpg_author":{"display_name":"Karnby","author_link":"https:\/\/meeplendice.net\/?author=2"},"rttpg_comment":0,"rttpg_category":null,"rttpg_excerpt":"Nombre de joueurs : 1 - 6 Dur\u00e9e moyenne : 120 min Age : 14 ans et plus Auteur(s) : Roger Ho Illustrations : Chang Yuan \u00c9dition : L\u00e9gion Distribution 2021 Version : Fran\u00e7aise","_links":{"self":[{"href":"https:\/\/meeplendice.net\/index.php?rest_route=\/wp\/v2\/pages\/10910","targetHints":{"allow":["GET"]}}],"collection":[{"href":"https:\/\/meeplendice.net\/index.php?rest_route=\/wp\/v2\/pages"}],"about":[{"href":"https:\/\/meeplendice.net\/index.php?rest_route=\/wp\/v2\/types\/page"}],"author":[{"embeddable":true,"href":"https:\/\/meeplendice.net\/index.php?rest_route=\/wp\/v2\/users\/2"}],"replies":[{"embeddable":true,"href":"https:\/\/meeplendice.net\/index.php?rest_route=%2Fwp%2Fv2%2Fcomments&post=10910"}],"version-history":[{"count":4,"href":"https:\/\/meeplendice.net\/index.php?rest_route=\/wp\/v2\/pages\/10910\/revisions"}],"predecessor-version":[{"id":10949,"href":"https:\/\/meeplendice.net\/index.php?rest_route=\/wp\/v2\/pages\/10910\/revisions\/10949"}],"wp:featuredmedia":[{"embeddable":true,"href":"https:\/\/meeplendice.net\/index.php?rest_route=\/wp\/v2\/media\/10849"}],"wp:attachment":[{"href":"https:\/\/meeplendice.net\/index.php?rest_route=%2Fwp%2Fv2%2Fmedia&parent=10910"}],"curies":[{"name":"wp","href":"https:\/\/api.w.org\/{rel}","templated":true}]}}