{"id":10914,"date":"2023-06-11T22:17:49","date_gmt":"2023-06-11T21:17:49","guid":{"rendered":"https:\/\/meeplendice.net\/?page_id=10914"},"modified":"2026-02-02T15:18:35","modified_gmt":"2026-02-02T13:18:35","slug":"namiji-2","status":"publish","type":"page","link":"https:\/\/meeplendice.net\/?page_id=10914","title":{"rendered":"Namiji"},"content":{"rendered":"<div id=\"pl-10914\"  class=\"panel-layout\" ><div id=\"pg-10914-0\"  class=\"panel-grid panel-no-style\" ><div id=\"pgc-10914-0-0\"  class=\"panel-grid-cell\" ><div id=\"panel-10914-0-0-0\" class=\"so-panel widget widget_sow-editor panel-first-child panel-last-child\" data-index=\"0\" ><div\n\t\t\t\n\t\t\tclass=\"so-widget-sow-editor so-widget-sow-editor-base\"\n\t\t\t\n\t\t>\n<div class=\"siteorigin-widget-tinymce textwidget\">\n\t<p style=\"text-align: center;\"><strong>Nombre de joueurs :<\/strong><br \/>\n2 - 5<\/p>\n<\/div>\n<\/div><\/div><\/div><div id=\"pgc-10914-0-1\"  class=\"panel-grid-cell\" ><div id=\"panel-10914-0-1-0\" class=\"so-panel widget widget_sow-editor panel-first-child panel-last-child\" data-index=\"1\" ><div\n\t\t\t\n\t\t\tclass=\"so-widget-sow-editor so-widget-sow-editor-base\"\n\t\t\t\n\t\t>\n<div class=\"siteorigin-widget-tinymce textwidget\">\n\t<p style=\"text-align: center;\"><strong>Dur\u00e9e moyenne :<\/strong><br \/>\n45 min<\/p>\n<\/div>\n<\/div><\/div><\/div><div id=\"pgc-10914-0-2\"  class=\"panel-grid-cell\" ><div id=\"panel-10914-0-2-0\" class=\"so-panel widget widget_sow-editor panel-first-child panel-last-child\" data-index=\"2\" ><div\n\t\t\t\n\t\t\tclass=\"so-widget-sow-editor so-widget-sow-editor-base\"\n\t\t\t\n\t\t>\n<div class=\"siteorigin-widget-tinymce textwidget\">\n\t<p style=\"text-align: center;\"><strong>Age :<\/strong><br \/>\n8 ans et plus<\/p>\n<\/div>\n<\/div><\/div><\/div><\/div><div id=\"pg-10914-1\"  class=\"panel-grid panel-no-style\" ><div id=\"pgc-10914-1-0\"  class=\"panel-grid-cell\" ><div id=\"panel-10914-1-0-0\" class=\"so-panel widget widget_sow-editor panel-first-child panel-last-child\" data-index=\"3\" ><div\n\t\t\t\n\t\t\tclass=\"so-widget-sow-editor so-widget-sow-editor-base\"\n\t\t\t\n\t\t>\n<div class=\"siteorigin-widget-tinymce textwidget\">\n\t<p style=\"text-align: center;\"><strong>Auteur(s) :<\/strong><span class=\"data-siloing\" title=\"D\u00e9couvrez tous ces jeux\" data-siloing=\"https:\/\/www.philibertnet.com\/fr\/recherche?feature=31&amp;feature_value=Th\u00e9o Riviere\"><br \/>\n<\/span><span class=\"data-siloing\" title=\"Voir tous les jeux\" data-siloing=\"https:\/\/www.philibertnet.com\/fr\/recherche?feature=31&amp;feature_value=Antoine Bauza\">Antoine Bauza<\/span><\/p>\n<\/div>\n<\/div><\/div><\/div><div id=\"pgc-10914-1-1\"  class=\"panel-grid-cell\" ><div id=\"panel-10914-1-1-0\" class=\"so-panel widget widget_sow-editor panel-first-child panel-last-child\" data-index=\"4\" ><div\n\t\t\t\n\t\t\tclass=\"so-widget-sow-editor so-widget-sow-editor-base\"\n\t\t\t\n\t\t>\n<div class=\"siteorigin-widget-tinymce textwidget\">\n\t<p style=\"text-align: center;\"><strong>Illustrations :<\/strong><br \/>\n<span class=\"data-siloing\" title=\"D\u00e9couvrez tous ces jeux\" data-siloing=\"https:\/\/www.philibertnet.com\/fr\/recherche?feature=41&amp;feature_value=Jiahui Eva Gao\">Na\u00efade<\/span><\/p>\n<\/div>\n<\/div><\/div><\/div><div id=\"pgc-10914-1-2\"  class=\"panel-grid-cell\" ><div id=\"panel-10914-1-2-0\" class=\"so-panel widget widget_sow-editor panel-first-child panel-last-child\" data-index=\"5\" ><div\n\t\t\t\n\t\t\tclass=\"so-widget-sow-editor so-widget-sow-editor-base\"\n\t\t\t\n\t\t>\n<div class=\"siteorigin-widget-tinymce textwidget\">\n\t<p style=\"text-align: center;\"><strong>\u00c9dition :<\/strong><br \/>\n<span class=\"data-siloing\" data-siloing=\"\n\n                                                            https:\/\/www.philibertnet.com\/fr\/316_funforge\n\n                            \">Funforge<\/span><br \/>\n2021<\/p>\n<\/div>\n<\/div><\/div><\/div><div id=\"pgc-10914-1-3\"  class=\"panel-grid-cell\" ><div id=\"panel-10914-1-3-0\" class=\"so-panel widget widget_sow-editor panel-first-child panel-last-child\" data-index=\"6\" ><div\n\t\t\t\n\t\t\tclass=\"so-widget-sow-editor so-widget-sow-editor-base\"\n\t\t\t\n\t\t>\n<div class=\"siteorigin-widget-tinymce textwidget\">\n\t<p style=\"text-align: center;\"><strong>Version :<\/strong><br \/>\nFran\u00e7aise<\/p>\n<\/div>\n<\/div><\/div><\/div><\/div><div id=\"pg-10914-2\"  class=\"panel-grid panel-no-style\" ><div id=\"pgc-10914-2-0\"  class=\"panel-grid-cell\" ><div id=\"panel-10914-2-0-0\" class=\"so-panel widget widget_sow-editor panel-first-child panel-last-child\" data-index=\"7\" ><div\n\t\t\t\n\t\t\tclass=\"so-widget-sow-editor so-widget-sow-editor-base\"\n\t\t\t\n\t\t>\n<div class=\"siteorigin-widget-tinymce textwidget\">\n\t<hr \/>\n<p>Dans <em>Namiji<\/em>, vous incarnez des p\u00eacheurs du Japon d'autrefois, naviguant au Sud de l'archipel nippon, \u00e0 quelques kilom\u00e8tres de la c\u00e9l\u00e8bre route du Toka\u00efdo. Pour remporter la partie, il vous faudra faire fructifier votre voyage en mer.<\/p>\n<p>Pour cela, vous aurez l'opportunit\u00e9 de contempler de magnifiques esp\u00e8ces marines, de p\u00eacher \u00e0 la ligne et au filet pour remplir votre casier de poissons color\u00e9s, et de relever votre nasse \u00e0 crustac\u00e9s.<\/p>\n<p>Vous pourrez profiter d'escales pour am\u00e9liorer votre mat\u00e9riel de p\u00eache et vous devrez \u00e9galement faire voguer vos offrandes de papier pour satisfaire les divinit\u00e9s maritimes. Chaque point que vous gagnez pendant votre voyage vous permettra d'avancer sur la piste de score : une fois tous les joueurs arriv\u00e9s \u00e0 destination, celui qui poss\u00e8de le plus points gagne la partie.<\/p>\n<\/div>\n<\/div><\/div><\/div><\/div><div id=\"pg-10914-3\"  class=\"panel-grid panel-no-style\" ><div id=\"pgc-10914-3-0\"  class=\"panel-grid-cell\" ><div id=\"panel-10914-3-0-0\" class=\"so-panel widget widget_sow-editor panel-first-child panel-last-child\" data-index=\"8\" ><div\n\t\t\t\n\t\t\tclass=\"so-widget-sow-editor so-widget-sow-editor-base\"\n\t\t\t\n\t\t>\n<div class=\"siteorigin-widget-tinymce textwidget\">\n\t<hr \/>\n<h3 style=\"text-align: center;\">En vid\u00e9o<\/h3>\n<p><a href=\"https:\/\/www.youtube.com\/watch?v=682RjY37Ios&amp;ab_channel=ExtraLifefr\" target=\"_blank\" rel=\"noopener\"><img loading=\"lazy\" decoding=\"async\" class=\"alignnone size-full wp-image-9090\" src=\"https:\/\/meeplendice.net\/wp-content\/uploads\/2022\/01\/Link_CJ_v2.png\" alt=\"\" width=\"200\" height=\"170\" \/><\/a><\/p>\n<\/div>\n<\/div><\/div><\/div><\/div><div id=\"pg-10914-4\"  class=\"panel-grid panel-no-style\" ><div id=\"pgc-10914-4-0\"  class=\"panel-grid-cell\" ><div id=\"panel-10914-4-0-0\" class=\"so-panel widget widget_sow-editor panel-first-child panel-last-child\" data-index=\"9\" ><div\n\t\t\t\n\t\t\tclass=\"so-widget-sow-editor so-widget-sow-editor-base\"\n\t\t\t\n\t\t>\n<div class=\"siteorigin-widget-tinymce textwidget\">\n\t<hr \/>\n<h3 style=\"text-align: center;\">Extension(s)<\/h3>\n<p style=\"text-align: center;\"><style type='text\/css' media='all'>#rt-tpg-container-533907654 .read-more a{border-radius:px;}#rt-tpg-container-533907654 .rt-img-holder img.rt-img-responsive,#rt-tpg-container-533907654 .rt-img-holder,\n\t\t\t\t\t#rt-tpg-container-533907654 .rt-post-overlay .post-img,\n\t\t\t\t\t#rt-tpg-container-533907654 .post-sm .post-img,\n\t\t\t\t\t#rt-tpg-container-533907654 .rt-post-grid .post-img,\n\t\t\t\t\t#rt-tpg-container-533907654 .post-img img {border-radius:px;}#rt-tpg-container-533907654 .layout9 .rt-holder h2.entry-title,\n\t\t\t\t\t#rt-tpg-container-533907654 .layout9 .rt-holder h3.entry-title,\n\t\t\t\t\t#rt-tpg-container-533907654 .layout9 .rt-holder h4.entry-title,\n\t\t\t\t\t#rt-tpg-container-533907654 .layout9 .rt-holder h2.entry-title a,\n\t\t\t\t\t#rt-tpg-container-533907654 .layout9 .rt-holder h3.entry-title a,\n\t\t\t\t\t#rt-tpg-container-533907654 .layout9 .rt-holder h4.entry-title a,\n\t\t\t\t\t#rt-tpg-container-533907654 .rt-holder .rt-woo-info h2 a,\n\t\t\t\t\t#rt-tpg-container-533907654 .rt-holder .rt-woo-info h3 a,\n\t\t\t\t\t#rt-tpg-container-533907654 .rt-holder .rt-woo-info h4 a,\n\t\t\t\t\t#rt-tpg-container-533907654 .post-content .post-title,\n\t\t\t\t\t#rt-tpg-container-533907654 .rt-post-grid .post-title,\n\t\t\t\t\t#rt-tpg-container-533907654 .rt-post-grid .post-title a,\n\t\t\t\t\t#rt-tpg-container-533907654 .post-content .post-title a,\n\t\t\t\t\t#rt-tpg-container-533907654 .rt-holder .rt-woo-info h2,\n\t\t\t\t\t#rt-tpg-container-533907654 .rt-holder .rt-woo-info h3,\n\t\t\t\t\t#rt-tpg-container-533907654 .rt-holder .rt-woo-info h4{font-size:16px;line-height:26px;font-weight:normal;text-align:center;}#rt-tpg-container-533907654 .post-grid-lg-style-1 .post-title,\n\t\t\t\t\t\t#rt-tpg-container-533907654 .post-grid-lg-style-1 .post-title a,\n\t\t\t\t\t\t#rt-tpg-container-533907654 .big-layout .post-title,\n\t\t\t\t\t\t#rt-tpg-container-533907654 .big-layout .post-title a,\n\t\t\t\t\t\t#rt-tpg-container-533907654 .post-grid-lg-style-1 .post-title,\n\t\t\t\t\t\t#rt-tpg-container-533907654 .post-grid-lg-style-1 .post-title a {font-size:24px;line-height:34px;}<\/style><div class='rt-container-fluid rt-tpg-container tpg-shortcode-main-wrapper ' id='rt-tpg-container-533907654'   data-layout='layout9' data-grid-style='masonry' data-desktop-col='3'  data-tab-col='2'  data-mobile-col='1' data-sc-id='11006'><div data-title='Loading ...' class='rt-row rt-content-loader   layout9 tpg-masonry '><div class=\"rt-col-md-4 rt-col-sm-6 rt-col-xs-12 masonry-grid-item rt-grid-item img_zoom_in\" data-id=\"11004\"><div class=\"rt-holder\"><div class='overlay'><a data-id='11004' class=' tpg-single-popup' href='https:\/\/meeplendice.net\/?page_id=11004'><img loading=\"lazy\" decoding=\"async\" width=\"350\" height=\"350\" src=\"https:\/\/meeplendice.net\/wp-content\/uploads\/2023\/02\/Namiji_Aquamarine.png\" class=\"rt-img-responsive \" alt=\"\" \/><\/a><\/div><div class='post-info'><h3 class=\"entry-title\"><a data-id=\"11004\" class=\" tpg-single-popup\" href=\"https:\/\/meeplendice.net\/?page_id=11004\">Aquamarine<\/a><\/h3><div class='post-meta-user '><\/div><\/div><\/div><\/div><\/div><div class='rt-pagination-wrap' data-total-pages='1' data-posts-per-page='3' data-type='pagination_ajax'  ><div class='rt-page-numbers'><\/div><\/div><\/div><\/p>\n<\/div>\n<\/div><\/div><\/div><\/div><div id=\"pg-10914-5\"  class=\"panel-grid panel-no-style\" ><div id=\"pgc-10914-5-0\"  class=\"panel-grid-cell\" ><div id=\"panel-10914-5-0-0\" class=\"so-panel widget widget_sow-editor panel-first-child panel-last-child\" data-index=\"10\" ><div\n\t\t\t\n\t\t\tclass=\"so-widget-sow-editor so-widget-sow-editor-base\"\n\t\t\t\n\t\t>\n<div class=\"siteorigin-widget-tinymce textwidget\">\n\t<hr \/>\n<h3 style=\"text-align: center;\">Pour aller plus loin<\/h3>\n<\/div>\n<\/div><\/div><\/div><\/div><\/div>","protected":false},"excerpt":{"rendered":"<p>Nombre de joueurs : 2 &#8211; 5 Dur\u00e9e moyenne : 45 min Age : 8 ans et plus Auteur(s) : Antoine Bauza Illustrations : Na\u00efade \u00c9dition : Funforge 2021 Version : Fran\u00e7aise<\/p>\n","protected":false},"author":2,"featured_media":10422,"parent":0,"menu_order":0,"comment_status":"closed","ping_status":"closed","template":"","meta":{"footnotes":""},"class_list":["post-10914","page","type-page","status-publish","has-post-thumbnail","hentry"],"acf":[],"rttpg_featured_image_url":{"full":["https:\/\/meeplendice.net\/wp-content\/uploads\/2023\/01\/Namiji.png",350,350,false],"landscape":["https:\/\/meeplendice.net\/wp-content\/uploads\/2023\/01\/Namiji.png",350,350,false],"portraits":["https:\/\/meeplendice.net\/wp-content\/uploads\/2023\/01\/Namiji.png",350,350,false],"thumbnail":["https:\/\/meeplendice.net\/wp-content\/uploads\/2023\/01\/Namiji-150x150.png",150,150,true],"medium":["https:\/\/meeplendice.net\/wp-content\/uploads\/2023\/01\/Namiji-300x300.png",300,300,true],"large":["https:\/\/meeplendice.net\/wp-content\/uploads\/2023\/01\/Namiji.png",350,350,false],"ug_big":["https:\/\/meeplendice.net\/wp-content\/uploads\/2023\/01\/Namiji.png",350,350,false],"1536x1536":["https:\/\/meeplendice.net\/wp-content\/uploads\/2023\/01\/Namiji.png",350,350,false],"2048x2048":["https:\/\/meeplendice.net\/wp-content\/uploads\/2023\/01\/Namiji.png",350,350,false],"ashe-slider-grid-thumbnail":["https:\/\/meeplendice.net\/wp-content\/uploads\/2023\/01\/Namiji.png",350,350,false],"ashe-full-thumbnail":["https:\/\/meeplendice.net\/wp-content\/uploads\/2023\/01\/Namiji.png",350,350,false],"ashe-grid-thumbnail":["https:\/\/meeplendice.net\/wp-content\/uploads\/2023\/01\/Namiji-350x330.png",350,330,true],"ashe-list-thumbnail":["https:\/\/meeplendice.net\/wp-content\/uploads\/2023\/01\/Namiji-300x300.png",300,300,true],"ashe-single-navigation":["https:\/\/meeplendice.net\/wp-content\/uploads\/2023\/01\/Namiji-75x75.png",75,75,true],"mailpoet_newsletter_max":["https:\/\/meeplendice.net\/wp-content\/uploads\/2023\/01\/Namiji.png",350,350,false],"rpwe-thumbnail":["https:\/\/meeplendice.net\/wp-content\/uploads\/2023\/01\/Namiji-45x45.png",45,45,true],"sow-carousel-default":["https:\/\/meeplendice.net\/wp-content\/uploads\/2023\/01\/Namiji-272x182.png",272,182,true],"rt_custom":["https:\/\/meeplendice.net\/wp-content\/uploads\/2023\/01\/Namiji.png",350,350,false]},"rttpg_author":{"display_name":"Karnby","author_link":"https:\/\/meeplendice.net\/?author=2"},"rttpg_comment":0,"rttpg_category":null,"rttpg_excerpt":"Nombre de joueurs : 2 - 5 Dur\u00e9e moyenne : 45 min Age : 8 ans et plus Auteur(s) : Antoine Bauza Illustrations : Na\u00efade \u00c9dition : Funforge 2021 Version : Fran\u00e7aise","_links":{"self":[{"href":"https:\/\/meeplendice.net\/index.php?rest_route=\/wp\/v2\/pages\/10914","targetHints":{"allow":["GET"]}}],"collection":[{"href":"https:\/\/meeplendice.net\/index.php?rest_route=\/wp\/v2\/pages"}],"about":[{"href":"https:\/\/meeplendice.net\/index.php?rest_route=\/wp\/v2\/types\/page"}],"author":[{"embeddable":true,"href":"https:\/\/meeplendice.net\/index.php?rest_route=\/wp\/v2\/users\/2"}],"replies":[{"embeddable":true,"href":"https:\/\/meeplendice.net\/index.php?rest_route=%2Fwp%2Fv2%2Fcomments&post=10914"}],"version-history":[{"count":3,"href":"https:\/\/meeplendice.net\/index.php?rest_route=\/wp\/v2\/pages\/10914\/revisions"}],"predecessor-version":[{"id":13997,"href":"https:\/\/meeplendice.net\/index.php?rest_route=\/wp\/v2\/pages\/10914\/revisions\/13997"}],"wp:featuredmedia":[{"embeddable":true,"href":"https:\/\/meeplendice.net\/index.php?rest_route=\/wp\/v2\/media\/10422"}],"wp:attachment":[{"href":"https:\/\/meeplendice.net\/index.php?rest_route=%2Fwp%2Fv2%2Fmedia&parent=10914"}],"curies":[{"name":"wp","href":"https:\/\/api.w.org\/{rel}","templated":true}]}}