{"id":10915,"date":"2023-06-04T22:47:12","date_gmt":"2023-06-04T21:47:12","guid":{"rendered":"https:\/\/meeplendice.net\/?page_id=10915"},"modified":"2024-07-22T18:19:01","modified_gmt":"2024-07-22T16:19:01","slug":"war-for-chicken-island-2","status":"publish","type":"page","link":"https:\/\/meeplendice.net\/?page_id=10915","title":{"rendered":"Kiwi Chow Down"},"content":{"rendered":"<div id=\"pl-10915\"  class=\"panel-layout\" ><div id=\"pg-10915-0\"  class=\"panel-grid panel-no-style\" ><div id=\"pgc-10915-0-0\"  class=\"panel-grid-cell\" ><div id=\"panel-10915-0-0-0\" class=\"so-panel widget widget_sow-editor panel-first-child panel-last-child\" data-index=\"0\" ><div\n\t\t\t\n\t\t\tclass=\"so-widget-sow-editor so-widget-sow-editor-base\"\n\t\t\t\n\t\t>\n<div class=\"siteorigin-widget-tinymce textwidget\">\n\t<p style=\"text-align: center;\"><strong>Nombre de joueurs :<\/strong><br \/>\n1 - 4 (5 avec extension)<\/p>\n<\/div>\n<\/div><\/div><\/div><div id=\"pgc-10915-0-1\"  class=\"panel-grid-cell\" ><div id=\"panel-10915-0-1-0\" class=\"so-panel widget widget_sow-editor panel-first-child panel-last-child\" data-index=\"1\" ><div\n\t\t\t\n\t\t\tclass=\"so-widget-sow-editor so-widget-sow-editor-base\"\n\t\t\t\n\t\t>\n<div class=\"siteorigin-widget-tinymce textwidget\">\n\t<p style=\"text-align: center;\"><strong>Dur\u00e9e moyenne :<\/strong><br \/>\n90 min<\/p>\n<\/div>\n<\/div><\/div><\/div><div id=\"pgc-10915-0-2\"  class=\"panel-grid-cell\" ><div id=\"panel-10915-0-2-0\" class=\"so-panel widget widget_sow-editor panel-first-child panel-last-child\" data-index=\"2\" ><div\n\t\t\t\n\t\t\tclass=\"so-widget-sow-editor so-widget-sow-editor-base\"\n\t\t\t\n\t\t>\n<div class=\"siteorigin-widget-tinymce textwidget\">\n\t<p style=\"text-align: center;\"><strong>Age :<\/strong><br \/>\n14 ans et plus<\/p>\n<\/div>\n<\/div><\/div><\/div><\/div><div id=\"pg-10915-1\"  class=\"panel-grid panel-no-style\" ><div id=\"pgc-10915-1-0\"  class=\"panel-grid-cell\" ><div id=\"panel-10915-1-0-0\" class=\"so-panel widget widget_sow-editor panel-first-child panel-last-child\" data-index=\"3\" ><div\n\t\t\t\n\t\t\tclass=\"so-widget-sow-editor so-widget-sow-editor-base\"\n\t\t\t\n\t\t>\n<div class=\"siteorigin-widget-tinymce textwidget\">\n\t<p style=\"text-align: center;\"><strong>Auteur(s) :<br \/>\n<\/strong><span class=\"data-siloing\" title=\"D\u00e9couvrez tous ces jeux\" data-siloing=\"https:\/\/www.philibertnet.com\/fr\/recherche?feature=31&amp;feature_value=Ivan Escalante\">Pepe Macba<br \/>\nDetestable Games<br \/>\n<\/span><\/p>\n<\/div>\n<\/div><\/div><\/div><div id=\"pgc-10915-1-1\"  class=\"panel-grid-cell\" ><div id=\"panel-10915-1-1-0\" class=\"so-panel widget widget_sow-editor panel-first-child panel-last-child\" data-index=\"4\" ><div\n\t\t\t\n\t\t\tclass=\"so-widget-sow-editor so-widget-sow-editor-base\"\n\t\t\t\n\t\t>\n<div class=\"siteorigin-widget-tinymce textwidget\">\n\t<p style=\"text-align: center;\"><strong>Illustrations :<br \/>\n<\/strong><span class=\"data-siloing\" title=\"D\u00e9couvrez tous ces jeux\" data-siloing=\"https:\/\/www.philibertnet.com\/fr\/recherche?feature=31&amp;feature_value=Ivan Escalante\">Ivan Escalante (Gnomosapiens)<\/span><\/p>\n<\/div>\n<\/div><\/div><\/div><div id=\"pgc-10915-1-2\"  class=\"panel-grid-cell\" ><div id=\"panel-10915-1-2-0\" class=\"so-panel widget widget_sow-editor panel-first-child panel-last-child\" data-index=\"5\" ><div\n\t\t\t\n\t\t\tclass=\"so-widget-sow-editor so-widget-sow-editor-base\"\n\t\t\t\n\t\t>\n<div class=\"siteorigin-widget-tinymce textwidget\">\n\t<p style=\"text-align: center;\"><strong>\u00c9dition :<\/strong><br \/>\n<span class=\"data-siloing\" data-siloing=\" https:\/\/www.philibertnet.com\/fr\/2326_legion-distribution \">L\u00e9gion Distribution<br \/>\n2021<\/span><\/p>\n<\/div>\n<\/div><\/div><\/div><div id=\"pgc-10915-1-3\"  class=\"panel-grid-cell\" ><div id=\"panel-10915-1-3-0\" class=\"so-panel widget widget_sow-editor panel-first-child panel-last-child\" data-index=\"6\" ><div\n\t\t\t\n\t\t\tclass=\"so-widget-sow-editor so-widget-sow-editor-base\"\n\t\t\t\n\t\t>\n<div class=\"siteorigin-widget-tinymce textwidget\">\n\t<p style=\"text-align: center;\"><strong>Version :<\/strong><br \/>\nFran\u00e7aise<\/p>\n<\/div>\n<\/div><\/div><\/div><\/div><div id=\"pg-10915-2\"  class=\"panel-grid panel-no-style\" ><div id=\"pgc-10915-2-0\"  class=\"panel-grid-cell\" ><div id=\"panel-10915-2-0-0\" class=\"so-panel widget widget_sow-editor panel-first-child panel-last-child\" data-index=\"7\" ><div\n\t\t\t\n\t\t\tclass=\"so-widget-sow-editor so-widget-sow-editor-base\"\n\t\t\t\n\t\t>\n<div class=\"siteorigin-widget-tinymce textwidget\">\n\t<hr \/>\n<p><em>Sur une toute petite \u00eele, des clans de Kiwis voraces se ruent vers les meilleurs spots \u00e0 Fruit et malheur \u00e0 tout ce qui se trouve sur leur chemin ! <\/em><\/p>\n<p><em>Les saisons y sont rythm\u00e9es par la r\u00e9colte des Fruits ce qui marque le d\u00e9but de la comp\u00e9tition : faites progresser votre clan, construisez des nids et augmentez la taille de votre Kiwi en d\u00e9vorant le plus de Fruits possible.<\/em><\/p>\n<p><em>Apr\u00e8s quatre saisons, le clan qui contr\u00f4lera le plus de territoire se r\u00e9galera du butin !<\/em><\/p>\n<p>War for Chicken Island est un jeu de soci\u00e9t\u00e9 et d'escarmouche sans \u00e9limination de joueur.<br \/>\nSur cette petit \u00eele, chaque joueur contr\u00f4le une arm\u00e9e de poulets et de machines dirig\u00e9e par des Leaders uniques qui essayent d'humilier les chefs adverses pour devenir le Roi ou la Reine de Chicken Island.<br \/>\nLancez vos d\u00e9s, rassemblez des ressources et des cartes pour le combat, construisez des machines de mort que vos poulets peuvent piloter et affrontez-vous dans des combats dont tous les joueurs peuvent d\u00e9cider de l'issue.<\/p>\n<p>Vous devrez concevoir des strat\u00e9gies amusantes pour vaincre en premier les leaders ennemis !<\/p>\n<\/div>\n<\/div><\/div><\/div><\/div><div id=\"pg-10915-3\"  class=\"panel-grid panel-no-style\" ><div id=\"pgc-10915-3-0\"  class=\"panel-grid-cell\" ><div id=\"panel-10915-3-0-0\" class=\"so-panel widget widget_sow-editor panel-first-child panel-last-child\" data-index=\"8\" ><div\n\t\t\t\n\t\t\tclass=\"so-widget-sow-editor so-widget-sow-editor-base\"\n\t\t\t\n\t\t>\n<div class=\"siteorigin-widget-tinymce textwidget\">\n\t<hr \/>\n<h3 style=\"text-align: center;\">En vid\u00e9o<\/h3>\n<p><a href=\"https:\/\/www.youtube.com\/watch?v=bNcDTEX55D4&amp;ab_channel=NoTimeNoGame\" target=\"_blank\" rel=\"noopener\"><img loading=\"lazy\" decoding=\"async\" class=\"alignnone size-full wp-image-9090\" src=\"https:\/\/meeplendice.net\/wp-content\/uploads\/2022\/01\/Link_CJ_v2.png\" alt=\"\" width=\"200\" height=\"170\" \/><\/a><\/p>\n<\/div>\n<\/div><\/div><\/div><\/div><div id=\"pg-10915-4\"  class=\"panel-grid panel-no-style\" ><div id=\"pgc-10915-4-0\"  class=\"panel-grid-cell\" ><div id=\"panel-10915-4-0-0\" class=\"so-panel widget widget_sow-editor panel-first-child panel-last-child\" data-index=\"9\" ><div\n\t\t\t\n\t\t\tclass=\"so-widget-sow-editor so-widget-sow-editor-base\"\n\t\t\t\n\t\t>\n<div class=\"siteorigin-widget-tinymce textwidget\">\n\t<hr \/>\n<h3 style=\"text-align: center;\">Extension(s)<\/h3>\n<style type='text\/css' media='all'>#rt-tpg-container-3109738103 .read-more a{border-radius:px;}#rt-tpg-container-3109738103 .rt-img-holder img.rt-img-responsive,#rt-tpg-container-3109738103 .rt-img-holder,\n\t\t\t\t\t#rt-tpg-container-3109738103 .rt-post-overlay .post-img,\n\t\t\t\t\t#rt-tpg-container-3109738103 .post-sm .post-img,\n\t\t\t\t\t#rt-tpg-container-3109738103 .rt-post-grid .post-img,\n\t\t\t\t\t#rt-tpg-container-3109738103 .post-img img {border-radius:px;}#rt-tpg-container-3109738103 .layout9 .rt-holder h2.entry-title,\n\t\t\t\t\t#rt-tpg-container-3109738103 .layout9 .rt-holder h3.entry-title,\n\t\t\t\t\t#rt-tpg-container-3109738103 .layout9 .rt-holder h4.entry-title,\n\t\t\t\t\t#rt-tpg-container-3109738103 .layout9 .rt-holder h2.entry-title a,\n\t\t\t\t\t#rt-tpg-container-3109738103 .layout9 .rt-holder h3.entry-title a,\n\t\t\t\t\t#rt-tpg-container-3109738103 .layout9 .rt-holder h4.entry-title a,\n\t\t\t\t\t#rt-tpg-container-3109738103 .rt-holder .rt-woo-info h2 a,\n\t\t\t\t\t#rt-tpg-container-3109738103 .rt-holder .rt-woo-info h3 a,\n\t\t\t\t\t#rt-tpg-container-3109738103 .rt-holder .rt-woo-info h4 a,\n\t\t\t\t\t#rt-tpg-container-3109738103 .post-content .post-title,\n\t\t\t\t\t#rt-tpg-container-3109738103 .rt-post-grid .post-title,\n\t\t\t\t\t#rt-tpg-container-3109738103 .rt-post-grid .post-title a,\n\t\t\t\t\t#rt-tpg-container-3109738103 .post-content .post-title a,\n\t\t\t\t\t#rt-tpg-container-3109738103 .rt-holder .rt-woo-info h2,\n\t\t\t\t\t#rt-tpg-container-3109738103 .rt-holder .rt-woo-info h3,\n\t\t\t\t\t#rt-tpg-container-3109738103 .rt-holder .rt-woo-info h4{font-size:16px;line-height:26px;font-weight:normal;text-align:center;}#rt-tpg-container-3109738103 .post-grid-lg-style-1 .post-title,\n\t\t\t\t\t\t#rt-tpg-container-3109738103 .post-grid-lg-style-1 .post-title a,\n\t\t\t\t\t\t#rt-tpg-container-3109738103 .big-layout .post-title,\n\t\t\t\t\t\t#rt-tpg-container-3109738103 .big-layout .post-title a,\n\t\t\t\t\t\t#rt-tpg-container-3109738103 .post-grid-lg-style-1 .post-title,\n\t\t\t\t\t\t#rt-tpg-container-3109738103 .post-grid-lg-style-1 .post-title a {font-size:24px;line-height:34px;}<\/style><div class='rt-container-fluid rt-tpg-container tpg-shortcode-main-wrapper ' id='rt-tpg-container-3109738103'   data-layout='layout9' data-grid-style='masonry' data-desktop-col='3'  data-tab-col='2'  data-mobile-col='1' data-sc-id='10954'><div data-title='Loading ...' class='rt-row rt-content-loader   layout9 tpg-masonry '><div class=\"rt-col-md-4 rt-col-sm-6 rt-col-xs-12 masonry-grid-item rt-grid-item img_zoom_in\" data-id=\"10922\"><div class=\"rt-holder\"><div class='overlay'><a data-id='10922' class=' tpg-single-popup' href='https:\/\/meeplendice.net\/?page_id=10922'><img loading=\"lazy\" decoding=\"async\" width=\"350\" height=\"350\" src=\"https:\/\/meeplendice.net\/wp-content\/uploads\/2023\/06\/KCD_Gluant_5j.png\" class=\"rt-img-responsive \" alt=\"\" \/><\/a><\/div><div class='post-info'><h3 class=\"entry-title\"><a data-id=\"10922\" class=\" tpg-single-popup\" href=\"https:\/\/meeplendice.net\/?page_id=10922\">Extension Gluante et 5\u00e8me Joueur<\/a><\/h3><div class='post-meta-user '><\/div><\/div><\/div><\/div><div class=\"rt-col-md-4 rt-col-sm-6 rt-col-xs-12 masonry-grid-item rt-grid-item img_zoom_in\" data-id=\"12375\"><div class=\"rt-holder\"><div class='overlay'><a data-id='12375' class=' tpg-single-popup' href='https:\/\/meeplendice.net\/?page_id=12375'><img loading=\"lazy\" decoding=\"async\" width=\"350\" height=\"350\" src=\"https:\/\/meeplendice.net\/wp-content\/uploads\/2024\/07\/CK_Mecha.png\" class=\"rt-img-responsive \" alt=\"\" \/><\/a><\/div><div class='post-info'><h3 class=\"entry-title\"><a data-id=\"12375\" class=\" tpg-single-popup\" href=\"https:\/\/meeplendice.net\/?page_id=12375\">Mecha Chicken Dinosaur<\/a><\/h3><div class='post-meta-user '><\/div><\/div><\/div><\/div><div class=\"rt-col-md-4 rt-col-sm-6 rt-col-xs-12 masonry-grid-item rt-grid-item img_zoom_in\" data-id=\"12378\"><div class=\"rt-holder\"><div class='overlay'><a data-id='12378' class=' tpg-single-popup' href='https:\/\/meeplendice.net\/?page_id=12378'><img loading=\"lazy\" decoding=\"async\" width=\"350\" height=\"350\" src=\"https:\/\/meeplendice.net\/wp-content\/uploads\/2024\/07\/CK_Avian.png\" class=\"rt-img-responsive \" alt=\"\" \/><\/a><\/div><div class='post-info'><h3 class=\"entry-title\"><a data-id=\"12378\" class=\" tpg-single-popup\" href=\"https:\/\/meeplendice.net\/?page_id=12378\">Avian Trilogy Crossover<\/a><\/h3><div class='post-meta-user '><\/div><\/div><\/div><\/div><\/div><div class='rt-pagination-wrap' data-total-pages='2' data-posts-per-page='3' data-type='pagination_ajax'  ><div class='rt-page-numbers'><\/div><\/div><\/div>\n<\/div>\n<\/div><\/div><\/div><\/div><div id=\"pg-10915-5\"  class=\"panel-grid panel-no-style\" ><div id=\"pgc-10915-5-0\"  class=\"panel-grid-cell\" ><div id=\"panel-10915-5-0-0\" class=\"so-panel widget widget_sow-editor panel-first-child panel-last-child\" data-index=\"10\" ><div\n\t\t\t\n\t\t\tclass=\"so-widget-sow-editor so-widget-sow-editor-base\"\n\t\t\t\n\t\t>\n<div class=\"siteorigin-widget-tinymce textwidget\">\n\t<hr \/>\n<h3 style=\"text-align: center;\">Pour aller plus loin<\/h3>\n<\/div>\n<\/div><\/div><\/div><\/div><\/div>","protected":false},"excerpt":{"rendered":"<p>Nombre de joueurs : 1 &#8211; 4 (5 avec extension) Dur\u00e9e moyenne : 90 min Age : 14 ans et plus Auteur(s) : Pepe Macba Detestable Games Illustrations : Ivan Escalante (Gnomosapiens) \u00c9dition : L\u00e9gion Distribution 2021 Version : Fran\u00e7aise<\/p>\n","protected":false},"author":2,"featured_media":10850,"parent":0,"menu_order":0,"comment_status":"closed","ping_status":"closed","template":"","meta":{"footnotes":""},"class_list":["post-10915","page","type-page","status-publish","has-post-thumbnail","hentry"],"acf":[],"rttpg_featured_image_url":{"full":["https:\/\/meeplendice.net\/wp-content\/uploads\/2023\/06\/Kiwi_show_down.png",350,350,false],"landscape":["https:\/\/meeplendice.net\/wp-content\/uploads\/2023\/06\/Kiwi_show_down.png",350,350,false],"portraits":["https:\/\/meeplendice.net\/wp-content\/uploads\/2023\/06\/Kiwi_show_down.png",350,350,false],"thumbnail":["https:\/\/meeplendice.net\/wp-content\/uploads\/2023\/06\/Kiwi_show_down-150x150.png",150,150,true],"medium":["https:\/\/meeplendice.net\/wp-content\/uploads\/2023\/06\/Kiwi_show_down-300x300.png",300,300,true],"large":["https:\/\/meeplendice.net\/wp-content\/uploads\/2023\/06\/Kiwi_show_down.png",350,350,false],"ug_big":["https:\/\/meeplendice.net\/wp-content\/uploads\/2023\/06\/Kiwi_show_down.png",350,350,false],"1536x1536":["https:\/\/meeplendice.net\/wp-content\/uploads\/2023\/06\/Kiwi_show_down.png",350,350,false],"2048x2048":["https:\/\/meeplendice.net\/wp-content\/uploads\/2023\/06\/Kiwi_show_down.png",350,350,false],"ashe-slider-grid-thumbnail":["https:\/\/meeplendice.net\/wp-content\/uploads\/2023\/06\/Kiwi_show_down.png",350,350,false],"ashe-full-thumbnail":["https:\/\/meeplendice.net\/wp-content\/uploads\/2023\/06\/Kiwi_show_down.png",350,350,false],"ashe-grid-thumbnail":["https:\/\/meeplendice.net\/wp-content\/uploads\/2023\/06\/Kiwi_show_down-350x330.png",350,330,true],"ashe-list-thumbnail":["https:\/\/meeplendice.net\/wp-content\/uploads\/2023\/06\/Kiwi_show_down-300x300.png",300,300,true],"ashe-single-navigation":["https:\/\/meeplendice.net\/wp-content\/uploads\/2023\/06\/Kiwi_show_down-75x75.png",75,75,true],"mailpoet_newsletter_max":["https:\/\/meeplendice.net\/wp-content\/uploads\/2023\/06\/Kiwi_show_down.png",350,350,false],"rpwe-thumbnail":["https:\/\/meeplendice.net\/wp-content\/uploads\/2023\/06\/Kiwi_show_down-45x45.png",45,45,true],"sow-carousel-default":["https:\/\/meeplendice.net\/wp-content\/uploads\/2023\/06\/Kiwi_show_down-272x182.png",272,182,true],"rt_custom":["https:\/\/meeplendice.net\/wp-content\/uploads\/2023\/06\/Kiwi_show_down.png",350,350,false]},"rttpg_author":{"display_name":"Karnby","author_link":"https:\/\/meeplendice.net\/?author=2"},"rttpg_comment":0,"rttpg_category":null,"rttpg_excerpt":"Nombre de joueurs : 1 - 4 (5 avec extension) Dur\u00e9e moyenne : 90 min Age : 14 ans et plus Auteur(s) : Pepe Macba Detestable Games Illustrations : Ivan Escalante (Gnomosapiens) \u00c9dition : L\u00e9gion Distribution 2021 Version : Fran\u00e7aise","_links":{"self":[{"href":"https:\/\/meeplendice.net\/index.php?rest_route=\/wp\/v2\/pages\/10915","targetHints":{"allow":["GET"]}}],"collection":[{"href":"https:\/\/meeplendice.net\/index.php?rest_route=\/wp\/v2\/pages"}],"about":[{"href":"https:\/\/meeplendice.net\/index.php?rest_route=\/wp\/v2\/types\/page"}],"author":[{"embeddable":true,"href":"https:\/\/meeplendice.net\/index.php?rest_route=\/wp\/v2\/users\/2"}],"replies":[{"embeddable":true,"href":"https:\/\/meeplendice.net\/index.php?rest_route=%2Fwp%2Fv2%2Fcomments&post=10915"}],"version-history":[{"count":10,"href":"https:\/\/meeplendice.net\/index.php?rest_route=\/wp\/v2\/pages\/10915\/revisions"}],"predecessor-version":[{"id":12388,"href":"https:\/\/meeplendice.net\/index.php?rest_route=\/wp\/v2\/pages\/10915\/revisions\/12388"}],"wp:featuredmedia":[{"embeddable":true,"href":"https:\/\/meeplendice.net\/index.php?rest_route=\/wp\/v2\/media\/10850"}],"wp:attachment":[{"href":"https:\/\/meeplendice.net\/index.php?rest_route=%2Fwp%2Fv2%2Fmedia&parent=10915"}],"curies":[{"name":"wp","href":"https:\/\/api.w.org\/{rel}","templated":true}]}}