{"id":10922,"date":"2023-06-04T22:57:49","date_gmt":"2023-06-04T21:57:49","guid":{"rendered":"https:\/\/meeplendice.net\/?page_id=10922"},"modified":"2023-06-05T13:50:07","modified_gmt":"2023-06-05T12:50:07","slug":"extension-gluante-et-5eme-joueur","status":"publish","type":"page","link":"https:\/\/meeplendice.net\/?page_id=10922","title":{"rendered":"Extension Gluante et 5\u00e8me Joueur"},"content":{"rendered":"<div>Kiwi Chow Down se joue sur quatre saisons, chacune ayant un objectif diff\u00e9rent pour gagner des r\u00e9compenses. Chaque saison comporte trois tours et vous pouvez soit construire, d\u00e9placer ou nourrir en fonction des cartes en main et de la strat\u00e9gie que vous souhaitez adopter.<\/div>\n<div><\/div>\n<div><em>Kiwi Chow Down &#8211; Extension Gluante et 5\u00e8me Joueur<\/em> est une extension qui n\u00e9cessite le jeu de base pour \u00eatre jou\u00e9e.<\/div>\n","protected":false},"excerpt":{"rendered":"<p>Kiwi Chow Down se joue sur quatre saisons, chacune ayant un objectif diff\u00e9rent pour gagner des r\u00e9compenses. Chaque saison comporte trois tours et vous pouvez soit construire, d\u00e9placer ou nourrir en fonction des cartes en main et de la strat\u00e9gie que vous souhaitez adopter. Kiwi Chow Down &#8211; Extension Gluante et 5\u00e8me Joueur est une extension qui n\u00e9cessite le jeu de base pour \u00eatre jou\u00e9e.<\/p>\n","protected":false},"author":2,"featured_media":10958,"parent":10915,"menu_order":1,"comment_status":"closed","ping_status":"closed","template":"","meta":{"footnotes":""},"class_list":["post-10922","page","type-page","status-publish","has-post-thumbnail","hentry"],"acf":[],"rttpg_featured_image_url":{"full":["https:\/\/meeplendice.net\/wp-content\/uploads\/2023\/06\/KCD_Gluant_5j.png",350,350,false],"landscape":["https:\/\/meeplendice.net\/wp-content\/uploads\/2023\/06\/KCD_Gluant_5j.png",350,350,false],"portraits":["https:\/\/meeplendice.net\/wp-content\/uploads\/2023\/06\/KCD_Gluant_5j.png",350,350,false],"thumbnail":["https:\/\/meeplendice.net\/wp-content\/uploads\/2023\/06\/KCD_Gluant_5j-150x150.png",150,150,true],"medium":["https:\/\/meeplendice.net\/wp-content\/uploads\/2023\/06\/KCD_Gluant_5j-300x300.png",300,300,true],"large":["https:\/\/meeplendice.net\/wp-content\/uploads\/2023\/06\/KCD_Gluant_5j.png",350,350,false],"ug_big":["https:\/\/meeplendice.net\/wp-content\/uploads\/2023\/06\/KCD_Gluant_5j.png",350,350,false],"1536x1536":["https:\/\/meeplendice.net\/wp-content\/uploads\/2023\/06\/KCD_Gluant_5j.png",350,350,false],"2048x2048":["https:\/\/meeplendice.net\/wp-content\/uploads\/2023\/06\/KCD_Gluant_5j.png",350,350,false],"ashe-slider-grid-thumbnail":["https:\/\/meeplendice.net\/wp-content\/uploads\/2023\/06\/KCD_Gluant_5j.png",350,350,false],"ashe-full-thumbnail":["https:\/\/meeplendice.net\/wp-content\/uploads\/2023\/06\/KCD_Gluant_5j.png",350,350,false],"ashe-grid-thumbnail":["https:\/\/meeplendice.net\/wp-content\/uploads\/2023\/06\/KCD_Gluant_5j-350x330.png",350,330,true],"ashe-list-thumbnail":["https:\/\/meeplendice.net\/wp-content\/uploads\/2023\/06\/KCD_Gluant_5j-300x300.png",300,300,true],"ashe-single-navigation":["https:\/\/meeplendice.net\/wp-content\/uploads\/2023\/06\/KCD_Gluant_5j-75x75.png",75,75,true],"mailpoet_newsletter_max":["https:\/\/meeplendice.net\/wp-content\/uploads\/2023\/06\/KCD_Gluant_5j.png",350,350,false],"rpwe-thumbnail":["https:\/\/meeplendice.net\/wp-content\/uploads\/2023\/06\/KCD_Gluant_5j-45x45.png",45,45,true],"sow-carousel-default":["https:\/\/meeplendice.net\/wp-content\/uploads\/2023\/06\/KCD_Gluant_5j-272x182.png",272,182,true],"rt_custom":["https:\/\/meeplendice.net\/wp-content\/uploads\/2023\/06\/KCD_Gluant_5j.png",350,350,false]},"rttpg_author":{"display_name":"Karnby","author_link":"https:\/\/meeplendice.net\/?author=2"},"rttpg_comment":0,"rttpg_category":null,"rttpg_excerpt":"Kiwi Chow Down se joue sur quatre saisons, chacune ayant un objectif diff\u00e9rent pour gagner des r\u00e9compenses. Chaque saison comporte trois tours et vous pouvez soit construire, d\u00e9placer ou nourrir en fonction des cartes en main et de la strat\u00e9gie que vous souhaitez adopter. Kiwi Chow Down &#8211; Extension Gluante et 5\u00e8me Joueur est une\u2026","_links":{"self":[{"href":"https:\/\/meeplendice.net\/index.php?rest_route=\/wp\/v2\/pages\/10922","targetHints":{"allow":["GET"]}}],"collection":[{"href":"https:\/\/meeplendice.net\/index.php?rest_route=\/wp\/v2\/pages"}],"about":[{"href":"https:\/\/meeplendice.net\/index.php?rest_route=\/wp\/v2\/types\/page"}],"author":[{"embeddable":true,"href":"https:\/\/meeplendice.net\/index.php?rest_route=\/wp\/v2\/users\/2"}],"replies":[{"embeddable":true,"href":"https:\/\/meeplendice.net\/index.php?rest_route=%2Fwp%2Fv2%2Fcomments&post=10922"}],"version-history":[{"count":1,"href":"https:\/\/meeplendice.net\/index.php?rest_route=\/wp\/v2\/pages\/10922\/revisions"}],"predecessor-version":[{"id":10924,"href":"https:\/\/meeplendice.net\/index.php?rest_route=\/wp\/v2\/pages\/10922\/revisions\/10924"}],"up":[{"embeddable":true,"href":"https:\/\/meeplendice.net\/index.php?rest_route=\/wp\/v2\/pages\/10915"}],"wp:featuredmedia":[{"embeddable":true,"href":"https:\/\/meeplendice.net\/index.php?rest_route=\/wp\/v2\/media\/10958"}],"wp:attachment":[{"href":"https:\/\/meeplendice.net\/index.php?rest_route=%2Fwp%2Fv2%2Fmedia&parent=10922"}],"curies":[{"name":"wp","href":"https:\/\/api.w.org\/{rel}","templated":true}]}}