{"id":10927,"date":"2023-06-04T23:31:22","date_gmt":"2023-06-04T22:31:22","guid":{"rendered":"https:\/\/meeplendice.net\/?page_id=10927"},"modified":"2023-06-05T10:23:45","modified_gmt":"2023-06-05T09:23:45","slug":"fondations","status":"publish","type":"page","link":"https:\/\/meeplendice.net\/?page_id=10927","title":{"rendered":"Fondations"},"content":{"rendered":"<p><em>Exp\u00e9dition Ar\u00e8s : Fondations<\/em> vous permet de profiter de <em>Terraforming Mars : Exp\u00e9ditio<\/em>n Ar\u00e8s jusqu&rsquo;a six joueurs !<\/p>\n<p>Cette extension introduit \u00e9galement un nouveau param\u00e8tre de terraformation, l&rsquo;infrastructure, dont la piste s&rsquo;ins\u00e8re au sommet du plateau principal. Ce param\u00e8tre s&rsquo;accompagne d&rsquo;une quarantaine de nouvelles cartes de projet, ouvrant le jeu \u00e0 de nouvelles strat\u00e9gies li\u00e9es au d\u00e9veloppement de l&rsquo;infrastructure tout en maintenant un parfait \u00e9quilibre entre les anciens param\u00e8tres et le nouveau. Bien entendu, deux nouveaux projets standards vous permettent \u00e9galement de d\u00e9velopper l&rsquo;infrastructure, mais cela vous impose de vous diversifier.<\/p>\n<p>Cette approche est \u00e0 consid\u00e9rer, car elle s&rsquo;accompagne de la pioche d&rsquo;une carte bonus chaque fois que le param\u00e8tre est augment\u00e9. Amusez-vous \u00e0 d\u00e9couvrir toutes ces nouvelles combinaisons en partageant de belles parties avec tous vos amis.<\/p>\n","protected":false},"excerpt":{"rendered":"<p>Exp\u00e9dition Ar\u00e8s : Fondations vous permet de profiter de Terraforming Mars : Exp\u00e9dition Ar\u00e8s jusqu&rsquo;a six joueurs ! Cette extension introduit \u00e9galement un nouveau param\u00e8tre de terraformation, l&rsquo;infrastructure, dont la piste s&rsquo;ins\u00e8re au sommet du plateau principal. Ce param\u00e8tre s&rsquo;accompagne d&rsquo;une quarantaine de nouvelles cartes de projet, ouvrant le jeu \u00e0 de nouvelles strat\u00e9gies li\u00e9es au d\u00e9veloppement de l&rsquo;infrastructure tout en maintenant un parfait \u00e9quilibre entre les anciens param\u00e8tres et le nouveau. Bien entendu, deux nouveaux projets standards vous permettent \u00e9galement de d\u00e9velopper l&rsquo;infrastructure, mais cela vous impose de vous diversifier. Cette approche est \u00e0 consid\u00e9rer, car elle s&rsquo;accompagne de la pioche d&rsquo;une carte bonus chaque fois que le param\u00e8tre est augment\u00e9. Amusez-vous \u00e0 d\u00e9couvrir toutes ces nouvelles combinaisons en partageant de belles parties avec tous vos amis.<\/p>\n","protected":false},"author":2,"featured_media":10947,"parent":10005,"menu_order":2,"comment_status":"closed","ping_status":"closed","template":"","meta":{"footnotes":""},"class_list":["post-10927","page","type-page","status-publish","has-post-thumbnail","hentry"],"acf":[],"rttpg_featured_image_url":{"full":["https:\/\/meeplendice.net\/wp-content\/uploads\/2023\/06\/TMAres_Fondations.png",350,350,false],"landscape":["https:\/\/meeplendice.net\/wp-content\/uploads\/2023\/06\/TMAres_Fondations.png",350,350,false],"portraits":["https:\/\/meeplendice.net\/wp-content\/uploads\/2023\/06\/TMAres_Fondations.png",350,350,false],"thumbnail":["https:\/\/meeplendice.net\/wp-content\/uploads\/2023\/06\/TMAres_Fondations-150x150.png",150,150,true],"medium":["https:\/\/meeplendice.net\/wp-content\/uploads\/2023\/06\/TMAres_Fondations-300x300.png",300,300,true],"large":["https:\/\/meeplendice.net\/wp-content\/uploads\/2023\/06\/TMAres_Fondations.png",350,350,false],"ug_big":["https:\/\/meeplendice.net\/wp-content\/uploads\/2023\/06\/TMAres_Fondations.png",350,350,false],"1536x1536":["https:\/\/meeplendice.net\/wp-content\/uploads\/2023\/06\/TMAres_Fondations.png",350,350,false],"2048x2048":["https:\/\/meeplendice.net\/wp-content\/uploads\/2023\/06\/TMAres_Fondations.png",350,350,false],"ashe-slider-grid-thumbnail":["https:\/\/meeplendice.net\/wp-content\/uploads\/2023\/06\/TMAres_Fondations.png",350,350,false],"ashe-full-thumbnail":["https:\/\/meeplendice.net\/wp-content\/uploads\/2023\/06\/TMAres_Fondations.png",350,350,false],"ashe-grid-thumbnail":["https:\/\/meeplendice.net\/wp-content\/uploads\/2023\/06\/TMAres_Fondations-350x330.png",350,330,true],"ashe-list-thumbnail":["https:\/\/meeplendice.net\/wp-content\/uploads\/2023\/06\/TMAres_Fondations-300x300.png",300,300,true],"ashe-single-navigation":["https:\/\/meeplendice.net\/wp-content\/uploads\/2023\/06\/TMAres_Fondations-75x75.png",75,75,true],"mailpoet_newsletter_max":["https:\/\/meeplendice.net\/wp-content\/uploads\/2023\/06\/TMAres_Fondations.png",350,350,false],"rpwe-thumbnail":["https:\/\/meeplendice.net\/wp-content\/uploads\/2023\/06\/TMAres_Fondations-45x45.png",45,45,true],"sow-carousel-default":["https:\/\/meeplendice.net\/wp-content\/uploads\/2023\/06\/TMAres_Fondations-272x182.png",272,182,true],"rt_custom":["https:\/\/meeplendice.net\/wp-content\/uploads\/2023\/06\/TMAres_Fondations.png",350,350,false]},"rttpg_author":{"display_name":"Karnby","author_link":"https:\/\/meeplendice.net\/?author=2"},"rttpg_comment":0,"rttpg_category":null,"rttpg_excerpt":"Exp\u00e9dition Ar\u00e8s : Fondations vous permet de profiter de Terraforming Mars : Exp\u00e9dition Ar\u00e8s jusqu&rsquo;a six joueurs ! Cette extension introduit \u00e9galement un nouveau param\u00e8tre de terraformation, l&rsquo;infrastructure, dont la piste s&rsquo;ins\u00e8re au sommet du plateau principal. Ce param\u00e8tre s&rsquo;accompagne d&rsquo;une quarantaine de nouvelles cartes de projet, ouvrant le jeu \u00e0 de nouvelles strat\u00e9gies li\u00e9es\u2026","_links":{"self":[{"href":"https:\/\/meeplendice.net\/index.php?rest_route=\/wp\/v2\/pages\/10927","targetHints":{"allow":["GET"]}}],"collection":[{"href":"https:\/\/meeplendice.net\/index.php?rest_route=\/wp\/v2\/pages"}],"about":[{"href":"https:\/\/meeplendice.net\/index.php?rest_route=\/wp\/v2\/types\/page"}],"author":[{"embeddable":true,"href":"https:\/\/meeplendice.net\/index.php?rest_route=\/wp\/v2\/users\/2"}],"replies":[{"embeddable":true,"href":"https:\/\/meeplendice.net\/index.php?rest_route=%2Fwp%2Fv2%2Fcomments&post=10927"}],"version-history":[{"count":1,"href":"https:\/\/meeplendice.net\/index.php?rest_route=\/wp\/v2\/pages\/10927\/revisions"}],"predecessor-version":[{"id":10928,"href":"https:\/\/meeplendice.net\/index.php?rest_route=\/wp\/v2\/pages\/10927\/revisions\/10928"}],"up":[{"embeddable":true,"href":"https:\/\/meeplendice.net\/index.php?rest_route=\/wp\/v2\/pages\/10005"}],"wp:featuredmedia":[{"embeddable":true,"href":"https:\/\/meeplendice.net\/index.php?rest_route=\/wp\/v2\/media\/10947"}],"wp:attachment":[{"href":"https:\/\/meeplendice.net\/index.php?rest_route=%2Fwp%2Fv2%2Fmedia&parent=10927"}],"curies":[{"name":"wp","href":"https:\/\/api.w.org\/{rel}","templated":true}]}}