{"id":10929,"date":"2023-06-04T23:33:36","date_gmt":"2023-06-04T22:33:36","guid":{"rendered":"https:\/\/meeplendice.net\/?page_id=10929"},"modified":"2023-06-05T10:24:13","modified_gmt":"2023-06-05T09:24:13","slug":"decouverte","status":"publish","type":"page","link":"https:\/\/meeplendice.net\/?page_id=10929","title":{"rendered":"D\u00e9couverte"},"content":{"rendered":"<p>Exp\u00e9dition Ar\u00e8s : D\u00e9couverte introduit de nouveaux concepts dans le c\u00e9l\u00e8bre jeu Terraforming Mars : Exp\u00e9dition Ar\u00e8s.<\/p>\n<p>Les fans de la version originales de Terraforming Mars appr\u00e9cieront le retour des R2compenses et des Objectifs, dans une toute nouvelle variante qui renforce la rejouabilit\u00e9 du jeu.<br \/>\nDe plus, certaines cartes Projet vous donnent d\u00e9sormais la possibilit\u00e9 de remplacer l&rsquo;un de vos cartes Phase par une nouvelle version am\u00e9lior\u00e9e qui renforce le bonus octroy\u00e9 lorsque vous faites le choix de cette phase. Am\u00e9liorer une carte Phase peut tout changer \u00e0 votre strat\u00e9gie, mais cela alt\u00e8re aussi la lecture qu&rsquo;on vos adversaires de votre jeu. Vous disposez de deux choix d&rsquo;am\u00e9lioration diff\u00e9rents pour chaque carte Phase afin d&rsquo;adapter votre main de cartes Phase \u00e0 votre strat\u00e9gie.<\/p>\n<p>Avec cette extension, c&rsquo;est tout un monde &#8211; ou plut\u00f4t toute une plan\u00e8te &#8211; de nouvelle possibilit\u00e9s qui s&rsquo;offre \u00e0 vous !<\/p>\n","protected":false},"excerpt":{"rendered":"<p>Exp\u00e9dition Ar\u00e8s : D\u00e9couverte introduit de nouveaux concepts dans le c\u00e9l\u00e8bre jeu Terraforming Mars : Exp\u00e9dition Ar\u00e8s. Les fans de la version originales de Terraforming Mars appr\u00e9cieront le retour des R2compenses et des Objectifs, dans une toute nouvelle variante qui renforce la rejouabilit\u00e9 du jeu. De plus, certaines cartes Projet vous donnent d\u00e9sormais la possibilit\u00e9 de remplacer l&rsquo;un de vos cartes Phase par une nouvelle version am\u00e9lior\u00e9e qui renforce le bonus octroy\u00e9 lorsque vous faites le choix de cette phase. Am\u00e9liorer une carte Phase peut tout changer \u00e0 votre strat\u00e9gie, mais cela alt\u00e8re aussi la lecture qu&rsquo;on vos adversaires de votre jeu. Vous disposez de deux choix d&rsquo;am\u00e9lioration diff\u00e9rents pour chaque carte Phase afin d&rsquo;adapter votre main de cartes Phase \u00e0 votre strat\u00e9gie. Avec cette extension, c&rsquo;est tout un monde &#8211; ou plut\u00f4t toute une plan\u00e8te &#8211; de nouvelle possibilit\u00e9s qui s&rsquo;offre \u00e0 vous !<\/p>\n","protected":false},"author":2,"featured_media":10946,"parent":10005,"menu_order":3,"comment_status":"closed","ping_status":"closed","template":"","meta":{"footnotes":""},"class_list":["post-10929","page","type-page","status-publish","has-post-thumbnail","hentry"],"acf":[],"rttpg_featured_image_url":{"full":["https:\/\/meeplendice.net\/wp-content\/uploads\/2023\/06\/TMAres_Decouverte.png",350,350,false],"landscape":["https:\/\/meeplendice.net\/wp-content\/uploads\/2023\/06\/TMAres_Decouverte.png",350,350,false],"portraits":["https:\/\/meeplendice.net\/wp-content\/uploads\/2023\/06\/TMAres_Decouverte.png",350,350,false],"thumbnail":["https:\/\/meeplendice.net\/wp-content\/uploads\/2023\/06\/TMAres_Decouverte-150x150.png",150,150,true],"medium":["https:\/\/meeplendice.net\/wp-content\/uploads\/2023\/06\/TMAres_Decouverte-300x300.png",300,300,true],"large":["https:\/\/meeplendice.net\/wp-content\/uploads\/2023\/06\/TMAres_Decouverte.png",350,350,false],"ug_big":["https:\/\/meeplendice.net\/wp-content\/uploads\/2023\/06\/TMAres_Decouverte.png",350,350,false],"1536x1536":["https:\/\/meeplendice.net\/wp-content\/uploads\/2023\/06\/TMAres_Decouverte.png",350,350,false],"2048x2048":["https:\/\/meeplendice.net\/wp-content\/uploads\/2023\/06\/TMAres_Decouverte.png",350,350,false],"ashe-slider-grid-thumbnail":["https:\/\/meeplendice.net\/wp-content\/uploads\/2023\/06\/TMAres_Decouverte.png",350,350,false],"ashe-full-thumbnail":["https:\/\/meeplendice.net\/wp-content\/uploads\/2023\/06\/TMAres_Decouverte.png",350,350,false],"ashe-grid-thumbnail":["https:\/\/meeplendice.net\/wp-content\/uploads\/2023\/06\/TMAres_Decouverte-350x330.png",350,330,true],"ashe-list-thumbnail":["https:\/\/meeplendice.net\/wp-content\/uploads\/2023\/06\/TMAres_Decouverte-300x300.png",300,300,true],"ashe-single-navigation":["https:\/\/meeplendice.net\/wp-content\/uploads\/2023\/06\/TMAres_Decouverte-75x75.png",75,75,true],"mailpoet_newsletter_max":["https:\/\/meeplendice.net\/wp-content\/uploads\/2023\/06\/TMAres_Decouverte.png",350,350,false],"rpwe-thumbnail":["https:\/\/meeplendice.net\/wp-content\/uploads\/2023\/06\/TMAres_Decouverte-45x45.png",45,45,true],"sow-carousel-default":["https:\/\/meeplendice.net\/wp-content\/uploads\/2023\/06\/TMAres_Decouverte-272x182.png",272,182,true],"rt_custom":["https:\/\/meeplendice.net\/wp-content\/uploads\/2023\/06\/TMAres_Decouverte.png",350,350,false]},"rttpg_author":{"display_name":"Karnby","author_link":"https:\/\/meeplendice.net\/?author=2"},"rttpg_comment":0,"rttpg_category":null,"rttpg_excerpt":"Exp\u00e9dition Ar\u00e8s : D\u00e9couverte introduit de nouveaux concepts dans le c\u00e9l\u00e8bre jeu Terraforming Mars : Exp\u00e9dition Ar\u00e8s. Les fans de la version originales de Terraforming Mars appr\u00e9cieront le retour des R2compenses et des Objectifs, dans une toute nouvelle variante qui renforce la rejouabilit\u00e9 du jeu. De plus, certaines cartes Projet vous donnent d\u00e9sormais la possibilit\u00e9\u2026","_links":{"self":[{"href":"https:\/\/meeplendice.net\/index.php?rest_route=\/wp\/v2\/pages\/10929","targetHints":{"allow":["GET"]}}],"collection":[{"href":"https:\/\/meeplendice.net\/index.php?rest_route=\/wp\/v2\/pages"}],"about":[{"href":"https:\/\/meeplendice.net\/index.php?rest_route=\/wp\/v2\/types\/page"}],"author":[{"embeddable":true,"href":"https:\/\/meeplendice.net\/index.php?rest_route=\/wp\/v2\/users\/2"}],"replies":[{"embeddable":true,"href":"https:\/\/meeplendice.net\/index.php?rest_route=%2Fwp%2Fv2%2Fcomments&post=10929"}],"version-history":[{"count":3,"href":"https:\/\/meeplendice.net\/index.php?rest_route=\/wp\/v2\/pages\/10929\/revisions"}],"predecessor-version":[{"id":10932,"href":"https:\/\/meeplendice.net\/index.php?rest_route=\/wp\/v2\/pages\/10929\/revisions\/10932"}],"up":[{"embeddable":true,"href":"https:\/\/meeplendice.net\/index.php?rest_route=\/wp\/v2\/pages\/10005"}],"wp:featuredmedia":[{"embeddable":true,"href":"https:\/\/meeplendice.net\/index.php?rest_route=\/wp\/v2\/media\/10946"}],"wp:attachment":[{"href":"https:\/\/meeplendice.net\/index.php?rest_route=%2Fwp%2Fv2%2Fmedia&parent=10929"}],"curies":[{"name":"wp","href":"https:\/\/api.w.org\/{rel}","templated":true}]}}