{"id":11002,"date":"2023-06-11T22:18:55","date_gmt":"2023-06-11T21:18:55","guid":{"rendered":"https:\/\/meeplendice.net\/?page_id=11002"},"modified":"2023-12-23T18:23:21","modified_gmt":"2023-12-23T17:23:21","slug":"00_template_page","status":"publish","type":"page","link":"https:\/\/meeplendice.net\/?page_id=11002","title":{"rendered":"Alice&rsquo;s Garden"},"content":{"rendered":"<div id=\"pl-11002\"  class=\"panel-layout\" ><div id=\"pg-11002-0\"  class=\"panel-grid panel-no-style\" ><div id=\"pgc-11002-0-0\"  class=\"panel-grid-cell\" ><div id=\"panel-11002-0-0-0\" class=\"so-panel widget widget_sow-editor panel-first-child panel-last-child\" data-index=\"0\" ><div\n\t\t\t\n\t\t\tclass=\"so-widget-sow-editor so-widget-sow-editor-base\"\n\t\t\t\n\t\t>\n<div class=\"siteorigin-widget-tinymce textwidget\">\n\t<p style=\"text-align: center;\"><strong>Nombre de joueurs :<\/strong><br \/>\n1 - 4<\/p>\n<\/div>\n<\/div><\/div><\/div><div id=\"pgc-11002-0-1\"  class=\"panel-grid-cell\" ><div id=\"panel-11002-0-1-0\" class=\"so-panel widget widget_sow-editor panel-first-child panel-last-child\" data-index=\"1\" ><div\n\t\t\t\n\t\t\tclass=\"so-widget-sow-editor so-widget-sow-editor-base\"\n\t\t\t\n\t\t>\n<div class=\"siteorigin-widget-tinymce textwidget\">\n\t<p style=\"text-align: center;\"><strong>Dur\u00e9e moyenne :<\/strong><br \/>\n30 min<\/p>\n<\/div>\n<\/div><\/div><\/div><div id=\"pgc-11002-0-2\"  class=\"panel-grid-cell\" ><div id=\"panel-11002-0-2-0\" class=\"so-panel widget widget_sow-editor panel-first-child panel-last-child\" data-index=\"2\" ><div\n\t\t\t\n\t\t\tclass=\"so-widget-sow-editor so-widget-sow-editor-base\"\n\t\t\t\n\t\t>\n<div class=\"siteorigin-widget-tinymce textwidget\">\n\t<p style=\"text-align: center;\"><strong>Age :<\/strong><br \/>\n8 ans et plus<\/p>\n<\/div>\n<\/div><\/div><\/div><\/div><div id=\"pg-11002-1\"  class=\"panel-grid panel-no-style\" ><div id=\"pgc-11002-1-0\"  class=\"panel-grid-cell\" ><div id=\"panel-11002-1-0-0\" class=\"so-panel widget widget_sow-editor panel-first-child panel-last-child\" data-index=\"3\" ><div\n\t\t\t\n\t\t\tclass=\"so-widget-sow-editor so-widget-sow-editor-base\"\n\t\t\t\n\t\t>\n<div class=\"siteorigin-widget-tinymce textwidget\">\n\t<p style=\"text-align: center;\"><strong>Auteur(s) :<br \/>\n<\/strong><span class=\"data-siloing\" title=\"D\u00e9couvrez tous ces jeux\" data-siloing=\"https:\/\/www.philibertnet.com\/fr\/recherche?feature=31&amp;feature_value=Th\u00e9o Riviere\">Ikhwan Kwon<br \/>\n<\/span><\/p>\n<\/div>\n<\/div><\/div><\/div><div id=\"pgc-11002-1-1\"  class=\"panel-grid-cell\" ><div id=\"panel-11002-1-1-0\" class=\"so-panel widget widget_sow-editor panel-first-child panel-last-child\" data-index=\"4\" ><div\n\t\t\t\n\t\t\tclass=\"so-widget-sow-editor so-widget-sow-editor-base\"\n\t\t\t\n\t\t>\n<div class=\"siteorigin-widget-tinymce textwidget\">\n\t<p style=\"text-align: center;\"><strong>Illustrations :<\/strong><br \/>\n<span class=\"data-siloing\" title=\"D\u00e9couvrez tous ces jeux\" data-siloing=\"https:\/\/www.philibertnet.com\/fr\/recherche?feature=41&amp;feature_value=Jiahui Eva Gao\">Eugenia Smolenceva<br \/>\n<\/span><\/p>\n<\/div>\n<\/div><\/div><\/div><div id=\"pgc-11002-1-2\"  class=\"panel-grid-cell\" ><div id=\"panel-11002-1-2-0\" class=\"so-panel widget widget_sow-editor panel-first-child panel-last-child\" data-index=\"5\" ><div\n\t\t\t\n\t\t\tclass=\"so-widget-sow-editor so-widget-sow-editor-base\"\n\t\t\t\n\t\t>\n<div class=\"siteorigin-widget-tinymce textwidget\">\n\t<p style=\"text-align: center;\"><strong>\u00c9dition :<\/strong><br \/>\nABI Games<br \/>\n2022<\/p>\n<\/div>\n<\/div><\/div><\/div><div id=\"pgc-11002-1-3\"  class=\"panel-grid-cell\" ><div id=\"panel-11002-1-3-0\" class=\"so-panel widget widget_sow-editor panel-first-child panel-last-child\" data-index=\"6\" ><div\n\t\t\t\n\t\t\tclass=\"so-widget-sow-editor so-widget-sow-editor-base\"\n\t\t\t\n\t\t>\n<div class=\"siteorigin-widget-tinymce textwidget\">\n\t<p style=\"text-align: center;\"><strong>Version :<\/strong><br \/>\nFran\u00e7aise<\/p>\n<\/div>\n<\/div><\/div><\/div><\/div><div id=\"pg-11002-2\"  class=\"panel-grid panel-no-style\" ><div id=\"pgc-11002-2-0\"  class=\"panel-grid-cell\" ><div id=\"panel-11002-2-0-0\" class=\"so-panel widget widget_sow-editor panel-first-child panel-last-child\" data-index=\"7\" ><div\n\t\t\t\n\t\t\tclass=\"so-widget-sow-editor so-widget-sow-editor-base\"\n\t\t\t\n\t\t>\n<div class=\"siteorigin-widget-tinymce textwidget\">\n\t<hr \/>\n<p><em>Les pauvres Jardiniers tremblent comme des feuilles en essayant d'\u00e9viter la fureur de la Reine.<br \/>\nComment faire pour apaiser la col\u00e8re de Sa Majest\u00e9 ?<br \/>\nElle veux que les arbres aussi \u00e9loign\u00e9es les uns des autres que possible, mais exige un maximum de rosiers somptueux sur l\u2019enti\u00e8ret\u00e9 du territoire du Pays des Merveilles. Et s'il n'y a pas de chemins trac\u00e9s pour permettre le d\u00e9placement des pi_ces d'\u00e9checs, elle va certainement faire couper la t\u00eate des jardiniers !<\/em><\/p>\n<p><em>Alice n'avait aucune id\u00e9e du d\u00e9fi qu'elle devrait relever pour aider les jardiniers \u00e0 sauver leur t\u00eate. Apportez-lui assistance afin de cr\u00e9er le plus beau jardin pour que les exigences de la Reine de C\u0153ur soient enfin satisfaites !<br \/>\n<\/em><\/p>\n<p>&nbsp;<\/p>\n<p><em>Alice's Garden<\/em> s\u00e9duit tout de suite par son ambiance bucolique et son mat\u00e9riel original qui vous transportera au pays des merveilles. Vous \u00eates dans la peau du jardinier royal et votre plateau de jeu est votre parcelle de jardin dans laquelle vous allez devoir faire vos preuves ! A vous d'agencer au mieux les pi\u00e8ces disponibles pour satisfaire les d\u00e9sirs de Sa Majest\u00e9.<\/p>\n<\/div>\n<\/div><\/div><\/div><\/div><div id=\"pg-11002-3\"  class=\"panel-grid panel-no-style\" ><div id=\"pgc-11002-3-0\"  class=\"panel-grid-cell\" ><div id=\"panel-11002-3-0-0\" class=\"so-panel widget widget_sow-editor panel-first-child panel-last-child\" data-index=\"8\" ><div\n\t\t\t\n\t\t\tclass=\"so-widget-sow-editor so-widget-sow-editor-base\"\n\t\t\t\n\t\t>\n<div class=\"siteorigin-widget-tinymce textwidget\">\n\t<hr \/>\n<h3 style=\"text-align: center;\">En vid\u00e9o<\/h3>\n<p><a href=\"https:\/\/www.youtube.com\/embed\/1kzRjbQrkGk\" target=\"_blank\" rel=\"noopener\"><img loading=\"lazy\" decoding=\"async\" class=\"alignnone size-full wp-image-9090\" src=\"https:\/\/meeplendice.net\/wp-content\/uploads\/2022\/01\/Link_CJ_v2.png\" alt=\"\" width=\"200\" height=\"170\" \/><\/a><\/p>\n<\/div>\n<\/div><\/div><\/div><\/div><div id=\"pg-11002-4\"  class=\"panel-grid panel-no-style\" ><div id=\"pgc-11002-4-0\"  class=\"panel-grid-cell\" ><div id=\"panel-11002-4-0-0\" class=\"so-panel widget widget_sow-editor panel-first-child panel-last-child\" data-index=\"9\" ><div\n\t\t\t\n\t\t\tclass=\"so-widget-sow-editor so-widget-sow-editor-base\"\n\t\t\t\n\t\t>\n<div class=\"siteorigin-widget-tinymce textwidget\">\n\t<hr \/>\n<h3 style=\"text-align: center;\">Pour aller plus loin<\/h3>\n<\/div>\n<\/div><\/div><\/div><\/div><\/div>","protected":false},"excerpt":{"rendered":"<p>Nombre de joueurs : 1 &#8211; 4 Dur\u00e9e moyenne : 30 min Age : 8 ans et plus Auteur(s) : Ikhwan Kwon Illustrations : Eugenia Smolenceva \u00c9dition : ABI Games 2022 Version : Fran\u00e7aise<\/p>\n","protected":false},"author":2,"featured_media":11601,"parent":0,"menu_order":0,"comment_status":"closed","ping_status":"closed","template":"","meta":{"footnotes":""},"class_list":["post-11002","page","type-page","status-publish","has-post-thumbnail","hentry"],"acf":[],"rttpg_featured_image_url":{"full":["https:\/\/meeplendice.net\/wp-content\/uploads\/2023\/12\/Alices_Garden.png",350,350,false],"landscape":["https:\/\/meeplendice.net\/wp-content\/uploads\/2023\/12\/Alices_Garden.png",350,350,false],"portraits":["https:\/\/meeplendice.net\/wp-content\/uploads\/2023\/12\/Alices_Garden.png",350,350,false],"thumbnail":["https:\/\/meeplendice.net\/wp-content\/uploads\/2023\/12\/Alices_Garden-150x150.png",150,150,true],"medium":["https:\/\/meeplendice.net\/wp-content\/uploads\/2023\/12\/Alices_Garden-300x300.png",300,300,true],"large":["https:\/\/meeplendice.net\/wp-content\/uploads\/2023\/12\/Alices_Garden.png",350,350,false],"ug_big":["https:\/\/meeplendice.net\/wp-content\/uploads\/2023\/12\/Alices_Garden.png",350,350,false],"1536x1536":["https:\/\/meeplendice.net\/wp-content\/uploads\/2023\/12\/Alices_Garden.png",350,350,false],"2048x2048":["https:\/\/meeplendice.net\/wp-content\/uploads\/2023\/12\/Alices_Garden.png",350,350,false],"ashe-slider-grid-thumbnail":["https:\/\/meeplendice.net\/wp-content\/uploads\/2023\/12\/Alices_Garden.png",350,350,false],"ashe-full-thumbnail":["https:\/\/meeplendice.net\/wp-content\/uploads\/2023\/12\/Alices_Garden.png",350,350,false],"ashe-grid-thumbnail":["https:\/\/meeplendice.net\/wp-content\/uploads\/2023\/12\/Alices_Garden-350x330.png",350,330,true],"ashe-list-thumbnail":["https:\/\/meeplendice.net\/wp-content\/uploads\/2023\/12\/Alices_Garden-300x300.png",300,300,true],"ashe-single-navigation":["https:\/\/meeplendice.net\/wp-content\/uploads\/2023\/12\/Alices_Garden-75x75.png",75,75,true],"mailpoet_newsletter_max":["https:\/\/meeplendice.net\/wp-content\/uploads\/2023\/12\/Alices_Garden.png",350,350,false],"rpwe-thumbnail":["https:\/\/meeplendice.net\/wp-content\/uploads\/2023\/12\/Alices_Garden-45x45.png",45,45,true],"sow-carousel-default":["https:\/\/meeplendice.net\/wp-content\/uploads\/2023\/12\/Alices_Garden-272x182.png",272,182,true],"rt_custom":["https:\/\/meeplendice.net\/wp-content\/uploads\/2023\/12\/Alices_Garden.png",350,350,false]},"rttpg_author":{"display_name":"Karnby","author_link":"https:\/\/meeplendice.net\/?author=2"},"rttpg_comment":0,"rttpg_category":null,"rttpg_excerpt":"Nombre de joueurs : 1 - 4 Dur\u00e9e moyenne : 30 min Age : 8 ans et plus Auteur(s) : Ikhwan Kwon Illustrations : Eugenia Smolenceva \u00c9dition : ABI Games 2022 Version : Fran\u00e7aise","_links":{"self":[{"href":"https:\/\/meeplendice.net\/index.php?rest_route=\/wp\/v2\/pages\/11002","targetHints":{"allow":["GET"]}}],"collection":[{"href":"https:\/\/meeplendice.net\/index.php?rest_route=\/wp\/v2\/pages"}],"about":[{"href":"https:\/\/meeplendice.net\/index.php?rest_route=\/wp\/v2\/types\/page"}],"author":[{"embeddable":true,"href":"https:\/\/meeplendice.net\/index.php?rest_route=\/wp\/v2\/users\/2"}],"replies":[{"embeddable":true,"href":"https:\/\/meeplendice.net\/index.php?rest_route=%2Fwp%2Fv2%2Fcomments&post=11002"}],"version-history":[{"count":6,"href":"https:\/\/meeplendice.net\/index.php?rest_route=\/wp\/v2\/pages\/11002\/revisions"}],"predecessor-version":[{"id":11699,"href":"https:\/\/meeplendice.net\/index.php?rest_route=\/wp\/v2\/pages\/11002\/revisions\/11699"}],"wp:featuredmedia":[{"embeddable":true,"href":"https:\/\/meeplendice.net\/index.php?rest_route=\/wp\/v2\/media\/11601"}],"wp:attachment":[{"href":"https:\/\/meeplendice.net\/index.php?rest_route=%2Fwp%2Fv2%2Fmedia&parent=11002"}],"curies":[{"name":"wp","href":"https:\/\/api.w.org\/{rel}","templated":true}]}}