{"id":11004,"date":"2023-06-11T22:23:03","date_gmt":"2023-06-11T21:23:03","guid":{"rendered":"https:\/\/meeplendice.net\/?page_id=11004"},"modified":"2023-06-11T22:24:35","modified_gmt":"2023-06-11T21:24:35","slug":"kraken","status":"publish","type":"page","link":"https:\/\/meeplendice.net\/?page_id=11004","title":{"rendered":"Aquamarine"},"content":{"rendered":"<p>Les eaux du Japon d&rsquo;autrefois r\u00e9servent encore des surprises aux p\u00eacheurs les plus chevronn\u00e9s. P\u00eachez les rarissimes poissons arc-en-ciel, remplissez votre nasse de nouveaux crustac\u00e9s, et livrez vos offrandes \u00e0 la mer au moment le plus opportun pour faire fructifier votre voyage.<\/p>\n<p>Embarquez pour l&rsquo;aventure !<\/p>\n<p style=\"text-align: justify;\"><span id=\"result_box\" class=\"\" lang=\"fr\"><span class=\"\">\u00a0<\/span><\/span><\/p>\n","protected":false},"excerpt":{"rendered":"<p>Les eaux du Japon d&rsquo;autrefois r\u00e9servent encore des surprises aux p\u00eacheurs les plus chevronn\u00e9s. P\u00eachez les rarissimes poissons arc-en-ciel, remplissez votre nasse de nouveaux crustac\u00e9s, et livrez vos offrandes \u00e0 la mer au moment le plus opportun pour faire fructifier votre voyage. Embarquez pour l&rsquo;aventure ! \u00a0<\/p>\n","protected":false},"author":2,"featured_media":10570,"parent":10914,"menu_order":1,"comment_status":"closed","ping_status":"closed","template":"","meta":{"footnotes":""},"class_list":["post-11004","page","type-page","status-publish","has-post-thumbnail","hentry"],"acf":[],"rttpg_featured_image_url":{"full":["https:\/\/meeplendice.net\/wp-content\/uploads\/2023\/02\/Namiji_Aquamarine.png",350,350,false],"landscape":["https:\/\/meeplendice.net\/wp-content\/uploads\/2023\/02\/Namiji_Aquamarine.png",350,350,false],"portraits":["https:\/\/meeplendice.net\/wp-content\/uploads\/2023\/02\/Namiji_Aquamarine.png",350,350,false],"thumbnail":["https:\/\/meeplendice.net\/wp-content\/uploads\/2023\/02\/Namiji_Aquamarine-150x150.png",150,150,true],"medium":["https:\/\/meeplendice.net\/wp-content\/uploads\/2023\/02\/Namiji_Aquamarine-300x300.png",300,300,true],"large":["https:\/\/meeplendice.net\/wp-content\/uploads\/2023\/02\/Namiji_Aquamarine.png",350,350,false],"ug_big":["https:\/\/meeplendice.net\/wp-content\/uploads\/2023\/02\/Namiji_Aquamarine.png",350,350,false],"1536x1536":["https:\/\/meeplendice.net\/wp-content\/uploads\/2023\/02\/Namiji_Aquamarine.png",350,350,false],"2048x2048":["https:\/\/meeplendice.net\/wp-content\/uploads\/2023\/02\/Namiji_Aquamarine.png",350,350,false],"ashe-slider-grid-thumbnail":["https:\/\/meeplendice.net\/wp-content\/uploads\/2023\/02\/Namiji_Aquamarine.png",350,350,false],"ashe-full-thumbnail":["https:\/\/meeplendice.net\/wp-content\/uploads\/2023\/02\/Namiji_Aquamarine.png",350,350,false],"ashe-grid-thumbnail":["https:\/\/meeplendice.net\/wp-content\/uploads\/2023\/02\/Namiji_Aquamarine-350x330.png",350,330,true],"ashe-list-thumbnail":["https:\/\/meeplendice.net\/wp-content\/uploads\/2023\/02\/Namiji_Aquamarine-300x300.png",300,300,true],"ashe-single-navigation":["https:\/\/meeplendice.net\/wp-content\/uploads\/2023\/02\/Namiji_Aquamarine-75x75.png",75,75,true],"mailpoet_newsletter_max":["https:\/\/meeplendice.net\/wp-content\/uploads\/2023\/02\/Namiji_Aquamarine.png",350,350,false],"rpwe-thumbnail":["https:\/\/meeplendice.net\/wp-content\/uploads\/2023\/02\/Namiji_Aquamarine-45x45.png",45,45,true],"sow-carousel-default":["https:\/\/meeplendice.net\/wp-content\/uploads\/2023\/02\/Namiji_Aquamarine-272x182.png",272,182,true],"rt_custom":["https:\/\/meeplendice.net\/wp-content\/uploads\/2023\/02\/Namiji_Aquamarine.png",350,350,false]},"rttpg_author":{"display_name":"Karnby","author_link":"https:\/\/meeplendice.net\/?author=2"},"rttpg_comment":0,"rttpg_category":null,"rttpg_excerpt":"Les eaux du Japon d&rsquo;autrefois r\u00e9servent encore des surprises aux p\u00eacheurs les plus chevronn\u00e9s. P\u00eachez les rarissimes poissons arc-en-ciel, remplissez votre nasse de nouveaux crustac\u00e9s, et livrez vos offrandes \u00e0 la mer au moment le plus opportun pour faire fructifier votre voyage. Embarquez pour l&rsquo;aventure ! \u00a0","_links":{"self":[{"href":"https:\/\/meeplendice.net\/index.php?rest_route=\/wp\/v2\/pages\/11004","targetHints":{"allow":["GET"]}}],"collection":[{"href":"https:\/\/meeplendice.net\/index.php?rest_route=\/wp\/v2\/pages"}],"about":[{"href":"https:\/\/meeplendice.net\/index.php?rest_route=\/wp\/v2\/types\/page"}],"author":[{"embeddable":true,"href":"https:\/\/meeplendice.net\/index.php?rest_route=\/wp\/v2\/users\/2"}],"replies":[{"embeddable":true,"href":"https:\/\/meeplendice.net\/index.php?rest_route=%2Fwp%2Fv2%2Fcomments&post=11004"}],"version-history":[{"count":2,"href":"https:\/\/meeplendice.net\/index.php?rest_route=\/wp\/v2\/pages\/11004\/revisions"}],"predecessor-version":[{"id":11007,"href":"https:\/\/meeplendice.net\/index.php?rest_route=\/wp\/v2\/pages\/11004\/revisions\/11007"}],"up":[{"embeddable":true,"href":"https:\/\/meeplendice.net\/index.php?rest_route=\/wp\/v2\/pages\/10914"}],"wp:featuredmedia":[{"embeddable":true,"href":"https:\/\/meeplendice.net\/index.php?rest_route=\/wp\/v2\/media\/10570"}],"wp:attachment":[{"href":"https:\/\/meeplendice.net\/index.php?rest_route=%2Fwp%2Fv2%2Fmedia&parent=11004"}],"curies":[{"name":"wp","href":"https:\/\/api.w.org\/{rel}","templated":true}]}}