{"id":11016,"date":"2023-06-11T23:42:44","date_gmt":"2023-06-11T22:42:44","guid":{"rendered":"https:\/\/meeplendice.net\/?page_id=11016"},"modified":"2023-06-11T23:47:54","modified_gmt":"2023-06-11T22:47:54","slug":"cavendish","status":"publish","type":"page","link":"https:\/\/meeplendice.net\/?page_id=11016","title":{"rendered":"Cavendish"},"content":{"rendered":"<p><span id=\"result_box\" class=\"\" lang=\"fr\"><span class=\"\">N.T 1958 : Au coeur d&rsquo;une distorsion temporelle, le manoir Cavendish vous attend. Saurez-vous lever la mal\u00e9diction des lieux et percer ses myst\u00e8res ? Prenez garde, les h\u00f4tes ont tendance \u00e0 s&rsquo;\u00e9terniser&#8230;<br \/>\n<\/span><\/span><\/p>\n<p><span id=\"result_box\" class=\"\" lang=\"fr\"><span class=\"\">A contribu\u00e9 \u00e0 l\u2019\u00e9laboration de ce sc\u00e9nario : Fran\u00e7ois Doucet &amp; Vincent Goyat<br \/>\nIllustrateurs : John McCambridge<br \/>\n<\/span><\/span><\/p>\n","protected":false},"excerpt":{"rendered":"<p>N.T 1958 : Au coeur d&rsquo;une distorsion temporelle, le manoir Cavendish vous attend. Saurez-vous lever la mal\u00e9diction des lieux et percer ses myst\u00e8res ? Prenez garde, les h\u00f4tes ont tendance \u00e0 s&rsquo;\u00e9terniser&#8230; A contribu\u00e9 \u00e0 l\u2019\u00e9laboration de ce sc\u00e9nario : Fran\u00e7ois Doucet &amp; Vincent Goyat Illustrateurs : John McCambridge<\/p>\n","protected":false},"author":2,"featured_media":10999,"parent":5484,"menu_order":4,"comment_status":"closed","ping_status":"closed","template":"","meta":{"footnotes":""},"class_list":["post-11016","page","type-page","status-publish","has-post-thumbnail","hentry"],"acf":[],"rttpg_featured_image_url":{"full":["https:\/\/meeplendice.net\/wp-content\/uploads\/2023\/06\/TIME_Cavendish.png",350,350,false],"landscape":["https:\/\/meeplendice.net\/wp-content\/uploads\/2023\/06\/TIME_Cavendish.png",350,350,false],"portraits":["https:\/\/meeplendice.net\/wp-content\/uploads\/2023\/06\/TIME_Cavendish.png",350,350,false],"thumbnail":["https:\/\/meeplendice.net\/wp-content\/uploads\/2023\/06\/TIME_Cavendish-150x150.png",150,150,true],"medium":["https:\/\/meeplendice.net\/wp-content\/uploads\/2023\/06\/TIME_Cavendish-300x300.png",300,300,true],"large":["https:\/\/meeplendice.net\/wp-content\/uploads\/2023\/06\/TIME_Cavendish.png",350,350,false],"ug_big":["https:\/\/meeplendice.net\/wp-content\/uploads\/2023\/06\/TIME_Cavendish.png",350,350,false],"1536x1536":["https:\/\/meeplendice.net\/wp-content\/uploads\/2023\/06\/TIME_Cavendish.png",350,350,false],"2048x2048":["https:\/\/meeplendice.net\/wp-content\/uploads\/2023\/06\/TIME_Cavendish.png",350,350,false],"ashe-slider-grid-thumbnail":["https:\/\/meeplendice.net\/wp-content\/uploads\/2023\/06\/TIME_Cavendish.png",350,350,false],"ashe-full-thumbnail":["https:\/\/meeplendice.net\/wp-content\/uploads\/2023\/06\/TIME_Cavendish.png",350,350,false],"ashe-grid-thumbnail":["https:\/\/meeplendice.net\/wp-content\/uploads\/2023\/06\/TIME_Cavendish-350x330.png",350,330,true],"ashe-list-thumbnail":["https:\/\/meeplendice.net\/wp-content\/uploads\/2023\/06\/TIME_Cavendish-300x300.png",300,300,true],"ashe-single-navigation":["https:\/\/meeplendice.net\/wp-content\/uploads\/2023\/06\/TIME_Cavendish-75x75.png",75,75,true],"mailpoet_newsletter_max":["https:\/\/meeplendice.net\/wp-content\/uploads\/2023\/06\/TIME_Cavendish.png",350,350,false],"rpwe-thumbnail":["https:\/\/meeplendice.net\/wp-content\/uploads\/2023\/06\/TIME_Cavendish-45x45.png",45,45,true],"sow-carousel-default":["https:\/\/meeplendice.net\/wp-content\/uploads\/2023\/06\/TIME_Cavendish-272x182.png",272,182,true],"rt_custom":["https:\/\/meeplendice.net\/wp-content\/uploads\/2023\/06\/TIME_Cavendish.png",350,350,false]},"rttpg_author":{"display_name":"Karnby","author_link":"https:\/\/meeplendice.net\/?author=2"},"rttpg_comment":0,"rttpg_category":null,"rttpg_excerpt":"N.T 1958 : Au coeur d&rsquo;une distorsion temporelle, le manoir Cavendish vous attend. Saurez-vous lever la mal\u00e9diction des lieux et percer ses myst\u00e8res ? Prenez garde, les h\u00f4tes ont tendance \u00e0 s&rsquo;\u00e9terniser&#8230; A contribu\u00e9 \u00e0 l\u2019\u00e9laboration de ce sc\u00e9nario : Fran\u00e7ois Doucet &amp; Vincent Goyat Illustrateurs : John McCambridge","_links":{"self":[{"href":"https:\/\/meeplendice.net\/index.php?rest_route=\/wp\/v2\/pages\/11016","targetHints":{"allow":["GET"]}}],"collection":[{"href":"https:\/\/meeplendice.net\/index.php?rest_route=\/wp\/v2\/pages"}],"about":[{"href":"https:\/\/meeplendice.net\/index.php?rest_route=\/wp\/v2\/types\/page"}],"author":[{"embeddable":true,"href":"https:\/\/meeplendice.net\/index.php?rest_route=\/wp\/v2\/users\/2"}],"replies":[{"embeddable":true,"href":"https:\/\/meeplendice.net\/index.php?rest_route=%2Fwp%2Fv2%2Fcomments&post=11016"}],"version-history":[{"count":3,"href":"https:\/\/meeplendice.net\/index.php?rest_route=\/wp\/v2\/pages\/11016\/revisions"}],"predecessor-version":[{"id":11020,"href":"https:\/\/meeplendice.net\/index.php?rest_route=\/wp\/v2\/pages\/11016\/revisions\/11020"}],"up":[{"embeddable":true,"href":"https:\/\/meeplendice.net\/index.php?rest_route=\/wp\/v2\/pages\/5484"}],"wp:featuredmedia":[{"embeddable":true,"href":"https:\/\/meeplendice.net\/index.php?rest_route=\/wp\/v2\/media\/10999"}],"wp:attachment":[{"href":"https:\/\/meeplendice.net\/index.php?rest_route=%2Fwp%2Fv2%2Fmedia&parent=11016"}],"curies":[{"name":"wp","href":"https:\/\/api.w.org\/{rel}","templated":true}]}}