{"id":11018,"date":"2023-06-11T23:48:34","date_gmt":"2023-06-11T22:48:34","guid":{"rendered":"https:\/\/meeplendice.net\/?page_id=11018"},"modified":"2023-06-11T23:58:20","modified_gmt":"2023-06-11T22:58:20","slug":"une-nuit-dete","status":"publish","type":"page","link":"https:\/\/meeplendice.net\/?page_id=11018","title":{"rendered":"Une nuit d&rsquo;\u00e9t\u00e9"},"content":{"rendered":"<p><span id=\"result_box\" class=\"\" lang=\"fr\"><span class=\"\">A.T 6951 : D\u00e9couvrez un monde \u00e9trange empli de cr\u00e9atures merveilleuses, d&rsquo;illusions et de lieux subtilement d\u00e9form\u00e9s. Dans cette aventure unique et cette r\u00e9alit\u00e9 alternative, rien ne doit \u00eatre pris en mauvaise part s&rsquo;il est offert avec candeur et respect.<br \/>\n<\/span><\/span><\/p>\n<p><span id=\"result_box\" class=\"\" lang=\"fr\"><span class=\"\">A contribu\u00e9 \u00e0 l\u2019\u00e9laboration de ce sc\u00e9nario : Antonin Merieux<br \/>\nIllustrateurs : Juliette Carette<br \/>\n<\/span><\/span><\/p>\n","protected":false},"excerpt":{"rendered":"<p>A.T 6951 : D\u00e9couvrez un monde \u00e9trange empli de cr\u00e9atures merveilleuses, d&rsquo;illusions et de lieux subtilement d\u00e9form\u00e9s. Dans cette aventure unique et cette r\u00e9alit\u00e9 alternative, rien ne doit \u00eatre pris en mauvaise part s&rsquo;il est offert avec candeur et respect. A contribu\u00e9 \u00e0 l\u2019\u00e9laboration de ce sc\u00e9nario : Antonin Merieux Illustrateurs : Juliette Carette<\/p>\n","protected":false},"author":2,"featured_media":8927,"parent":5484,"menu_order":3,"comment_status":"closed","ping_status":"closed","template":"","meta":{"footnotes":""},"class_list":["post-11018","page","type-page","status-publish","has-post-thumbnail","hentry"],"acf":[],"rttpg_featured_image_url":{"full":["https:\/\/meeplendice.net\/wp-content\/uploads\/2022\/01\/TIME_R_Unenuit.png",350,350,false],"landscape":["https:\/\/meeplendice.net\/wp-content\/uploads\/2022\/01\/TIME_R_Unenuit.png",350,350,false],"portraits":["https:\/\/meeplendice.net\/wp-content\/uploads\/2022\/01\/TIME_R_Unenuit.png",350,350,false],"thumbnail":["https:\/\/meeplendice.net\/wp-content\/uploads\/2022\/01\/TIME_R_Unenuit-150x150.png",150,150,true],"medium":["https:\/\/meeplendice.net\/wp-content\/uploads\/2022\/01\/TIME_R_Unenuit-300x300.png",300,300,true],"large":["https:\/\/meeplendice.net\/wp-content\/uploads\/2022\/01\/TIME_R_Unenuit.png",350,350,false],"ug_big":["https:\/\/meeplendice.net\/wp-content\/uploads\/2022\/01\/TIME_R_Unenuit.png",350,350,false],"1536x1536":["https:\/\/meeplendice.net\/wp-content\/uploads\/2022\/01\/TIME_R_Unenuit.png",350,350,false],"2048x2048":["https:\/\/meeplendice.net\/wp-content\/uploads\/2022\/01\/TIME_R_Unenuit.png",350,350,false],"ashe-slider-grid-thumbnail":["https:\/\/meeplendice.net\/wp-content\/uploads\/2022\/01\/TIME_R_Unenuit.png",350,350,false],"ashe-full-thumbnail":["https:\/\/meeplendice.net\/wp-content\/uploads\/2022\/01\/TIME_R_Unenuit.png",350,350,false],"ashe-grid-thumbnail":["https:\/\/meeplendice.net\/wp-content\/uploads\/2022\/01\/TIME_R_Unenuit-350x330.png",350,330,true],"ashe-list-thumbnail":["https:\/\/meeplendice.net\/wp-content\/uploads\/2022\/01\/TIME_R_Unenuit-300x300.png",300,300,true],"ashe-single-navigation":["https:\/\/meeplendice.net\/wp-content\/uploads\/2022\/01\/TIME_R_Unenuit-75x75.png",75,75,true],"mailpoet_newsletter_max":["https:\/\/meeplendice.net\/wp-content\/uploads\/2022\/01\/TIME_R_Unenuit.png",350,350,false],"rpwe-thumbnail":["https:\/\/meeplendice.net\/wp-content\/uploads\/2022\/01\/TIME_R_Unenuit-45x45.png",45,45,true],"sow-carousel-default":["https:\/\/meeplendice.net\/wp-content\/uploads\/2022\/01\/TIME_R_Unenuit-272x182.png",272,182,true],"rt_custom":["https:\/\/meeplendice.net\/wp-content\/uploads\/2022\/01\/TIME_R_Unenuit.png",350,350,false]},"rttpg_author":{"display_name":"Karnby","author_link":"https:\/\/meeplendice.net\/?author=2"},"rttpg_comment":0,"rttpg_category":null,"rttpg_excerpt":"A.T 6951 : D\u00e9couvrez un monde \u00e9trange empli de cr\u00e9atures merveilleuses, d&rsquo;illusions et de lieux subtilement d\u00e9form\u00e9s. Dans cette aventure unique et cette r\u00e9alit\u00e9 alternative, rien ne doit \u00eatre pris en mauvaise part s&rsquo;il est offert avec candeur et respect. A contribu\u00e9 \u00e0 l\u2019\u00e9laboration de ce sc\u00e9nario : Antonin Merieux Illustrateurs : Juliette Carette","_links":{"self":[{"href":"https:\/\/meeplendice.net\/index.php?rest_route=\/wp\/v2\/pages\/11018","targetHints":{"allow":["GET"]}}],"collection":[{"href":"https:\/\/meeplendice.net\/index.php?rest_route=\/wp\/v2\/pages"}],"about":[{"href":"https:\/\/meeplendice.net\/index.php?rest_route=\/wp\/v2\/types\/page"}],"author":[{"embeddable":true,"href":"https:\/\/meeplendice.net\/index.php?rest_route=\/wp\/v2\/users\/2"}],"replies":[{"embeddable":true,"href":"https:\/\/meeplendice.net\/index.php?rest_route=%2Fwp%2Fv2%2Fcomments&post=11018"}],"version-history":[{"count":3,"href":"https:\/\/meeplendice.net\/index.php?rest_route=\/wp\/v2\/pages\/11018\/revisions"}],"predecessor-version":[{"id":11023,"href":"https:\/\/meeplendice.net\/index.php?rest_route=\/wp\/v2\/pages\/11018\/revisions\/11023"}],"up":[{"embeddable":true,"href":"https:\/\/meeplendice.net\/index.php?rest_route=\/wp\/v2\/pages\/5484"}],"wp:featuredmedia":[{"embeddable":true,"href":"https:\/\/meeplendice.net\/index.php?rest_route=\/wp\/v2\/media\/8927"}],"wp:attachment":[{"href":"https:\/\/meeplendice.net\/index.php?rest_route=%2Fwp%2Fv2%2Fmedia&parent=11018"}],"curies":[{"name":"wp","href":"https:\/\/api.w.org\/{rel}","templated":true}]}}