{"id":11025,"date":"2023-06-12T00:13:59","date_gmt":"2023-06-11T23:13:59","guid":{"rendered":"https:\/\/meeplendice.net\/?page_id=11025"},"modified":"2025-12-05T17:25:12","modified_gmt":"2025-12-05T15:25:12","slug":"mindbug-2","status":"publish","type":"page","link":"https:\/\/meeplendice.net\/?page_id=11025","title":{"rendered":"Mindbug"},"content":{"rendered":"<div id=\"pl-11025\"  class=\"panel-layout\" ><div id=\"pg-11025-0\"  class=\"panel-grid panel-no-style\" ><div id=\"pgc-11025-0-0\"  class=\"panel-grid-cell\" ><div id=\"panel-11025-0-0-0\" class=\"so-panel widget widget_sow-editor panel-first-child panel-last-child\" data-index=\"0\" ><div\n\t\t\t\n\t\t\tclass=\"so-widget-sow-editor so-widget-sow-editor-base\"\n\t\t\t\n\t\t>\n<div class=\"siteorigin-widget-tinymce textwidget\">\n\t<p style=\"text-align: center;\"><strong>Nombre de joueurs :<\/strong><br \/>\n2 - 2<\/p>\n<\/div>\n<\/div><\/div><\/div><div id=\"pgc-11025-0-1\"  class=\"panel-grid-cell\" ><div id=\"panel-11025-0-1-0\" class=\"so-panel widget widget_sow-editor panel-first-child panel-last-child\" data-index=\"1\" ><div\n\t\t\t\n\t\t\tclass=\"so-widget-sow-editor so-widget-sow-editor-base\"\n\t\t\t\n\t\t>\n<div class=\"siteorigin-widget-tinymce textwidget\">\n\t<p style=\"text-align: center;\"><strong>Dur\u00e9e moyenne :<\/strong><br \/>\n20 min<\/p>\n<\/div>\n<\/div><\/div><\/div><div id=\"pgc-11025-0-2\"  class=\"panel-grid-cell\" ><div id=\"panel-11025-0-2-0\" class=\"so-panel widget widget_sow-editor panel-first-child panel-last-child\" data-index=\"2\" ><div\n\t\t\t\n\t\t\tclass=\"so-widget-sow-editor so-widget-sow-editor-base\"\n\t\t\t\n\t\t>\n<div class=\"siteorigin-widget-tinymce textwidget\">\n\t<p style=\"text-align: center;\"><strong>Age :<\/strong><br \/>\n8 ans et plus<\/p>\n<\/div>\n<\/div><\/div><\/div><\/div><div id=\"pg-11025-1\"  class=\"panel-grid panel-no-style\" ><div id=\"pgc-11025-1-0\"  class=\"panel-grid-cell\" ><div id=\"panel-11025-1-0-0\" class=\"so-panel widget widget_sow-editor panel-first-child panel-last-child\" data-index=\"3\" ><div\n\t\t\t\n\t\t\tclass=\"so-widget-sow-editor so-widget-sow-editor-base\"\n\t\t\t\n\t\t>\n<div class=\"siteorigin-widget-tinymce textwidget\">\n\t<hr \/>\n<p><em>Lancez vos cr\u00e9atures \u00e0 l'assaut de votre adversaire, mais m\u00e9fiez-vous : elles pourraient se retourner contre vous !<\/em><\/p>\n<p><em>Votre adversaire joue une cr\u00e9ature qui lui donne un avantage d\u00e9cisif ?<br \/>\nActivez l'un de vos Mindbugs, et ajoutez cette cr\u00e9ature \u00e0 vos propres forces !<\/em><\/p>\n<p>Dans <em>Mindbug<\/em>, vous invoquez des cr\u00e9atures hybrides et les envoyez au combat contre les cr\u00e9atures de votre adversaire. Mais faite attention : lorsque vous invoquez une cr\u00e9ature, votre adversaire peut utiliser l'un de ses Mindsbugs pour en prendre le contr\u00f4le.<\/p>\n<p>D\u00e9jouez votre adversaire lors d'un duel tactique fascinant, dans lequel avoir les meilleures cartes et les jouer au mauvais moment peut s'av\u00e9rer fatal.<\/p>\n<\/div>\n<\/div><\/div><\/div><\/div><div id=\"pg-11025-2\"  class=\"panel-grid panel-no-style\" ><div id=\"pgc-11025-2-0\"  class=\"panel-grid-cell\" ><div id=\"panel-11025-2-0-0\" class=\"so-panel widget widget_sow-editor panel-first-child panel-last-child\" data-index=\"4\" ><div\n\t\t\t\n\t\t\tclass=\"so-widget-sow-editor so-widget-sow-editor-base\"\n\t\t\t\n\t\t>\n<div class=\"siteorigin-widget-tinymce textwidget\">\n\t<hr \/>\n<h3 style=\"text-align: center;\">En vid\u00e9o<\/h3>\n<p><a href=\"https:\/\/www.youtube.com\/watch?time_continue=2&amp;v=akBvcegmcbs&amp;embeds_referring_euri=https%3A%2F%2Fvideoregles.net%2F&amp;embeds_referring_origin=https%3A%2F%2Fvideoregles.net&amp;source_ve_path=Mjg2NjY&amp;feature=emb_logo&amp;ab_channel=Videoregles.Net\" target=\"_blank\" rel=\"noopener\"><img loading=\"lazy\" decoding=\"async\" class=\"alignnone size-full wp-image-9090\" src=\"https:\/\/meeplendice.net\/wp-content\/uploads\/2022\/01\/Link_CJ_v2.png\" alt=\"\" width=\"200\" height=\"170\" \/><\/a><\/p>\n<\/div>\n<\/div><\/div><\/div><\/div><div id=\"pg-11025-3\"  class=\"panel-grid panel-no-style\" ><div id=\"pgc-11025-3-0\"  class=\"panel-grid-cell\" ><div id=\"panel-11025-3-0-0\" class=\"so-panel widget widget_sow-editor panel-first-child panel-last-child\" data-index=\"5\" ><div\n\t\t\t\n\t\t\tclass=\"so-widget-sow-editor so-widget-sow-editor-base\"\n\t\t\t\n\t\t>\n<div class=\"siteorigin-widget-tinymce textwidget\">\n\t<hr \/>\n<h3 style=\"text-align: center;\">Stand Alone<\/h3>\n<p style=\"text-align: center;\"><style type='text\/css' media='all'>#rt-tpg-container-2555981851 .read-more a{border-radius:px;}#rt-tpg-container-2555981851 .rt-img-holder img.rt-img-responsive,#rt-tpg-container-2555981851 .rt-img-holder,\n\t\t\t\t\t#rt-tpg-container-2555981851 .rt-post-overlay .post-img,\n\t\t\t\t\t#rt-tpg-container-2555981851 .post-sm .post-img,\n\t\t\t\t\t#rt-tpg-container-2555981851 .rt-post-grid .post-img,\n\t\t\t\t\t#rt-tpg-container-2555981851 .post-img img {border-radius:px;}#rt-tpg-container-2555981851 .layout9 .rt-holder h2.entry-title,\n\t\t\t\t\t#rt-tpg-container-2555981851 .layout9 .rt-holder h3.entry-title,\n\t\t\t\t\t#rt-tpg-container-2555981851 .layout9 .rt-holder h4.entry-title,\n\t\t\t\t\t#rt-tpg-container-2555981851 .layout9 .rt-holder h2.entry-title a,\n\t\t\t\t\t#rt-tpg-container-2555981851 .layout9 .rt-holder h3.entry-title a,\n\t\t\t\t\t#rt-tpg-container-2555981851 .layout9 .rt-holder h4.entry-title a,\n\t\t\t\t\t#rt-tpg-container-2555981851 .rt-holder .rt-woo-info h2 a,\n\t\t\t\t\t#rt-tpg-container-2555981851 .rt-holder .rt-woo-info h3 a,\n\t\t\t\t\t#rt-tpg-container-2555981851 .rt-holder .rt-woo-info h4 a,\n\t\t\t\t\t#rt-tpg-container-2555981851 .post-content .post-title,\n\t\t\t\t\t#rt-tpg-container-2555981851 .rt-post-grid .post-title,\n\t\t\t\t\t#rt-tpg-container-2555981851 .rt-post-grid .post-title a,\n\t\t\t\t\t#rt-tpg-container-2555981851 .post-content .post-title a,\n\t\t\t\t\t#rt-tpg-container-2555981851 .rt-holder .rt-woo-info h2,\n\t\t\t\t\t#rt-tpg-container-2555981851 .rt-holder .rt-woo-info h3,\n\t\t\t\t\t#rt-tpg-container-2555981851 .rt-holder .rt-woo-info h4{font-size:16px;line-height:26px;font-weight:normal;text-align:center;}#rt-tpg-container-2555981851 .post-grid-lg-style-1 .post-title,\n\t\t\t\t\t\t#rt-tpg-container-2555981851 .post-grid-lg-style-1 .post-title a,\n\t\t\t\t\t\t#rt-tpg-container-2555981851 .big-layout .post-title,\n\t\t\t\t\t\t#rt-tpg-container-2555981851 .big-layout .post-title a,\n\t\t\t\t\t\t#rt-tpg-container-2555981851 .post-grid-lg-style-1 .post-title,\n\t\t\t\t\t\t#rt-tpg-container-2555981851 .post-grid-lg-style-1 .post-title a {font-size:24px;line-height:34px;}<\/style><div class='rt-container-fluid rt-tpg-container tpg-shortcode-main-wrapper ' id='rt-tpg-container-2555981851'   data-layout='layout9' data-grid-style='masonry' data-desktop-col='3'  data-tab-col='2'  data-mobile-col='1' data-sc-id='13619'><div data-title='Loading ...' class='rt-row rt-content-loader   layout9 tpg-masonry '><div class=\"rt-col-md-4 rt-col-sm-6 rt-col-xs-12 masonry-grid-item rt-grid-item img_zoom_in\" data-id=\"13620\"><div class=\"rt-holder\"><div class='overlay'><a data-id='13620' class=' tpg-single-popup' href='https:\/\/meeplendice.net\/?page_id=13620'><img loading=\"lazy\" decoding=\"async\" width=\"350\" height=\"350\" src=\"https:\/\/meeplendice.net\/wp-content\/uploads\/2025\/12\/Mindbug_Mindbug.png\" class=\"rt-img-responsive \" alt=\"\" \/><\/a><\/div><div class='post-info'><h3 class=\"entry-title\"><a data-id=\"13620\" class=\" tpg-single-popup\" href=\"https:\/\/meeplendice.net\/?page_id=13620\">Mindbug &#8211; Premier Contact<\/a><\/h3><div class='post-meta-user '><\/div><\/div><\/div><\/div><div class=\"rt-col-md-4 rt-col-sm-6 rt-col-xs-12 masonry-grid-item rt-grid-item img_zoom_in\" data-id=\"11949\"><div class=\"rt-holder\"><div class='overlay'><a data-id='11949' class=' tpg-single-popup' href='https:\/\/meeplendice.net\/?page_id=11949'><img loading=\"lazy\" decoding=\"async\" width=\"350\" height=\"350\" src=\"https:\/\/meeplendice.net\/wp-content\/uploads\/2025\/12\/Mindbug_EvoSup.png\" class=\"rt-img-responsive \" alt=\"\" \/><\/a><\/div><div class='post-info'><h3 class=\"entry-title\"><a data-id=\"11949\" class=\" tpg-single-popup\" href=\"https:\/\/meeplendice.net\/?page_id=11949\">Mindbug &#8211; Evolution Supr\u00eame<\/a><\/h3><div class='post-meta-user '><\/div><\/div><\/div><\/div><div class=\"rt-col-md-4 rt-col-sm-6 rt-col-xs-12 masonry-grid-item rt-grid-item img_zoom_in\" data-id=\"11956\"><div class=\"rt-holder\"><div class='overlay'><a data-id='11956' class=' tpg-single-popup' href='https:\/\/meeplendice.net\/?page_id=11956'><img loading=\"lazy\" decoding=\"async\" width=\"350\" height=\"350\" src=\"https:\/\/meeplendice.net\/wp-content\/uploads\/2025\/12\/Mindbug_EterSup-01.png\" class=\"rt-img-responsive \" alt=\"\" \/><\/a><\/div><div class='post-info'><h3 class=\"entry-title\"><a data-id=\"11956\" class=\" tpg-single-popup\" href=\"https:\/\/meeplendice.net\/?page_id=11956\">Mindbug &#8211; Eternit\u00e9 Supr\u00eame<\/a><\/h3><div class='post-meta-user '><\/div><\/div><\/div><\/div><\/div><div class='rt-pagination-wrap' data-total-pages='2' data-posts-per-page='3' data-type='pagination_ajax'  ><div class='rt-page-numbers'><\/div><\/div><\/div><\/p>\n<\/div>\n<\/div><\/div><\/div><\/div><div id=\"pg-11025-4\"  class=\"panel-grid panel-no-style\" ><div id=\"pgc-11025-4-0\"  class=\"panel-grid-cell\" ><div id=\"panel-11025-4-0-0\" class=\"so-panel widget widget_sow-editor panel-first-child panel-last-child\" data-index=\"6\" ><div\n\t\t\t\n\t\t\tclass=\"so-widget-sow-editor so-widget-sow-editor-base\"\n\t\t\t\n\t\t>\n<div class=\"siteorigin-widget-tinymce textwidget\">\n\t<hr \/>\n<h3 style=\"text-align: center;\">Extension(s)<\/h3>\n<p style=\"text-align: center;\"><style type='text\/css' media='all'>#rt-tpg-container-4093040291 .read-more a{border-radius:px;}#rt-tpg-container-4093040291 .rt-img-holder img.rt-img-responsive,#rt-tpg-container-4093040291 .rt-img-holder,\n\t\t\t\t\t#rt-tpg-container-4093040291 .rt-post-overlay .post-img,\n\t\t\t\t\t#rt-tpg-container-4093040291 .post-sm .post-img,\n\t\t\t\t\t#rt-tpg-container-4093040291 .rt-post-grid .post-img,\n\t\t\t\t\t#rt-tpg-container-4093040291 .post-img img {border-radius:px;}#rt-tpg-container-4093040291 .layout9 .rt-holder h2.entry-title,\n\t\t\t\t\t#rt-tpg-container-4093040291 .layout9 .rt-holder h3.entry-title,\n\t\t\t\t\t#rt-tpg-container-4093040291 .layout9 .rt-holder h4.entry-title,\n\t\t\t\t\t#rt-tpg-container-4093040291 .layout9 .rt-holder h2.entry-title a,\n\t\t\t\t\t#rt-tpg-container-4093040291 .layout9 .rt-holder h3.entry-title a,\n\t\t\t\t\t#rt-tpg-container-4093040291 .layout9 .rt-holder h4.entry-title a,\n\t\t\t\t\t#rt-tpg-container-4093040291 .rt-holder .rt-woo-info h2 a,\n\t\t\t\t\t#rt-tpg-container-4093040291 .rt-holder .rt-woo-info h3 a,\n\t\t\t\t\t#rt-tpg-container-4093040291 .rt-holder .rt-woo-info h4 a,\n\t\t\t\t\t#rt-tpg-container-4093040291 .post-content .post-title,\n\t\t\t\t\t#rt-tpg-container-4093040291 .rt-post-grid .post-title,\n\t\t\t\t\t#rt-tpg-container-4093040291 .rt-post-grid .post-title a,\n\t\t\t\t\t#rt-tpg-container-4093040291 .post-content .post-title a,\n\t\t\t\t\t#rt-tpg-container-4093040291 .rt-holder .rt-woo-info h2,\n\t\t\t\t\t#rt-tpg-container-4093040291 .rt-holder .rt-woo-info h3,\n\t\t\t\t\t#rt-tpg-container-4093040291 .rt-holder .rt-woo-info h4{font-size:16px;line-height:26px;font-weight:normal;text-align:center;}#rt-tpg-container-4093040291 .post-grid-lg-style-1 .post-title,\n\t\t\t\t\t\t#rt-tpg-container-4093040291 .post-grid-lg-style-1 .post-title a,\n\t\t\t\t\t\t#rt-tpg-container-4093040291 .big-layout .post-title,\n\t\t\t\t\t\t#rt-tpg-container-4093040291 .big-layout .post-title a,\n\t\t\t\t\t\t#rt-tpg-container-4093040291 .post-grid-lg-style-1 .post-title,\n\t\t\t\t\t\t#rt-tpg-container-4093040291 .post-grid-lg-style-1 .post-title a {font-size:24px;line-height:34px;}<\/style><div class='rt-container-fluid rt-tpg-container tpg-shortcode-main-wrapper ' id='rt-tpg-container-4093040291'   data-layout='layout9' data-grid-style='masonry' data-desktop-col='3'  data-tab-col='2'  data-mobile-col='1' data-sc-id='11029'><div data-title='Loading ...' class='rt-row rt-content-loader   layout9 tpg-masonry '><div class=\"rt-col-md-4 rt-col-sm-6 rt-col-xs-12 masonry-grid-item rt-grid-item img_zoom_in\" data-id=\"11027\"><div class=\"rt-holder\"><div class='overlay'><a data-id='11027' class=' tpg-single-popup' href='https:\/\/meeplendice.net\/?page_id=11027'><img loading=\"lazy\" decoding=\"async\" width=\"350\" height=\"350\" src=\"https:\/\/meeplendice.net\/wp-content\/uploads\/2023\/06\/Mindbug_1ercontact.png\" class=\"rt-img-responsive \" alt=\"\" \/><\/a><\/div><div class='post-info'><h3 class=\"entry-title\"><a data-id=\"11027\" class=\" tpg-single-popup\" href=\"https:\/\/meeplendice.net\/?page_id=11027\">Premier contact<\/a><\/h3><div class='post-meta-user '><\/div><\/div><\/div><\/div><div class=\"rt-col-md-4 rt-col-sm-6 rt-col-xs-12 masonry-grid-item rt-grid-item img_zoom_in\" data-id=\"12660\"><div class=\"rt-holder\"><div class='overlay'><a data-id='12660' class=' tpg-single-popup' href='https:\/\/meeplendice.net\/?page_id=12660'><img loading=\"lazy\" decoding=\"async\" width=\"350\" height=\"350\" src=\"https:\/\/meeplendice.net\/wp-content\/uploads\/2024\/10\/Mindbug_Promo2022.png\" class=\"rt-img-responsive \" alt=\"\" \/><\/a><\/div><div class='post-info'><h3 class=\"entry-title\"><a data-id=\"12660\" class=\" tpg-single-popup\" href=\"https:\/\/meeplendice.net\/?page_id=12660\">Promo Pack 2022<\/a><\/h3><div class='post-meta-user '><\/div><\/div><\/div><\/div><div class=\"rt-col-md-4 rt-col-sm-6 rt-col-xs-12 masonry-grid-item rt-grid-item img_zoom_in\" data-id=\"13629\"><div class=\"rt-holder\"><div class='overlay'><a data-id='13629' class=' tpg-single-popup' href='https:\/\/meeplendice.net\/?page_id=13629'><img loading=\"lazy\" decoding=\"async\" width=\"350\" height=\"350\" src=\"https:\/\/meeplendice.net\/wp-content\/uploads\/2025\/12\/Mindbug_PromoFruits.png\" class=\"rt-img-responsive \" alt=\"\" \/><\/a><\/div><div class='post-info'><h3 class=\"entry-title\"><a data-id=\"13629\" class=\" tpg-single-popup\" href=\"https:\/\/meeplendice.net\/?page_id=13629\">Promo Pack Bataille de Fruits<\/a><\/h3><div class='post-meta-user '><\/div><\/div><\/div><\/div><\/div><div class='rt-pagination-wrap' data-total-pages='1' data-posts-per-page='3' data-type='pagination_ajax'  ><div class='rt-page-numbers'><\/div><\/div><\/div><\/p>\n<\/div>\n<\/div><\/div><\/div><\/div><div id=\"pg-11025-5\"  class=\"panel-grid panel-no-style\" ><div id=\"pgc-11025-5-0\"  class=\"panel-grid-cell\" ><div id=\"panel-11025-5-0-0\" class=\"so-panel widget widget_sow-editor panel-first-child panel-last-child\" data-index=\"7\" ><div\n\t\t\t\n\t\t\tclass=\"so-widget-sow-editor so-widget-sow-editor-base\"\n\t\t\t\n\t\t>\n<div class=\"siteorigin-widget-tinymce textwidget\">\n\t<hr \/>\n<h3 style=\"text-align: center;\">Pour aller plus loin<\/h3>\n<\/div>\n<\/div><\/div><\/div><\/div><\/div>","protected":false},"excerpt":{"rendered":"<p>Nombre de joueurs : 2 &#8211; 2 Dur\u00e9e moyenne : 20 min Age : 8 ans et plus Lancez vos cr\u00e9atures \u00e0 l&rsquo;assaut de votre adversaire, mais m\u00e9fiez-vous : elles pourraient se retourner contre vous ! Votre adversaire joue une cr\u00e9ature qui lui donne un avantage d\u00e9cisif ? Activez l&rsquo;un de vos Mindbugs, et ajoutez cette cr\u00e9ature \u00e0 vos propres forces ! Dans Mindbug, vous invoquez des cr\u00e9atures hybrides et les envoyez au combat contre les cr\u00e9atures de votre adversaire. Mais faite attention : lorsque vous invoquez une cr\u00e9ature, votre adversaire peut utiliser l&rsquo;un de ses Mindsbugs pour en prendre le contr\u00f4le. D\u00e9jouez votre adversaire lors d&rsquo;un duel tactique fascinant, dans lequel avoir les meilleures cartes et les jouer au mauvais moment peut s&rsquo;av\u00e9rer fatal.<\/p>\n","protected":false},"author":2,"featured_media":10994,"parent":0,"menu_order":0,"comment_status":"closed","ping_status":"closed","template":"","meta":{"footnotes":""},"class_list":["post-11025","page","type-page","status-publish","has-post-thumbnail","hentry"],"acf":[],"rttpg_featured_image_url":{"full":["https:\/\/meeplendice.net\/wp-content\/uploads\/2023\/06\/Mindbug.png",350,350,false],"landscape":["https:\/\/meeplendice.net\/wp-content\/uploads\/2023\/06\/Mindbug.png",350,350,false],"portraits":["https:\/\/meeplendice.net\/wp-content\/uploads\/2023\/06\/Mindbug.png",350,350,false],"thumbnail":["https:\/\/meeplendice.net\/wp-content\/uploads\/2023\/06\/Mindbug-150x150.png",150,150,true],"medium":["https:\/\/meeplendice.net\/wp-content\/uploads\/2023\/06\/Mindbug-300x300.png",300,300,true],"large":["https:\/\/meeplendice.net\/wp-content\/uploads\/2023\/06\/Mindbug.png",350,350,false],"ug_big":["https:\/\/meeplendice.net\/wp-content\/uploads\/2023\/06\/Mindbug.png",350,350,false],"1536x1536":["https:\/\/meeplendice.net\/wp-content\/uploads\/2023\/06\/Mindbug.png",350,350,false],"2048x2048":["https:\/\/meeplendice.net\/wp-content\/uploads\/2023\/06\/Mindbug.png",350,350,false],"ashe-slider-grid-thumbnail":["https:\/\/meeplendice.net\/wp-content\/uploads\/2023\/06\/Mindbug.png",350,350,false],"ashe-full-thumbnail":["https:\/\/meeplendice.net\/wp-content\/uploads\/2023\/06\/Mindbug.png",350,350,false],"ashe-grid-thumbnail":["https:\/\/meeplendice.net\/wp-content\/uploads\/2023\/06\/Mindbug-350x330.png",350,330,true],"ashe-list-thumbnail":["https:\/\/meeplendice.net\/wp-content\/uploads\/2023\/06\/Mindbug-300x300.png",300,300,true],"ashe-single-navigation":["https:\/\/meeplendice.net\/wp-content\/uploads\/2023\/06\/Mindbug-75x75.png",75,75,true],"mailpoet_newsletter_max":["https:\/\/meeplendice.net\/wp-content\/uploads\/2023\/06\/Mindbug.png",350,350,false],"rpwe-thumbnail":["https:\/\/meeplendice.net\/wp-content\/uploads\/2023\/06\/Mindbug-45x45.png",45,45,true],"sow-carousel-default":["https:\/\/meeplendice.net\/wp-content\/uploads\/2023\/06\/Mindbug-272x182.png",272,182,true],"rt_custom":["https:\/\/meeplendice.net\/wp-content\/uploads\/2023\/06\/Mindbug.png",350,350,false]},"rttpg_author":{"display_name":"Karnby","author_link":"https:\/\/meeplendice.net\/?author=2"},"rttpg_comment":0,"rttpg_category":null,"rttpg_excerpt":"Nombre de joueurs : 2 - 2 Dur\u00e9e moyenne : 20 min Age : 8 ans et plus Lancez vos cr\u00e9atures \u00e0 l'assaut de votre adversaire, mais m\u00e9fiez-vous : elles pourraient se retourner contre vous ! Votre adversaire joue une cr\u00e9ature qui lui donne un avantage d\u00e9cisif ? Activez l'un de vos Mindbugs, et ajoutez\u2026","_links":{"self":[{"href":"https:\/\/meeplendice.net\/index.php?rest_route=\/wp\/v2\/pages\/11025","targetHints":{"allow":["GET"]}}],"collection":[{"href":"https:\/\/meeplendice.net\/index.php?rest_route=\/wp\/v2\/pages"}],"about":[{"href":"https:\/\/meeplendice.net\/index.php?rest_route=\/wp\/v2\/types\/page"}],"author":[{"embeddable":true,"href":"https:\/\/meeplendice.net\/index.php?rest_route=\/wp\/v2\/users\/2"}],"replies":[{"embeddable":true,"href":"https:\/\/meeplendice.net\/index.php?rest_route=%2Fwp%2Fv2%2Fcomments&post=11025"}],"version-history":[{"count":4,"href":"https:\/\/meeplendice.net\/index.php?rest_route=\/wp\/v2\/pages\/11025\/revisions"}],"predecessor-version":[{"id":13652,"href":"https:\/\/meeplendice.net\/index.php?rest_route=\/wp\/v2\/pages\/11025\/revisions\/13652"}],"wp:featuredmedia":[{"embeddable":true,"href":"https:\/\/meeplendice.net\/index.php?rest_route=\/wp\/v2\/media\/10994"}],"wp:attachment":[{"href":"https:\/\/meeplendice.net\/index.php?rest_route=%2Fwp%2Fv2%2Fmedia&parent=11025"}],"curies":[{"name":"wp","href":"https:\/\/api.w.org\/{rel}","templated":true}]}}