{"id":11033,"date":"2023-06-12T00:36:16","date_gmt":"2023-06-11T23:36:16","guid":{"rendered":"https:\/\/meeplendice.net\/?page_id=11033"},"modified":"2024-07-25T16:15:11","modified_gmt":"2024-07-25T14:15:11","slug":"evergreen-2","status":"publish","type":"page","link":"https:\/\/meeplendice.net\/?page_id=11033","title":{"rendered":"Evergreen"},"content":{"rendered":"<div id=\"pl-11033\"  class=\"panel-layout\" ><div id=\"pg-11033-0\"  class=\"panel-grid panel-no-style\" ><div id=\"pgc-11033-0-0\"  class=\"panel-grid-cell\" ><div id=\"panel-11033-0-0-0\" class=\"so-panel widget widget_sow-editor panel-first-child panel-last-child\" data-index=\"0\" ><div\n\t\t\t\n\t\t\tclass=\"so-widget-sow-editor so-widget-sow-editor-base\"\n\t\t\t\n\t\t>\n<div class=\"siteorigin-widget-tinymce textwidget\">\n\t<p style=\"text-align: center;\"><strong>Nombre de joueurs :<\/strong><br \/>\n1 - 4<\/p>\n<\/div>\n<\/div><\/div><\/div><div id=\"pgc-11033-0-1\"  class=\"panel-grid-cell\" ><div id=\"panel-11033-0-1-0\" class=\"so-panel widget widget_sow-editor panel-first-child panel-last-child\" data-index=\"1\" ><div\n\t\t\t\n\t\t\tclass=\"so-widget-sow-editor so-widget-sow-editor-base\"\n\t\t\t\n\t\t>\n<div class=\"siteorigin-widget-tinymce textwidget\">\n\t<p style=\"text-align: center;\"><strong>Dur\u00e9e moyenne :<\/strong><br \/>\n45 min<\/p>\n<\/div>\n<\/div><\/div><\/div><div id=\"pgc-11033-0-2\"  class=\"panel-grid-cell\" ><div id=\"panel-11033-0-2-0\" class=\"so-panel widget widget_sow-editor panel-first-child panel-last-child\" data-index=\"2\" ><div\n\t\t\t\n\t\t\tclass=\"so-widget-sow-editor so-widget-sow-editor-base\"\n\t\t\t\n\t\t>\n<div class=\"siteorigin-widget-tinymce textwidget\">\n\t<p style=\"text-align: center;\"><strong>Age :<\/strong><br \/>\n10 ans et plus<\/p>\n<\/div>\n<\/div><\/div><\/div><\/div><div id=\"pg-11033-1\"  class=\"panel-grid panel-no-style\" ><div id=\"pgc-11033-1-0\"  class=\"panel-grid-cell\" ><div id=\"panel-11033-1-0-0\" class=\"so-panel widget widget_sow-editor panel-first-child panel-last-child\" data-index=\"3\" ><div\n\t\t\t\n\t\t\tclass=\"so-widget-sow-editor so-widget-sow-editor-base\"\n\t\t\t\n\t\t>\n<div class=\"siteorigin-widget-tinymce textwidget\">\n\t<p style=\"text-align: center;\"><strong>Auteur(s) :<br \/>\n<\/strong><span class=\"data-siloing\" title=\"D\u00e9couvrez tous ces jeux\" data-siloing=\"https:\/\/www.philibertnet.com\/fr\/recherche?feature=31&amp;feature_value=Th\u00e9o Riviere\">Hjalmar Hach<\/span><\/p>\n<\/div>\n<\/div><\/div><\/div><div id=\"pgc-11033-1-1\"  class=\"panel-grid-cell\" ><div id=\"panel-11033-1-1-0\" class=\"so-panel widget widget_sow-editor panel-first-child panel-last-child\" data-index=\"4\" ><div\n\t\t\t\n\t\t\tclass=\"so-widget-sow-editor so-widget-sow-editor-base\"\n\t\t\t\n\t\t>\n<div class=\"siteorigin-widget-tinymce textwidget\">\n\t<p style=\"text-align: center;\"><strong>Illustrations :<\/strong><br \/>\n<span class=\"data-siloing\" title=\"D\u00e9couvrez tous ces jeux\" data-siloing=\"https:\/\/www.philibertnet.com\/fr\/recherche?feature=41&amp;feature_value=Jiahui Eva Gao\">Wenyi Geng<br \/>\n<\/span><\/p>\n<\/div>\n<\/div><\/div><\/div><div id=\"pgc-11033-1-2\"  class=\"panel-grid-cell\" ><div id=\"panel-11033-1-2-0\" class=\"so-panel widget widget_sow-editor panel-first-child panel-last-child\" data-index=\"5\" ><div\n\t\t\t\n\t\t\tclass=\"so-widget-sow-editor so-widget-sow-editor-base\"\n\t\t\t\n\t\t>\n<div class=\"siteorigin-widget-tinymce textwidget\">\n\t<p style=\"text-align: center;\"><strong>\u00c9dition :<\/strong><br \/>\nGigamic<br \/>\n2022<\/p>\n<\/div>\n<\/div><\/div><\/div><div id=\"pgc-11033-1-3\"  class=\"panel-grid-cell\" ><div id=\"panel-11033-1-3-0\" class=\"so-panel widget widget_sow-editor panel-first-child panel-last-child\" data-index=\"6\" ><div\n\t\t\t\n\t\t\tclass=\"so-widget-sow-editor so-widget-sow-editor-base\"\n\t\t\t\n\t\t>\n<div class=\"siteorigin-widget-tinymce textwidget\">\n\t<p style=\"text-align: center;\"><strong>Version :<\/strong><br \/>\nFran\u00e7aise<\/p>\n<\/div>\n<\/div><\/div><\/div><\/div><div id=\"pg-11033-2\"  class=\"panel-grid panel-no-style\" ><div id=\"pgc-11033-2-0\"  class=\"panel-grid-cell\" ><div id=\"panel-11033-2-0-0\" class=\"so-panel widget widget_sow-editor panel-first-child panel-last-child\" data-index=\"7\" ><div\n\t\t\t\n\t\t\tclass=\"so-widget-sow-editor so-widget-sow-editor-base\"\n\t\t\t\n\t\t>\n<div class=\"siteorigin-widget-tinymce textwidget\">\n\t<hr \/>\n<div>Dans <em>Evergreen<\/em>, votre objectif est de rendre votre Plan\u00e8te la plus luxuriante possible. \u00c0 chaque manche, vous prenez une carte Biome de la r\u00e9serve commune pour d\u00e9terminer o\u00f9, sur votre Plan\u00e8te, vous pourrez planter vos Pousses ou les faire cro\u00eetre pour qu\u2019elles deviennent des Arbres pendant la manche. La carte que vous prenez vous donne un Pouvoir sp\u00e9cial, qui vous donne plus d\u2019opportunit\u00e9s de croissance ou d\u2019autres am\u00e9liorations pour la Plan\u00e8te.<\/div>\n<div><\/div>\n<div>Les cartes non choisies sont aussi importantes que les cartes choisies, car elles d\u00e9terminent la Fertilit\u00e9 de chaque Biome pour le score final, elles guident le choix de l\u2019endroit o\u00f9 vous voulez faire pousser vos plus gros Arbres. Gardez \u00e0 l\u2019esprit la position du Soleil et emp\u00eachez que vos Arbres ne se masquent mutuellement...<\/div>\n<div><\/div>\n<div>La lumi\u00e8re est vitale pour les plantes mais c\u2019est aussi une grosse source de points ! Vous obtenez \u00e9galement des points pour votre For\u00eat principale, donc essayez de regrouper vos arbres. \u00c0 la fin de la derni\u00e8re Saison, le jeu est termin\u00e9. Le joueur qui pr\u00e9sente la Plan\u00e8te la plus luxuriante gagne !<\/div>\n<\/div>\n<\/div><\/div><\/div><\/div><div id=\"pg-11033-3\"  class=\"panel-grid panel-no-style\" ><div id=\"pgc-11033-3-0\"  class=\"panel-grid-cell\" ><div id=\"panel-11033-3-0-0\" class=\"so-panel widget widget_sow-editor panel-first-child panel-last-child\" data-index=\"8\" ><div\n\t\t\t\n\t\t\tclass=\"so-widget-sow-editor so-widget-sow-editor-base\"\n\t\t\t\n\t\t>\n<div class=\"siteorigin-widget-tinymce textwidget\">\n\t<hr \/>\n<h3 style=\"text-align: center;\">En vid\u00e9o<\/h3>\n<p><a href=\"https:\/\/www.youtube.com\/watch?v=OfazcWXaYFI&amp;ab_channel=RenardLudique\" target=\"_blank\" rel=\"noopener\"><img loading=\"lazy\" decoding=\"async\" class=\"alignnone size-full wp-image-9090\" src=\"https:\/\/meeplendice.net\/wp-content\/uploads\/2022\/01\/Link_CJ_v2.png\" alt=\"\" width=\"200\" height=\"170\" \/><\/a><\/p>\n<\/div>\n<\/div><\/div><\/div><\/div><div id=\"pg-11033-4\"  class=\"panel-grid panel-no-style\" ><div id=\"pgc-11033-4-0\"  class=\"panel-grid-cell\" ><div id=\"panel-11033-4-0-0\" class=\"so-panel widget widget_sow-editor panel-first-child panel-last-child\" data-index=\"9\" ><div\n\t\t\t\n\t\t\tclass=\"so-widget-sow-editor so-widget-sow-editor-base\"\n\t\t\t\n\t\t>\n<div class=\"siteorigin-widget-tinymce textwidget\">\n\t<hr \/>\n<h3 style=\"text-align: center;\">Extension(s)<\/h3>\n<p style=\"text-align: center;\"><style type='text\/css' media='all'>#rt-tpg-container-3322388825 .read-more a{border-radius:px;}#rt-tpg-container-3322388825 .rt-img-holder img.rt-img-responsive,#rt-tpg-container-3322388825 .rt-img-holder,\n\t\t\t\t\t#rt-tpg-container-3322388825 .rt-post-overlay .post-img,\n\t\t\t\t\t#rt-tpg-container-3322388825 .post-sm .post-img,\n\t\t\t\t\t#rt-tpg-container-3322388825 .rt-post-grid .post-img,\n\t\t\t\t\t#rt-tpg-container-3322388825 .post-img img {border-radius:px;}#rt-tpg-container-3322388825 .layout9 .rt-holder h2.entry-title,\n\t\t\t\t\t#rt-tpg-container-3322388825 .layout9 .rt-holder h3.entry-title,\n\t\t\t\t\t#rt-tpg-container-3322388825 .layout9 .rt-holder h4.entry-title,\n\t\t\t\t\t#rt-tpg-container-3322388825 .layout9 .rt-holder h2.entry-title a,\n\t\t\t\t\t#rt-tpg-container-3322388825 .layout9 .rt-holder h3.entry-title a,\n\t\t\t\t\t#rt-tpg-container-3322388825 .layout9 .rt-holder h4.entry-title a,\n\t\t\t\t\t#rt-tpg-container-3322388825 .rt-holder .rt-woo-info h2 a,\n\t\t\t\t\t#rt-tpg-container-3322388825 .rt-holder .rt-woo-info h3 a,\n\t\t\t\t\t#rt-tpg-container-3322388825 .rt-holder .rt-woo-info h4 a,\n\t\t\t\t\t#rt-tpg-container-3322388825 .post-content .post-title,\n\t\t\t\t\t#rt-tpg-container-3322388825 .rt-post-grid .post-title,\n\t\t\t\t\t#rt-tpg-container-3322388825 .rt-post-grid .post-title a,\n\t\t\t\t\t#rt-tpg-container-3322388825 .post-content .post-title a,\n\t\t\t\t\t#rt-tpg-container-3322388825 .rt-holder .rt-woo-info h2,\n\t\t\t\t\t#rt-tpg-container-3322388825 .rt-holder .rt-woo-info h3,\n\t\t\t\t\t#rt-tpg-container-3322388825 .rt-holder .rt-woo-info h4{font-size:16px;line-height:26px;font-weight:normal;text-align:center;}#rt-tpg-container-3322388825 .post-grid-lg-style-1 .post-title,\n\t\t\t\t\t\t#rt-tpg-container-3322388825 .post-grid-lg-style-1 .post-title a,\n\t\t\t\t\t\t#rt-tpg-container-3322388825 .big-layout .post-title,\n\t\t\t\t\t\t#rt-tpg-container-3322388825 .big-layout .post-title a,\n\t\t\t\t\t\t#rt-tpg-container-3322388825 .post-grid-lg-style-1 .post-title,\n\t\t\t\t\t\t#rt-tpg-container-3322388825 .post-grid-lg-style-1 .post-title a {font-size:24px;line-height:34px;}<\/style><div class='rt-container-fluid rt-tpg-container tpg-shortcode-main-wrapper ' id='rt-tpg-container-3322388825'   data-layout='layout9' data-grid-style='masonry' data-desktop-col='3'  data-tab-col='2'  data-mobile-col='1' data-sc-id='12012'><div data-title='Loading ...' class='rt-row rt-content-loader   layout9 tpg-masonry '><div class=\"rt-col-md-4 rt-col-sm-6 rt-col-xs-12 masonry-grid-item rt-grid-item img_zoom_in\" data-id=\"12010\"><div class=\"rt-holder\"><div class='overlay'><a data-id='12010' class=' tpg-single-popup' href='https:\/\/meeplendice.net\/?page_id=12010'><img loading=\"lazy\" decoding=\"async\" width=\"350\" height=\"350\" src=\"https:\/\/meeplendice.net\/wp-content\/uploads\/2024\/03\/Evergreen_SC.png\" class=\"rt-img-responsive \" alt=\"\" \/><\/a><\/div><div class='post-info'><h3 class=\"entry-title\"><a data-id=\"12010\" class=\" tpg-single-popup\" href=\"https:\/\/meeplendice.net\/?page_id=12010\">Sapins &#038; Cactus<\/a><\/h3><div class='post-meta-user '><\/div><\/div><\/div><\/div><div class=\"rt-col-md-4 rt-col-sm-6 rt-col-xs-12 masonry-grid-item rt-grid-item img_zoom_in\" data-id=\"12431\"><div class=\"rt-holder\"><div class='overlay'><a data-id='12431' class=' tpg-single-popup' href='https:\/\/meeplendice.net\/?page_id=12431'><img loading=\"lazy\" decoding=\"async\" width=\"350\" height=\"350\" src=\"https:\/\/meeplendice.net\/wp-content\/uploads\/2024\/07\/Evergreen_WF.png\" class=\"rt-img-responsive \" alt=\"\" \/><\/a><\/div><div class='post-info'><h3 class=\"entry-title\"><a data-id=\"12431\" class=\" tpg-single-popup\" href=\"https:\/\/meeplendice.net\/?page_id=12431\">Carte Promo Wildcard Fertility<\/a><\/h3><div class='post-meta-user '><\/div><\/div><\/div><\/div><div class=\"rt-col-md-4 rt-col-sm-6 rt-col-xs-12 masonry-grid-item rt-grid-item img_zoom_in\" data-id=\"13079\"><div class=\"rt-holder\"><div class='overlay'><a data-id='13079' class=' tpg-single-popup' href='https:\/\/meeplendice.net\/?page_id=13079'><img loading=\"lazy\" decoding=\"async\" width=\"350\" height=\"350\" src=\"https:\/\/meeplendice.net\/wp-content\/uploads\/2025\/01\/Evergreen_GTM.png\" class=\"rt-img-responsive \" alt=\"\" \/><\/a><\/div><div class='post-info'><h3 class=\"entry-title\"><a data-id=\"13079\" class=\" tpg-single-popup\" href=\"https:\/\/meeplendice.net\/?page_id=13079\">Arbres G\u00e9ants &#038; Champignons<\/a><\/h3><div class='post-meta-user '><\/div><\/div><\/div><\/div><\/div><div class='rt-pagination-wrap' data-total-pages='2' data-posts-per-page='3' data-type='pagination_ajax'  ><div class='rt-page-numbers'><\/div><\/div><\/div><\/p>\n<p>&nbsp;<\/p>\n<\/div>\n<\/div><\/div><\/div><\/div><div id=\"pg-11033-5\"  class=\"panel-grid panel-no-style\" ><div id=\"pgc-11033-5-0\"  class=\"panel-grid-cell\" ><div id=\"panel-11033-5-0-0\" class=\"so-panel widget widget_sow-editor panel-first-child panel-last-child\" data-index=\"10\" ><div\n\t\t\t\n\t\t\tclass=\"so-widget-sow-editor so-widget-sow-editor-base\"\n\t\t\t\n\t\t>\n<div class=\"siteorigin-widget-tinymce textwidget\">\n\t<hr \/>\n<h3 style=\"text-align: center;\">Pour aller plus loin<\/h3>\n<\/div>\n<\/div><\/div><\/div><\/div><\/div>","protected":false},"excerpt":{"rendered":"<p>Nombre de joueurs : 1 &#8211; 4 Dur\u00e9e moyenne : 45 min Age : 10 ans et plus Auteur(s) : Hjalmar Hach Illustrations : Wenyi Geng \u00c9dition : Gigamic 2022 Version : Fran\u00e7aise<\/p>\n","protected":false},"author":2,"featured_media":12435,"parent":0,"menu_order":0,"comment_status":"closed","ping_status":"closed","template":"","meta":{"footnotes":""},"class_list":["post-11033","page","type-page","status-publish","has-post-thumbnail","hentry"],"acf":[],"rttpg_featured_image_url":{"full":["https:\/\/meeplendice.net\/wp-content\/uploads\/2024\/07\/Evergreen.png",350,350,false],"landscape":["https:\/\/meeplendice.net\/wp-content\/uploads\/2024\/07\/Evergreen.png",350,350,false],"portraits":["https:\/\/meeplendice.net\/wp-content\/uploads\/2024\/07\/Evergreen.png",350,350,false],"thumbnail":["https:\/\/meeplendice.net\/wp-content\/uploads\/2024\/07\/Evergreen-150x150.png",150,150,true],"medium":["https:\/\/meeplendice.net\/wp-content\/uploads\/2024\/07\/Evergreen-300x300.png",300,300,true],"large":["https:\/\/meeplendice.net\/wp-content\/uploads\/2024\/07\/Evergreen.png",350,350,false],"ug_big":["https:\/\/meeplendice.net\/wp-content\/uploads\/2024\/07\/Evergreen.png",350,350,false],"1536x1536":["https:\/\/meeplendice.net\/wp-content\/uploads\/2024\/07\/Evergreen.png",350,350,false],"2048x2048":["https:\/\/meeplendice.net\/wp-content\/uploads\/2024\/07\/Evergreen.png",350,350,false],"ashe-slider-grid-thumbnail":["https:\/\/meeplendice.net\/wp-content\/uploads\/2024\/07\/Evergreen.png",350,350,false],"ashe-full-thumbnail":["https:\/\/meeplendice.net\/wp-content\/uploads\/2024\/07\/Evergreen.png",350,350,false],"ashe-grid-thumbnail":["https:\/\/meeplendice.net\/wp-content\/uploads\/2024\/07\/Evergreen-350x330.png",350,330,true],"ashe-list-thumbnail":["https:\/\/meeplendice.net\/wp-content\/uploads\/2024\/07\/Evergreen-300x300.png",300,300,true],"ashe-single-navigation":["https:\/\/meeplendice.net\/wp-content\/uploads\/2024\/07\/Evergreen-75x75.png",75,75,true],"mailpoet_newsletter_max":["https:\/\/meeplendice.net\/wp-content\/uploads\/2024\/07\/Evergreen.png",350,350,false],"rpwe-thumbnail":["https:\/\/meeplendice.net\/wp-content\/uploads\/2024\/07\/Evergreen-45x45.png",45,45,true],"sow-carousel-default":["https:\/\/meeplendice.net\/wp-content\/uploads\/2024\/07\/Evergreen-272x182.png",272,182,true],"rt_custom":["https:\/\/meeplendice.net\/wp-content\/uploads\/2024\/07\/Evergreen.png",350,350,false]},"rttpg_author":{"display_name":"Karnby","author_link":"https:\/\/meeplendice.net\/?author=2"},"rttpg_comment":0,"rttpg_category":null,"rttpg_excerpt":"Nombre de joueurs : 1 - 4 Dur\u00e9e moyenne : 45 min Age : 10 ans et plus Auteur(s) : Hjalmar Hach Illustrations : Wenyi Geng \u00c9dition : Gigamic 2022 Version : Fran\u00e7aise","_links":{"self":[{"href":"https:\/\/meeplendice.net\/index.php?rest_route=\/wp\/v2\/pages\/11033","targetHints":{"allow":["GET"]}}],"collection":[{"href":"https:\/\/meeplendice.net\/index.php?rest_route=\/wp\/v2\/pages"}],"about":[{"href":"https:\/\/meeplendice.net\/index.php?rest_route=\/wp\/v2\/types\/page"}],"author":[{"embeddable":true,"href":"https:\/\/meeplendice.net\/index.php?rest_route=\/wp\/v2\/users\/2"}],"replies":[{"embeddable":true,"href":"https:\/\/meeplendice.net\/index.php?rest_route=%2Fwp%2Fv2%2Fcomments&post=11033"}],"version-history":[{"count":8,"href":"https:\/\/meeplendice.net\/index.php?rest_route=\/wp\/v2\/pages\/11033\/revisions"}],"predecessor-version":[{"id":12436,"href":"https:\/\/meeplendice.net\/index.php?rest_route=\/wp\/v2\/pages\/11033\/revisions\/12436"}],"wp:featuredmedia":[{"embeddable":true,"href":"https:\/\/meeplendice.net\/index.php?rest_route=\/wp\/v2\/media\/12435"}],"wp:attachment":[{"href":"https:\/\/meeplendice.net\/index.php?rest_route=%2Fwp%2Fv2%2Fmedia&parent=11033"}],"curies":[{"name":"wp","href":"https:\/\/api.w.org\/{rel}","templated":true}]}}