{"id":11040,"date":"2023-06-12T00:54:57","date_gmt":"2023-06-11T23:54:57","guid":{"rendered":"https:\/\/meeplendice.net\/?page_id=11040"},"modified":"2023-06-12T01:06:46","modified_gmt":"2023-06-12T00:06:46","slug":"piege-obscur","status":"publish","type":"page","link":"https:\/\/meeplendice.net\/?page_id=11040","title":{"rendered":"Pi\u00e8ge Obscur"},"content":{"rendered":"<div id=\"pl-11040\"  class=\"panel-layout\" ><div id=\"pg-11040-0\"  class=\"panel-grid panel-no-style\" ><div id=\"pgc-11040-0-0\"  class=\"panel-grid-cell\" ><div id=\"panel-11040-0-0-0\" class=\"so-panel widget widget_sow-editor panel-first-child panel-last-child\" data-index=\"0\" ><div\n\t\t\t\n\t\t\tclass=\"so-widget-sow-editor so-widget-sow-editor-base\"\n\t\t\t\n\t\t>\n<div class=\"siteorigin-widget-tinymce textwidget\">\n\t<p style=\"text-align: center;\"><strong>Nombre de joueurs :<\/strong><br \/>\n1 - 5<\/p>\n<\/div>\n<\/div><\/div><\/div><div id=\"pgc-11040-0-1\"  class=\"panel-grid-cell\" ><div id=\"panel-11040-0-1-0\" class=\"so-panel widget widget_sow-editor panel-first-child panel-last-child\" data-index=\"1\" ><div\n\t\t\t\n\t\t\tclass=\"so-widget-sow-editor so-widget-sow-editor-base\"\n\t\t\t\n\t\t>\n<div class=\"siteorigin-widget-tinymce textwidget\">\n\t<p style=\"text-align: center;\"><strong>Dur\u00e9e moyenne :<\/strong><br \/>\n50 min<\/p>\n<\/div>\n<\/div><\/div><\/div><div id=\"pgc-11040-0-2\"  class=\"panel-grid-cell\" ><div id=\"panel-11040-0-2-0\" class=\"so-panel widget widget_sow-editor panel-first-child panel-last-child\" data-index=\"2\" ><div\n\t\t\t\n\t\t\tclass=\"so-widget-sow-editor so-widget-sow-editor-base\"\n\t\t\t\n\t\t>\n<div class=\"siteorigin-widget-tinymce textwidget\">\n\t<p style=\"text-align: center;\"><strong>Age :<\/strong><br \/>\n14 ans et plus<\/p>\n<\/div>\n<\/div><\/div><\/div><\/div><div id=\"pg-11040-1\"  class=\"panel-grid panel-no-style\" ><div id=\"pgc-11040-1-0\"  class=\"panel-grid-cell\" ><div id=\"panel-11040-1-0-0\" class=\"so-panel widget widget_sow-editor panel-first-child panel-last-child\" data-index=\"3\" ><div\n\t\t\t\n\t\t\tclass=\"so-widget-sow-editor so-widget-sow-editor-base\"\n\t\t\t\n\t\t>\n<div class=\"siteorigin-widget-tinymce textwidget\">\n\t<p style=\"text-align: center;\"><strong>Auteur(s) :<br \/>\n<\/strong><span class=\"data-siloing\" title=\"D\u00e9couvrez tous ces jeux\" data-siloing=\"https:\/\/www.philibertnet.com\/fr\/recherche?feature=31&amp;feature_value=Th\u00e9o Riviere\">Chris Chan<br \/>\nChris McMahon<br \/>\nRosswell Saunders<br \/>\n<\/span><\/p>\n<\/div>\n<\/div><\/div><\/div><div id=\"pgc-11040-1-1\"  class=\"panel-grid-cell\" ><div id=\"panel-11040-1-1-0\" class=\"so-panel widget widget_sow-editor panel-first-child panel-last-child\" data-index=\"4\" ><div\n\t\t\t\n\t\t\tclass=\"so-widget-sow-editor so-widget-sow-editor-base\"\n\t\t\t\n\t\t>\n<div class=\"siteorigin-widget-tinymce textwidget\">\n\t<p style=\"text-align: center;\"><strong>Illustrations :<\/strong><br \/>\n<span class=\"data-siloing\" title=\"D\u00e9couvrez tous ces jeux\" data-siloing=\"https:\/\/www.philibertnet.com\/fr\/recherche?feature=41&amp;feature_value=Jiahui Eva Gao\">Chris Chan<br \/>\n<\/span><\/p>\n<\/div>\n<\/div><\/div><\/div><div id=\"pgc-11040-1-2\"  class=\"panel-grid-cell\" ><div id=\"panel-11040-1-2-0\" class=\"so-panel widget widget_sow-editor panel-first-child panel-last-child\" data-index=\"5\" ><div\n\t\t\t\n\t\t\tclass=\"so-widget-sow-editor so-widget-sow-editor-base\"\n\t\t\t\n\t\t>\n<div class=\"siteorigin-widget-tinymce textwidget\">\n\t<p style=\"text-align: center;\"><strong>\u00c9dition :<\/strong><br \/>\nIello<br \/>\n2021<\/p>\n<\/div>\n<\/div><\/div><\/div><div id=\"pgc-11040-1-3\"  class=\"panel-grid-cell\" ><div id=\"panel-11040-1-3-0\" class=\"so-panel widget widget_sow-editor panel-first-child panel-last-child\" data-index=\"6\" ><div\n\t\t\t\n\t\t\tclass=\"so-widget-sow-editor so-widget-sow-editor-base\"\n\t\t\t\n\t\t>\n<div class=\"siteorigin-widget-tinymce textwidget\">\n\t<p style=\"text-align: center;\"><strong>Version :<\/strong><br \/>\nFran\u00e7aise<\/p>\n<\/div>\n<\/div><\/div><\/div><\/div><div id=\"pg-11040-2\"  class=\"panel-grid panel-no-style\" ><div id=\"pgc-11040-2-0\"  class=\"panel-grid-cell\" ><div id=\"panel-11040-2-0-0\" class=\"so-panel widget widget_sow-editor panel-first-child panel-last-child\" data-index=\"7\" ><div\n\t\t\t\n\t\t\tclass=\"so-widget-sow-editor so-widget-sow-editor-base\"\n\t\t\t\n\t\t>\n<div class=\"siteorigin-widget-tinymce textwidget\">\n\t<hr \/>\n<p><em>A votre r\u00e9veil, vous d\u00e9couvrez que vous \u00eates plong\u00e9 dans les t\u00e9n\u00e8bres, visiblement enferm\u00e9 dans un labyrinthe. Les couloirs de pierres saillantes sont si \u00e9troits qu'ils vous obligent \u00e0 ramper, les parois griffant votre peau \u00e0 chaque mouvement. Vous n'avez sur vous qu'une bougie, dont la lueur \u00e9claire uniquement les proches environs.<br \/>\n<\/em><em>Vous remarquez vite la pr\u00e9sence d'autres prisonniers : vous devrez imp\u00e9rativement coop\u00e9rer pour explorer ce d\u00e9dale et esp\u00e9rer vous en \u00e9chapper. H\u00e9las, vous commencez \u00e0 croire que vous n'\u00eates pas seuls dans cette prison obscure : quelque chose semble bouger dans la p\u00e9nombre.<\/em><\/p>\n<p><em>Et on dirait que cette chose d\u00e9teste la lumi\u00e8re.<\/em><\/p>\n<p>&nbsp;<\/p>\n<p>Dans <em>Pi\u00e8ge Obscur<\/em>, vous et d'autres \u00e2mes perdues devrez coop\u00e9rer afin de trouver la sortie d'un labyrinthe cauchemardesque plong\u00e9 dans les t\u00e9n\u00e8bres. Seule une bougie \u00e0 la flamme vacillante vous aide \u00e0 avancer dans les sombres couloirs de cette prison.<\/p>\n<p>Mais ces couloirs disparaissent sit\u00f4t replong\u00e9s dans la p\u00e9nombre. Votre bougie s'\u00e9puise. Et vous n'\u00eates pas seuls dans ce d\u00e9dale...<\/p>\n<p>Trouvez les clefs. Trouvez la sortie. Mais ne les laissez pas vous trouver.<\/p>\n<\/div>\n<\/div><\/div><\/div><\/div><div id=\"pg-11040-3\"  class=\"panel-grid panel-no-style\" ><div id=\"pgc-11040-3-0\"  class=\"panel-grid-cell\" ><div id=\"panel-11040-3-0-0\" class=\"so-panel widget widget_sow-editor panel-first-child panel-last-child\" data-index=\"8\" ><div\n\t\t\t\n\t\t\tclass=\"so-widget-sow-editor so-widget-sow-editor-base\"\n\t\t\t\n\t\t>\n<div class=\"siteorigin-widget-tinymce textwidget\">\n\t<hr \/>\n<h3 style=\"text-align: center;\">En vid\u00e9o<\/h3>\n<p><a href=\"https:\/\/www.youtube.com\/watch?v=VEFWZy1LX0E&amp;ab_channel=Videoregles.Net\" target=\"_blank\" rel=\"noopener\"><img loading=\"lazy\" decoding=\"async\" class=\"alignnone size-full wp-image-9090\" src=\"https:\/\/meeplendice.net\/wp-content\/uploads\/2022\/01\/Link_CJ_v2.png\" alt=\"\" width=\"200\" height=\"170\" \/><\/a><\/p>\n<\/div>\n<\/div><\/div><\/div><\/div><div id=\"pg-11040-4\"  class=\"panel-grid panel-no-style\" ><div id=\"pgc-11040-4-0\"  class=\"panel-grid-cell\" ><div id=\"panel-11040-4-0-0\" class=\"so-panel widget widget_sow-editor panel-first-child panel-last-child\" data-index=\"9\" ><div\n\t\t\t\n\t\t\tclass=\"so-widget-sow-editor so-widget-sow-editor-base\"\n\t\t\t\n\t\t>\n<div class=\"siteorigin-widget-tinymce textwidget\">\n\t<hr \/>\n<h3 style=\"text-align: center;\">Pour aller plus loin<\/h3>\n<\/div>\n<\/div><\/div><\/div><\/div><\/div>","protected":false},"excerpt":{"rendered":"<p>Nombre de joueurs : 1 &#8211; 5 Dur\u00e9e moyenne : 50 min Age : 14 ans et plus Auteur(s) : Chris Chan Chris McMahon Rosswell Saunders Illustrations : Chris Chan \u00c9dition : Iello 2021 Version : Fran\u00e7aise<\/p>\n","protected":false},"author":2,"featured_media":10996,"parent":0,"menu_order":0,"comment_status":"closed","ping_status":"closed","template":"","meta":{"footnotes":""},"class_list":["post-11040","page","type-page","status-publish","has-post-thumbnail","hentry"],"acf":[],"rttpg_featured_image_url":{"full":["https:\/\/meeplendice.net\/wp-content\/uploads\/2023\/06\/Piege_obscur.png",350,350,false],"landscape":["https:\/\/meeplendice.net\/wp-content\/uploads\/2023\/06\/Piege_obscur.png",350,350,false],"portraits":["https:\/\/meeplendice.net\/wp-content\/uploads\/2023\/06\/Piege_obscur.png",350,350,false],"thumbnail":["https:\/\/meeplendice.net\/wp-content\/uploads\/2023\/06\/Piege_obscur-150x150.png",150,150,true],"medium":["https:\/\/meeplendice.net\/wp-content\/uploads\/2023\/06\/Piege_obscur-300x300.png",300,300,true],"large":["https:\/\/meeplendice.net\/wp-content\/uploads\/2023\/06\/Piege_obscur.png",350,350,false],"ug_big":["https:\/\/meeplendice.net\/wp-content\/uploads\/2023\/06\/Piege_obscur.png",350,350,false],"1536x1536":["https:\/\/meeplendice.net\/wp-content\/uploads\/2023\/06\/Piege_obscur.png",350,350,false],"2048x2048":["https:\/\/meeplendice.net\/wp-content\/uploads\/2023\/06\/Piege_obscur.png",350,350,false],"ashe-slider-grid-thumbnail":["https:\/\/meeplendice.net\/wp-content\/uploads\/2023\/06\/Piege_obscur.png",350,350,false],"ashe-full-thumbnail":["https:\/\/meeplendice.net\/wp-content\/uploads\/2023\/06\/Piege_obscur.png",350,350,false],"ashe-grid-thumbnail":["https:\/\/meeplendice.net\/wp-content\/uploads\/2023\/06\/Piege_obscur-350x330.png",350,330,true],"ashe-list-thumbnail":["https:\/\/meeplendice.net\/wp-content\/uploads\/2023\/06\/Piege_obscur-300x300.png",300,300,true],"ashe-single-navigation":["https:\/\/meeplendice.net\/wp-content\/uploads\/2023\/06\/Piege_obscur-75x75.png",75,75,true],"mailpoet_newsletter_max":["https:\/\/meeplendice.net\/wp-content\/uploads\/2023\/06\/Piege_obscur.png",350,350,false],"rpwe-thumbnail":["https:\/\/meeplendice.net\/wp-content\/uploads\/2023\/06\/Piege_obscur-45x45.png",45,45,true],"sow-carousel-default":["https:\/\/meeplendice.net\/wp-content\/uploads\/2023\/06\/Piege_obscur-272x182.png",272,182,true],"rt_custom":["https:\/\/meeplendice.net\/wp-content\/uploads\/2023\/06\/Piege_obscur.png",350,350,false]},"rttpg_author":{"display_name":"Karnby","author_link":"https:\/\/meeplendice.net\/?author=2"},"rttpg_comment":0,"rttpg_category":null,"rttpg_excerpt":"Nombre de joueurs : 1 - 5 Dur\u00e9e moyenne : 50 min Age : 14 ans et plus Auteur(s) : Chris Chan Chris McMahon Rosswell Saunders Illustrations : Chris Chan \u00c9dition : Iello 2021 Version : Fran\u00e7aise","_links":{"self":[{"href":"https:\/\/meeplendice.net\/index.php?rest_route=\/wp\/v2\/pages\/11040","targetHints":{"allow":["GET"]}}],"collection":[{"href":"https:\/\/meeplendice.net\/index.php?rest_route=\/wp\/v2\/pages"}],"about":[{"href":"https:\/\/meeplendice.net\/index.php?rest_route=\/wp\/v2\/types\/page"}],"author":[{"embeddable":true,"href":"https:\/\/meeplendice.net\/index.php?rest_route=\/wp\/v2\/users\/2"}],"replies":[{"embeddable":true,"href":"https:\/\/meeplendice.net\/index.php?rest_route=%2Fwp%2Fv2%2Fcomments&post=11040"}],"version-history":[{"count":2,"href":"https:\/\/meeplendice.net\/index.php?rest_route=\/wp\/v2\/pages\/11040\/revisions"}],"predecessor-version":[{"id":11042,"href":"https:\/\/meeplendice.net\/index.php?rest_route=\/wp\/v2\/pages\/11040\/revisions\/11042"}],"wp:featuredmedia":[{"embeddable":true,"href":"https:\/\/meeplendice.net\/index.php?rest_route=\/wp\/v2\/media\/10996"}],"wp:attachment":[{"href":"https:\/\/meeplendice.net\/index.php?rest_route=%2Fwp%2Fv2%2Fmedia&parent=11040"}],"curies":[{"name":"wp","href":"https:\/\/api.w.org\/{rel}","templated":true}]}}